{"id":7963,"date":"2022-04-09T22:06:04","date_gmt":"2022-04-09T20:06:04","guid":{"rendered":"https:\/\/alba.progresium.cz\/?page_id=7963"},"modified":"2025-09-25T22:12:40","modified_gmt":"2025-09-25T20:12:40","slug":"know-how","status":"publish","type":"page","link":"https:\/\/alba.progresium.cz\/sk\/know-how\/","title":{"rendered":"Know-how"},"content":{"rendered":"\t\t<div data-elementor-type=\"wp-page\" data-elementor-id=\"7963\" class=\"elementor elementor-7963 elementor-4748\" data-elementor-post-type=\"page\">\n\t\t\t\t\t\t<section class=\"elementor-section elementor-top-section elementor-element elementor-element-2237af5e single_c elementor-section-boxed elementor-section-height-default elementor-section-height-default\" data-id=\"2237af5e\" data-element_type=\"section\" data-e-type=\"section\">\n\t\t\t\t\t\t<div class=\"elementor-container elementor-column-gap-default\">\n\t\t\t\t\t<div class=\"elementor-column elementor-col-100 elementor-top-column elementor-element elementor-element-3d778a05\" data-id=\"3d778a05\" data-element_type=\"column\" data-e-type=\"column\">\n\t\t\t<div class=\"elementor-widget-wrap elementor-element-populated\">\n\t\t\t\t\t\t<div class=\"elementor-element elementor-element-1b771819 elementor-widget elementor-widget-ucaddon_alba_perex\" data-id=\"1b771819\" data-element_type=\"widget\" data-e-type=\"widget\" data-widget_type=\"ucaddon_alba_perex.default\">\n\t\t\t\t<div class=\"elementor-widget-container\">\n\t\t\t\t\t\n<!-- start ALBA perex -->\n\n<div class=\"article_perex\">Vieme, o \u010dom hovor\u00edme. Prejdite si technick\u00e9, materi\u00e1lov\u00e9 a aj \u010fal\u0161ie praktick\u00e9 parametre, ktor\u00e9 pri n\u00e1vrhu a v\u00fdrobe stoli\u010diek a kresiel berieme do \u00favahy. \n<br>Preto, aby ste vy mohli sedie\u0165 lep\u0161ie.<\/div>\n<!-- end ALBA perex -->\t\t\t\t<\/div>\n\t\t\t\t<\/div>\n\t\t\t\t\t<\/div>\n\t\t<\/div>\n\t\t\t\t\t<\/div>\n\t\t<\/section>\n\t\t\t\t<section class=\"elementor-section elementor-top-section elementor-element elementor-element-26ddc05d elementor-section-boxed elementor-section-height-default elementor-section-height-default\" data-id=\"26ddc05d\" data-element_type=\"section\" data-e-type=\"section\">\n\t\t\t\t\t\t<div class=\"elementor-container elementor-column-gap-default\">\n\t\t\t\t\t<div class=\"elementor-column elementor-col-100 elementor-top-column elementor-element elementor-element-7614c2ae\" data-id=\"7614c2ae\" data-element_type=\"column\" data-e-type=\"column\">\n\t\t\t<div class=\"elementor-widget-wrap elementor-element-populated\">\n\t\t\t\t\t\t<div class=\"elementor-element elementor-element-e7856d3 elementor-grid-3 elementor-grid-tablet-2 elementor-grid-mobile-1 elementor-posts--thumbnail-top elementor-posts__hover-gradient elementor-widget elementor-widget-posts\" data-id=\"e7856d3\" data-element_type=\"widget\" data-e-type=\"widget\" data-settings=\"{&quot;cards_columns&quot;:&quot;3&quot;,&quot;cards_columns_tablet&quot;:&quot;2&quot;,&quot;cards_columns_mobile&quot;:&quot;1&quot;,&quot;cards_row_gap&quot;:{&quot;unit&quot;:&quot;px&quot;,&quot;size&quot;:35,&quot;sizes&quot;:[]},&quot;cards_row_gap_tablet&quot;:{&quot;unit&quot;:&quot;px&quot;,&quot;size&quot;:&quot;&quot;,&quot;sizes&quot;:[]},&quot;cards_row_gap_mobile&quot;:{&quot;unit&quot;:&quot;px&quot;,&quot;size&quot;:&quot;&quot;,&quot;sizes&quot;:[]}}\" data-widget_type=\"posts.cards\">\n\t\t\t\t<div class=\"elementor-widget-container\">\n\t\t\t\t\t\t\t<div class=\"elementor-posts-container elementor-posts elementor-posts--skin-cards elementor-grid\" role=\"list\">\n\t\t\t\t<article class=\"elementor-post elementor-grid-item post-7927 page type-page status-publish has-post-thumbnail hentry\" role=\"listitem\">\n\t\t\t<div class=\"elementor-post__card\">\n\t\t\t\t<a class=\"elementor-post__thumbnail__link\" href=\"https:\/\/alba.progresium.cz\/sk\/know-how\/ergonomia\/\" tabindex=\"-1\" ><div class=\"elementor-post__thumbnail\"><img fetchpriority=\"high\" decoding=\"async\" width=\"768\" height=\"333\" src=\"https:\/\/alba.progresium.cz\/wp-content\/uploads\/2022\/02\/ergo_1-768x333.jpg\" class=\"attachment-medium_large size-medium_large wp-image-2741\" alt=\"\" srcset=\"https:\/\/alba.progresium.cz\/wp-content\/uploads\/2022\/02\/ergo_1-768x333.jpg 768w, https:\/\/alba.progresium.cz\/wp-content\/uploads\/2022\/02\/ergo_1-300x130.jpg 300w, https:\/\/alba.progresium.cz\/wp-content\/uploads\/2022\/02\/ergo_1-1024x444.jpg 1024w, https:\/\/alba.progresium.cz\/wp-content\/uploads\/2022\/02\/ergo_1-1536x665.jpg 1536w, https:\/\/alba.progresium.cz\/wp-content\/uploads\/2022\/02\/ergo_1.jpg 1900w\" sizes=\"(max-width: 768px) 100vw, 768px\" \/><\/div><\/a>\n\t\t\t\t<div class=\"elementor-post__text\">\n\t\t\t\t<h3 class=\"elementor-post__title\">\n\t\t\t<a href=\"https:\/\/alba.progresium.cz\/sk\/know-how\/ergonomia\/\" >\n\t\t\t\tErgon\u00f3mia\t\t\t<\/a>\n\t\t<\/h3>\n\t\t\t\t<div class=\"elementor-post__excerpt\">\n\t\t\t<p>Vytvori\u0165 skvel\u00fa stoli\u010dku nie je len tak. Pri n\u00e1vrhu a v\u00fdrobe stoli\u010diek ALBA sa preto nezaob\u00eddeme bez znalost\u00ed sp\u00f4sobu sedenia v praxi, ani bez detailn\u00e9ho povedomia o fungovan\u00ed r\u00f4znych prev\u00e1dzok, v ktor\u00fdch sa na na\u0161ich stoli\u010dk\u00e1ch sed\u00ed.<\/p>\n\t\t<\/div>\n\t\t\n\t\t<a class=\"elementor-post__read-more\" href=\"https:\/\/alba.progresium.cz\/sk\/know-how\/ergonomia\/\" aria-label=\"Read more about Ergon\u00f3mia\" tabindex=\"-1\" >\n\t\t\tViac inform\u00e1ci\u00ed\t\t<\/a>\n\n\t\t\t\t<\/div>\n\t\t\t\t\t<\/div>\n\t\t<\/article>\n\t\t\t\t<article class=\"elementor-post elementor-grid-item post-7924 page type-page status-publish has-post-thumbnail hentry\" role=\"listitem\">\n\t\t\t<div class=\"elementor-post__card\">\n\t\t\t\t<a class=\"elementor-post__thumbnail__link\" href=\"https:\/\/alba.progresium.cz\/sk\/know-how\/funkcne-komponenty\/\" tabindex=\"-1\" ><div class=\"elementor-post__thumbnail\"><img decoding=\"async\" width=\"768\" height=\"268\" src=\"https:\/\/alba.progresium.cz\/wp-content\/uploads\/2022\/02\/functional-768x268.jpg\" class=\"attachment-medium_large size-medium_large wp-image-2888\" alt=\"\" srcset=\"https:\/\/alba.progresium.cz\/wp-content\/uploads\/2022\/02\/functional-768x268.jpg 768w, https:\/\/alba.progresium.cz\/wp-content\/uploads\/2022\/02\/functional-300x105.jpg 300w, https:\/\/alba.progresium.cz\/wp-content\/uploads\/2022\/02\/functional-1024x357.jpg 1024w, https:\/\/alba.progresium.cz\/wp-content\/uploads\/2022\/02\/functional-1536x536.jpg 1536w, https:\/\/alba.progresium.cz\/wp-content\/uploads\/2022\/02\/functional.jpg 1798w\" sizes=\"(max-width: 768px) 100vw, 768px\" \/><\/div><\/a>\n\t\t\t\t<div class=\"elementor-post__text\">\n\t\t\t\t<h3 class=\"elementor-post__title\">\n\t\t\t<a href=\"https:\/\/alba.progresium.cz\/sk\/know-how\/funkcne-komponenty\/\" >\n\t\t\t\tFunk\u010dn\u00e9 komponenty\t\t\t<\/a>\n\t\t<\/h3>\n\t\t\t\t<div class=\"elementor-post__excerpt\">\n\t\t\t<p>Ka\u017ed\u00e1 kancel\u00e1rska alebo pracovn\u00e1 stoli\u010dka \u010di kreslo zah\u0155\u0148a aj cel\u00fa paletu mechanick\u00fdch s\u00fa\u010dast\u00ed. Tie nielen tvoria stabiln\u00fa a odoln\u00fa z\u00e1klad\u0148u stoli\u010dky, ale predov\u0161etk\u00fdm jej prepo\u017ei\u010diavaj\u00fa k\u013e\u00fa\u010dov\u00e9 funk\u010dn\u00e9 vlastnosti. Zozn\u00e1mte sa s nimi.<\/p>\n\t\t<\/div>\n\t\t\n\t\t<a class=\"elementor-post__read-more\" href=\"https:\/\/alba.progresium.cz\/sk\/know-how\/funkcne-komponenty\/\" aria-label=\"Read more about Funk\u010dn\u00e9 komponenty\" tabindex=\"-1\" >\n\t\t\tViac inform\u00e1ci\u00ed\t\t<\/a>\n\n\t\t\t\t<\/div>\n\t\t\t\t\t<\/div>\n\t\t<\/article>\n\t\t\t\t<article class=\"elementor-post elementor-grid-item post-7930 page type-page status-publish has-post-thumbnail hentry\" role=\"listitem\">\n\t\t\t<div class=\"elementor-post__card\">\n\t\t\t\t<a class=\"elementor-post__thumbnail__link\" href=\"https:\/\/alba.progresium.cz\/sk\/know-how\/kvalita\/\" tabindex=\"-1\" ><div class=\"elementor-post__thumbnail\"><img decoding=\"async\" width=\"768\" height=\"266\" src=\"https:\/\/alba.progresium.cz\/wp-content\/uploads\/2022\/02\/Kvalita-intro-768x266.jpg\" class=\"attachment-medium_large size-medium_large wp-image-2749\" alt=\"\" srcset=\"https:\/\/alba.progresium.cz\/wp-content\/uploads\/2022\/02\/Kvalita-intro-768x266.jpg 768w, https:\/\/alba.progresium.cz\/wp-content\/uploads\/2022\/02\/Kvalita-intro-300x104.jpg 300w, https:\/\/alba.progresium.cz\/wp-content\/uploads\/2022\/02\/Kvalita-intro-1024x355.jpg 1024w, https:\/\/alba.progresium.cz\/wp-content\/uploads\/2022\/02\/Kvalita-intro-1536x532.jpg 1536w, https:\/\/alba.progresium.cz\/wp-content\/uploads\/2022\/02\/Kvalita-intro.jpg 1920w\" sizes=\"(max-width: 768px) 100vw, 768px\" \/><\/div><\/a>\n\t\t\t\t<div class=\"elementor-post__text\">\n\t\t\t\t<h3 class=\"elementor-post__title\">\n\t\t\t<a href=\"https:\/\/alba.progresium.cz\/sk\/know-how\/kvalita\/\" >\n\t\t\t\tKvalita\t\t\t<\/a>\n\t\t<\/h3>\n\t\t\t\t<div class=\"elementor-post__excerpt\">\n\t\t\t<p>Bezkonkuren\u010dn\u00e1 kvalita pre n\u00e1s nie je len pr\u00e1zdnym marketingov\u00fdm sloganom. Je to na\u0161a obchodn\u00e1 zna\u010dka, ktor\u00e1 prech\u00e1dza celou firmou ALBA a zohr\u00e1va k\u013e\u00fa\u010dov\u00fa \u00falohu vo v\u0161etkom, \u010do rob\u00edme.<\/p>\n\t\t<\/div>\n\t\t\n\t\t<a class=\"elementor-post__read-more\" href=\"https:\/\/alba.progresium.cz\/sk\/know-how\/kvalita\/\" aria-label=\"Read more about Kvalita\" tabindex=\"-1\" >\n\t\t\tViac inform\u00e1ci\u00ed\t\t<\/a>\n\n\t\t\t\t<\/div>\n\t\t\t\t\t<\/div>\n\t\t<\/article>\n\t\t\t\t<article class=\"elementor-post elementor-grid-item post-7918 page type-page status-publish has-post-thumbnail hentry\" role=\"listitem\">\n\t\t\t<div class=\"elementor-post__card\">\n\t\t\t\t<a class=\"elementor-post__thumbnail__link\" href=\"https:\/\/alba.progresium.cz\/sk\/know-how\/potahove-latky\/\" tabindex=\"-1\" ><div class=\"elementor-post__thumbnail\"><img loading=\"lazy\" decoding=\"async\" width=\"768\" height=\"432\" src=\"https:\/\/alba.progresium.cz\/wp-content\/uploads\/2022\/01\/Calouneni-768x432.jpg\" class=\"attachment-medium_large size-medium_large wp-image-927\" alt=\"\" srcset=\"https:\/\/alba.progresium.cz\/wp-content\/uploads\/2022\/01\/Calouneni-768x432.jpg 768w, https:\/\/alba.progresium.cz\/wp-content\/uploads\/2022\/01\/Calouneni-300x169.jpg 300w, https:\/\/alba.progresium.cz\/wp-content\/uploads\/2022\/01\/Calouneni-1024x576.jpg 1024w, https:\/\/alba.progresium.cz\/wp-content\/uploads\/2022\/01\/Calouneni-1536x864.jpg 1536w, https:\/\/alba.progresium.cz\/wp-content\/uploads\/2022\/01\/Calouneni.jpg 2048w\" sizes=\"(max-width: 768px) 100vw, 768px\" \/><\/div><\/a>\n\t\t\t\t<div class=\"elementor-post__text\">\n\t\t\t\t<h3 class=\"elementor-post__title\">\n\t\t\t<a href=\"https:\/\/alba.progresium.cz\/sk\/know-how\/potahove-latky\/\" >\n\t\t\t\tPo\u0165ahov\u00e9 l\u00e1tky\t\t\t<\/a>\n\t\t<\/h3>\n\t\t\t\t<div class=\"elementor-post__excerpt\">\n\t\t\t<p>L\u00e1ska na prv\u00fd dotyk. \u010cal\u00fanenie stoli\u010diek u\u017e d\u00e1vno nepln\u00ed iba estetick\u00fa \u00falohu. M\u00f4\u017ee toti\u017e v\u00fdznamne ovplyvni\u0165 celkov\u00fd komfort sedenia a podstatne zv\u00fd\u0161i\u0165 \u017eivotnos\u0165 stoli\u010dky.<\/p>\n\t\t<\/div>\n\t\t\n\t\t<a class=\"elementor-post__read-more\" href=\"https:\/\/alba.progresium.cz\/sk\/know-how\/potahove-latky\/\" aria-label=\"Read more about Po\u0165ahov\u00e9 l\u00e1tky\" tabindex=\"-1\" >\n\t\t\tViac inform\u00e1ci\u00ed\t\t<\/a>\n\n\t\t\t\t<\/div>\n\t\t\t\t\t<\/div>\n\t\t<\/article>\n\t\t\t\t<article class=\"elementor-post elementor-grid-item post-7933 page type-page status-publish has-post-thumbnail hentry\" role=\"listitem\">\n\t\t\t<div class=\"elementor-post__card\">\n\t\t\t\t<a class=\"elementor-post__thumbnail__link\" href=\"https:\/\/alba.progresium.cz\/sk\/know-how\/udrzatelnost\/\" tabindex=\"-1\" ><div class=\"elementor-post__thumbnail\"><img loading=\"lazy\" decoding=\"async\" width=\"768\" height=\"512\" src=\"https:\/\/alba.progresium.cz\/wp-content\/uploads\/2022\/02\/rain-water-green-leaf-macro-768x512.jpg\" class=\"attachment-medium_large size-medium_large wp-image-1654\" alt=\"\" srcset=\"https:\/\/alba.progresium.cz\/wp-content\/uploads\/2022\/02\/rain-water-green-leaf-macro-768x512.jpg 768w, https:\/\/alba.progresium.cz\/wp-content\/uploads\/2022\/02\/rain-water-green-leaf-macro-300x200.jpg 300w, https:\/\/alba.progresium.cz\/wp-content\/uploads\/2022\/02\/rain-water-green-leaf-macro-1024x683.jpg 1024w, https:\/\/alba.progresium.cz\/wp-content\/uploads\/2022\/02\/rain-water-green-leaf-macro-1536x1025.jpg 1536w, https:\/\/alba.progresium.cz\/wp-content\/uploads\/2022\/02\/rain-water-green-leaf-macro.jpg 1920w\" sizes=\"(max-width: 768px) 100vw, 768px\" \/><\/div><\/a>\n\t\t\t\t<div class=\"elementor-post__text\">\n\t\t\t\t<h3 class=\"elementor-post__title\">\n\t\t\t<a href=\"https:\/\/alba.progresium.cz\/sk\/know-how\/udrzatelnost\/\" >\n\t\t\t\tUdr\u017eate\u013enos\u0165\t\t\t<\/a>\n\t\t<\/h3>\n\t\t\t\t<div class=\"elementor-post__excerpt\">\n\t\t\t<p>Spolo\u010dnos\u0165 ALBA sa zav\u00e4zuje k neust\u00e1lemu zni\u017eovaniu dopadu svojich \u010dinnost\u00ed na \u017eivotn\u00e9 prostredie. V roku 2015 sme preto zaviedli syst\u00e9m environment\u00e1lneho riadenia pod\u013ea normy ISO 14001, aby sme zn\u00ed\u017eili negat\u00edvne dopady na \u017eivotn\u00e9 prostredie.<\/p>\n\t\t<\/div>\n\t\t\n\t\t<a class=\"elementor-post__read-more\" href=\"https:\/\/alba.progresium.cz\/sk\/know-how\/udrzatelnost\/\" aria-label=\"Read more about Udr\u017eate\u013enos\u0165\" tabindex=\"-1\" >\n\t\t\tViac inform\u00e1ci\u00ed\t\t<\/a>\n\n\t\t\t\t<\/div>\n\t\t\t\t\t<\/div>\n\t\t<\/article>\n\t\t\t\t<article class=\"elementor-post elementor-grid-item post-7921 page type-page status-publish has-post-thumbnail hentry\" role=\"listitem\">\n\t\t\t<div class=\"elementor-post__card\">\n\t\t\t\t<a class=\"elementor-post__thumbnail__link\" href=\"https:\/\/alba.progresium.cz\/sk\/know-how\/vyplnove-materialy\/\" tabindex=\"-1\" ><div class=\"elementor-post__thumbnail\"><img loading=\"lazy\" decoding=\"async\" width=\"768\" height=\"490\" src=\"https:\/\/alba.progresium.cz\/wp-content\/uploads\/2022\/01\/Molitan-768x490.jpg\" class=\"attachment-medium_large size-medium_large wp-image-1378\" alt=\"\" srcset=\"https:\/\/alba.progresium.cz\/wp-content\/uploads\/2022\/01\/Molitan-768x490.jpg 768w, https:\/\/alba.progresium.cz\/wp-content\/uploads\/2022\/01\/Molitan-300x191.jpg 300w, https:\/\/alba.progresium.cz\/wp-content\/uploads\/2022\/01\/Molitan-1024x653.jpg 1024w, https:\/\/alba.progresium.cz\/wp-content\/uploads\/2022\/01\/Molitan.jpg 1528w\" sizes=\"(max-width: 768px) 100vw, 768px\" \/><\/div><\/a>\n\t\t\t\t<div class=\"elementor-post__text\">\n\t\t\t\t<h3 class=\"elementor-post__title\">\n\t\t\t<a href=\"https:\/\/alba.progresium.cz\/sk\/know-how\/vyplnove-materialy\/\" >\n\t\t\t\tV\u00fdpl\u0148ov\u00e9 materi\u00e1ly\t\t\t<\/a>\n\t\t<\/h3>\n\t\t\t\t<div class=\"elementor-post__excerpt\">\n\t\t\t<p>Z\u00e1le\u017e\u00ed n\u00e1m na tom, aby sa v\u00e1m na na\u0161ich stoli\u010dk\u00e1ch sedelo maxim\u00e1lne pohodlne. Na ich v\u00fdrobu preto pou\u017e\u00edvame tie najkvalitnej\u0161ie a certifikovan\u00e9 komponenty, ktor\u00e9 z\u00e1rove\u0148 zaru\u010dia, \u017ee v\u00e1m na\u0161e stoli\u010dky bud\u00fa sl\u00fa\u017ei\u0165 dlh\u00e9 roky.<\/p>\n\t\t<\/div>\n\t\t\n\t\t<a class=\"elementor-post__read-more\" href=\"https:\/\/alba.progresium.cz\/sk\/know-how\/vyplnove-materialy\/\" aria-label=\"Read more about V\u00fdpl\u0148ov\u00e9 materi\u00e1ly\" tabindex=\"-1\" >\n\t\t\tViac inform\u00e1ci\u00ed\t\t<\/a>\n\n\t\t\t\t<\/div>\n\t\t\t\t\t<\/div>\n\t\t<\/article>\n\t\t\t\t<\/div>\n\t\t\n\t\t\t\t\t\t<\/div>\n\t\t\t\t<\/div>\n\t\t\t\t\t<\/div>\n\t\t<\/div>\n\t\t\t\t\t<\/div>\n\t\t<\/section>\n\t\t\t\t<\/div>\n\t\t","protected":false},"excerpt":{"rendered":"<p>Vieme, o \u010dom hovor\u00edme. Prejdite si technick\u00e9, materi\u00e1lov\u00e9 a aj \u010fal\u0161ie praktick\u00e9 parametre, ktor\u00e9 pri n\u00e1vrhu a v\u00fdrobe stoli\u010diek a kresiel berieme do \u00favahy. Preto, aby ste vy mohli sedie\u0165 lep\u0161ie.<\/p>\n","protected":false},"author":2,"featured_media":0,"parent":0,"menu_order":12,"comment_status":"closed","ping_status":"closed","template":"","meta":{"_acf_changed":false,"inline_featured_image":false,"footnotes":""},"class_list":["post-7963","page","type-page","status-publish","hentry"],"acf":[],"aioseo_notices":[],"_links":{"self":[{"href":"https:\/\/alba.progresium.cz\/sk\/wp-json\/wp\/v2\/pages\/7963","targetHints":{"allow":["GET"]}}],"collection":[{"href":"https:\/\/alba.progresium.cz\/sk\/wp-json\/wp\/v2\/pages"}],"about":[{"href":"https:\/\/alba.progresium.cz\/sk\/wp-json\/wp\/v2\/types\/page"}],"author":[{"embeddable":true,"href":"https:\/\/alba.progresium.cz\/sk\/wp-json\/wp\/v2\/users\/2"}],"replies":[{"embeddable":true,"href":"https:\/\/alba.progresium.cz\/sk\/wp-json\/wp\/v2\/comments?post=7963"}],"version-history":[{"count":6,"href":"https:\/\/alba.progresium.cz\/sk\/wp-json\/wp\/v2\/pages\/7963\/revisions"}],"predecessor-version":[{"id":48532,"href":"https:\/\/alba.progresium.cz\/sk\/wp-json\/wp\/v2\/pages\/7963\/revisions\/48532"}],"wp:attachment":[{"href":"https:\/\/alba.progresium.cz\/sk\/wp-json\/wp\/v2\/media?parent=7963"}],"curies":[{"name":"wp","href":"https:\/\/api.w.org\/{rel}","templated":true}]}}