{"id":7933,"date":"2022-04-09T22:10:46","date_gmt":"2022-04-09T20:10:46","guid":{"rendered":"https:\/\/alba.progresium.cz\/?page_id=7933"},"modified":"2022-09-20T10:27:42","modified_gmt":"2022-09-20T08:27:42","slug":"udrzatelnost","status":"publish","type":"page","link":"https:\/\/alba.progresium.cz\/sk\/know-how\/udrzatelnost\/","title":{"rendered":"Udr\u017eate\u013enos\u0165"},"content":{"rendered":"\t\t<div data-elementor-type=\"wp-page\" data-elementor-id=\"7933\" class=\"elementor elementor-7933 elementor-4758\" data-elementor-post-type=\"page\">\n\t\t\t\t\t\t<section class=\"elementor-section elementor-top-section elementor-element elementor-element-2f16ec24 header_section elementor-section-boxed elementor-section-height-default elementor-section-height-default\" data-id=\"2f16ec24\" data-element_type=\"section\" data-e-type=\"section\">\n\t\t\t\t\t\t<div class=\"elementor-container elementor-column-gap-default\">\n\t\t\t\t\t<div class=\"elementor-column elementor-col-100 elementor-top-column elementor-element elementor-element-111920e7\" data-id=\"111920e7\" data-element_type=\"column\" data-e-type=\"column\" data-settings=\"{&quot;background_background&quot;:&quot;classic&quot;}\">\n\t\t\t<div class=\"elementor-widget-wrap elementor-element-populated\">\n\t\t\t\t\t\t<section class=\"elementor-section elementor-inner-section elementor-element elementor-element-7222418 elementor-section-boxed elementor-section-height-default elementor-section-height-default\" data-id=\"7222418\" data-element_type=\"section\" data-e-type=\"section\">\n\t\t\t\t\t\t<div class=\"elementor-container elementor-column-gap-default\">\n\t\t\t\t\t<div class=\"elementor-column elementor-col-50 elementor-inner-column elementor-element elementor-element-3934e6f3\" data-id=\"3934e6f3\" data-element_type=\"column\" data-e-type=\"column\" data-settings=\"{&quot;background_background&quot;:&quot;classic&quot;}\">\n\t\t\t<div class=\"elementor-widget-wrap elementor-element-populated\">\n\t\t\t\t\t\t<div class=\"elementor-element elementor-element-5f394260 elementor-widget elementor-widget-heading\" data-id=\"5f394260\" data-element_type=\"widget\" data-e-type=\"widget\" data-widget_type=\"heading.default\">\n\t\t\t\t<div class=\"elementor-widget-container\">\n\t\t\t\t\t<h1 class=\"elementor-heading-title elementor-size-default\">Udr\u017eate\u013enos\u0165<\/h1>\t\t\t\t<\/div>\n\t\t\t\t<\/div>\n\t\t\t\t<div class=\"elementor-element elementor-element-6bbf442f elementor-widget elementor-widget-heading\" data-id=\"6bbf442f\" data-element_type=\"widget\" data-e-type=\"widget\" data-widget_type=\"heading.default\">\n\t\t\t\t<div class=\"elementor-widget-container\">\n\t\t\t\t\t<h2 class=\"elementor-heading-title elementor-size-default\">V\u00fdroba skvel\u00fdch stoli\u010diek pre udr\u017eate\u013en\u00fd svet<\/h2>\t\t\t\t<\/div>\n\t\t\t\t<\/div>\n\t\t\t\t\t<\/div>\n\t\t<\/div>\n\t\t\t\t<div class=\"elementor-column elementor-col-50 elementor-inner-column elementor-element elementor-element-1cc0dcde\" data-id=\"1cc0dcde\" data-element_type=\"column\" data-e-type=\"column\">\n\t\t\t<div class=\"elementor-widget-wrap\">\n\t\t\t\t\t\t\t<\/div>\n\t\t<\/div>\n\t\t\t\t\t<\/div>\n\t\t<\/section>\n\t\t\t\t\t<\/div>\n\t\t<\/div>\n\t\t\t\t\t<\/div>\n\t\t<\/section>\n\t\t\t\t<section class=\"elementor-section elementor-top-section elementor-element elementor-element-338f04d single_c elementor-section-boxed elementor-section-height-default elementor-section-height-default\" data-id=\"338f04d\" data-element_type=\"section\" data-e-type=\"section\">\n\t\t\t\t\t\t<div class=\"elementor-container elementor-column-gap-default\">\n\t\t\t\t\t<div class=\"elementor-column elementor-col-100 elementor-top-column elementor-element elementor-element-448e6873\" data-id=\"448e6873\" data-element_type=\"column\" data-e-type=\"column\">\n\t\t\t<div class=\"elementor-widget-wrap elementor-element-populated\">\n\t\t\t\t\t\t<div class=\"elementor-element elementor-element-172829b9 elementor-widget elementor-widget-ucaddon_alba_perex\" data-id=\"172829b9\" data-element_type=\"widget\" data-e-type=\"widget\" data-widget_type=\"ucaddon_alba_perex.default\">\n\t\t\t\t<div class=\"elementor-widget-container\">\n\t\t\t\t\t\n<!-- start ALBA perex -->\n\n<div class=\"article_perex\">Spolo\u010dnos\u0165 ALBA sa zav\u00e4zuje k neust\u00e1lemu zni\u017eovaniu dopadu svojich \u010dinnost\u00ed na \u017eivotn\u00e9 prostredie. V roku 2015 sme preto zaviedli syst\u00e9m environment\u00e1lneho riadenia pod\u013ea normy ISO 14001, aby sme zn\u00ed\u017eili negat\u00edvne dopady na \u017eivotn\u00e9 prostredie a zv\u00fd\u0161ili efektivitu na\u0161ich \u010dinnost\u00ed. V roku 2022 z\u00edskala spolo\u010dnos\u0165 ALBA CR environment\u00e1lnu zna\u010dku \"Environment\u00e1lne \u0161etrn\u00fd v\u00fdrobok\" a EU Ecolabel pre z\u00e1kazkovo vyr\u00e1ban\u00fd sedac\u00ed n\u00e1bytok. <\/div>\n<!-- end ALBA perex -->\t\t\t\t<\/div>\n\t\t\t\t<\/div>\n\t\t\t\t<div class=\"elementor-element elementor-element-79e13d7b elementor-widget elementor-widget-text-editor\" data-id=\"79e13d7b\" data-element_type=\"widget\" data-e-type=\"widget\" data-widget_type=\"text-editor.default\">\n\t\t\t\t<div class=\"elementor-widget-container\">\n\t\t\t\t\t\t\t\t\t<p>Vo v\u0161etk\u00fdch aspektoch na\u0161ej \u010dinnosti, od v\u00fdberu vstupn\u00fdch materi\u00e1lov cez balenie a prepravu a\u017e po spotrebu energie alebo vykurovanie na\u0161ich budov, pou\u017e\u00edvame rie\u0161enia \u0161etrn\u00e9 k \u017eivotn\u00e9mu prostrediu. Na\u0161a v\u00fdroba nezne\u010dis\u0165uje vodu ani p\u00f4du a sp\u013a\u0148a v\u0161etky energetick\u00e9 a ekologick\u00e9 predpisy \u010ceskej republiky a Eur\u00f3pskej \u00fanie. V\u0161etci zamestnanci s\u00fa pre\u0161kolen\u00ed a dodr\u017eiavaj\u00fa na\u0161e z\u00e1sady ochrany \u017eivotn\u00e9ho prostredia a triedenia odpadu. Na\u0161e ekologick\u00e9 a energeticky \u00fasporn\u00e9 \u0161tandardy pl\u00e1nujeme udr\u017ea\u0165 aj na\u010falej a pracova\u0165 na ich \u010fal\u0161om zlep\u0161ovan\u00ed.<\/p>\t\t\t\t\t\t\t\t<\/div>\n\t\t\t\t<\/div>\n\t\t\t\t<div class=\"elementor-element elementor-element-911fa60 elementor-widget elementor-widget-text-editor\" data-id=\"911fa60\" data-element_type=\"widget\" data-e-type=\"widget\" data-widget_type=\"text-editor.default\">\n\t\t\t\t<div class=\"elementor-widget-container\">\n\t\t\t\t\t\t\t\t\t<h3>Materi\u00e1ly<\/h3><p>Pri v\u00fdbere vstupn\u00fdch materi\u00e1lov db\u00e1me na ich p\u00f4vod a overen\u00fa kvalitu. Uprednost\u0148ujeme komponenty od miestnych a eur\u00f3pskych dod\u00e1vate\u013eov, ktor\u00e9 sp\u013a\u0148aj\u00fa na\u0161e po\u017eiadavky. Na\u0161e v\u00fdrobky sp\u013a\u0148aj\u00fa chemick\u00e9 predpisy REACH a prednostne pou\u017e\u00edvame plastov\u00e9 komponenty z recyklovan\u00e9ho polypropyl\u00e9nu.<\/p><p>V\u00e4\u010d\u0161ina po\u0165ahov\u00fdch l\u00e1tok v na\u0161om sortimente je certifikovan\u00e1 pod\u013ea normy STANDARD 100 OEKO-TEX. Vyber\u00e1me iba odoln\u00e9 materi\u00e1ly a l\u00e1tky, aby sme zaistili dlh\u00fa \u017eivotnos\u0165 v\u0161etk\u00fdch na\u0161ich v\u00fdrobkov. N\u00e1\u0161 sortiment vydr\u017e\u00ed naozaj dlh\u00fa dobu a ako d\u00f4kaz poskytujeme na v\u00e4\u010d\u0161inu na\u0161ich stoli\u010diek z\u00e1ruku 5 rokov. A pokia\u013e sa po rokoch nejak\u00fd komponent opotrebuje, je mo\u017en\u00e9 ho pod\u013ea potreby dok\u00fapi\u0165, vymeni\u0165 a v pr\u00edpade po\u0165ahov\u00fdch materi\u00e1lov pre\u010dal\u00fani\u0165.<\/p>\t\t\t\t\t\t\t\t<\/div>\n\t\t\t\t<\/div>\n\t\t\t\t<div class=\"elementor-element elementor-element-461ae45 elementor-widget elementor-widget-text-editor\" data-id=\"461ae45\" data-element_type=\"widget\" data-e-type=\"widget\" data-widget_type=\"text-editor.default\">\n\t\t\t\t<div class=\"elementor-widget-container\">\n\t\t\t\t\t\t\t\t\t<h3>Balenie<\/h3><p>Na ochranu, prepravu a skladovanie stoli\u010diek pou\u017e\u00edvame lepenkov\u00e9 krabice z u\u017e raz recyklovan\u00fdch materi\u00e1lov alebo plne recyklovate\u013en\u00fa stre\u010dov\u00fa f\u00f3liu. Krabice s\u00fa po pou\u017eit\u00ed op\u00e4\u0165 recyklovan\u00e9, alebo pokia\u013e nie s\u00fa po\u0161koden\u00e9, s\u00fa znovu pou\u017eit\u00e9. Zbyto\u010dn\u00e9mu odpadu z obalov predch\u00e1dzame t\u00fdm, \u017ee na doru\u010denie tovaru vyu\u017e\u00edvame vlastn\u00fa dopravu.<\/p><p>Z\u00e1rove\u0148 na\u0161e obaly neust\u00e1le vylep\u0161ujeme, aby sme zn\u00ed\u017eili mno\u017estvo pou\u017eit\u00fdch materi\u00e1lov. Spolo\u010dnos\u0165 ALBA sa u\u017e nieko\u013eko rokov zaober\u00e1 nakladan\u00edm s obalov\u00fdm odpadom a jeho recykl\u00e1ciou a u\u017e od roku 2015 je \u010dlenom syst\u00e9mu zberu a recykl\u00e1cie obalov\u00fdch materi\u00e1lov EKO-KOM. T\u00fdmto sp\u00f4sobom zais\u0165ujeme sp\u00e4tn\u00fd odber a riadne vyu\u017eitie obalov\u00e9ho odpadu.<\/p>\t\t\t\t\t\t\t\t<\/div>\n\t\t\t\t<\/div>\n\t\t\t\t<div class=\"elementor-element elementor-element-432701c elementor-widget elementor-widget-text-editor\" data-id=\"432701c\" data-element_type=\"widget\" data-e-type=\"widget\" data-widget_type=\"text-editor.default\">\n\t\t\t\t<div class=\"elementor-widget-container\">\n\t\t\t\t\t\t\t\t\t<h3>Logistika<\/h3><p>M\u00e1me vlastn\u00fd vozov\u00fd park, ktor\u00e9ho s\u00fa\u010das\u0165ou je aj \u010disto elektrick\u00e9 vozidlo, a zais\u0165ujeme dopravu pre v\u00e4\u010d\u0161inu na\u0161ich z\u00e1kazn\u00edkov. V\u017edy sa sna\u017e\u00edme vyu\u017ei\u0165 100 % kapacity n\u00e1\u0161ho vozov\u00e9ho parku a v\u010faka n\u00e1\u0161mu \u0161peci\u00e1lnemu logistick\u00e9mu programu m\u00f4\u017eeme detailne pl\u00e1nova\u0165 na\u0161e dod\u00e1vky, vybera\u0165 najefekt\u00edvnej\u0161ie trasy a automaticky voli\u0165 r\u00f4zne typy vozidiel, aby sme maximalizovali efektivitu nakl\u00e1dky.<\/p><p>Program tie\u017e vypo\u010d\u00edtava harmonogram j\u00e1zd, \u010do n\u00e1m aj ostatn\u00fdm spolo\u010dnostiam, pre ktor\u00e9 dod\u00e1vame, umo\u017e\u0148uje lep\u0161ie pl\u00e1nova\u0165. V\u0161etci na\u0161i vodi\u010di s\u00fa samozrejme pravidelne \u0161kolen\u00ed a v\u017edy dodr\u017eiavaj\u00fa pravidl\u00e1 plynulej jazdy.<\/p>\t\t\t\t\t\t\t\t<\/div>\n\t\t\t\t<\/div>\n\t\t\t\t<div class=\"elementor-element elementor-element-21eca10 elementor-widget elementor-widget-image\" data-id=\"21eca10\" data-element_type=\"widget\" data-e-type=\"widget\" data-widget_type=\"image.default\">\n\t\t\t\t<div class=\"elementor-widget-container\">\n\t\t\t\t\t\t\t\t\t\t\t\t\t\t\t<img fetchpriority=\"high\" decoding=\"async\" width=\"1920\" height=\"936\" src=\"https:\/\/alba.progresium.cz\/wp-content\/uploads\/2022\/02\/dron-09-crop.jpg\" class=\"attachment-full size-full wp-image-7976\" alt=\"\" srcset=\"https:\/\/alba.progresium.cz\/wp-content\/uploads\/2022\/02\/dron-09-crop.jpg 1920w, https:\/\/alba.progresium.cz\/wp-content\/uploads\/2022\/02\/dron-09-crop-300x146.jpg 300w, https:\/\/alba.progresium.cz\/wp-content\/uploads\/2022\/02\/dron-09-crop-1024x499.jpg 1024w, https:\/\/alba.progresium.cz\/wp-content\/uploads\/2022\/02\/dron-09-crop-768x374.jpg 768w, https:\/\/alba.progresium.cz\/wp-content\/uploads\/2022\/02\/dron-09-crop-1536x749.jpg 1536w\" sizes=\"(max-width: 1920px) 100vw, 1920px\" \/>\t\t\t\t\t\t\t\t\t\t\t\t\t\t\t<\/div>\n\t\t\t\t<\/div>\n\t\t\t\t<div class=\"elementor-element elementor-element-1b240ed elementor-widget elementor-widget-text-editor\" data-id=\"1b240ed\" data-element_type=\"widget\" data-e-type=\"widget\" data-widget_type=\"text-editor.default\">\n\t\t\t\t<div class=\"elementor-widget-container\">\n\t\t\t\t\t\t\t\t\t<h3>\u00daspory energi\u00ed<\/h3><p>V roku 2010 sme v Albe nain\u0161talovali viac ako 600 sol\u00e1rnych panelov, aby sme pokryli spotrebu energie na\u0161ich v\u00fdrobn\u00fdch z\u00e1vodov a kancel\u00e1rskych budov ekologickej\u0161\u00edm sp\u00f4sobom.\u00a0 Pokia\u013e vyrob\u00edme viac energie, ako dok\u00e1\u017eeme spotrebova\u0165, dod\u00e1vame ju niektor\u00e9mu z \u010desk\u00fdch distribu\u010dn\u00fdch energetick\u00fdch kan\u00e1lov. Stali sme sa tie\u017e s\u00fa\u010das\u0165ou \u010desk\u00e9ho n\u00e1rodn\u00e9ho programu Zelen\u00e1 \u00faspora, ktor\u00fd podporuje firmy a dom\u00e1cnosti vo v\u00fdrobe vlastnej zelenej energie.<\/p><p>V\u00e4\u010d\u0161ina na\u0161ich v\u00fdrobn\u00fdch a skladov\u00fdch h\u00e1l je navrhnut\u00e1 tak, aby prep\u00fa\u0161\u0165ala dostatok prirodzen\u00e9ho svetla prostredn\u00edctvom \u0161irok\u00fdch stre\u0161n\u00fdch okien, tak\u017ee po v\u00e4\u010d\u0161inu pracovn\u00e9ho \u010dasu nemus\u00edme pou\u017e\u00edva\u0165 umel\u00e9 zdroje svetla. Na\u0161a v\u00fdroba funguje iba cez de\u0148, tak\u017ee v noci s\u00fa svetl\u00e1 a k\u00farenie vypnut\u00e9. Na umel\u00e9 osvetlenie pou\u017e\u00edvame iba ekologick\u00e9 a energeticky \u00fasporn\u00e9 \u017eiarovky.<\/p><p>V na\u0161om v\u00fdrobnom z\u00e1vode v \u0160kvorci zais\u0165ujeme vykurovanie kotlom na biomasu Danstoker. Na v\u00fdrobu tepla pou\u017e\u00edvame preva\u017ene biomasu z miscanthu, obnovite\u013en\u00fd zdroj energie od miestneho v\u00fdrobcu. Pre \u00fasporu n\u00e1kladov na vykurovanie s\u00fa na\u0161e sklady rozdelen\u00e9 na studen\u00e9 a tepl\u00e9 z\u00f3ny.<\/p>\t\t\t\t\t\t\t\t<\/div>\n\t\t\t\t<\/div>\n\t\t\t\t\t<\/div>\n\t\t<\/div>\n\t\t\t\t\t<\/div>\n\t\t<\/section>\n\t\t\t\t<section class=\"elementor-section elementor-top-section elementor-element elementor-element-345dde68 single_c elementor-section-boxed elementor-section-height-default elementor-section-height-default\" data-id=\"345dde68\" data-element_type=\"section\" data-e-type=\"section\">\n\t\t\t\t\t\t<div class=\"elementor-container elementor-column-gap-default\">\n\t\t\t\t\t<div class=\"elementor-column elementor-col-100 elementor-top-column elementor-element elementor-element-1d1744f6\" data-id=\"1d1744f6\" data-element_type=\"column\" data-e-type=\"column\">\n\t\t\t<div class=\"elementor-widget-wrap elementor-element-populated\">\n\t\t\t\t\t\t<div class=\"elementor-element elementor-element-514d6987 elementor-widget elementor-widget-spacer\" data-id=\"514d6987\" data-element_type=\"widget\" data-e-type=\"widget\" data-widget_type=\"spacer.default\">\n\t\t\t\t<div class=\"elementor-widget-container\">\n\t\t\t\t\t\t\t<div class=\"elementor-spacer\">\n\t\t\t<div class=\"elementor-spacer-inner\"><\/div>\n\t\t<\/div>\n\t\t\t\t\t\t<\/div>\n\t\t\t\t<\/div>\n\t\t\t\t\t<\/div>\n\t\t<\/div>\n\t\t\t\t\t<\/div>\n\t\t<\/section>\n\t\t\t\t<\/div>\n\t\t","protected":false},"excerpt":{"rendered":"<p>Spolo\u010dnos\u0165 ALBA sa zav\u00e4zuje k neust\u00e1lemu zni\u017eovaniu dopadu svojich \u010dinnost\u00ed na \u017eivotn\u00e9 prostredie. V roku 2015 sme preto zaviedli syst\u00e9m environment\u00e1lneho riadenia pod\u013ea normy ISO 14001, aby sme zn\u00ed\u017eili negat\u00edvne dopady na \u017eivotn\u00e9 prostredie.<\/p>\n","protected":false},"author":2,"featured_media":1654,"parent":7963,"menu_order":19,"comment_status":"closed","ping_status":"closed","template":"","meta":{"_acf_changed":false,"inline_featured_image":false,"footnotes":""},"class_list":["post-7933","page","type-page","status-publish","has-post-thumbnail","hentry"],"acf":[],"aioseo_notices":[],"_links":{"self":[{"href":"https:\/\/alba.progresium.cz\/sk\/wp-json\/wp\/v2\/pages\/7933","targetHints":{"allow":["GET"]}}],"collection":[{"href":"https:\/\/alba.progresium.cz\/sk\/wp-json\/wp\/v2\/pages"}],"about":[{"href":"https:\/\/alba.progresium.cz\/sk\/wp-json\/wp\/v2\/types\/page"}],"author":[{"embeddable":true,"href":"https:\/\/alba.progresium.cz\/sk\/wp-json\/wp\/v2\/users\/2"}],"replies":[{"embeddable":true,"href":"https:\/\/alba.progresium.cz\/sk\/wp-json\/wp\/v2\/comments?post=7933"}],"version-history":[{"count":5,"href":"https:\/\/alba.progresium.cz\/sk\/wp-json\/wp\/v2\/pages\/7933\/revisions"}],"predecessor-version":[{"id":19219,"href":"https:\/\/alba.progresium.cz\/sk\/wp-json\/wp\/v2\/pages\/7933\/revisions\/19219"}],"up":[{"embeddable":true,"href":"https:\/\/alba.progresium.cz\/sk\/wp-json\/wp\/v2\/pages\/7963"}],"wp:featuredmedia":[{"embeddable":true,"href":"https:\/\/alba.progresium.cz\/sk\/wp-json\/wp\/v2\/media\/1654"}],"wp:attachment":[{"href":"https:\/\/alba.progresium.cz\/sk\/wp-json\/wp\/v2\/media?parent=7933"}],"curies":[{"name":"wp","href":"https:\/\/api.w.org\/{rel}","templated":true}]}}