{"id":7930,"date":"2022-04-09T22:10:38","date_gmt":"2022-04-09T20:10:38","guid":{"rendered":"https:\/\/alba.progresium.cz\/?page_id=7930"},"modified":"2022-09-20T10:27:04","modified_gmt":"2022-09-20T08:27:04","slug":"kvalita","status":"publish","type":"page","link":"https:\/\/alba.progresium.cz\/sk\/know-how\/kvalita\/","title":{"rendered":"Kvalita"},"content":{"rendered":"\t\t<div data-elementor-type=\"wp-page\" data-elementor-id=\"7930\" class=\"elementor elementor-7930 elementor-4757\" data-elementor-post-type=\"page\">\n\t\t\t\t\t\t<section class=\"elementor-section elementor-top-section elementor-element elementor-element-7dcd7d8d header_section elementor-section-boxed elementor-section-height-default elementor-section-height-default\" data-id=\"7dcd7d8d\" data-element_type=\"section\" data-e-type=\"section\">\n\t\t\t\t\t\t<div class=\"elementor-container elementor-column-gap-default\">\n\t\t\t\t\t<div class=\"elementor-column elementor-col-100 elementor-top-column elementor-element elementor-element-2d9bdb12\" data-id=\"2d9bdb12\" data-element_type=\"column\" data-e-type=\"column\" data-settings=\"{&quot;background_background&quot;:&quot;classic&quot;}\">\n\t\t\t<div class=\"elementor-widget-wrap elementor-element-populated\">\n\t\t\t\t\t\t<section class=\"elementor-section elementor-inner-section elementor-element elementor-element-7786e98a elementor-section-boxed elementor-section-height-default elementor-section-height-default\" data-id=\"7786e98a\" data-element_type=\"section\" data-e-type=\"section\">\n\t\t\t\t\t\t<div class=\"elementor-container elementor-column-gap-default\">\n\t\t\t\t\t<div class=\"elementor-column elementor-col-50 elementor-inner-column elementor-element elementor-element-38b19bf8\" data-id=\"38b19bf8\" data-element_type=\"column\" data-e-type=\"column\" data-settings=\"{&quot;background_background&quot;:&quot;classic&quot;}\">\n\t\t\t<div class=\"elementor-widget-wrap elementor-element-populated\">\n\t\t\t\t\t\t<div class=\"elementor-element elementor-element-7ac7798 elementor-widget elementor-widget-heading\" data-id=\"7ac7798\" data-element_type=\"widget\" data-e-type=\"widget\" data-widget_type=\"heading.default\">\n\t\t\t\t<div class=\"elementor-widget-container\">\n\t\t\t\t\t<h1 class=\"elementor-heading-title elementor-size-default\">Kvalita<\/h1>\t\t\t\t<\/div>\n\t\t\t\t<\/div>\n\t\t\t\t<div class=\"elementor-element elementor-element-358db2af elementor-widget elementor-widget-heading\" data-id=\"358db2af\" data-element_type=\"widget\" data-e-type=\"widget\" data-widget_type=\"heading.default\">\n\t\t\t\t<div class=\"elementor-widget-container\">\n\t\t\t\t\t<h2 class=\"elementor-heading-title elementor-size-default\">U n\u00e1s nikdy nepr\u00edde skr\u00e1tka<\/h2>\t\t\t\t<\/div>\n\t\t\t\t<\/div>\n\t\t\t\t\t<\/div>\n\t\t<\/div>\n\t\t\t\t<div class=\"elementor-column elementor-col-50 elementor-inner-column elementor-element elementor-element-6104a13b\" data-id=\"6104a13b\" data-element_type=\"column\" data-e-type=\"column\">\n\t\t\t<div class=\"elementor-widget-wrap\">\n\t\t\t\t\t\t\t<\/div>\n\t\t<\/div>\n\t\t\t\t\t<\/div>\n\t\t<\/section>\n\t\t\t\t\t<\/div>\n\t\t<\/div>\n\t\t\t\t\t<\/div>\n\t\t<\/section>\n\t\t\t\t<section class=\"elementor-section elementor-top-section elementor-element elementor-element-127d89a8 single_c elementor-section-boxed elementor-section-height-default elementor-section-height-default\" data-id=\"127d89a8\" data-element_type=\"section\" data-e-type=\"section\">\n\t\t\t\t\t\t<div class=\"elementor-container elementor-column-gap-default\">\n\t\t\t\t\t<div class=\"elementor-column elementor-col-100 elementor-top-column elementor-element elementor-element-17fb00d7\" data-id=\"17fb00d7\" data-element_type=\"column\" data-e-type=\"column\">\n\t\t\t<div class=\"elementor-widget-wrap elementor-element-populated\">\n\t\t\t\t\t\t<div class=\"elementor-element elementor-element-4dd338e7 elementor-widget elementor-widget-ucaddon_alba_perex\" data-id=\"4dd338e7\" data-element_type=\"widget\" data-e-type=\"widget\" data-widget_type=\"ucaddon_alba_perex.default\">\n\t\t\t\t<div class=\"elementor-widget-container\">\n\t\t\t\t\t\n<!-- start ALBA perex -->\n\n<div class=\"article_perex\">Bezkonkuren\u010dn\u00e1 kvalita pre n\u00e1s nie je len pr\u00e1zdnym marketingov\u00fdm sloganom. Je to na\u0161a obchodn\u00e1 zna\u010dka, ktor\u00e1 prech\u00e1dza celou firmou ALBA a zohr\u00e1va k\u013e\u00fa\u010dov\u00fa \u00falohu vo v\u0161etkom, \u010do rob\u00edme. <\/div>\n<!-- end ALBA perex -->\t\t\t\t<\/div>\n\t\t\t\t<\/div>\n\t\t\t\t<div class=\"elementor-element elementor-element-4e8d0fab elementor-widget elementor-widget-text-editor\" data-id=\"4e8d0fab\" data-element_type=\"widget\" data-e-type=\"widget\" data-widget_type=\"text-editor.default\">\n\t\t\t\t<div class=\"elementor-widget-container\">\n\t\t\t\t\t\t\t\t\t<p><span data-contrast=\"none\">V\u0161etky na\u0161e stoli\u010dky s\u00fa navrhovan\u00e9 a s riadnou starostlivos\u0165ou vyr\u00e1ban\u00e9 v na\u0161ich \u0161tyroch modern\u00fdch z\u00e1vodoch v \u010ceskej republike a na Slovensku, \u010d\u00edm m\u00f4\u017eeme garantova\u0165 100% kontrolu kvality vo v\u0161etk\u00fdch f\u00e1zach produkcie. Uprednost\u0148ujeme komponenty od lok\u00e1lnych a eur\u00f3pskych dod\u00e1vate\u013eov, ktor\u00e9 sp\u013a\u0148aj\u00fa v\u0161etky na\u0161e n\u00e1roky na kvalitu a s\u00fa riadne testovan\u00e9 a certifikovan\u00e9.<\/span><span data-ccp-props=\"{\">\u00a0<\/span><\/p>\t\t\t\t\t\t\t\t<\/div>\n\t\t\t\t<\/div>\n\t\t\t\t<div class=\"elementor-element elementor-element-a406fe8 elementor-widget elementor-widget-text-editor\" data-id=\"a406fe8\" data-element_type=\"widget\" data-e-type=\"widget\" data-widget_type=\"text-editor.default\">\n\t\t\t\t<div class=\"elementor-widget-container\">\n\t\t\t\t\t\t\t\t\t<h3>Na na\u0161e stoli\u010dky sa m\u00f4\u017eete spo\u013eahn\u00fa\u0165 dlh\u00e9 roky\u00a0<\/h3><p>V\u00fdroba na\u0161ich stoli\u010diek je charakteristick\u00e1 vysok\u00fdm podielom kvalitnej ru\u010dnej pr\u00e1ce. S\u00fa to predov\u0161etk\u00fdm \u010dal\u00fannick\u00e9 v\u00fdplne, ktor\u00e9 vyr\u00e1bame a re\u017eeme vo vlastnej tov\u00e1rni, ale aj l\u00e1tkov\u00e9 po\u0165ahy na \u010dal\u00fanenie, ktor\u00e9 vznikaj\u00fa pod rukami na\u0161ich sk\u00fasen\u00fdch kraj\u010d\u00edrok. Kvalitou spracovania a dlhou \u017eivotnos\u0165ou n\u00e1\u0161ho sedacieho n\u00e1bytku sme si nato\u013eko ist\u00ed, \u017ee na ve\u013ek\u00fa \u010das\u0165 sortimentu ALBA poskytujeme 5-ro\u010dn\u00fa z\u00e1ruku.<\/p>\t\t\t\t\t\t\t\t<\/div>\n\t\t\t\t<\/div>\n\t\t\t\t\t<\/div>\n\t\t<\/div>\n\t\t\t\t\t<\/div>\n\t\t<\/section>\n\t\t\t\t<section class=\"elementor-section elementor-top-section elementor-element elementor-element-ed9667d dual_c elementor-section-boxed elementor-section-height-default elementor-section-height-default\" data-id=\"ed9667d\" data-element_type=\"section\" data-e-type=\"section\">\n\t\t\t\t\t\t<div class=\"elementor-container elementor-column-gap-default\">\n\t\t\t\t\t<div class=\"elementor-column elementor-col-100 elementor-top-column elementor-element elementor-element-7dd23055\" data-id=\"7dd23055\" data-element_type=\"column\" data-e-type=\"column\">\n\t\t\t<div class=\"elementor-widget-wrap elementor-element-populated\">\n\t\t\t\t\t\t<div class=\"elementor-element elementor-element-1881523a elementor-widget-divider--view-line elementor-widget elementor-widget-divider\" data-id=\"1881523a\" data-element_type=\"widget\" data-e-type=\"widget\" data-widget_type=\"divider.default\">\n\t\t\t\t<div class=\"elementor-widget-container\">\n\t\t\t\t\t\t\t<div class=\"elementor-divider\">\n\t\t\t<span class=\"elementor-divider-separator\">\n\t\t\t\t\t\t<\/span>\n\t\t<\/div>\n\t\t\t\t\t\t<\/div>\n\t\t\t\t<\/div>\n\t\t\t\t\t<\/div>\n\t\t<\/div>\n\t\t\t\t\t<\/div>\n\t\t<\/section>\n\t\t\t\t<section class=\"elementor-section elementor-top-section elementor-element elementor-element-9d90f7f dual_c elementor-section-boxed elementor-section-height-default elementor-section-height-default\" data-id=\"9d90f7f\" data-element_type=\"section\" data-e-type=\"section\">\n\t\t\t\t\t\t<div class=\"elementor-container elementor-column-gap-wide\">\n\t\t\t\t\t<div class=\"elementor-column elementor-col-50 elementor-top-column elementor-element elementor-element-db73c35\" data-id=\"db73c35\" data-element_type=\"column\" data-e-type=\"column\">\n\t\t\t<div class=\"elementor-widget-wrap elementor-element-populated\">\n\t\t\t\t\t\t<div class=\"elementor-element elementor-element-c192510 elementor-widget elementor-widget-text-editor\" data-id=\"c192510\" data-element_type=\"widget\" data-e-type=\"widget\" data-widget_type=\"text-editor.default\">\n\t\t\t\t<div class=\"elementor-widget-container\">\n\t\t\t\t\t\t\t\t\t<h3>Na\u0161a kvalita je certifikovan\u00e1<\/h3><p>Efektivitu a spo\u013eahlivos\u0165 na\u0161ich v\u00fdrobn\u00fdch procesov zaru\u010dujeme na\u0161im z\u00e1kazn\u00edkom intern\u00fdm syst\u00e9mom riadenia kvality certifikovan\u00fdm pod\u013ea normy ISO 9001. Samozrejmos\u0165ou s\u00fa tie\u017e certifik\u00e1cie jednotliv\u00fdch komponentov i cel\u00fdch na\u0161ich stoli\u010diek potvrdzuj\u00facich ich bezpe\u010dnos\u0165 a zdravotn\u00fa nez\u00e1vadnos\u0165 (napr. certifik\u00e1cia pod\u013ea eur\u00f3pskych noriem \u010cSN EN 1335-1:2000, \u010cSN EN 1335-2:2009, \u010cSN EN 16139:2013 alebo \u00d6ko-Tex Standard 100). Pre exkluz\u00edvny rad produktov pre n\u00e1\u0161ho partnera sme taktie\u017e z\u00edskali ozna\u010denie bezpe\u010dnosti v\u00fdrobkov GS.\u00a0 Na vy\u017eiadanie v\u00e1m poskytneme certifik\u00e1ciu ku v\u0161etk\u00fdm stoli\u010dk\u00e1m ALBA.<\/p><p>V s\u00falade s medzin\u00e1rodnou normou ISO 14001 kontinu\u00e1lne zlep\u0161ujeme environment\u00e1lne riadenie a proakt\u00edvne h\u013ead\u00e1me pr\u00edle\u017eitosti na zni\u017eovanie dopadov na \u017eivotn\u00e9 prostredie. Sme okrem in\u00e9ho zapojen\u00ed do syst\u00e9mu EKO-KOM, ktor\u00fd zais\u0165uje triedenie, recykl\u00e1ciu a zhodnocovanie obalov\u00e9ho odpadu.<\/p><p>V roku 2022 z\u00edskala spolo\u010dnos\u0165 ALBA CR environment\u00e1lnu zna\u010dku &#8222;Environment\u00e1lne \u0161etrn\u00fd v\u00fdrobok&#8220; a EU Ecolabel pre z\u00e1kazkovo vyr\u00e1ban\u00fd sedac\u00ed n\u00e1bytok.<\/p>\t\t\t\t\t\t\t\t<\/div>\n\t\t\t\t<\/div>\n\t\t\t\t\t<\/div>\n\t\t<\/div>\n\t\t\t\t<div class=\"elementor-column elementor-col-50 elementor-top-column elementor-element elementor-element-411cbcb\" data-id=\"411cbcb\" data-element_type=\"column\" data-e-type=\"column\">\n\t\t\t<div class=\"elementor-widget-wrap elementor-element-populated\">\n\t\t\t\t\t\t<div class=\"elementor-element elementor-element-348630f elementor-widget elementor-widget-gallery\" data-id=\"348630f\" data-element_type=\"widget\" data-e-type=\"widget\" data-settings=\"{&quot;gallery_layout&quot;:&quot;justified&quot;,&quot;ideal_row_height&quot;:{&quot;unit&quot;:&quot;px&quot;,&quot;size&quot;:150,&quot;sizes&quot;:[]},&quot;gap&quot;:{&quot;unit&quot;:&quot;px&quot;,&quot;size&quot;:50,&quot;sizes&quot;:[]},&quot;ideal_row_height_tablet&quot;:{&quot;unit&quot;:&quot;px&quot;,&quot;size&quot;:150,&quot;sizes&quot;:[]},&quot;ideal_row_height_mobile&quot;:{&quot;unit&quot;:&quot;px&quot;,&quot;size&quot;:150,&quot;sizes&quot;:[]},&quot;gap_tablet&quot;:{&quot;unit&quot;:&quot;px&quot;,&quot;size&quot;:10,&quot;sizes&quot;:[]},&quot;gap_mobile&quot;:{&quot;unit&quot;:&quot;px&quot;,&quot;size&quot;:10,&quot;sizes&quot;:[]},&quot;content_hover_animation&quot;:&quot;fade-in&quot;}\" data-widget_type=\"gallery.default\">\n\t\t\t\t<div class=\"elementor-widget-container\">\n\t\t\t\t\t\t\t<div class=\"elementor-gallery__container\">\n\t\t\t\t\t\t\t<div class=\"e-gallery-item elementor-gallery-item elementor-animated-content\">\n\t\t\t\t\t<div class=\"e-gallery-image elementor-gallery-item__image\" data-thumbnail=\"https:\/\/alba.progresium.cz\/wp-content\/uploads\/2022\/02\/OEKO_TEX.svg\" data-width=\"300\" data-height=\"300\" aria-label=\"\" role=\"img\" ><\/div>\n\t\t\t\t\t\t\t\t\t\t\t\t\t\t<\/div>\n\t\t\t\t\t\t\t<div class=\"e-gallery-item elementor-gallery-item elementor-animated-content\">\n\t\t\t\t\t<div class=\"e-gallery-image elementor-gallery-item__image\" data-thumbnail=\"https:\/\/alba.progresium.cz\/wp-content\/uploads\/2022\/02\/TUV.svg\" data-width=\"300\" data-height=\"300\" aria-label=\"\" role=\"img\" ><\/div>\n\t\t\t\t\t\t\t\t\t\t\t\t\t\t<\/div>\n\t\t\t\t\t\t\t<div class=\"e-gallery-item elementor-gallery-item elementor-animated-content\">\n\t\t\t\t\t<div class=\"e-gallery-image elementor-gallery-item__image\" data-thumbnail=\"https:\/\/alba.progresium.cz\/wp-content\/uploads\/2022\/02\/EKOKOM-2.svg\" data-width=\"300\" data-height=\"300\" aria-label=\"\" role=\"img\" ><\/div>\n\t\t\t\t\t\t\t\t\t\t\t\t\t\t<\/div>\n\t\t\t\t\t\t\t<div class=\"e-gallery-item elementor-gallery-item elementor-animated-content\">\n\t\t\t\t\t<div class=\"e-gallery-image elementor-gallery-item__image\" data-thumbnail=\"https:\/\/alba.progresium.cz\/wp-content\/uploads\/2022\/02\/ecolabel.svg\" data-width=\"300\" data-height=\"300\" aria-label=\"\" role=\"img\" ><\/div>\n\t\t\t\t\t\t\t\t\t\t\t\t\t\t<\/div>\n\t\t\t\t\t<\/div>\n\t\t\t\t\t<\/div>\n\t\t\t\t<\/div>\n\t\t\t\t\t<\/div>\n\t\t<\/div>\n\t\t\t\t\t<\/div>\n\t\t<\/section>\n\t\t\t\t<section class=\"elementor-section elementor-top-section elementor-element elementor-element-34b18a68 dual_c elementor-section-boxed elementor-section-height-default elementor-section-height-default\" data-id=\"34b18a68\" data-element_type=\"section\" data-e-type=\"section\">\n\t\t\t\t\t\t<div class=\"elementor-container elementor-column-gap-default\">\n\t\t\t\t\t<div class=\"elementor-column elementor-col-50 elementor-top-column elementor-element elementor-element-43504ed\" data-id=\"43504ed\" data-element_type=\"column\" data-e-type=\"column\">\n\t\t\t<div class=\"elementor-widget-wrap elementor-element-populated\">\n\t\t\t\t\t\t<div class=\"elementor-element elementor-element-39fd1a7 elementor-widget elementor-widget-gallery\" data-id=\"39fd1a7\" data-element_type=\"widget\" data-e-type=\"widget\" data-settings=\"{&quot;gallery_layout&quot;:&quot;justified&quot;,&quot;ideal_row_height&quot;:{&quot;unit&quot;:&quot;px&quot;,&quot;size&quot;:150,&quot;sizes&quot;:[]},&quot;gap&quot;:{&quot;unit&quot;:&quot;px&quot;,&quot;size&quot;:50,&quot;sizes&quot;:[]},&quot;ideal_row_height_tablet&quot;:{&quot;unit&quot;:&quot;px&quot;,&quot;size&quot;:150,&quot;sizes&quot;:[]},&quot;ideal_row_height_mobile&quot;:{&quot;unit&quot;:&quot;px&quot;,&quot;size&quot;:150,&quot;sizes&quot;:[]},&quot;gap_tablet&quot;:{&quot;unit&quot;:&quot;px&quot;,&quot;size&quot;:10,&quot;sizes&quot;:[]},&quot;gap_mobile&quot;:{&quot;unit&quot;:&quot;px&quot;,&quot;size&quot;:10,&quot;sizes&quot;:[]},&quot;content_hover_animation&quot;:&quot;fade-in&quot;}\" data-widget_type=\"gallery.default\">\n\t\t\t\t<div class=\"elementor-widget-container\">\n\t\t\t\t\t\t\t<div class=\"elementor-gallery__container\">\n\t\t\t\t\t\t\t<div class=\"e-gallery-item elementor-gallery-item elementor-animated-content\">\n\t\t\t\t\t<div class=\"e-gallery-image elementor-gallery-item__image\" data-thumbnail=\"https:\/\/alba.progresium.cz\/wp-content\/uploads\/2022\/02\/ISO-1.svg\" data-width=\"300\" data-height=\"300\" aria-label=\"\" role=\"img\" ><\/div>\n\t\t\t\t\t\t\t\t\t\t\t\t\t\t<\/div>\n\t\t\t\t\t\t\t<div class=\"e-gallery-item elementor-gallery-item elementor-animated-content\">\n\t\t\t\t\t<div class=\"e-gallery-image elementor-gallery-item__image\" data-thumbnail=\"https:\/\/alba.progresium.cz\/wp-content\/uploads\/2022\/02\/Ceska_kvalita.svg\" data-width=\"300\" data-height=\"300\" aria-label=\"\" role=\"img\" ><\/div>\n\t\t\t\t\t\t\t\t\t\t\t\t\t\t<\/div>\n\t\t\t\t\t\t\t<div class=\"e-gallery-item elementor-gallery-item elementor-animated-content\">\n\t\t\t\t\t<div class=\"e-gallery-image elementor-gallery-item__image\" data-thumbnail=\"https:\/\/alba.progresium.cz\/wp-content\/uploads\/2022\/04\/GS-Zeichen.svg.svg\" data-width=\"300\" data-height=\"240\" aria-label=\"\" role=\"img\" ><\/div>\n\t\t\t\t\t\t\t\t\t\t\t\t\t\t<\/div>\n\t\t\t\t\t<\/div>\n\t\t\t\t\t<\/div>\n\t\t\t\t<\/div>\n\t\t\t\t\t<\/div>\n\t\t<\/div>\n\t\t\t\t<div class=\"elementor-column elementor-col-50 elementor-top-column elementor-element elementor-element-7462ca3d\" data-id=\"7462ca3d\" data-element_type=\"column\" data-e-type=\"column\">\n\t\t\t<div class=\"elementor-widget-wrap elementor-element-populated\">\n\t\t\t\t\t\t<div class=\"elementor-element elementor-element-8314e86 elementor-widget elementor-widget-text-editor\" data-id=\"8314e86\" data-element_type=\"widget\" data-e-type=\"widget\" data-widget_type=\"text-editor.default\">\n\t\t\t\t<div class=\"elementor-widget-container\">\n\t\t\t\t\t\t\t\t\t<h3>Sme hrd\u00ed nositelia odborov\u00fdch ocenen\u00ed\u00a0<\/h3><p>V\u010faka \u0161pi\u010dkovej kvalite na\u0161ich v\u00fdrobkov sme sa stali dr\u017eite\u013eom zna\u010dky \u010cesk\u00e1 kvalita, ktor\u00e1 potvrdzuje, \u017ee sa rad\u00edme k najlep\u0161\u00edm v\u00fdrobcom v \u010ceskej republike. Navy\u0161e sme v roku 2021 z\u00edskali ocenenie L\u00edder roka za Stredo\u010desk\u00fd kraj, ktor\u00e9 je ka\u017edoro\u010dne ude\u013eovan\u00e9 naj\u00faspe\u0161nej\u0161\u00edm \u010desk\u00fdm firm\u00e1m.<\/p>\t\t\t\t\t\t\t\t<\/div>\n\t\t\t\t<\/div>\n\t\t\t\t\t<\/div>\n\t\t<\/div>\n\t\t\t\t\t<\/div>\n\t\t<\/section>\n\t\t\t\t<section class=\"elementor-section elementor-top-section elementor-element elementor-element-7dd60b2a single_c elementor-section-boxed elementor-section-height-default elementor-section-height-default\" data-id=\"7dd60b2a\" data-element_type=\"section\" data-e-type=\"section\">\n\t\t\t\t\t\t<div class=\"elementor-container elementor-column-gap-default\">\n\t\t\t\t\t<div class=\"elementor-column elementor-col-100 elementor-top-column elementor-element elementor-element-6d346149\" data-id=\"6d346149\" data-element_type=\"column\" data-e-type=\"column\">\n\t\t\t<div class=\"elementor-widget-wrap elementor-element-populated\">\n\t\t\t\t\t\t<div class=\"elementor-element elementor-element-74e79ce elementor-widget elementor-widget-spacer\" data-id=\"74e79ce\" data-element_type=\"widget\" data-e-type=\"widget\" data-widget_type=\"spacer.default\">\n\t\t\t\t<div class=\"elementor-widget-container\">\n\t\t\t\t\t\t\t<div class=\"elementor-spacer\">\n\t\t\t<div class=\"elementor-spacer-inner\"><\/div>\n\t\t<\/div>\n\t\t\t\t\t\t<\/div>\n\t\t\t\t<\/div>\n\t\t\t\t\t<\/div>\n\t\t<\/div>\n\t\t\t\t\t<\/div>\n\t\t<\/section>\n\t\t\t\t<\/div>\n\t\t","protected":false},"excerpt":{"rendered":"<p>Bezkonkuren\u010dn\u00e1 kvalita pre n\u00e1s nie je len pr\u00e1zdnym marketingov\u00fdm sloganom. Je to na\u0161a obchodn\u00e1 zna\u010dka, ktor\u00e1 prech\u00e1dza celou firmou ALBA a zohr\u00e1va k\u013e\u00fa\u010dov\u00fa \u00falohu vo v\u0161etkom, \u010do rob\u00edme.<\/p>\n","protected":false},"author":2,"featured_media":2749,"parent":7963,"menu_order":18,"comment_status":"closed","ping_status":"closed","template":"","meta":{"_acf_changed":false,"inline_featured_image":false,"footnotes":""},"class_list":["post-7930","page","type-page","status-publish","has-post-thumbnail","hentry"],"acf":[],"aioseo_notices":[],"_links":{"self":[{"href":"https:\/\/alba.progresium.cz\/sk\/wp-json\/wp\/v2\/pages\/7930","targetHints":{"allow":["GET"]}}],"collection":[{"href":"https:\/\/alba.progresium.cz\/sk\/wp-json\/wp\/v2\/pages"}],"about":[{"href":"https:\/\/alba.progresium.cz\/sk\/wp-json\/wp\/v2\/types\/page"}],"author":[{"embeddable":true,"href":"https:\/\/alba.progresium.cz\/sk\/wp-json\/wp\/v2\/users\/2"}],"replies":[{"embeddable":true,"href":"https:\/\/alba.progresium.cz\/sk\/wp-json\/wp\/v2\/comments?post=7930"}],"version-history":[{"count":5,"href":"https:\/\/alba.progresium.cz\/sk\/wp-json\/wp\/v2\/pages\/7930\/revisions"}],"predecessor-version":[{"id":19216,"href":"https:\/\/alba.progresium.cz\/sk\/wp-json\/wp\/v2\/pages\/7930\/revisions\/19216"}],"up":[{"embeddable":true,"href":"https:\/\/alba.progresium.cz\/sk\/wp-json\/wp\/v2\/pages\/7963"}],"wp:featuredmedia":[{"embeddable":true,"href":"https:\/\/alba.progresium.cz\/sk\/wp-json\/wp\/v2\/media\/2749"}],"wp:attachment":[{"href":"https:\/\/alba.progresium.cz\/sk\/wp-json\/wp\/v2\/media?parent=7930"}],"curies":[{"name":"wp","href":"https:\/\/api.w.org\/{rel}","templated":true}]}}