{"id":7921,"date":"2022-04-09T22:10:13","date_gmt":"2022-04-09T20:10:13","guid":{"rendered":"https:\/\/alba.progresium.cz\/?page_id=7921"},"modified":"2022-05-26T09:21:11","modified_gmt":"2022-05-26T07:21:11","slug":"vyplnove-materialy","status":"publish","type":"page","link":"https:\/\/alba.progresium.cz\/sk\/know-how\/vyplnove-materialy\/","title":{"rendered":"V\u00fdpl\u0148ov\u00e9 materi\u00e1ly"},"content":{"rendered":"\t\t<div data-elementor-type=\"wp-page\" data-elementor-id=\"7921\" class=\"elementor elementor-7921 elementor-4755\" data-elementor-post-type=\"page\">\n\t\t\t\t\t\t<section class=\"elementor-section elementor-top-section elementor-element elementor-element-567b88b5 header_section elementor-section-boxed elementor-section-height-default elementor-section-height-default\" data-id=\"567b88b5\" data-element_type=\"section\" data-e-type=\"section\">\n\t\t\t\t\t\t<div class=\"elementor-container elementor-column-gap-default\">\n\t\t\t\t\t<div class=\"elementor-column elementor-col-100 elementor-top-column elementor-element elementor-element-4460525\" data-id=\"4460525\" data-element_type=\"column\" data-e-type=\"column\" data-settings=\"{&quot;background_background&quot;:&quot;classic&quot;}\">\n\t\t\t<div class=\"elementor-widget-wrap elementor-element-populated\">\n\t\t\t\t\t\t<section class=\"elementor-section elementor-inner-section elementor-element elementor-element-699b8c14 elementor-section-boxed elementor-section-height-default elementor-section-height-default\" data-id=\"699b8c14\" data-element_type=\"section\" data-e-type=\"section\">\n\t\t\t\t\t\t<div class=\"elementor-container elementor-column-gap-default\">\n\t\t\t\t\t<div class=\"elementor-column elementor-col-50 elementor-inner-column elementor-element elementor-element-7a163089\" data-id=\"7a163089\" data-element_type=\"column\" data-e-type=\"column\" data-settings=\"{&quot;background_background&quot;:&quot;classic&quot;}\">\n\t\t\t<div class=\"elementor-widget-wrap elementor-element-populated\">\n\t\t\t\t\t\t<div class=\"elementor-element elementor-element-59fae08e elementor-widget elementor-widget-heading\" data-id=\"59fae08e\" data-element_type=\"widget\" data-e-type=\"widget\" data-widget_type=\"heading.default\">\n\t\t\t\t<div class=\"elementor-widget-container\">\n\t\t\t\t\t<h1 class=\"elementor-heading-title elementor-size-default\">V\u00fdpl\u0148ov\u00e9 materi\u00e1ly<\/h1>\t\t\t\t<\/div>\n\t\t\t\t<\/div>\n\t\t\t\t<div class=\"elementor-element elementor-element-4b9ed1ee elementor-widget elementor-widget-heading\" data-id=\"4b9ed1ee\" data-element_type=\"widget\" data-e-type=\"widget\" data-widget_type=\"heading.default\">\n\t\t\t\t<div class=\"elementor-widget-container\">\n\t\t\t\t\t<h2 class=\"elementor-heading-title elementor-size-default\">Pozrite sa na ponuku po\u0165ahov\u00fdch materi\u00e1lov<\/h2>\t\t\t\t<\/div>\n\t\t\t\t<\/div>\n\t\t\t\t\t<\/div>\n\t\t<\/div>\n\t\t\t\t<div class=\"elementor-column elementor-col-50 elementor-inner-column elementor-element elementor-element-37828642\" data-id=\"37828642\" data-element_type=\"column\" data-e-type=\"column\">\n\t\t\t<div class=\"elementor-widget-wrap\">\n\t\t\t\t\t\t\t<\/div>\n\t\t<\/div>\n\t\t\t\t\t<\/div>\n\t\t<\/section>\n\t\t\t\t\t<\/div>\n\t\t<\/div>\n\t\t\t\t\t<\/div>\n\t\t<\/section>\n\t\t\t\t<section class=\"elementor-section elementor-top-section elementor-element elementor-element-37a53314 single_c elementor-section-boxed elementor-section-height-default elementor-section-height-default\" data-id=\"37a53314\" data-element_type=\"section\" data-e-type=\"section\">\n\t\t\t\t\t\t<div class=\"elementor-container elementor-column-gap-default\">\n\t\t\t\t\t<div class=\"elementor-column elementor-col-100 elementor-top-column elementor-element elementor-element-74302813\" data-id=\"74302813\" data-element_type=\"column\" data-e-type=\"column\">\n\t\t\t<div class=\"elementor-widget-wrap elementor-element-populated\">\n\t\t\t\t\t\t<div class=\"elementor-element elementor-element-2fd58d92 elementor-widget elementor-widget-ucaddon_alba_perex\" data-id=\"2fd58d92\" data-element_type=\"widget\" data-e-type=\"widget\" data-widget_type=\"ucaddon_alba_perex.default\">\n\t\t\t\t<div class=\"elementor-widget-container\">\n\t\t\t\t\t\n<!-- start ALBA perex -->\n\n<div class=\"article_perex\">Z\u00e1le\u017e\u00ed n\u00e1m na tom, aby sa v\u00e1m na na\u0161ich stoli\u010dk\u00e1ch sedelo maxim\u00e1lne pohodlne. Na ich v\u00fdrobu preto pou\u017e\u00edvame tie najkvalitnej\u0161ie a certifikovan\u00e9 komponenty, ktor\u00e9 z\u00e1rove\u0148 zaru\u010dia, \u017ee v\u00e1m na\u0161e stoli\u010dky bud\u00fa sl\u00fa\u017ei\u0165 dlh\u00e9 roky. <\/div>\n<!-- end ALBA perex -->\t\t\t\t<\/div>\n\t\t\t\t<\/div>\n\t\t\t\t<div class=\"elementor-element elementor-element-4fa35674 elementor-widget elementor-widget-text-editor\" data-id=\"4fa35674\" data-element_type=\"widget\" data-e-type=\"widget\" data-widget_type=\"text-editor.default\">\n\t\t\t\t<div class=\"elementor-widget-container\">\n\t\t\t\t\t\t\t\t\t<p>A v\u00fdplne pre \u010dal\u00fanenie nie s\u00fa v\u00fdnimkou. Na v\u00fdrobu stoli\u010diek ALBA vyu\u017e\u00edvame tri druhy v\u00fdpln\u00ed s odli\u0161n\u00fdmi vlastnos\u0165ami, ktor\u00e9 sa hodia na r\u00f4zne \u00fa\u010dely. Pod\u013ea toho, \u010di budete na stoli\u010dke sedie\u0165 v kancel\u00e1rii, doma, v ordin\u00e1cii alebo napr\u00edklad v dispe\u010derskom stredisku, pou\u017e\u00edvame ako v\u00fdpl\u0148 \u010dal\u00fanenie penu polyuret\u00e1nov\u00fa, injektovan\u00fa alebo studen\u00fa.<\/p>\t\t\t\t\t\t\t\t<\/div>\n\t\t\t\t<\/div>\n\t\t\t\t\t<\/div>\n\t\t<\/div>\n\t\t\t\t\t<\/div>\n\t\t<\/section>\n\t\t\t\t<section class=\"elementor-section elementor-top-section elementor-element elementor-element-214bbff9 dual_c elementor-section-boxed elementor-section-height-default elementor-section-height-default\" data-id=\"214bbff9\" data-element_type=\"section\" data-e-type=\"section\">\n\t\t\t\t\t\t<div class=\"elementor-container elementor-column-gap-default\">\n\t\t\t\t\t<div class=\"elementor-column elementor-col-100 elementor-top-column elementor-element elementor-element-6e34db8d\" data-id=\"6e34db8d\" data-element_type=\"column\" data-e-type=\"column\">\n\t\t\t<div class=\"elementor-widget-wrap elementor-element-populated\">\n\t\t\t\t\t\t<div class=\"elementor-element elementor-element-c56a121 elementor-widget-divider--view-line elementor-widget elementor-widget-divider\" data-id=\"c56a121\" data-element_type=\"widget\" data-e-type=\"widget\" data-widget_type=\"divider.default\">\n\t\t\t\t<div class=\"elementor-widget-container\">\n\t\t\t\t\t\t\t<div class=\"elementor-divider\">\n\t\t\t<span class=\"elementor-divider-separator\">\n\t\t\t\t\t\t<\/span>\n\t\t<\/div>\n\t\t\t\t\t\t<\/div>\n\t\t\t\t<\/div>\n\t\t\t\t\t<\/div>\n\t\t<\/div>\n\t\t\t\t\t<\/div>\n\t\t<\/section>\n\t\t\t\t<section class=\"elementor-section elementor-top-section elementor-element elementor-element-4f9d6613 dual_c elementor-section-boxed elementor-section-height-default elementor-section-height-default\" data-id=\"4f9d6613\" data-element_type=\"section\" data-e-type=\"section\">\n\t\t\t\t\t\t<div class=\"elementor-container elementor-column-gap-wide\">\n\t\t\t\t\t<div class=\"elementor-column elementor-col-50 elementor-top-column elementor-element elementor-element-51e0c608\" data-id=\"51e0c608\" data-element_type=\"column\" data-e-type=\"column\">\n\t\t\t<div class=\"elementor-widget-wrap elementor-element-populated\">\n\t\t\t\t\t\t<div class=\"elementor-element elementor-element-2abf3476 elementor-widget elementor-widget-text-editor\" data-id=\"2abf3476\" data-element_type=\"widget\" data-e-type=\"widget\" data-widget_type=\"text-editor.default\">\n\t\t\t\t<div class=\"elementor-widget-container\">\n\t\t\t\t\t\t\t\t\t<h3>Injektovan\u00e1 pena<\/h3><p>Na v\u00fdrobu na\u0161ich pr\u00e9miov\u00fdch stoli\u010diek pou\u017e\u00edvame diely z injektovanej peny, ktor\u00e9 vyr\u00e1bame \u0161peci\u00e1lnou technol\u00f3giou v na\u0161om z\u00e1vode v Ostrave. Pri v\u00fdrobe sa polyuret\u00e1nov\u00e1 zmes vstrekuje do uzavret\u00fdch hlin\u00edkov\u00fdch foriem, kde je n\u00e1sledne tepelne vytvrden\u00e1. V\u010faka tomuto procesu m\u00f4\u017eeme vyr\u00e1ba\u0165 presne vytvarovan\u00e9 sedadl\u00e1, operadl\u00e1 \u010di podhlavn\u00edky.<\/p><p>Ergonomick\u00e9 tvarovanie napom\u00e1ha zdrav\u00e9mu dr\u017eaniu tela t\u00fdm, \u017ee poskytuje lep\u0161iu oporu v oblasti kostr\u010de a bedrovej chrbtice. Vysok\u00e1 hustota v\u00fdsledn\u00e9ho materi\u00e1lu taktie\u017e zais\u0165uje, \u017ee s\u00fa dielce rozmerovo ve\u013emi stabiln\u00e9 a odoln\u00e9. V\u010faka svojej tvarovej st\u00e1losti sa nepresed\u00ed, a navy\u0161e ich mo\u017eno \u010dal\u00fani\u0165 s ozdobn\u00fdmi \u0161vami.<\/p><p>Preto\u017ee sa u injektovanej peny ka\u017ed\u00fd dielec odlieva samostatne a nere\u017ee sa, zost\u00e1va \u0161trukt\u00fara jemn\u00fdch vzduchov\u00fdch kan\u00e1likov neporu\u0161en\u00e1 a zachov\u00e1va sa tak aj vysok\u00e1 priedu\u0161nos\u0165. Najv\u00e4\u010d\u0161\u00edmi v\u00fdhodami injektovanej peny je teda ve\u013emi dobr\u00e1 opora, priedu\u0161nos\u0165 a dlh\u00e1 \u017eivotnos\u0165.<\/p><h3>\u00a0<\/h3>\t\t\t\t\t\t\t\t<\/div>\n\t\t\t\t<\/div>\n\t\t\t\t\t<\/div>\n\t\t<\/div>\n\t\t\t\t<div class=\"elementor-column elementor-col-50 elementor-top-column elementor-element elementor-element-5ce0281a\" data-id=\"5ce0281a\" data-element_type=\"column\" data-e-type=\"column\">\n\t\t\t<div class=\"elementor-widget-wrap elementor-element-populated\">\n\t\t\t\t\t\t<div class=\"elementor-element elementor-element-b72c469 elementor-widget elementor-widget-image\" data-id=\"b72c469\" data-element_type=\"widget\" data-e-type=\"widget\" data-widget_type=\"image.default\">\n\t\t\t\t<div class=\"elementor-widget-container\">\n\t\t\t\t\t\t\t\t\t\t\t\t\t\t\t<img fetchpriority=\"high\" decoding=\"async\" width=\"502\" height=\"562\" src=\"https:\/\/alba.progresium.cz\/wp-content\/uploads\/2022\/02\/Liti-polyuretanu.jpg\" class=\"attachment-large size-large wp-image-12542\" alt=\"\" srcset=\"https:\/\/alba.progresium.cz\/wp-content\/uploads\/2022\/02\/Liti-polyuretanu.jpg 502w, https:\/\/alba.progresium.cz\/wp-content\/uploads\/2022\/02\/Liti-polyuretanu-268x300.jpg 268w\" sizes=\"(max-width: 502px) 100vw, 502px\" \/>\t\t\t\t\t\t\t\t\t\t\t\t\t\t\t<\/div>\n\t\t\t\t<\/div>\n\t\t\t\t\t<\/div>\n\t\t<\/div>\n\t\t\t\t\t<\/div>\n\t\t<\/section>\n\t\t\t\t<section class=\"elementor-section elementor-top-section elementor-element elementor-element-8b15490 dual_c elementor-section-boxed elementor-section-height-default elementor-section-height-default\" data-id=\"8b15490\" data-element_type=\"section\" data-e-type=\"section\">\n\t\t\t\t\t\t<div class=\"elementor-container elementor-column-gap-default\">\n\t\t\t\t\t<div class=\"elementor-column elementor-col-100 elementor-top-column elementor-element elementor-element-7c6af16a\" data-id=\"7c6af16a\" data-element_type=\"column\" data-e-type=\"column\">\n\t\t\t<div class=\"elementor-widget-wrap elementor-element-populated\">\n\t\t\t\t\t\t<div class=\"elementor-element elementor-element-79a76012 elementor-widget-divider--view-line elementor-widget elementor-widget-divider\" data-id=\"79a76012\" data-element_type=\"widget\" data-e-type=\"widget\" data-widget_type=\"divider.default\">\n\t\t\t\t<div class=\"elementor-widget-container\">\n\t\t\t\t\t\t\t<div class=\"elementor-divider\">\n\t\t\t<span class=\"elementor-divider-separator\">\n\t\t\t\t\t\t<\/span>\n\t\t<\/div>\n\t\t\t\t\t\t<\/div>\n\t\t\t\t<\/div>\n\t\t\t\t\t<\/div>\n\t\t<\/div>\n\t\t\t\t\t<\/div>\n\t\t<\/section>\n\t\t\t\t<section class=\"elementor-section elementor-top-section elementor-element elementor-element-26871d35 dual_c elementor-section-boxed elementor-section-height-default elementor-section-height-default\" data-id=\"26871d35\" data-element_type=\"section\" data-e-type=\"section\">\n\t\t\t\t\t\t<div class=\"elementor-container elementor-column-gap-wide\">\n\t\t\t\t\t<div class=\"elementor-column elementor-col-50 elementor-top-column elementor-element elementor-element-22b26f9e\" data-id=\"22b26f9e\" data-element_type=\"column\" data-e-type=\"column\">\n\t\t\t<div class=\"elementor-widget-wrap elementor-element-populated\">\n\t\t\t\t\t\t<div class=\"elementor-element elementor-element-7f5e59f4 elementor-widget elementor-widget-image\" data-id=\"7f5e59f4\" data-element_type=\"widget\" data-e-type=\"widget\" data-widget_type=\"image.default\">\n\t\t\t\t<div class=\"elementor-widget-container\">\n\t\t\t\t\t\t\t\t\t\t\t\t<figure class=\"wp-caption\">\n\t\t\t\t\t\t\t\t\t\t<img decoding=\"async\" width=\"830\" height=\"554\" src=\"https:\/\/alba.progresium.cz\/wp-content\/uploads\/2022\/01\/Molitan_rezani-1024x683.jpg\" class=\"attachment-large size-large wp-image-12540\" alt=\"\" srcset=\"https:\/\/alba.progresium.cz\/wp-content\/uploads\/2022\/01\/Molitan_rezani-1024x683.jpg 1024w, https:\/\/alba.progresium.cz\/wp-content\/uploads\/2022\/01\/Molitan_rezani-300x200.jpg 300w, https:\/\/alba.progresium.cz\/wp-content\/uploads\/2022\/01\/Molitan_rezani-768x513.jpg 768w, https:\/\/alba.progresium.cz\/wp-content\/uploads\/2022\/01\/Molitan_rezani-1536x1025.jpg 1536w, https:\/\/alba.progresium.cz\/wp-content\/uploads\/2022\/01\/Molitan_rezani-2048x1367.jpg 2048w\" sizes=\"(max-width: 830px) 100vw, 830px\" \/>\t\t\t\t\t\t\t\t\t\t\t<figcaption class=\"widget-image-caption wp-caption-text\"><\/figcaption>\n\t\t\t\t\t\t\t\t\t\t<\/figure>\n\t\t\t\t\t\t\t\t\t<\/div>\n\t\t\t\t<\/div>\n\t\t\t\t<div class=\"elementor-element elementor-element-c256e72 elementor-widget elementor-widget-image\" data-id=\"c256e72\" data-element_type=\"widget\" data-e-type=\"widget\" data-widget_type=\"image.default\">\n\t\t\t\t<div class=\"elementor-widget-container\">\n\t\t\t\t\t\t\t\t\t\t\t\t<figure class=\"wp-caption\">\n\t\t\t\t\t\t\t\t\t\t<img decoding=\"async\" width=\"830\" height=\"529\" src=\"https:\/\/alba.progresium.cz\/wp-content\/uploads\/2022\/01\/Molitan-1024x653.jpg\" class=\"attachment-large size-large wp-image-12541\" alt=\"\" srcset=\"https:\/\/alba.progresium.cz\/wp-content\/uploads\/2022\/01\/Molitan-1024x653.jpg 1024w, https:\/\/alba.progresium.cz\/wp-content\/uploads\/2022\/01\/Molitan-300x191.jpg 300w, https:\/\/alba.progresium.cz\/wp-content\/uploads\/2022\/01\/Molitan-768x490.jpg 768w, https:\/\/alba.progresium.cz\/wp-content\/uploads\/2022\/01\/Molitan.jpg 1528w\" sizes=\"(max-width: 830px) 100vw, 830px\" \/>\t\t\t\t\t\t\t\t\t\t\t<figcaption class=\"widget-image-caption wp-caption-text\"><\/figcaption>\n\t\t\t\t\t\t\t\t\t\t<\/figure>\n\t\t\t\t\t\t\t\t\t<\/div>\n\t\t\t\t<\/div>\n\t\t\t\t\t<\/div>\n\t\t<\/div>\n\t\t\t\t<div class=\"elementor-column elementor-col-50 elementor-top-column elementor-element elementor-element-b6b72fd\" data-id=\"b6b72fd\" data-element_type=\"column\" data-e-type=\"column\">\n\t\t\t<div class=\"elementor-widget-wrap elementor-element-populated\">\n\t\t\t\t\t\t<div class=\"elementor-element elementor-element-36ef79dc elementor-widget elementor-widget-text-editor\" data-id=\"36ef79dc\" data-element_type=\"widget\" data-e-type=\"widget\" data-widget_type=\"text-editor.default\">\n\t\t\t\t<div class=\"elementor-widget-container\">\n\t\t\t\t\t\t\t\t\t<h3>Polyuret\u00e1nov\u00e1 pena<\/h3><p>Naj\u010dastej\u0161ie pou\u017e\u00edvan\u00fd v\u00fdpl\u0148ov\u00fd materi\u00e1l je ozna\u010dovan\u00fd aj ako molitan. Dobre prep\u00fa\u0161\u0165a vzduch, je rozmerovo st\u00e1ly a odoln\u00fd. Proces v\u00fdroby PUR pien navy\u0161e pre\u0161iel v posledn\u00fdch rokoch cel\u00fdm radom inov\u00e1ci\u00ed, ktor\u00e9 zaru\u010duj\u00fa kvalitnej\u0161ie, trvanlivej\u0161ie a zdravotne nez\u00e1vadn\u00e9 v\u00fdrobky.<\/p><p>ALBA odober\u00e1 vysoko kvalitn\u00fd molitan u overen\u00fdch \u010desk\u00fdch a nemeck\u00fdch v\u00fdrobcov v cel\u00fdch blokoch, z ktor\u00fdch s\u00fa potom automaticky alebo ru\u010dne vyrezan\u00e9 diely do po\u017eadovan\u00fdch tvarov. Kancel\u00e1rske stoli\u010dky vyroben\u00e9 z molitanov\u00fdch prierezov sa vyzna\u010duj\u00fa vysokou odolnos\u0165ou a komfortom sedenia.<\/p><p>Vlastnosti jednotliv\u00fdch typov molitanov s\u00fa ur\u010dovan\u00e9 ich objemovou hmotnos\u0165ou a tuhos\u0165ou. Dlh\u0161ia \u017eivotnos\u0165 a vy\u0161\u0161ia odolnos\u0165 proti presedeniu zaist\u00ed vy\u0161\u0161ia objemov\u00e1 hmotnos\u0165, v\u010faka ktorej je pena hustej\u0161ia. Menej tuh\u00fd, m\u00e4k\u0161\u00ed molitan, sa potom na zv\u00fd\u0161enie komfortu pou\u017e\u00edva do operadlovej \u010dasti. Na \u010dal\u00fanenie za\u0165a\u017eovan\u00fdch sed\u00e1kov je naopak ur\u010den\u00e1 pena vysokej gram\u00e1\u017ee i tuhosti.<\/p>\t\t\t\t\t\t\t\t<\/div>\n\t\t\t\t<\/div>\n\t\t\t\t\t<\/div>\n\t\t<\/div>\n\t\t\t\t\t<\/div>\n\t\t<\/section>\n\t\t\t\t<section class=\"elementor-section elementor-top-section elementor-element elementor-element-c69ce72 dual_c elementor-section-boxed elementor-section-height-default elementor-section-height-default\" data-id=\"c69ce72\" data-element_type=\"section\" data-e-type=\"section\">\n\t\t\t\t\t\t<div class=\"elementor-container elementor-column-gap-wide\">\n\t\t\t\t\t<div class=\"elementor-column elementor-col-50 elementor-top-column elementor-element elementor-element-90b769b\" data-id=\"90b769b\" data-element_type=\"column\" data-e-type=\"column\">\n\t\t\t<div class=\"elementor-widget-wrap elementor-element-populated\">\n\t\t\t\t\t\t<div class=\"elementor-element elementor-element-a078b29 elementor-widget elementor-widget-text-editor\" data-id=\"a078b29\" data-element_type=\"widget\" data-e-type=\"widget\" data-widget_type=\"text-editor.default\">\n\t\t\t\t<div class=\"elementor-widget-container\">\n\t\t\t\t\t\t\t\t\t<h3>Studen\u00e1 pena<\/h3><p>Posledn\u00fdm typom peny je tzv. studen\u00e1 pena alebo aj HR pena (z anglick\u00e9ho High Resilience), ktor\u00e1 vynik\u00e1 komfortom a dlhou \u017eivotnos\u0165ou. Jedn\u00e1 sa o vysoko kvalitn\u00fa, odoln\u00fa penu s otvoren\u00fdmi p\u00f3rmi, v\u010faka ktor\u00fdm je \u010dal\u00fanenie lep\u0161ie prevzdu\u0161nen\u00e9 a dobre odv\u00e1dza teplo.<\/p><p>Po stla\u010den\u00ed sa ve\u013emi r\u00fdchlo vracia do p\u00f4vodn\u00e9ho tvaru, a to aj po nieko\u013ek\u00fdch rokoch pou\u017e\u00edvania. Tento druh peny odober\u00e1me od \u0161pi\u010dkov\u00e9ho v\u00fdrobcu z Nemecka a pou\u017e\u00edvame ho v kombin\u00e1cii s \u010fal\u0161\u00edmi penami pre \u0161peci\u00e1lne z\u00e1kazkov\u00e9 a niektor\u00e9 24-hodinov\u00e9 stoli\u010dky, ktor\u00e9 s\u00fa ur\u010den\u00e9 pre vysok\u00fa z\u00e1\u0165a\u017e.<\/p>\t\t\t\t\t\t\t\t<\/div>\n\t\t\t\t<\/div>\n\t\t\t\t\t<\/div>\n\t\t<\/div>\n\t\t\t\t<div class=\"elementor-column elementor-col-50 elementor-top-column elementor-element elementor-element-170e981\" data-id=\"170e981\" data-element_type=\"column\" data-e-type=\"column\">\n\t\t\t<div class=\"elementor-widget-wrap elementor-element-populated\">\n\t\t\t\t\t\t<div class=\"elementor-element elementor-element-3b6a2ce elementor-widget elementor-widget-image\" data-id=\"3b6a2ce\" data-element_type=\"widget\" data-e-type=\"widget\" data-widget_type=\"image.default\">\n\t\t\t\t<div class=\"elementor-widget-container\">\n\t\t\t\t\t\t\t\t\t\t\t\t\t\t\t<img loading=\"lazy\" decoding=\"async\" width=\"163\" height=\"300\" src=\"https:\/\/alba.progresium.cz\/wp-content\/uploads\/2022\/02\/Nonstop_ze-strany-163x300.jpg\" class=\"attachment-medium size-medium wp-image-12543\" alt=\"\" srcset=\"https:\/\/alba.progresium.cz\/wp-content\/uploads\/2022\/02\/Nonstop_ze-strany-163x300.jpg 163w, https:\/\/alba.progresium.cz\/wp-content\/uploads\/2022\/02\/Nonstop_ze-strany-557x1024.jpg 557w, https:\/\/alba.progresium.cz\/wp-content\/uploads\/2022\/02\/Nonstop_ze-strany-768x1412.jpg 768w, https:\/\/alba.progresium.cz\/wp-content\/uploads\/2022\/02\/Nonstop_ze-strany-836x1536.jpg 836w, https:\/\/alba.progresium.cz\/wp-content\/uploads\/2022\/02\/Nonstop_ze-strany-1114x2048.jpg 1114w, https:\/\/alba.progresium.cz\/wp-content\/uploads\/2022\/02\/Nonstop_ze-strany-scaled.jpg 1393w\" sizes=\"(max-width: 163px) 100vw, 163px\" \/>\t\t\t\t\t\t\t\t\t\t\t\t\t\t\t<\/div>\n\t\t\t\t<\/div>\n\t\t\t\t\t<\/div>\n\t\t<\/div>\n\t\t\t\t\t<\/div>\n\t\t<\/section>\n\t\t\t\t<section class=\"elementor-section elementor-top-section elementor-element elementor-element-7e8cf0e0 single_c elementor-section-boxed elementor-section-height-default elementor-section-height-default\" data-id=\"7e8cf0e0\" data-element_type=\"section\" data-e-type=\"section\">\n\t\t\t\t\t\t<div class=\"elementor-container elementor-column-gap-default\">\n\t\t\t\t\t<div class=\"elementor-column elementor-col-100 elementor-top-column elementor-element elementor-element-3951002a\" data-id=\"3951002a\" data-element_type=\"column\" data-e-type=\"column\">\n\t\t\t<div class=\"elementor-widget-wrap elementor-element-populated\">\n\t\t\t\t\t\t<div class=\"elementor-element elementor-element-4e25f732 elementor-widget elementor-widget-spacer\" data-id=\"4e25f732\" data-element_type=\"widget\" data-e-type=\"widget\" data-widget_type=\"spacer.default\">\n\t\t\t\t<div class=\"elementor-widget-container\">\n\t\t\t\t\t\t\t<div class=\"elementor-spacer\">\n\t\t\t<div class=\"elementor-spacer-inner\"><\/div>\n\t\t<\/div>\n\t\t\t\t\t\t<\/div>\n\t\t\t\t<\/div>\n\t\t\t\t\t<\/div>\n\t\t<\/div>\n\t\t\t\t\t<\/div>\n\t\t<\/section>\n\t\t\t\t<\/div>\n\t\t","protected":false},"excerpt":{"rendered":"<p>Z\u00e1le\u017e\u00ed n\u00e1m na tom, aby sa v\u00e1m na na\u0161ich stoli\u010dk\u00e1ch sedelo maxim\u00e1lne pohodlne. Na ich v\u00fdrobu preto pou\u017e\u00edvame tie najkvalitnej\u0161ie a certifikovan\u00e9 komponenty, ktor\u00e9 z\u00e1rove\u0148 zaru\u010dia, \u017ee v\u00e1m na\u0161e stoli\u010dky bud\u00fa sl\u00fa\u017ei\u0165 dlh\u00e9 roky.<\/p>\n","protected":false},"author":2,"featured_media":1378,"parent":7963,"menu_order":15,"comment_status":"closed","ping_status":"closed","template":"","meta":{"_acf_changed":false,"inline_featured_image":false,"footnotes":""},"class_list":["post-7921","page","type-page","status-publish","has-post-thumbnail","hentry"],"acf":[],"aioseo_notices":[],"_links":{"self":[{"href":"https:\/\/alba.progresium.cz\/sk\/wp-json\/wp\/v2\/pages\/7921","targetHints":{"allow":["GET"]}}],"collection":[{"href":"https:\/\/alba.progresium.cz\/sk\/wp-json\/wp\/v2\/pages"}],"about":[{"href":"https:\/\/alba.progresium.cz\/sk\/wp-json\/wp\/v2\/types\/page"}],"author":[{"embeddable":true,"href":"https:\/\/alba.progresium.cz\/sk\/wp-json\/wp\/v2\/users\/2"}],"replies":[{"embeddable":true,"href":"https:\/\/alba.progresium.cz\/sk\/wp-json\/wp\/v2\/comments?post=7921"}],"version-history":[{"count":5,"href":"https:\/\/alba.progresium.cz\/sk\/wp-json\/wp\/v2\/pages\/7921\/revisions"}],"predecessor-version":[{"id":15902,"href":"https:\/\/alba.progresium.cz\/sk\/wp-json\/wp\/v2\/pages\/7921\/revisions\/15902"}],"up":[{"embeddable":true,"href":"https:\/\/alba.progresium.cz\/sk\/wp-json\/wp\/v2\/pages\/7963"}],"wp:featuredmedia":[{"embeddable":true,"href":"https:\/\/alba.progresium.cz\/sk\/wp-json\/wp\/v2\/media\/1378"}],"wp:attachment":[{"href":"https:\/\/alba.progresium.cz\/sk\/wp-json\/wp\/v2\/media?parent=7921"}],"curies":[{"name":"wp","href":"https:\/\/api.w.org\/{rel}","templated":true}]}}