{"id":7836,"date":"2022-04-09T21:54:45","date_gmt":"2022-04-09T19:54:45","guid":{"rendered":"https:\/\/alba.progresium.cz\/?page_id=7836"},"modified":"2025-09-26T12:15:31","modified_gmt":"2025-09-26T10:15:31","slug":"zakaznicky-dizajn","status":"publish","type":"page","link":"https:\/\/alba.progresium.cz\/sk\/o-nas\/zakaznicky-dizajn\/","title":{"rendered":"Z\u00e1kazn\u00edcky dizajn"},"content":{"rendered":"\t\t<div data-elementor-type=\"wp-page\" data-elementor-id=\"7836\" class=\"elementor elementor-7836 elementor-7496\" data-elementor-post-type=\"page\">\n\t\t\t\t\t\t<section class=\"elementor-section elementor-top-section elementor-element elementor-element-e4a957b header_section elementor-section-boxed elementor-section-height-default elementor-section-height-default\" data-id=\"e4a957b\" data-element_type=\"section\" data-e-type=\"section\">\n\t\t\t\t\t\t<div class=\"elementor-container elementor-column-gap-default\">\n\t\t\t\t\t<div class=\"elementor-column elementor-col-100 elementor-top-column elementor-element elementor-element-185c707e\" data-id=\"185c707e\" data-element_type=\"column\" data-e-type=\"column\" data-settings=\"{&quot;background_background&quot;:&quot;classic&quot;}\">\n\t\t\t<div class=\"elementor-widget-wrap elementor-element-populated\">\n\t\t\t\t\t\t<section class=\"elementor-section elementor-inner-section elementor-element elementor-element-29979da3 elementor-section-boxed elementor-section-height-default elementor-section-height-default\" data-id=\"29979da3\" data-element_type=\"section\" data-e-type=\"section\">\n\t\t\t\t\t\t<div class=\"elementor-container elementor-column-gap-default\">\n\t\t\t\t\t<div class=\"elementor-column elementor-col-50 elementor-inner-column elementor-element elementor-element-4b56c30f\" data-id=\"4b56c30f\" data-element_type=\"column\" data-e-type=\"column\" data-settings=\"{&quot;background_background&quot;:&quot;classic&quot;}\">\n\t\t\t<div class=\"elementor-widget-wrap elementor-element-populated\">\n\t\t\t\t\t\t<div class=\"elementor-element elementor-element-cb0936e elementor-widget elementor-widget-heading\" data-id=\"cb0936e\" data-element_type=\"widget\" data-e-type=\"widget\" data-widget_type=\"heading.default\">\n\t\t\t\t<div class=\"elementor-widget-container\">\n\t\t\t\t\t<h1 class=\"elementor-heading-title elementor-size-default\">Z\u00e1kazn\u00edcky dizajn<\/h1>\t\t\t\t<\/div>\n\t\t\t\t<\/div>\n\t\t\t\t<div class=\"elementor-element elementor-element-63ed54b7 elementor-widget elementor-widget-heading\" data-id=\"63ed54b7\" data-element_type=\"widget\" data-e-type=\"widget\" data-widget_type=\"heading.default\">\n\t\t\t\t<div class=\"elementor-widget-container\">\n\t\t\t\t\t<h2 class=\"elementor-heading-title elementor-size-default\">Ke\u010f va\u0161im potreb\u00e1m katal\u00f3g u\u017e nesta\u010d\u00ed, je \u010das na z\u00e1kazn\u00edcky dizajn <\/h2>\t\t\t\t<\/div>\n\t\t\t\t<\/div>\n\t\t\t\t\t<\/div>\n\t\t<\/div>\n\t\t\t\t<div class=\"elementor-column elementor-col-50 elementor-inner-column elementor-element elementor-element-15040a42\" data-id=\"15040a42\" data-element_type=\"column\" data-e-type=\"column\">\n\t\t\t<div class=\"elementor-widget-wrap\">\n\t\t\t\t\t\t\t<\/div>\n\t\t<\/div>\n\t\t\t\t\t<\/div>\n\t\t<\/section>\n\t\t\t\t\t<\/div>\n\t\t<\/div>\n\t\t\t\t\t<\/div>\n\t\t<\/section>\n\t\t\t\t<section class=\"elementor-section elementor-top-section elementor-element elementor-element-390e1040 single_c elementor-section-boxed elementor-section-height-default elementor-section-height-default\" data-id=\"390e1040\" data-element_type=\"section\" data-e-type=\"section\">\n\t\t\t\t\t\t<div class=\"elementor-container elementor-column-gap-default\">\n\t\t\t\t\t<div class=\"elementor-column elementor-col-100 elementor-top-column elementor-element elementor-element-65a55c4a\" data-id=\"65a55c4a\" data-element_type=\"column\" data-e-type=\"column\">\n\t\t\t<div class=\"elementor-widget-wrap elementor-element-populated\">\n\t\t\t\t\t\t<div class=\"elementor-element elementor-element-3df1fcde elementor-widget elementor-widget-ucaddon_alba_perex\" data-id=\"3df1fcde\" data-element_type=\"widget\" data-e-type=\"widget\" data-widget_type=\"ucaddon_alba_perex.default\">\n\t\t\t\t<div class=\"elementor-widget-container\">\n\t\t\t\t\t\n<!-- start ALBA perex -->\n\n<div class=\"article_perex\">Nesta\u010d\u00ed v\u00e1m viac ako 100 modelov stoli\u010diek a lav\u00edc v na\u0161ej \u0161tandardnej ponuke? M\u00e1me pre v\u00e1s rie\u0161enie. Do projektov prisp\u00f4sobujeme \u010di vyr\u00e1bame stoli\u010dky a \u010fal\u0161\u00ed n\u00e1bytok aj na mieru. <\/div>\n<!-- end ALBA perex -->\t\t\t\t<\/div>\n\t\t\t\t<\/div>\n\t\t\t\t<div class=\"elementor-element elementor-element-111f3866 elementor-widget elementor-widget-text-editor\" data-id=\"111f3866\" data-element_type=\"widget\" data-e-type=\"widget\" data-widget_type=\"text-editor.default\">\n\t\t\t\t<div class=\"elementor-widget-container\">\n\t\t\t\t\t\t\t\t\t<p>M\u00f4\u017eu teda plni\u0165 va\u0161e \u010fal\u0161ie po\u017eiadavky na dizajn, \u00fa\u017eitkov\u00e9 vlastnosti \u010di e\u0161te lep\u0161ie zapadn\u00fa\u0165 do kreat\u00edvneho architektonick\u00e9ho n\u00e1vrhu interi\u00e9ru vo va\u0161om projekte. Nev\u00e1hajte n\u00e1s preto <a href=\"https:\/\/alba.progresium.cz\/sk\/kontakt\/\">kontaktova\u0165<\/a> so svojimi konkr\u00e9tnymi po\u017eiadavkami a zistite, ako v\u00e1m pr\u00e1ve my m\u00f4\u017eeme pom\u00f4c\u0165.<\/p>\t\t\t\t\t\t\t\t<\/div>\n\t\t\t\t<\/div>\n\t\t\t\t<div class=\"elementor-element elementor-element-68370614 elementor-widget elementor-widget-button\" data-id=\"68370614\" data-element_type=\"widget\" data-e-type=\"widget\" data-widget_type=\"button.default\">\n\t\t\t\t<div class=\"elementor-widget-container\">\n\t\t\t\t\t\t\t\t\t<div class=\"elementor-button-wrapper\">\n\t\t\t\t\t<a class=\"elementor-button elementor-button-link elementor-size-sm\" href=\"https:\/\/alba.progresium.cz\/sk\/kontakt\/\">\n\t\t\t\t\t\t<span class=\"elementor-button-content-wrapper\">\n\t\t\t\t\t\t\t\t\t<span class=\"elementor-button-text\">Kontaktujte n\u00e1s oh\u013eadne dizajnu na mieru<\/span>\n\t\t\t\t\t<\/span>\n\t\t\t\t\t<\/a>\n\t\t\t\t<\/div>\n\t\t\t\t\t\t\t\t<\/div>\n\t\t\t\t<\/div>\n\t\t\t\t\t<\/div>\n\t\t<\/div>\n\t\t\t\t\t<\/div>\n\t\t<\/section>\n\t\t\t\t<section class=\"elementor-section elementor-top-section elementor-element elementor-element-1255cc1e dual_c elementor-section-boxed elementor-section-height-default elementor-section-height-default\" data-id=\"1255cc1e\" data-element_type=\"section\" data-e-type=\"section\">\n\t\t\t\t\t\t<div class=\"elementor-container elementor-column-gap-wide\">\n\t\t\t\t\t<div class=\"elementor-column elementor-col-50 elementor-top-column elementor-element elementor-element-6871f348\" data-id=\"6871f348\" data-element_type=\"column\" data-e-type=\"column\">\n\t\t\t<div class=\"elementor-widget-wrap elementor-element-populated\">\n\t\t\t\t\t\t<div class=\"elementor-element elementor-element-29b28cdb elementor-widget elementor-widget-text-editor\" data-id=\"29b28cdb\" data-element_type=\"widget\" data-e-type=\"widget\" data-widget_type=\"text-editor.default\">\n\t\t\t\t<div class=\"elementor-widget-container\">\n\t\t\t\t\t\t\t\t\t<h3>Dizajn pod\u013ea v\u00e1s, kvalita triedy ALBA<\/h3><p>M\u00e1me bohat\u00e9 sk\u00fasenosti s v\u00fdrobou sedacieho n\u00e1bytku v atypickom preveden\u00ed. Na\u0161e stoli\u010dky pre v\u00e1s uprav\u00edme pod\u013ea va\u0161ich potrieb, \u010di u\u017e ide o \u0161pecifick\u00fa l\u00e1tku na \u010dal\u00fanenie, vlastn\u00e9 farebn\u00e9 kombin\u00e1cie po\u0165ahu, \u0161peci\u00e1lne komponenty \u010di umiestnenie loga va\u0161ej spolo\u010dnosti na stoli\u010dky.<\/p>\t\t\t\t\t\t\t\t<\/div>\n\t\t\t\t<\/div>\n\t\t\t\t\t<\/div>\n\t\t<\/div>\n\t\t\t\t<div class=\"elementor-column elementor-col-50 elementor-top-column elementor-element elementor-element-4be327eb\" data-id=\"4be327eb\" data-element_type=\"column\" data-e-type=\"column\">\n\t\t\t<div class=\"elementor-widget-wrap elementor-element-populated\">\n\t\t\t\t\t\t<div class=\"elementor-element elementor-element-f9af435 elementor-widget elementor-widget-image\" data-id=\"f9af435\" data-element_type=\"widget\" data-e-type=\"widget\" data-widget_type=\"image.default\">\n\t\t\t\t<div class=\"elementor-widget-container\">\n\t\t\t\t\t\t\t\t\t\t\t\t\t\t\t<img fetchpriority=\"high\" decoding=\"async\" width=\"830\" height=\"554\" src=\"https:\/\/alba.progresium.cz\/wp-content\/uploads\/2022\/01\/ATYP-1024x683.jpg\" class=\"attachment-large size-large wp-image-12537\" alt=\"\" srcset=\"https:\/\/alba.progresium.cz\/wp-content\/uploads\/2022\/01\/ATYP-1024x683.jpg 1024w, https:\/\/alba.progresium.cz\/wp-content\/uploads\/2022\/01\/ATYP-300x200.jpg 300w, https:\/\/alba.progresium.cz\/wp-content\/uploads\/2022\/01\/ATYP-768x512.jpg 768w, https:\/\/alba.progresium.cz\/wp-content\/uploads\/2022\/01\/ATYP-1536x1024.jpg 1536w, https:\/\/alba.progresium.cz\/wp-content\/uploads\/2022\/01\/ATYP.jpg 1800w\" sizes=\"(max-width: 830px) 100vw, 830px\" \/>\t\t\t\t\t\t\t\t\t\t\t\t\t\t\t<\/div>\n\t\t\t\t<\/div>\n\t\t\t\t\t<\/div>\n\t\t<\/div>\n\t\t\t\t\t<\/div>\n\t\t<\/section>\n\t\t\t\t<section class=\"elementor-section elementor-top-section elementor-element elementor-element-359ca2a9 dual_c elementor-section-boxed elementor-section-height-default elementor-section-height-default\" data-id=\"359ca2a9\" data-element_type=\"section\" data-e-type=\"section\">\n\t\t\t\t\t\t<div class=\"elementor-container elementor-column-gap-default\">\n\t\t\t\t\t<div class=\"elementor-column elementor-col-100 elementor-top-column elementor-element elementor-element-79ca5e1e\" data-id=\"79ca5e1e\" data-element_type=\"column\" data-e-type=\"column\">\n\t\t\t<div class=\"elementor-widget-wrap elementor-element-populated\">\n\t\t\t\t\t\t<div class=\"elementor-element elementor-element-68f1ad82 elementor-widget-divider--view-line elementor-widget elementor-widget-divider\" data-id=\"68f1ad82\" data-element_type=\"widget\" data-e-type=\"widget\" data-widget_type=\"divider.default\">\n\t\t\t\t<div class=\"elementor-widget-container\">\n\t\t\t\t\t\t\t<div class=\"elementor-divider\">\n\t\t\t<span class=\"elementor-divider-separator\">\n\t\t\t\t\t\t<\/span>\n\t\t<\/div>\n\t\t\t\t\t\t<\/div>\n\t\t\t\t<\/div>\n\t\t\t\t\t<\/div>\n\t\t<\/div>\n\t\t\t\t\t<\/div>\n\t\t<\/section>\n\t\t\t\t<section class=\"elementor-section elementor-top-section elementor-element elementor-element-344ad423 single_c elementor-section-boxed elementor-section-height-default elementor-section-height-default\" data-id=\"344ad423\" data-element_type=\"section\" data-e-type=\"section\">\n\t\t\t\t\t\t<div class=\"elementor-container elementor-column-gap-default\">\n\t\t\t\t\t<div class=\"elementor-column elementor-col-100 elementor-top-column elementor-element elementor-element-34fc312\" data-id=\"34fc312\" data-element_type=\"column\" data-e-type=\"column\">\n\t\t\t<div class=\"elementor-widget-wrap elementor-element-populated\">\n\t\t\t\t\t\t<div class=\"elementor-element elementor-element-480f604e elementor-widget elementor-widget-image\" data-id=\"480f604e\" data-element_type=\"widget\" data-e-type=\"widget\" data-widget_type=\"image.default\">\n\t\t\t\t<div class=\"elementor-widget-container\">\n\t\t\t\t\t\t\t\t\t\t\t\t<figure class=\"wp-caption\">\n\t\t\t\t\t\t\t\t\t\t<img decoding=\"async\" width=\"830\" height=\"592\" src=\"https:\/\/alba.progresium.cz\/wp-content\/uploads\/2022\/03\/atyp-1024x730.jpg\" class=\"attachment-large size-large wp-image-12539\" alt=\"\" srcset=\"https:\/\/alba.progresium.cz\/wp-content\/uploads\/2022\/03\/atyp-1024x730.jpg 1024w, https:\/\/alba.progresium.cz\/wp-content\/uploads\/2022\/03\/atyp-300x214.jpg 300w, https:\/\/alba.progresium.cz\/wp-content\/uploads\/2022\/03\/atyp-768x548.jpg 768w, https:\/\/alba.progresium.cz\/wp-content\/uploads\/2022\/03\/atyp-1536x1095.jpg 1536w, https:\/\/alba.progresium.cz\/wp-content\/uploads\/2022\/03\/atyp-2048x1461.jpg 2048w\" sizes=\"(max-width: 830px) 100vw, 830px\" \/>\t\t\t\t\t\t\t\t\t\t\t<figcaption class=\"widget-image-caption wp-caption-text\"><\/figcaption>\n\t\t\t\t\t\t\t\t\t\t<\/figure>\n\t\t\t\t\t\t\t\t\t<\/div>\n\t\t\t\t<\/div>\n\t\t\t\t\t<\/div>\n\t\t<\/div>\n\t\t\t\t\t<\/div>\n\t\t<\/section>\n\t\t\t\t<section class=\"elementor-section elementor-top-section elementor-element elementor-element-56f791c single_c elementor-section-boxed elementor-section-height-default elementor-section-height-default\" data-id=\"56f791c\" data-element_type=\"section\" data-e-type=\"section\">\n\t\t\t\t\t\t<div class=\"elementor-container elementor-column-gap-default\">\n\t\t\t\t\t<div class=\"elementor-column elementor-col-100 elementor-top-column elementor-element elementor-element-db3f29e\" data-id=\"db3f29e\" data-element_type=\"column\" data-e-type=\"column\">\n\t\t\t<div class=\"elementor-widget-wrap elementor-element-populated\">\n\t\t\t\t\t\t<div class=\"elementor-element elementor-element-e83ac2c elementor-widget elementor-widget-image\" data-id=\"e83ac2c\" data-element_type=\"widget\" data-e-type=\"widget\" data-widget_type=\"image.default\">\n\t\t\t\t<div class=\"elementor-widget-container\">\n\t\t\t\t\t\t\t\t\t\t\t\t<figure class=\"wp-caption\">\n\t\t\t\t\t\t\t\t\t\t<img decoding=\"async\" width=\"830\" height=\"467\" src=\"https:\/\/alba.progresium.cz\/wp-content\/uploads\/2022\/01\/Sklapavaci-sedacky-do-auly.jpg\" class=\"attachment-large size-large wp-image-13663\" alt=\"\" srcset=\"https:\/\/alba.progresium.cz\/wp-content\/uploads\/2022\/01\/Sklapavaci-sedacky-do-auly.jpg 1024w, https:\/\/alba.progresium.cz\/wp-content\/uploads\/2022\/01\/Sklapavaci-sedacky-do-auly-300x169.jpg 300w, https:\/\/alba.progresium.cz\/wp-content\/uploads\/2022\/01\/Sklapavaci-sedacky-do-auly-768x432.jpg 768w\" sizes=\"(max-width: 830px) 100vw, 830px\" \/>\t\t\t\t\t\t\t\t\t\t\t<figcaption class=\"widget-image-caption wp-caption-text\"><\/figcaption>\n\t\t\t\t\t\t\t\t\t\t<\/figure>\n\t\t\t\t\t\t\t\t\t<\/div>\n\t\t\t\t<\/div>\n\t\t\t\t<div class=\"elementor-element elementor-element-b83602a elementor-widget elementor-widget-button\" data-id=\"b83602a\" data-element_type=\"widget\" data-e-type=\"widget\" data-widget_type=\"button.default\">\n\t\t\t\t<div class=\"elementor-widget-container\">\n\t\t\t\t\t\t\t\t\t<div class=\"elementor-button-wrapper\">\n\t\t\t\t\t<a class=\"elementor-button elementor-button-link elementor-size-sm\" href=\"https:\/\/alba.progresium.cz\/sk\/o-nas\/referencne-projekty\/\">\n\t\t\t\t\t\t<span class=\"elementor-button-content-wrapper\">\n\t\t\t\t\t\t\t\t\t<span class=\"elementor-button-text\">Pozrite si referen\u010dn\u00e9 projekty<\/span>\n\t\t\t\t\t<\/span>\n\t\t\t\t\t<\/a>\n\t\t\t\t<\/div>\n\t\t\t\t\t\t\t\t<\/div>\n\t\t\t\t<\/div>\n\t\t\t\t\t<\/div>\n\t\t<\/div>\n\t\t\t\t\t<\/div>\n\t\t<\/section>\n\t\t\t\t<section class=\"elementor-section elementor-top-section elementor-element elementor-element-7fd346e elementor-section-boxed elementor-section-height-default elementor-section-height-default\" data-id=\"7fd346e\" data-element_type=\"section\" data-e-type=\"section\">\n\t\t\t\t\t\t<div class=\"elementor-container elementor-column-gap-default\">\n\t\t\t\t\t<div class=\"elementor-column elementor-col-100 elementor-top-column elementor-element elementor-element-6c63de1\" data-id=\"6c63de1\" data-element_type=\"column\" data-e-type=\"column\">\n\t\t\t<div class=\"elementor-widget-wrap elementor-element-populated\">\n\t\t\t\t\t\t<div class=\"elementor-element elementor-element-5db39a9 elementor-widget elementor-widget-shortcode\" data-id=\"5db39a9\" data-element_type=\"widget\" data-e-type=\"widget\" data-widget_type=\"shortcode.default\">\n\t\t\t\t<div class=\"elementor-widget-container\">\n\t\t\t\t\t\t\t<div class=\"elementor-shortcode\">\t\t<div data-elementor-type=\"section\" data-elementor-id=\"26292\" class=\"elementor elementor-26292 elementor-26257\" data-elementor-post-type=\"elementor_library\">\n\t\t\t\t\t<section class=\"elementor-section elementor-top-section elementor-element elementor-element-65e24f94 dual_c elementor-section-boxed elementor-section-height-default elementor-section-height-default\" data-id=\"65e24f94\" data-element_type=\"section\" data-e-type=\"section\">\n\t\t\t\t\t\t<div class=\"elementor-container elementor-column-gap-wider\">\n\t\t\t\t\t<div class=\"elementor-column elementor-col-50 elementor-top-column elementor-element elementor-element-49484f62\" data-id=\"49484f62\" data-element_type=\"column\" data-e-type=\"column\">\n\t\t\t<div class=\"elementor-widget-wrap elementor-element-populated\">\n\t\t\t\t\t\t<div class=\"elementor-element elementor-element-254dac6 elementor-widget elementor-widget-text-editor\" data-id=\"254dac6\" data-element_type=\"widget\" data-e-type=\"widget\" data-widget_type=\"text-editor.default\">\n\t\t\t\t<div class=\"elementor-widget-container\">\n\t\t\t\t\t\t\t\t\t<h3>M\u00e1te z\u00e1ujem o v\u00fdrobky ALBA a chcete sa s nami spoji\u0165?<\/h3>\n<h3><\/h3>\n<h2>Kontaktujte n\u00e1s!<\/h2>\t\t\t\t\t\t\t\t<\/div>\n\t\t\t\t<\/div>\n\t\t\t\t<div class=\"elementor-element elementor-element-6b14c4a2 elementor-icon-list--layout-traditional elementor-list-item-link-full_width elementor-widget elementor-widget-icon-list\" data-id=\"6b14c4a2\" data-element_type=\"widget\" data-e-type=\"widget\" data-widget_type=\"icon-list.default\">\n\t\t\t\t<div class=\"elementor-widget-container\">\n\t\t\t\t\t\t\t<ul class=\"elementor-icon-list-items\">\n\t\t\t\t\t\t\t<li class=\"elementor-icon-list-item\">\n\t\t\t\t\t\t\t\t\t\t\t<a href=\"tel:%20+421337435400\">\n\n\t\t\t\t\t\t\t\t\t\t\t\t<span class=\"elementor-icon-list-icon\">\n\t\t\t\t\t\t\t<i aria-hidden=\"true\" class=\"fas fa-phone\"><\/i>\t\t\t\t\t\t<\/span>\n\t\t\t\t\t\t\t\t\t\t<span class=\"elementor-icon-list-text\">+421 33 743 5400<\/span>\n\t\t\t\t\t\t\t\t\t\t\t<\/a>\n\t\t\t\t\t\t\t\t\t<\/li>\n\t\t\t\t\t\t\t\t<li class=\"elementor-icon-list-item\">\n\t\t\t\t\t\t\t\t\t\t\t<a href=\"mailto:info@albasr.eu\">\n\n\t\t\t\t\t\t\t\t\t\t\t\t<span class=\"elementor-icon-list-icon\">\n\t\t\t\t\t\t\t<i aria-hidden=\"true\" class=\"far fa-envelope\"><\/i>\t\t\t\t\t\t<\/span>\n\t\t\t\t\t\t\t\t\t\t<span class=\"elementor-icon-list-text\"> info@albasr.eu<\/span>\n\t\t\t\t\t\t\t\t\t\t\t<\/a>\n\t\t\t\t\t\t\t\t\t<\/li>\n\t\t\t\t\t\t\t\t<li class=\"elementor-icon-list-item\">\n\t\t\t\t\t\t\t\t\t\t\t<a href=\"https:\/\/alba.progresium.cz\">\n\n\t\t\t\t\t\t\t\t\t\t\t\t<span class=\"elementor-icon-list-icon\">\n\t\t\t\t\t\t\t<i aria-hidden=\"true\" class=\"fas fa-globe-africa\"><\/i>\t\t\t\t\t\t<\/span>\n\t\t\t\t\t\t\t\t\t\t<span class=\"elementor-icon-list-text\">www.alba.progresium.cz<\/span>\n\t\t\t\t\t\t\t\t\t\t\t<\/a>\n\t\t\t\t\t\t\t\t\t<\/li>\n\t\t\t\t\t\t<\/ul>\n\t\t\t\t\t\t<\/div>\n\t\t\t\t<\/div>\n\t\t\t\t\t<\/div>\n\t\t<\/div>\n\t\t\t\t<div class=\"elementor-column elementor-col-50 elementor-top-column elementor-element elementor-element-7abc9a72\" data-id=\"7abc9a72\" data-element_type=\"column\" data-e-type=\"column\">\n\t\t\t<div class=\"elementor-widget-wrap elementor-element-populated\">\n\t\t\t\t\t\t<div class=\"elementor-element elementor-element-79d24808 elementor-widget elementor-widget-htcontactform-addons\" data-id=\"79d24808\" data-element_type=\"widget\" data-e-type=\"widget\" data-widget_type=\"htcontactform-addons.default\">\n\t\t\t\t<div class=\"elementor-widget-container\">\n\t\t\t\t\t            <div class=\"htcontact-form-wrapper\" >\n                \n<div class=\"wpcf7 no-js\" id=\"wpcf7-f26283-o1\" lang=\"cs-CZ\" dir=\"ltr\" data-wpcf7-id=\"26283\">\n<div class=\"screen-reader-response\"><p role=\"status\" aria-live=\"polite\" aria-atomic=\"true\"><\/p> <ul><\/ul><\/div>\n<form action=\"\/sk\/wp-json\/wp\/v2\/pages\/7836#wpcf7-f26283-o1\" method=\"post\" class=\"wpcf7-form init\" aria-label=\"Kontaktn\u00ed formul\u00e1\u0159\" novalidate=\"novalidate\" data-status=\"init\">\n<fieldset class=\"hidden-fields-container\"><input type=\"hidden\" name=\"_wpcf7\" value=\"26283\" \/><input type=\"hidden\" name=\"_wpcf7_version\" value=\"6.1.5\" \/><input type=\"hidden\" name=\"_wpcf7_locale\" value=\"cs_CZ\" \/><input type=\"hidden\" name=\"_wpcf7_unit_tag\" value=\"wpcf7-f26283-o1\" \/><input type=\"hidden\" name=\"_wpcf7_container_post\" value=\"0\" \/><input type=\"hidden\" name=\"_wpcf7_posted_data_hash\" value=\"\" \/><input type=\"hidden\" name=\"_extcf7_conditional_options\" value=\"{&quot;form_id&quot;:26283,&quot;conditions&quot;:[]}\" \/><input type=\"hidden\" name=\"_extcf7_redirect_options\" value=\"{&quot;form_id&quot;:26283,&quot;redirect_options&quot;:{&quot;redirection_enable&quot;:&quot;off&quot;,&quot;custom_url_enable&quot;:&quot;off&quot;,&quot;redirect_page&quot;:&quot;&quot;,&quot;custom_urle&quot;:&quot;&quot;,&quot;redirect_new_tab&quot;:&quot;off&quot;,&quot;js_action&quot;:&quot;off&quot;,&quot;javascript_code&quot;:&quot;&quot;}}\" \/><input type=\"hidden\" name=\"_wpcf7_recaptcha_response\" value=\"\" \/>\n<\/fieldset>\n<div class=\"formwrap\">\n<div class=\"flexform\">\n<label class=\"form_halfitem\"> Va\u0161e meno\n    <span class=\"wpcf7-form-control-wrap\" data-name=\"your-name\"><input size=\"40\" maxlength=\"400\" class=\"wpcf7-form-control wpcf7-text wpcf7-validates-as-required\" aria-required=\"true\" aria-invalid=\"false\" value=\"\" type=\"text\" name=\"your-name\" \/><\/span> <\/label>\n<label class=\"form_halfitem\"> Spolo\u010dnos\u0165\n    <span class=\"wpcf7-form-control-wrap\" data-name=\"company-name\"><input size=\"40\" maxlength=\"400\" class=\"wpcf7-form-control wpcf7-text wpcf7-validates-as-required\" aria-required=\"true\" aria-invalid=\"false\" value=\"\" type=\"text\" name=\"company-name\" \/><\/span> <\/label>\n<label class=\"form_halfitem\"> Email\n    <span class=\"wpcf7-form-control-wrap\" data-name=\"your-email\"><input size=\"40\" maxlength=\"400\" class=\"wpcf7-form-control wpcf7-email wpcf7-validates-as-required wpcf7-text wpcf7-validates-as-email\" aria-required=\"true\" aria-invalid=\"false\" value=\"\" type=\"email\" name=\"your-email\" \/><\/span> <\/label>\n<label class=\"form_halfitem\"> Telef\u00f3n\n    <span class=\"wpcf7-form-control-wrap\" data-name=\"your-phone\"><input size=\"40\" maxlength=\"400\" class=\"wpcf7-form-control wpcf7-tel wpcf7-validates-as-required wpcf7-text wpcf7-validates-as-tel\" aria-required=\"true\" aria-invalid=\"false\" value=\"\" type=\"tel\" name=\"your-phone\" \/><\/span> <\/label>\n<label class=\"form_fullitem\"> Spr\u00e1va\n    <span class=\"wpcf7-form-control-wrap\" data-name=\"your-message\"><textarea cols=\"40\" rows=\"10\" maxlength=\"2000\" class=\"wpcf7-form-control wpcf7-textarea wpcf7-validates-as-required\" aria-required=\"true\" aria-invalid=\"false\" name=\"your-message\"><\/textarea><\/span> <\/label>\n<\/div>\n<\/div>\n<input class=\"wpcf7-form-control wpcf7-submit has-spinner\" type=\"submit\" value=\"Odosla\u0165\" \/><div class=\"wpcf7-response-output\" aria-hidden=\"true\"><\/div>\n<\/form>\n<\/div>\n            <\/div>\n\n        \t\t\t\t<\/div>\n\t\t\t\t<\/div>\n\t\t\t\t\t<\/div>\n\t\t<\/div>\n\t\t\t\t\t<\/div>\n\t\t<\/section>\n\t\t\t\t<\/div>\n\t\t<\/div>\n\t\t\t\t\t\t<\/div>\n\t\t\t\t<\/div>\n\t\t\t\t\t<\/div>\n\t\t<\/div>\n\t\t\t\t\t<\/div>\n\t\t<\/section>\n\t\t\t\t<section class=\"elementor-section elementor-top-section elementor-element elementor-element-5544aacf single_c elementor-section-boxed elementor-section-height-default elementor-section-height-default\" data-id=\"5544aacf\" data-element_type=\"section\" data-e-type=\"section\">\n\t\t\t\t\t\t<div class=\"elementor-container elementor-column-gap-default\">\n\t\t\t\t\t<div class=\"elementor-column elementor-col-100 elementor-top-column elementor-element elementor-element-32539e94\" data-id=\"32539e94\" data-element_type=\"column\" data-e-type=\"column\">\n\t\t\t<div class=\"elementor-widget-wrap elementor-element-populated\">\n\t\t\t\t\t\t<div class=\"elementor-element elementor-element-16e9a57 elementor-widget elementor-widget-spacer\" data-id=\"16e9a57\" data-element_type=\"widget\" data-e-type=\"widget\" data-widget_type=\"spacer.default\">\n\t\t\t\t<div class=\"elementor-widget-container\">\n\t\t\t\t\t\t\t<div class=\"elementor-spacer\">\n\t\t\t<div class=\"elementor-spacer-inner\"><\/div>\n\t\t<\/div>\n\t\t\t\t\t\t<\/div>\n\t\t\t\t<\/div>\n\t\t\t\t\t<\/div>\n\t\t<\/div>\n\t\t\t\t\t<\/div>\n\t\t<\/section>\n\t\t\t\t<\/div>\n\t\t","protected":false},"excerpt":{"rendered":"<p>Ke\u010f va\u0161im potreb\u00e1m katal\u00f3g u\u017e nesta\u010d\u00ed, je \u010das na z\u00e1kazn\u00edcky dizajn Nesta\u010d\u00ed v\u00e1m viac ako 100 modelov stoli\u010diek a lav\u00edc v na\u0161ej \u0161tandardnej ponuke? M\u00e1me pre v\u00e1s rie\u0161enie. Do projektov prisp\u00f4sobujeme \u010di vyr\u00e1bame stoli\u010dky a \u010fal\u0161\u00ed n\u00e1bytok aj na mieru. M\u00f4\u017eu teda plni\u0165 va\u0161e \u010fal\u0161ie po\u017eiadavky na dizajn, \u00fa\u017eitkov\u00e9 vlastnosti \u010di e\u0161te lep\u0161ie zapadn\u00fa\u0165 do [&hellip;]<\/p>\n","protected":false},"author":2,"featured_media":2426,"parent":7839,"menu_order":11,"comment_status":"closed","ping_status":"closed","template":"","meta":{"_acf_changed":false,"inline_featured_image":false,"footnotes":""},"class_list":["post-7836","page","type-page","status-publish","has-post-thumbnail","hentry"],"acf":[],"aioseo_notices":[],"_links":{"self":[{"href":"https:\/\/alba.progresium.cz\/sk\/wp-json\/wp\/v2\/pages\/7836","targetHints":{"allow":["GET"]}}],"collection":[{"href":"https:\/\/alba.progresium.cz\/sk\/wp-json\/wp\/v2\/pages"}],"about":[{"href":"https:\/\/alba.progresium.cz\/sk\/wp-json\/wp\/v2\/types\/page"}],"author":[{"embeddable":true,"href":"https:\/\/alba.progresium.cz\/sk\/wp-json\/wp\/v2\/users\/2"}],"replies":[{"embeddable":true,"href":"https:\/\/alba.progresium.cz\/sk\/wp-json\/wp\/v2\/comments?post=7836"}],"version-history":[{"count":7,"href":"https:\/\/alba.progresium.cz\/sk\/wp-json\/wp\/v2\/pages\/7836\/revisions"}],"predecessor-version":[{"id":48581,"href":"https:\/\/alba.progresium.cz\/sk\/wp-json\/wp\/v2\/pages\/7836\/revisions\/48581"}],"up":[{"embeddable":true,"href":"https:\/\/alba.progresium.cz\/sk\/wp-json\/wp\/v2\/pages\/7839"}],"wp:featuredmedia":[{"embeddable":true,"href":"https:\/\/alba.progresium.cz\/sk\/wp-json\/wp\/v2\/media\/2426"}],"wp:attachment":[{"href":"https:\/\/alba.progresium.cz\/sk\/wp-json\/wp\/v2\/media?parent=7836"}],"curies":[{"name":"wp","href":"https:\/\/api.w.org\/{rel}","templated":true}]}}