{"id":7821,"date":"2022-04-09T21:52:14","date_gmt":"2022-04-09T19:52:14","guid":{"rendered":"https:\/\/alba.progresium.cz\/?page_id=7821"},"modified":"2023-06-07T22:51:50","modified_gmt":"2023-06-07T20:51:50","slug":"detske-rastuce-stolicky","status":"publish","type":"page","link":"https:\/\/alba.progresium.cz\/sk\/riesenia\/detske-rastuce-stolicky\/","title":{"rendered":"Detsk\u00e9 rast\u00face stoli\u010dky"},"content":{"rendered":"\t\t<div data-elementor-type=\"wp-page\" data-elementor-id=\"7821\" class=\"elementor elementor-7821 elementor-3581\" data-elementor-post-type=\"page\">\n\t\t\t\t\t\t<section class=\"elementor-section elementor-top-section elementor-element elementor-element-23c26b3d header_section elementor-section-boxed elementor-section-height-default elementor-section-height-default\" data-id=\"23c26b3d\" data-element_type=\"section\" data-e-type=\"section\">\n\t\t\t\t\t\t<div class=\"elementor-container elementor-column-gap-default\">\n\t\t\t\t\t<div class=\"elementor-column elementor-col-100 elementor-top-column elementor-element elementor-element-33820677\" data-id=\"33820677\" data-element_type=\"column\" data-e-type=\"column\" data-settings=\"{&quot;background_background&quot;:&quot;classic&quot;}\">\n\t\t\t<div class=\"elementor-widget-wrap elementor-element-populated\">\n\t\t\t\t\t\t<section class=\"elementor-section elementor-inner-section elementor-element elementor-element-227c2566 elementor-section-boxed elementor-section-height-default elementor-section-height-default\" data-id=\"227c2566\" data-element_type=\"section\" data-e-type=\"section\">\n\t\t\t\t\t\t<div class=\"elementor-container elementor-column-gap-default\">\n\t\t\t\t\t<div class=\"elementor-column elementor-col-50 elementor-inner-column elementor-element elementor-element-1d119245\" data-id=\"1d119245\" data-element_type=\"column\" data-e-type=\"column\" data-settings=\"{&quot;background_background&quot;:&quot;classic&quot;}\">\n\t\t\t<div class=\"elementor-widget-wrap elementor-element-populated\">\n\t\t\t\t\t\t<div class=\"elementor-element elementor-element-795ace7e elementor-widget elementor-widget-heading\" data-id=\"795ace7e\" data-element_type=\"widget\" data-e-type=\"widget\" data-widget_type=\"heading.default\">\n\t\t\t\t<div class=\"elementor-widget-container\">\n\t\t\t\t\t<h1 class=\"elementor-heading-title elementor-size-default\">Detsk\u00e9 rast\u00face stoli\u010dky<\/h1>\t\t\t\t<\/div>\n\t\t\t\t<\/div>\n\t\t\t\t<div class=\"elementor-element elementor-element-4630c9f6 elementor-widget elementor-widget-heading\" data-id=\"4630c9f6\" data-element_type=\"widget\" data-e-type=\"widget\" data-widget_type=\"heading.default\">\n\t\t\t\t<div class=\"elementor-widget-container\">\n\t\t\t\t\t<h2 class=\"elementor-heading-title elementor-size-default\">Uistite sa, \u017ee ich prv\u00e1 stoli\u010dka je naozaj skvel\u00e1 stoli\u010dka <\/h2>\t\t\t\t<\/div>\n\t\t\t\t<\/div>\n\t\t\t\t\t<\/div>\n\t\t<\/div>\n\t\t\t\t<div class=\"elementor-column elementor-col-50 elementor-inner-column elementor-element elementor-element-5c484e71\" data-id=\"5c484e71\" data-element_type=\"column\" data-e-type=\"column\">\n\t\t\t<div class=\"elementor-widget-wrap\">\n\t\t\t\t\t\t\t<\/div>\n\t\t<\/div>\n\t\t\t\t\t<\/div>\n\t\t<\/section>\n\t\t\t\t\t<\/div>\n\t\t<\/div>\n\t\t\t\t\t<\/div>\n\t\t<\/section>\n\t\t\t\t<section class=\"elementor-section elementor-top-section elementor-element elementor-element-1b9293ce single_c elementor-section-boxed elementor-section-height-default elementor-section-height-default\" data-id=\"1b9293ce\" data-element_type=\"section\" data-e-type=\"section\">\n\t\t\t\t\t\t<div class=\"elementor-container elementor-column-gap-default\">\n\t\t\t\t\t<div class=\"elementor-column elementor-col-100 elementor-top-column elementor-element elementor-element-8a9471b\" data-id=\"8a9471b\" data-element_type=\"column\" data-e-type=\"column\">\n\t\t\t<div class=\"elementor-widget-wrap elementor-element-populated\">\n\t\t\t\t\t\t<div class=\"elementor-element elementor-element-1a5f703a elementor-widget elementor-widget-ucaddon_alba_perex\" data-id=\"1a5f703a\" data-element_type=\"widget\" data-e-type=\"widget\" data-widget_type=\"ucaddon_alba_perex.default\">\n\t\t\t\t<div class=\"elementor-widget-container\">\n\t\t\t\t\t\n<!-- start ALBA perex -->\n\n<div class=\"article_perex\">Die\u0165a nie je mal\u00fd dospel\u00fd. M\u00e1 \u0161pecifick\u00e9 n\u00e1roky na svet okolo seba, sedac\u00ed n\u00e1bytok nevyn\u00edmaj\u00fac. Na rozdiel od dospel\u00fdch deti st\u00e1le rast\u00fa, vyv\u00edjaj\u00fa sa a menia sa aj ich potreby. Detsk\u00e9 stoli\u010dky ALBA na tieto potreby reaguj\u00fa a maj\u00fa nesporn\u00fa v\u00fdhodu \u2013 v\u010faka \u013eahkej nastavite\u013enosti rast\u00fa spolu s de\u0165mi.<\/div>\n<!-- end ALBA perex -->\t\t\t\t<\/div>\n\t\t\t\t<\/div>\n\t\t\t\t<div class=\"elementor-element elementor-element-6b499ba4 elementor-widget elementor-widget-text-editor\" data-id=\"6b499ba4\" data-element_type=\"widget\" data-e-type=\"widget\" data-widget_type=\"text-editor.default\">\n\t\t\t\t<div class=\"elementor-widget-container\">\n\t\t\t\t\t\t\t\t\t<p>Kvalitn\u00e1 rast\u00faca ergonomick\u00e1 stoli\u010dka re\u0161pektuje po\u017eiadavky na ergonomick\u00e9 sedenie a vie sa prisp\u00f4sobi\u0165 meniacim sa proporci\u00e1m die\u0165a\u0165a i charakteru jeho pohybu. Nie je teda nutn\u00e9 kupova\u0165 nov\u00fa stoli\u010dku zaka\u017ed\u00fdm, ke\u010f die\u0165a povyrastie, preto\u017ee v\u010faka nastavite\u013enosti mu bude rast\u00faca stoli\u010dka dobre sl\u00fa\u017ei\u0165 a\u017e do dospelosti.<\/p>\t\t\t\t\t\t\t\t<\/div>\n\t\t\t\t<\/div>\n\t\t\t\t<div class=\"elementor-element elementor-element-5ec4640a elementor-widget elementor-widget-button\" data-id=\"5ec4640a\" data-element_type=\"widget\" data-e-type=\"widget\" data-widget_type=\"button.default\">\n\t\t\t\t<div class=\"elementor-widget-container\">\n\t\t\t\t\t\t\t\t\t<div class=\"elementor-button-wrapper\">\n\t\t\t\t\t<a class=\"elementor-button elementor-button-link elementor-size-sm\" href=\"https:\/\/alba.progresium.cz\/katalog\/kids-chairs\/\">\n\t\t\t\t\t\t<span class=\"elementor-button-content-wrapper\">\n\t\t\t\t\t\t\t\t\t<span class=\"elementor-button-text\">Vyberte si rast\u00facu stoli\u010dku<\/span>\n\t\t\t\t\t<\/span>\n\t\t\t\t\t<\/a>\n\t\t\t\t<\/div>\n\t\t\t\t\t\t\t\t<\/div>\n\t\t\t\t<\/div>\n\t\t\t\t\t<\/div>\n\t\t<\/div>\n\t\t\t\t\t<\/div>\n\t\t<\/section>\n\t\t\t\t<section class=\"elementor-section elementor-top-section elementor-element elementor-element-655f253a dual_c elementor-section-boxed elementor-section-height-default elementor-section-height-default\" data-id=\"655f253a\" data-element_type=\"section\" data-e-type=\"section\">\n\t\t\t\t\t\t<div class=\"elementor-container elementor-column-gap-default\">\n\t\t\t\t\t<div class=\"elementor-column elementor-col-100 elementor-top-column elementor-element elementor-element-6f570b24\" data-id=\"6f570b24\" data-element_type=\"column\" data-e-type=\"column\">\n\t\t\t<div class=\"elementor-widget-wrap elementor-element-populated\">\n\t\t\t\t\t\t<div class=\"elementor-element elementor-element-d8ad9ef elementor-widget elementor-widget-image\" data-id=\"d8ad9ef\" data-element_type=\"widget\" data-e-type=\"widget\" data-widget_type=\"image.default\">\n\t\t\t\t<div class=\"elementor-widget-container\">\n\t\t\t\t\t\t\t\t\t\t\t\t\t\t\t<img fetchpriority=\"high\" decoding=\"async\" width=\"900\" height=\"368\" src=\"https:\/\/alba.progresium.cz\/wp-content\/uploads\/2022\/02\/Fuxo_deti_1.jpg\" class=\"attachment-full size-full wp-image-7888\" alt=\"\" srcset=\"https:\/\/alba.progresium.cz\/wp-content\/uploads\/2022\/02\/Fuxo_deti_1.jpg 900w, https:\/\/alba.progresium.cz\/wp-content\/uploads\/2022\/02\/Fuxo_deti_1-300x123.jpg 300w, https:\/\/alba.progresium.cz\/wp-content\/uploads\/2022\/02\/Fuxo_deti_1-768x314.jpg 768w\" sizes=\"(max-width: 900px) 100vw, 900px\" \/>\t\t\t\t\t\t\t\t\t\t\t\t\t\t\t<\/div>\n\t\t\t\t<\/div>\n\t\t\t\t<div class=\"elementor-element elementor-element-49419624 elementor-widget elementor-widget-text-editor\" data-id=\"49419624\" data-element_type=\"widget\" data-e-type=\"widget\" data-widget_type=\"text-editor.default\">\n\t\t\t\t<div class=\"elementor-widget-container\">\n\t\t\t\t\t\t\t\t\t<h3>Nevyhnutn\u00e1 nastavite\u013enos\u0165 a vesel\u00e9 farebn\u00e9 kombin\u00e1cie\u00a0<\/h3><p>Na podporu ergonomick\u00e9ho sedenia dobre posl\u00fa\u017ei v\u00fd\u0161kovo nastavite\u013en\u00e9 operadlo, ktor\u00e9 sa \u013eahko prisp\u00f4sob\u00ed ve\u013ekosti die\u0165a\u0165a. Samozrejmos\u0165ou je aj ergonomicky tvarovan\u00e9 sedadlo s mo\u017enos\u0165ou \u00fapravy v\u00fd\u0161ky a najm\u00e4 aj h\u013abky sedu. Pohyb u\u013eah\u010dia kolieska a 360-stup\u0148ov\u00e9 ot\u00e1\u010danie. V pr\u00edpade, \u017ee je doska pracovn\u00e9ho stola vysoko, je mo\u017en\u00e9 stoli\u010dku vybavi\u0165 areta\u010dn\u00fdm kruhom pre optim\u00e1lnu oporu n\u00f4h. Rodi\u010dia neposedn\u00fdch \u0161kol\u00e1kov ocenia mo\u017enos\u0165 zvoli\u0165 neot\u00e1\u010dav\u00fd piest, ktor\u00fd zaru\u010duje ove\u013ea v\u00e4\u010d\u0161iu s\u00fastredenos\u0165 die\u0165a\u0165a pri u\u010den\u00ed, preto\u017ee zamedzuje ot\u00e1\u010daniu do str\u00e1n.<\/p><p>Najm\u00e4 mladistv\u00fdm potom pr\u00eddu vhod pr\u00eddavn\u00e9 podr\u00fa\u010dky, ktor\u00e9 u\u013eavia oblasti ramien a z\u00e1rove\u0148 u\u013eah\u010dia dr\u017ea\u0165 ruky v ide\u00e1lnej polohe pri p\u00edsan\u00ed.<\/p><p>Preto\u017ee vieme, ak\u00fa d\u00f4le\u017eit\u00fa \u00falohu hraj\u00fa u det\u00ed farby, pon\u00fakame \u010dal\u00fanenie detsk\u00fdch stoli\u010diek ALBA v najr\u00f4znej\u0161\u00edch farebn\u00fdch kombin\u00e1ci\u00e1ch, ktor\u00e9 uspokoja \u010dasto n\u00e1ro\u010dn\u00fd vkus mal\u00fdch i ve\u013ek\u00fdch \u0161kol\u00e1kov. Nielen u detsk\u00fdch stoli\u010diek potom pon\u00fakame po\u0165ahov\u00e9 materi\u00e1ly, ktor\u00e9 sa \u013eahko udr\u017euj\u00fa. Stoli\u010dka tak va\u0161im de\u0165om vydr\u017e\u00ed dlh\u00e9 roky v perfektnom stavu.<\/p>\t\t\t\t\t\t\t\t<\/div>\n\t\t\t\t<\/div>\n\t\t\t\t\t<\/div>\n\t\t<\/div>\n\t\t\t\t\t<\/div>\n\t\t<\/section>\n\t\t\t\t<section class=\"elementor-section elementor-top-section elementor-element elementor-element-38091709 dual_c elementor-section-boxed elementor-section-height-default elementor-section-height-default\" data-id=\"38091709\" data-element_type=\"section\" data-e-type=\"section\">\n\t\t\t\t\t\t<div class=\"elementor-container elementor-column-gap-default\">\n\t\t\t\t\t<div class=\"elementor-column elementor-col-100 elementor-top-column elementor-element elementor-element-7315e135\" data-id=\"7315e135\" data-element_type=\"column\" data-e-type=\"column\">\n\t\t\t<div class=\"elementor-widget-wrap elementor-element-populated\">\n\t\t\t\t\t\t<div class=\"elementor-element elementor-element-601f272d elementor-widget-divider--view-line elementor-widget elementor-widget-divider\" data-id=\"601f272d\" data-element_type=\"widget\" data-e-type=\"widget\" data-widget_type=\"divider.default\">\n\t\t\t\t<div class=\"elementor-widget-container\">\n\t\t\t\t\t\t\t<div class=\"elementor-divider\">\n\t\t\t<span class=\"elementor-divider-separator\">\n\t\t\t\t\t\t<\/span>\n\t\t<\/div>\n\t\t\t\t\t\t<\/div>\n\t\t\t\t<\/div>\n\t\t\t\t\t<\/div>\n\t\t<\/div>\n\t\t\t\t\t<\/div>\n\t\t<\/section>\n\t\t\t\t<section class=\"elementor-section elementor-top-section elementor-element elementor-element-1591d6e1 dual_c elementor-section-boxed elementor-section-height-default elementor-section-height-default\" data-id=\"1591d6e1\" data-element_type=\"section\" data-e-type=\"section\">\n\t\t\t\t\t\t<div class=\"elementor-container elementor-column-gap-default\">\n\t\t\t\t\t<div class=\"elementor-column elementor-col-100 elementor-top-column elementor-element elementor-element-527d43ad\" data-id=\"527d43ad\" data-element_type=\"column\" data-e-type=\"column\">\n\t\t\t<div class=\"elementor-widget-wrap elementor-element-populated\">\n\t\t\t\t\t\t<section class=\"elementor-section elementor-inner-section elementor-element elementor-element-3b51dcef elementor-section-boxed elementor-section-height-default elementor-section-height-default\" data-id=\"3b51dcef\" data-element_type=\"section\" data-e-type=\"section\" data-settings=\"{&quot;background_background&quot;:&quot;classic&quot;}\">\n\t\t\t\t\t\t<div class=\"elementor-container elementor-column-gap-wider\">\n\t\t\t\t\t<div class=\"elementor-column elementor-col-50 elementor-inner-column elementor-element elementor-element-6ec10d93\" data-id=\"6ec10d93\" data-element_type=\"column\" data-e-type=\"column\">\n\t\t\t<div class=\"elementor-widget-wrap elementor-element-populated\">\n\t\t\t\t\t\t<div class=\"elementor-element elementor-element-780d322 elementor-widget elementor-widget-text-editor\" data-id=\"780d322\" data-element_type=\"widget\" data-e-type=\"widget\" data-widget_type=\"text-editor.default\">\n\t\t\t\t<div class=\"elementor-widget-container\">\n\t\t\t\t\t\t\t\t\t<h3><span class=\"TextRun SCXW111895896 BCX4\" lang=\"CS-CZ\" xml:lang=\"CS-CZ\" data-contrast=\"auto\"><span class=\"NormalTextRun SCXW111895896 BCX4\">Detsk\u00e9 rast\u00face stoli\u010dky FUXO s mno\u017estvom volite\u013en\u00fdch doplnkov<\/span><\/span><span class=\"EOP SCXW111895896 BCX4\" data-ccp-props=\"{\">\u00a0<\/span><\/h3><p>Na\u0161e detsk\u00e9 rast\u00face stoli\u010dky <a href=\"https:\/\/alba.progresium.cz\/sk\/product\/fuxo-v-line\/\">FUXO<\/a> sp\u013a\u0148aj\u00fa v\u0161etky n\u00e1ro\u010dn\u00e9 po\u017eiadavky na ergonomick\u00e9 sedenie. V\u010faka jedine\u010dn\u00e9mu syst\u00e9mu nastavenia s\u00fa vhodn\u00e9 pre deti u\u017e od piatich rokov a v\u010faka prvotriednym a testovan\u00fdm komponentom im bezpe\u010dne vydr\u017eia a\u017e do dospelosti.\u00a0<\/p><p>Hrav\u00fd dizajn v dvoch prevedeniach s bohat\u00fdm v\u00fdberom farebn\u00fdch kombin\u00e1ci\u00ed navy\u0161e dokonale dopln\u00ed interi\u00e9r detskej \u010di \u0161tudentskej izby.<\/p><p>Na v\u00fdber je rad volite\u013en\u00fdch doplnkov ako fixn\u00e9 alebo v\u00fd\u0161kovo nastavite\u013en\u00e9 podr\u00fa\u010dky, areta\u010dn\u00fd kruh pre oporu n\u00f4h men\u0161\u00edch det\u00ed alebo neot\u00e1\u010dav\u00fd piest, ktor\u00fd zaru\u010d\u00ed pokoj a s\u00fastredenie pri u\u010den\u00ed.<\/p>\t\t\t\t\t\t\t\t<\/div>\n\t\t\t\t<\/div>\n\t\t\t\t\t<\/div>\n\t\t<\/div>\n\t\t\t\t<div class=\"elementor-column elementor-col-50 elementor-inner-column elementor-element elementor-element-0914808\" data-id=\"0914808\" data-element_type=\"column\" data-e-type=\"column\">\n\t\t\t<div class=\"elementor-widget-wrap elementor-element-populated\">\n\t\t\t\t\t\t<div class=\"elementor-element elementor-element-22dc4c8 elementor-widget elementor-widget-image\" data-id=\"22dc4c8\" data-element_type=\"widget\" data-e-type=\"widget\" data-widget_type=\"image.default\">\n\t\t\t\t<div class=\"elementor-widget-container\">\n\t\t\t\t\t\t\t\t\t\t\t\t\t\t\t<img decoding=\"async\" width=\"713\" height=\"1024\" src=\"https:\/\/alba.progresium.cz\/wp-content\/uploads\/2022\/01\/IMGP7781-713x1024.jpg\" class=\"attachment-large size-large wp-image-7879\" alt=\"\" srcset=\"https:\/\/alba.progresium.cz\/wp-content\/uploads\/2022\/01\/IMGP7781-713x1024.jpg 713w, https:\/\/alba.progresium.cz\/wp-content\/uploads\/2022\/01\/IMGP7781-209x300.jpg 209w, https:\/\/alba.progresium.cz\/wp-content\/uploads\/2022\/01\/IMGP7781-768x1104.jpg 768w, https:\/\/alba.progresium.cz\/wp-content\/uploads\/2022\/01\/IMGP7781-1069x1536.jpg 1069w, https:\/\/alba.progresium.cz\/wp-content\/uploads\/2022\/01\/IMGP7781-1425x2048.jpg 1425w, https:\/\/alba.progresium.cz\/wp-content\/uploads\/2022\/01\/IMGP7781-scaled.jpg 1782w\" sizes=\"(max-width: 713px) 100vw, 713px\" \/>\t\t\t\t\t\t\t\t\t\t\t\t\t\t\t<\/div>\n\t\t\t\t<\/div>\n\t\t\t\t\t<\/div>\n\t\t<\/div>\n\t\t\t\t\t<\/div>\n\t\t<\/section>\n\t\t\t\t\t<\/div>\n\t\t<\/div>\n\t\t\t\t\t<\/div>\n\t\t<\/section>\n\t\t\t\t<section class=\"elementor-section elementor-top-section elementor-element elementor-element-f445701 elementor-section-boxed elementor-section-height-default elementor-section-height-default\" data-id=\"f445701\" data-element_type=\"section\" data-e-type=\"section\">\n\t\t\t\t\t\t<div class=\"elementor-container elementor-column-gap-default\">\n\t\t\t\t\t<div class=\"elementor-column elementor-col-100 elementor-top-column elementor-element elementor-element-4652b7b\" data-id=\"4652b7b\" data-element_type=\"column\" data-e-type=\"column\">\n\t\t\t<div class=\"elementor-widget-wrap elementor-element-populated\">\n\t\t\t\t\t\t<div class=\"elementor-element elementor-element-39dd4b1 elementor-widget elementor-widget-shortcode\" data-id=\"39dd4b1\" data-element_type=\"widget\" data-e-type=\"widget\" data-widget_type=\"shortcode.default\">\n\t\t\t\t<div class=\"elementor-widget-container\">\n\t\t\t\t\t\t\t<div class=\"elementor-shortcode\">\t\t<div data-elementor-type=\"section\" data-elementor-id=\"26292\" class=\"elementor elementor-26292 elementor-26257\" data-elementor-post-type=\"elementor_library\">\n\t\t\t\t\t<section class=\"elementor-section elementor-top-section elementor-element elementor-element-65e24f94 dual_c elementor-section-boxed elementor-section-height-default elementor-section-height-default\" data-id=\"65e24f94\" data-element_type=\"section\" data-e-type=\"section\">\n\t\t\t\t\t\t<div class=\"elementor-container elementor-column-gap-wider\">\n\t\t\t\t\t<div class=\"elementor-column elementor-col-50 elementor-top-column elementor-element elementor-element-49484f62\" data-id=\"49484f62\" data-element_type=\"column\" data-e-type=\"column\">\n\t\t\t<div class=\"elementor-widget-wrap elementor-element-populated\">\n\t\t\t\t\t\t<div class=\"elementor-element elementor-element-254dac6 elementor-widget elementor-widget-text-editor\" data-id=\"254dac6\" data-element_type=\"widget\" data-e-type=\"widget\" data-widget_type=\"text-editor.default\">\n\t\t\t\t<div class=\"elementor-widget-container\">\n\t\t\t\t\t\t\t\t\t<h3>M\u00e1te z\u00e1ujem o v\u00fdrobky ALBA a chcete sa s nami spoji\u0165?<\/h3>\n<h3><\/h3>\n<h2>Kontaktujte n\u00e1s!<\/h2>\t\t\t\t\t\t\t\t<\/div>\n\t\t\t\t<\/div>\n\t\t\t\t<div class=\"elementor-element elementor-element-6b14c4a2 elementor-icon-list--layout-traditional elementor-list-item-link-full_width elementor-widget elementor-widget-icon-list\" data-id=\"6b14c4a2\" data-element_type=\"widget\" data-e-type=\"widget\" data-widget_type=\"icon-list.default\">\n\t\t\t\t<div class=\"elementor-widget-container\">\n\t\t\t\t\t\t\t<ul class=\"elementor-icon-list-items\">\n\t\t\t\t\t\t\t<li class=\"elementor-icon-list-item\">\n\t\t\t\t\t\t\t\t\t\t\t<a href=\"tel:%20+421337435400\">\n\n\t\t\t\t\t\t\t\t\t\t\t\t<span class=\"elementor-icon-list-icon\">\n\t\t\t\t\t\t\t<i aria-hidden=\"true\" class=\"fas fa-phone\"><\/i>\t\t\t\t\t\t<\/span>\n\t\t\t\t\t\t\t\t\t\t<span class=\"elementor-icon-list-text\">+421 33 743 5400<\/span>\n\t\t\t\t\t\t\t\t\t\t\t<\/a>\n\t\t\t\t\t\t\t\t\t<\/li>\n\t\t\t\t\t\t\t\t<li class=\"elementor-icon-list-item\">\n\t\t\t\t\t\t\t\t\t\t\t<a href=\"mailto:info@albasr.eu\">\n\n\t\t\t\t\t\t\t\t\t\t\t\t<span class=\"elementor-icon-list-icon\">\n\t\t\t\t\t\t\t<i aria-hidden=\"true\" class=\"far fa-envelope\"><\/i>\t\t\t\t\t\t<\/span>\n\t\t\t\t\t\t\t\t\t\t<span class=\"elementor-icon-list-text\"> info@albasr.eu<\/span>\n\t\t\t\t\t\t\t\t\t\t\t<\/a>\n\t\t\t\t\t\t\t\t\t<\/li>\n\t\t\t\t\t\t\t\t<li class=\"elementor-icon-list-item\">\n\t\t\t\t\t\t\t\t\t\t\t<a href=\"https:\/\/alba.progresium.cz\">\n\n\t\t\t\t\t\t\t\t\t\t\t\t<span class=\"elementor-icon-list-icon\">\n\t\t\t\t\t\t\t<i aria-hidden=\"true\" class=\"fas fa-globe-africa\"><\/i>\t\t\t\t\t\t<\/span>\n\t\t\t\t\t\t\t\t\t\t<span class=\"elementor-icon-list-text\">www.alba.progresium.cz<\/span>\n\t\t\t\t\t\t\t\t\t\t\t<\/a>\n\t\t\t\t\t\t\t\t\t<\/li>\n\t\t\t\t\t\t<\/ul>\n\t\t\t\t\t\t<\/div>\n\t\t\t\t<\/div>\n\t\t\t\t\t<\/div>\n\t\t<\/div>\n\t\t\t\t<div class=\"elementor-column elementor-col-50 elementor-top-column elementor-element elementor-element-7abc9a72\" data-id=\"7abc9a72\" data-element_type=\"column\" data-e-type=\"column\">\n\t\t\t<div class=\"elementor-widget-wrap elementor-element-populated\">\n\t\t\t\t\t\t<div class=\"elementor-element elementor-element-79d24808 elementor-widget elementor-widget-htcontactform-addons\" data-id=\"79d24808\" data-element_type=\"widget\" data-e-type=\"widget\" data-widget_type=\"htcontactform-addons.default\">\n\t\t\t\t<div class=\"elementor-widget-container\">\n\t\t\t\t\t            <div class=\"htcontact-form-wrapper\" >\n                \n<div class=\"wpcf7 no-js\" id=\"wpcf7-f26283-o1\" lang=\"cs-CZ\" dir=\"ltr\" data-wpcf7-id=\"26283\">\n<div class=\"screen-reader-response\"><p role=\"status\" aria-live=\"polite\" aria-atomic=\"true\"><\/p> <ul><\/ul><\/div>\n<form action=\"\/sk\/wp-json\/wp\/v2\/pages\/7821#wpcf7-f26283-o1\" method=\"post\" class=\"wpcf7-form init\" aria-label=\"Kontaktn\u00ed formul\u00e1\u0159\" novalidate=\"novalidate\" data-status=\"init\">\n<fieldset class=\"hidden-fields-container\"><input type=\"hidden\" name=\"_wpcf7\" value=\"26283\" \/><input type=\"hidden\" name=\"_wpcf7_version\" value=\"6.1.5\" \/><input type=\"hidden\" name=\"_wpcf7_locale\" value=\"cs_CZ\" \/><input type=\"hidden\" name=\"_wpcf7_unit_tag\" value=\"wpcf7-f26283-o1\" \/><input type=\"hidden\" name=\"_wpcf7_container_post\" value=\"0\" \/><input type=\"hidden\" name=\"_wpcf7_posted_data_hash\" value=\"\" \/><input type=\"hidden\" name=\"_extcf7_conditional_options\" value=\"{&quot;form_id&quot;:26283,&quot;conditions&quot;:[]}\" \/><input type=\"hidden\" name=\"_extcf7_redirect_options\" value=\"{&quot;form_id&quot;:26283,&quot;redirect_options&quot;:{&quot;redirection_enable&quot;:&quot;off&quot;,&quot;custom_url_enable&quot;:&quot;off&quot;,&quot;redirect_page&quot;:&quot;&quot;,&quot;custom_urle&quot;:&quot;&quot;,&quot;redirect_new_tab&quot;:&quot;off&quot;,&quot;js_action&quot;:&quot;off&quot;,&quot;javascript_code&quot;:&quot;&quot;}}\" \/><input type=\"hidden\" name=\"_wpcf7_recaptcha_response\" value=\"\" \/>\n<\/fieldset>\n<div class=\"formwrap\">\n<div class=\"flexform\">\n<label class=\"form_halfitem\"> Va\u0161e meno\n    <span class=\"wpcf7-form-control-wrap\" data-name=\"your-name\"><input size=\"40\" maxlength=\"400\" class=\"wpcf7-form-control wpcf7-text wpcf7-validates-as-required\" aria-required=\"true\" aria-invalid=\"false\" value=\"\" type=\"text\" name=\"your-name\" \/><\/span> <\/label>\n<label class=\"form_halfitem\"> Spolo\u010dnos\u0165\n    <span class=\"wpcf7-form-control-wrap\" data-name=\"company-name\"><input size=\"40\" maxlength=\"400\" class=\"wpcf7-form-control wpcf7-text wpcf7-validates-as-required\" aria-required=\"true\" aria-invalid=\"false\" value=\"\" type=\"text\" name=\"company-name\" \/><\/span> <\/label>\n<label class=\"form_halfitem\"> Email\n    <span class=\"wpcf7-form-control-wrap\" data-name=\"your-email\"><input size=\"40\" maxlength=\"400\" class=\"wpcf7-form-control wpcf7-email wpcf7-validates-as-required wpcf7-text wpcf7-validates-as-email\" aria-required=\"true\" aria-invalid=\"false\" value=\"\" type=\"email\" name=\"your-email\" \/><\/span> <\/label>\n<label class=\"form_halfitem\"> Telef\u00f3n\n    <span class=\"wpcf7-form-control-wrap\" data-name=\"your-phone\"><input size=\"40\" maxlength=\"400\" class=\"wpcf7-form-control wpcf7-tel wpcf7-validates-as-required wpcf7-text wpcf7-validates-as-tel\" aria-required=\"true\" aria-invalid=\"false\" value=\"\" type=\"tel\" name=\"your-phone\" \/><\/span> <\/label>\n<label class=\"form_fullitem\"> Spr\u00e1va\n    <span class=\"wpcf7-form-control-wrap\" data-name=\"your-message\"><textarea cols=\"40\" rows=\"10\" maxlength=\"2000\" class=\"wpcf7-form-control wpcf7-textarea wpcf7-validates-as-required\" aria-required=\"true\" aria-invalid=\"false\" name=\"your-message\"><\/textarea><\/span> <\/label>\n<\/div>\n<\/div>\n<input class=\"wpcf7-form-control wpcf7-submit has-spinner\" type=\"submit\" value=\"Odosla\u0165\" \/><div class=\"wpcf7-response-output\" aria-hidden=\"true\"><\/div>\n<\/form>\n<\/div>\n            <\/div>\n\n        \t\t\t\t<\/div>\n\t\t\t\t<\/div>\n\t\t\t\t\t<\/div>\n\t\t<\/div>\n\t\t\t\t\t<\/div>\n\t\t<\/section>\n\t\t\t\t<\/div>\n\t\t<\/div>\n\t\t\t\t\t\t<\/div>\n\t\t\t\t<\/div>\n\t\t\t\t\t<\/div>\n\t\t<\/div>\n\t\t\t\t\t<\/div>\n\t\t<\/section>\n\t\t\t\t<section class=\"elementor-section elementor-top-section elementor-element elementor-element-3e41500e single_c elementor-section-boxed elementor-section-height-default elementor-section-height-default\" data-id=\"3e41500e\" data-element_type=\"section\" data-e-type=\"section\">\n\t\t\t\t\t\t<div class=\"elementor-container elementor-column-gap-default\">\n\t\t\t\t\t<div class=\"elementor-column elementor-col-100 elementor-top-column elementor-element elementor-element-b0e31e4\" data-id=\"b0e31e4\" data-element_type=\"column\" data-e-type=\"column\">\n\t\t\t<div class=\"elementor-widget-wrap elementor-element-populated\">\n\t\t\t\t\t\t<div class=\"elementor-element elementor-element-51b8f9b4 elementor-widget elementor-widget-spacer\" data-id=\"51b8f9b4\" data-element_type=\"widget\" data-e-type=\"widget\" data-widget_type=\"spacer.default\">\n\t\t\t\t<div class=\"elementor-widget-container\">\n\t\t\t\t\t\t\t<div class=\"elementor-spacer\">\n\t\t\t<div class=\"elementor-spacer-inner\"><\/div>\n\t\t<\/div>\n\t\t\t\t\t\t<\/div>\n\t\t\t\t<\/div>\n\t\t\t\t\t<\/div>\n\t\t<\/div>\n\t\t\t\t\t<\/div>\n\t\t<\/section>\n\t\t\t\t<\/div>\n\t\t","protected":false},"excerpt":{"rendered":"<p>Uistite sa, \u017ee ich prv\u00e1 stoli\u010dka je naozaj skvel\u00e1 stoli\u010dka Die\u0165a nie je mal\u00fd dospel\u00fd. M\u00e1 \u0161pecifick\u00e9 n\u00e1roky na svet okolo seba, sedac\u00ed n\u00e1bytok nevyn\u00edmaj\u00fac. Na rozdiel od dospel\u00fdch deti st\u00e1le rast\u00fa, vyv\u00edjaj\u00fa sa a menia sa aj ich potreby. Detsk\u00e9 stoli\u010dky ALBA na tieto potreby reaguj\u00fa a maj\u00fa nesporn\u00fa v\u00fdhodu \u2013 v\u010faka \u013eahkej nastavite\u013enosti [&hellip;]<\/p>\n","protected":false},"author":2,"featured_media":2151,"parent":7803,"menu_order":6,"comment_status":"closed","ping_status":"closed","template":"","meta":{"_acf_changed":false,"inline_featured_image":false,"footnotes":""},"class_list":["post-7821","page","type-page","status-publish","has-post-thumbnail","hentry"],"acf":[],"aioseo_notices":[],"_links":{"self":[{"href":"https:\/\/alba.progresium.cz\/sk\/wp-json\/wp\/v2\/pages\/7821","targetHints":{"allow":["GET"]}}],"collection":[{"href":"https:\/\/alba.progresium.cz\/sk\/wp-json\/wp\/v2\/pages"}],"about":[{"href":"https:\/\/alba.progresium.cz\/sk\/wp-json\/wp\/v2\/types\/page"}],"author":[{"embeddable":true,"href":"https:\/\/alba.progresium.cz\/sk\/wp-json\/wp\/v2\/users\/2"}],"replies":[{"embeddable":true,"href":"https:\/\/alba.progresium.cz\/sk\/wp-json\/wp\/v2\/comments?post=7821"}],"version-history":[{"count":5,"href":"https:\/\/alba.progresium.cz\/sk\/wp-json\/wp\/v2\/pages\/7821\/revisions"}],"predecessor-version":[{"id":26318,"href":"https:\/\/alba.progresium.cz\/sk\/wp-json\/wp\/v2\/pages\/7821\/revisions\/26318"}],"up":[{"embeddable":true,"href":"https:\/\/alba.progresium.cz\/sk\/wp-json\/wp\/v2\/pages\/7803"}],"wp:featuredmedia":[{"embeddable":true,"href":"https:\/\/alba.progresium.cz\/sk\/wp-json\/wp\/v2\/media\/2151"}],"wp:attachment":[{"href":"https:\/\/alba.progresium.cz\/sk\/wp-json\/wp\/v2\/media?parent=7821"}],"curies":[{"name":"wp","href":"https:\/\/api.w.org\/{rel}","templated":true}]}}