{"id":42740,"date":"2024-01-04T14:27:39","date_gmt":"2024-01-04T13:27:39","guid":{"rendered":"https:\/\/alba.progresium.cz\/o-nas\/ochrana-oznamovatelu\/"},"modified":"2025-04-30T12:13:38","modified_gmt":"2025-04-30T10:13:38","slug":"ochrana-oznamovatelu","status":"publish","type":"page","link":"https:\/\/alba.progresium.cz\/sk\/o-nas\/ochrana-oznamovatelu\/","title":{"rendered":"Whistleblowing"},"content":{"rendered":"\t\t<div data-elementor-type=\"wp-page\" data-elementor-id=\"42740\" class=\"elementor elementor-42740 elementor-30575\" data-elementor-post-type=\"page\">\n\t\t\t\t\t\t<section class=\"elementor-section elementor-top-section elementor-element elementor-element-40868971 header_section elementor-section-boxed elementor-section-height-default elementor-section-height-default\" data-id=\"40868971\" data-element_type=\"section\" data-e-type=\"section\">\n\t\t\t\t\t\t<div class=\"elementor-container elementor-column-gap-default\">\n\t\t\t\t\t<div class=\"elementor-column elementor-col-100 elementor-top-column elementor-element elementor-element-7e039a24\" data-id=\"7e039a24\" data-element_type=\"column\" data-e-type=\"column\" data-settings=\"{&quot;background_background&quot;:&quot;classic&quot;}\">\n\t\t\t<div class=\"elementor-widget-wrap elementor-element-populated\">\n\t\t\t\t\t\t<section class=\"elementor-section elementor-inner-section elementor-element elementor-element-6cf47bd5 elementor-section-boxed elementor-section-height-default elementor-section-height-default\" data-id=\"6cf47bd5\" data-element_type=\"section\" data-e-type=\"section\">\n\t\t\t\t\t\t<div class=\"elementor-container elementor-column-gap-default\">\n\t\t\t\t\t<div class=\"elementor-column elementor-col-50 elementor-inner-column elementor-element elementor-element-1eb95330\" data-id=\"1eb95330\" data-element_type=\"column\" data-e-type=\"column\" data-settings=\"{&quot;background_background&quot;:&quot;classic&quot;}\">\n\t\t\t<div class=\"elementor-widget-wrap elementor-element-populated\">\n\t\t\t\t\t\t<div class=\"elementor-element elementor-element-737df617 elementor-widget elementor-widget-heading\" data-id=\"737df617\" data-element_type=\"widget\" data-e-type=\"widget\" data-widget_type=\"heading.default\">\n\t\t\t\t<div class=\"elementor-widget-container\">\n\t\t\t\t\t<h1 class=\"elementor-heading-title elementor-size-default\">Whistleblowing<\/h1>\t\t\t\t<\/div>\n\t\t\t\t<\/div>\n\t\t\t\t\t<\/div>\n\t\t<\/div>\n\t\t\t\t<div class=\"elementor-column elementor-col-50 elementor-inner-column elementor-element elementor-element-11dabe2b\" data-id=\"11dabe2b\" data-element_type=\"column\" data-e-type=\"column\">\n\t\t\t<div class=\"elementor-widget-wrap\">\n\t\t\t\t\t\t\t<\/div>\n\t\t<\/div>\n\t\t\t\t\t<\/div>\n\t\t<\/section>\n\t\t\t\t\t<\/div>\n\t\t<\/div>\n\t\t\t\t\t<\/div>\n\t\t<\/section>\n\t\t\t\t<section class=\"elementor-section elementor-top-section elementor-element elementor-element-385ef7af dual_c elementor-section-boxed elementor-section-height-default elementor-section-height-default\" data-id=\"385ef7af\" data-element_type=\"section\" data-e-type=\"section\">\n\t\t\t\t\t\t<div class=\"elementor-container elementor-column-gap-default\">\n\t\t\t\t\t<div class=\"elementor-column elementor-col-100 elementor-top-column elementor-element elementor-element-3ee86ec7\" data-id=\"3ee86ec7\" data-element_type=\"column\" data-e-type=\"column\">\n\t\t\t<div class=\"elementor-widget-wrap elementor-element-populated\">\n\t\t\t\t\t\t<div class=\"elementor-element elementor-element-fd1c6a3 elementor-widget elementor-widget-text-editor\" data-id=\"fd1c6a3\" data-element_type=\"widget\" data-e-type=\"widget\" data-widget_type=\"text-editor.default\">\n\t\t\t\t<div class=\"elementor-widget-container\">\n\t\t\t\t\t\t\t\t\t<h2>Pravidl\u00e1 pre podanie ozn\u00e1menia pod\u013ea z\u00e1kona \u010d. 54\/2019 Z. z. o ochrane oznamovate\u013eov protispolo\u010denskej \u010dinnosti<\/h2><p data-start=\"235\" data-end=\"1014\">Ozn\u00e1menie o mo\u017enom protipr\u00e1vnom konan\u00ed v zmysle z\u00e1kona \u010d. 54\/2019 Z. z. o ochrane oznamovate\u013eov protispolo\u010denskej \u010dinnosti (\u010falej len \u201eZ\u00e1kon\u201c) m\u00f4\u017ee poda\u0165 ka\u017ed\u00fd zamestnanec spolo\u010dnosti ALBA SR s. r. o., so s\u00eddlom Bu\u010dany 496, 919 28 Bu\u010dany, I\u010cO: 36238538 (\u010falej len \u201espolo\u010dnos\u0165 ALBA\u201c), a\/alebo fyzick\u00e1 osoba, ktor\u00e1 sa v s\u00favislosti so svojou pr\u00e1cou alebo inou obdobnou \u010dinnos\u0165ou (napr. pri v\u00fdkone samostatnej z\u00e1robkovej \u010dinnosti alebo \u010dinnosti vykon\u00e1vanej na z\u00e1klade zmluvy medzi spolo\u010dnos\u0165ou ALBA a jej dod\u00e1vate\u013eom), ktor\u00fa vykon\u00e1va \/ vykon\u00e1vala pre spolo\u010dnos\u0165 ALBA (\u010falej len \u201eOznamovate\u013e\u201c), dozvedela o konan\u00ed v r\u00e1mci spolo\u010dnosti ALBA, ktor\u00e9 m\u00f4\u017ee ma\u0165 znaky trestn\u00e9ho \u010dinu alebo priestupku, pr\u00edpadne poru\u0161uje pr\u00e1vny predpis alebo predpis Eur\u00f3pskej \u00fanie (\u010falej len \u201eOzn\u00e1menie\u201c).<\/p><hr class=\"\" data-start=\"1016\" data-end=\"1019\" \/><p data-start=\"1021\" data-end=\"1078\">a) Osoba poveren\u00e1 prij\u00edman\u00edm a spracovan\u00edm Ozn\u00e1men\u00ed:<br \/><br \/>Prij\u00edman\u00edm a spracovan\u00edm Ozn\u00e1men\u00ed je v s\u00falade so Z\u00e1konom poveren\u00e1 Sabina den Brinker (\u010falej len \u201ePr\u00edslu\u0161n\u00e1 osoba\u201c).<\/p><hr class=\"\" data-start=\"1200\" data-end=\"1203\" \/><p data-start=\"1205\" data-end=\"1268\">b) Sp\u00f4soby podania Ozn\u00e1menia (Vn\u00fatorn\u00fd oznamovac\u00ed syst\u00e9m):<br \/><br \/>Ozn\u00e1menie o mo\u017enom protipr\u00e1vnom konan\u00ed v r\u00e1mci spolo\u010dnosti ALBA je mo\u017en\u00e9 poda\u0165 nasledovne:<\/p><ul data-start=\"1361\" data-end=\"1960\"><li class=\"\" data-start=\"1361\" data-end=\"1437\"><p data-start=\"1363\" data-end=\"1437\">Elektronicky \u2013 e-mailom na adresu: <a rel=\"noopener\" data-start=\"1402\" data-end=\"1435\">sabina.denbrinker@alba.progresium.cz<\/a><\/p><\/li><li class=\"\" data-start=\"1438\" data-end=\"1574\"><p data-start=\"1440\" data-end=\"1574\">P\u00edsomne \u2013 listom s ozna\u010den\u00edm \u201epre Sabinu den Brinker\u201c zaslan\u00fdm po\u0161tou na adresu:<br data-start=\"1524\" data-end=\"1527\" \/>ALBA SR s. r. o., Bu\u010dany 496, 919 28 Bu\u010dany<\/p><\/li><li class=\"\" data-start=\"1575\" data-end=\"1782\"><p data-start=\"1577\" data-end=\"1782\">Telefonicky \u2013 na telef\u00f3nne \u010d\u00edslo +420 732 363 545<br data-start=\"1630\" data-end=\"1633\" \/>(Telefonick\u00fd rozhovor nebude nahr\u00e1van\u00fd, spolo\u010dnos\u0165 ALBA vyhotov\u00ed v\u00fdsti\u017en\u00fd z\u00e1znam. Oznamovate\u013e m\u00e1 mo\u017enos\u0165 z\u00e1pis skontrolova\u0165, opravi\u0165 a podp\u00edsa\u0165.)<\/p><\/li><li class=\"\" data-start=\"1783\" data-end=\"1960\"><p data-start=\"1785\" data-end=\"1960\">Osobne \u2013 stretnutie je mo\u017en\u00e9 dohodn\u00fa\u0165 prostredn\u00edctvom e-mailu alebo telef\u00f3nu. Zo stretnutia bude vyhotoven\u00fd z\u00e1pis, ktor\u00fd m\u00f4\u017ee Oznamovate\u013e skontrolova\u0165, opravi\u0165 a podp\u00edsa\u0165.<\/p><\/li><\/ul><p data-start=\"1962\" data-end=\"2003\">Ozn\u00e1menie je mo\u017en\u00e9 poda\u0165 aj anonymne.<\/p><hr class=\"\" data-start=\"2005\" data-end=\"2008\" \/><p data-start=\"2010\" data-end=\"2077\">c) Lehoty na vyrozumenie Oznamovate\u013ea o prijat\u00fdch opatreniach:<br \/><br \/>Pokia\u013e spolo\u010dnos\u0165 ALBA pozn\u00e1 va\u0161u toto\u017enos\u0165 (napr. ste uviedli kontaktn\u00e9 \u00fadaje), a pokia\u013e vopred neodmietnete by\u0165 vyrozumen\u00fd, alebo by vyrozumenie neviedlo k prezradeniu va\u0161ej toto\u017enosti \u010di k zmareniu \u00fa\u010delu Ozn\u00e1menia, bude Oznamovate\u013e vyrozumen\u00fd:<\/p><ul data-start=\"2327\" data-end=\"2751\"><li class=\"\" data-start=\"2327\" data-end=\"2402\"><p data-start=\"2329\" data-end=\"2402\">o term\u00edne osobn\u00e9ho stretnutia (do 14 dn\u00ed od \u017eiadosti): bezodkladne,<\/p><\/li><li class=\"\" data-start=\"2403\" data-end=\"2441\"><p data-start=\"2405\" data-end=\"2441\">o prijat\u00ed Ozn\u00e1menia: do 7 dn\u00ed,<\/p><\/li><li class=\"\" data-start=\"2442\" data-end=\"2558\"><p data-start=\"2444\" data-end=\"2558\">o d\u00f4vodnosti Ozn\u00e1menia: do 30 dn\u00ed od prijatia (v zlo\u017eit\u00fdch pr\u00edpadoch je mo\u017en\u00e9 lehotu pred\u013a\u017ei\u0165 a\u017e na 90 dn\u00ed),<\/p><\/li><li class=\"\" data-start=\"2559\" data-end=\"2681\"><p data-start=\"2561\" data-end=\"2681\">o neprijat\u00ed Ozn\u00e1menia (napr. ne\u0161lo o protipr\u00e1vne konanie alebo bolo ozn\u00e1menie nepravdiv\u00e9): bez zbyto\u010dn\u00e9ho odkladu,<\/p><\/li><li class=\"\" data-start=\"2682\" data-end=\"2751\"><p data-start=\"2684\" data-end=\"2751\">o prijat\u00fdch opatreniach: bez zbyto\u010dn\u00e9ho odkladu po ich prijat\u00ed.<\/p><\/li><\/ul><hr class=\"\" data-start=\"2753\" data-end=\"2756\" \/><p data-start=\"2758\" data-end=\"2787\">d) Ochrana Oznamovate\u013ea:<br \/><br \/>Pr\u00edslu\u0161n\u00e1 osoba zachov\u00e1 pr\u00edsnu d\u00f4vernos\u0165 oh\u013eadom va\u0161ej toto\u017enosti, \u00fadajov o \u010fal\u0161\u00edch fyzick\u00fdch osob\u00e1ch a o inform\u00e1ci\u00e1ch uveden\u00fdch v Ozn\u00e1men\u00ed. Ako Oznamovate\u013e m\u00e1te n\u00e1rok na ochranu pred ak\u00fdmiko\u013evek odvetn\u00fdmi opatreniami alebo hrozbami tak\u00fdchto opatren\u00ed v zmysle Z\u00e1kona.<\/p><hr class=\"\" data-start=\"3058\" data-end=\"3061\" \/><p data-start=\"3063\" data-end=\"3150\">e) In\u0161tit\u00facia pre alternat\u00edvne podanie ozn\u00e1menia (tzv. extern\u00fd oznamovac\u00ed syst\u00e9m):<br \/><br \/>Ozn\u00e1menie je mo\u017en\u00e9 poda\u0165 aj na \u00darad na ochranu oznamovate\u013eov, a to aj v pr\u00edpade, \u017ee si nie ste ist\u00fd, \u010di zisten\u00e9 skuto\u010dnosti predstavuj\u00fa protipr\u00e1vne konanie.<br data-start=\"3331\" data-end=\"3334\" \/><br \/><\/p>\t\t\t\t\t\t\t\t<\/div>\n\t\t\t\t<\/div>\n\t\t\t\t\t<\/div>\n\t\t<\/div>\n\t\t\t\t\t<\/div>\n\t\t<\/section>\n\t\t\t\t<section class=\"elementor-section elementor-top-section elementor-element elementor-element-254a9b0d single_c elementor-section-boxed elementor-section-height-default elementor-section-height-default\" data-id=\"254a9b0d\" data-element_type=\"section\" data-e-type=\"section\">\n\t\t\t\t\t\t<div class=\"elementor-container elementor-column-gap-default\">\n\t\t\t\t\t<div class=\"elementor-column elementor-col-100 elementor-top-column elementor-element elementor-element-4f53a689\" data-id=\"4f53a689\" data-element_type=\"column\" data-e-type=\"column\">\n\t\t\t<div class=\"elementor-widget-wrap elementor-element-populated\">\n\t\t\t\t\t\t<div class=\"elementor-element elementor-element-2ac863d7 elementor-widget elementor-widget-spacer\" data-id=\"2ac863d7\" data-element_type=\"widget\" data-e-type=\"widget\" data-widget_type=\"spacer.default\">\n\t\t\t\t<div class=\"elementor-widget-container\">\n\t\t\t\t\t\t\t<div class=\"elementor-spacer\">\n\t\t\t<div class=\"elementor-spacer-inner\"><\/div>\n\t\t<\/div>\n\t\t\t\t\t\t<\/div>\n\t\t\t\t<\/div>\n\t\t\t\t\t<\/div>\n\t\t<\/div>\n\t\t\t\t\t<\/div>\n\t\t<\/section>\n\t\t\t\t<\/div>\n\t\t","protected":false},"excerpt":{"rendered":"<p>Pravidl\u00e1 pre podanie ozn\u00e1menia pod\u013ea z\u00e1kona \u010d. 54\/2019 Z. z. o ochrane oznamovate\u013eov protispolo\u010denskej \u010dinnosti Ozn\u00e1menie o mo\u017enom protipr\u00e1vnom konan\u00ed v zmysle z\u00e1kona \u010d. 54\/2019 Z. z. o ochrane oznamovate\u013eov protispolo\u010denskej \u010dinnosti (\u010falej len \u201eZ\u00e1kon\u201c) m\u00f4\u017ee poda\u0165 ka\u017ed\u00fd zamestnanec spolo\u010dnosti ALBA SR s. r. o., so s\u00eddlom Bu\u010dany 496, 919 28 Bu\u010dany, I\u010cO: 36238538 (\u010falej [&hellip;]<\/p>\n","protected":false},"author":5,"featured_media":0,"parent":7839,"menu_order":26,"comment_status":"closed","ping_status":"closed","template":"","meta":{"_acf_changed":false,"inline_featured_image":false,"footnotes":""},"class_list":["post-42740","page","type-page","status-publish","hentry"],"acf":[],"aioseo_notices":[],"_links":{"self":[{"href":"https:\/\/alba.progresium.cz\/sk\/wp-json\/wp\/v2\/pages\/42740","targetHints":{"allow":["GET"]}}],"collection":[{"href":"https:\/\/alba.progresium.cz\/sk\/wp-json\/wp\/v2\/pages"}],"about":[{"href":"https:\/\/alba.progresium.cz\/sk\/wp-json\/wp\/v2\/types\/page"}],"author":[{"embeddable":true,"href":"https:\/\/alba.progresium.cz\/sk\/wp-json\/wp\/v2\/users\/5"}],"replies":[{"embeddable":true,"href":"https:\/\/alba.progresium.cz\/sk\/wp-json\/wp\/v2\/comments?post=42740"}],"version-history":[{"count":9,"href":"https:\/\/alba.progresium.cz\/sk\/wp-json\/wp\/v2\/pages\/42740\/revisions"}],"predecessor-version":[{"id":42752,"href":"https:\/\/alba.progresium.cz\/sk\/wp-json\/wp\/v2\/pages\/42740\/revisions\/42752"}],"up":[{"embeddable":true,"href":"https:\/\/alba.progresium.cz\/sk\/wp-json\/wp\/v2\/pages\/7839"}],"wp:attachment":[{"href":"https:\/\/alba.progresium.cz\/sk\/wp-json\/wp\/v2\/media?parent=42740"}],"curies":[{"name":"wp","href":"https:\/\/api.w.org\/{rel}","templated":true}]}}