{"id":42652,"date":"2025-04-29T15:17:13","date_gmt":"2025-04-29T13:17:13","guid":{"rendered":"https:\/\/alba.progresium.cz\/?page_id=42652"},"modified":"2025-04-29T15:22:10","modified_gmt":"2025-04-29T13:22:10","slug":"bezpecnostne-pokyny-gpsr","status":"publish","type":"page","link":"https:\/\/alba.progresium.cz\/sk\/o-nas\/bezpecnostne-pokyny-gpsr\/","title":{"rendered":"Bezpe\u010dnostn\u00e9 pokyny (GPSR)"},"content":{"rendered":"\t\t<div data-elementor-type=\"wp-page\" data-elementor-id=\"42652\" class=\"elementor elementor-42652 elementor-42649\" data-elementor-post-type=\"page\">\n\t\t\t\t\t\t<section class=\"elementor-section elementor-top-section elementor-element elementor-element-4d371909 header_section elementor-section-boxed elementor-section-height-default elementor-section-height-default\" data-id=\"4d371909\" data-element_type=\"section\" data-e-type=\"section\">\n\t\t\t\t\t\t<div class=\"elementor-container elementor-column-gap-default\">\n\t\t\t\t\t<div class=\"elementor-column elementor-col-100 elementor-top-column elementor-element elementor-element-464f2326\" data-id=\"464f2326\" data-element_type=\"column\" data-e-type=\"column\" data-settings=\"{&quot;background_background&quot;:&quot;classic&quot;}\">\n\t\t\t<div class=\"elementor-widget-wrap elementor-element-populated\">\n\t\t\t\t\t\t<section class=\"elementor-section elementor-inner-section elementor-element elementor-element-334b97cc elementor-section-boxed elementor-section-height-default elementor-section-height-default\" data-id=\"334b97cc\" data-element_type=\"section\" data-e-type=\"section\">\n\t\t\t\t\t\t<div class=\"elementor-container elementor-column-gap-default\">\n\t\t\t\t\t<div class=\"elementor-column elementor-col-50 elementor-inner-column elementor-element elementor-element-479103a1\" data-id=\"479103a1\" data-element_type=\"column\" data-e-type=\"column\" data-settings=\"{&quot;background_background&quot;:&quot;classic&quot;}\">\n\t\t\t<div class=\"elementor-widget-wrap elementor-element-populated\">\n\t\t\t\t\t\t<div class=\"elementor-element elementor-element-723c3bf7 elementor-widget elementor-widget-heading\" data-id=\"723c3bf7\" data-element_type=\"widget\" data-e-type=\"widget\" data-widget_type=\"heading.default\">\n\t\t\t\t<div class=\"elementor-widget-container\">\n\t\t\t\t\t<h1 class=\"elementor-heading-title elementor-size-default\">Bezpe\u010dnostn\u00e9 pokyny (GPSR)<\/h1>\t\t\t\t<\/div>\n\t\t\t\t<\/div>\n\t\t\t\t\t<\/div>\n\t\t<\/div>\n\t\t\t\t<div class=\"elementor-column elementor-col-50 elementor-inner-column elementor-element elementor-element-4abbe3d5\" data-id=\"4abbe3d5\" data-element_type=\"column\" data-e-type=\"column\">\n\t\t\t<div class=\"elementor-widget-wrap\">\n\t\t\t\t\t\t\t<\/div>\n\t\t<\/div>\n\t\t\t\t\t<\/div>\n\t\t<\/section>\n\t\t\t\t\t<\/div>\n\t\t<\/div>\n\t\t\t\t\t<\/div>\n\t\t<\/section>\n\t\t\t\t<section class=\"elementor-section elementor-top-section elementor-element elementor-element-197c9651 dual_c elementor-section-boxed elementor-section-height-default elementor-section-height-default\" data-id=\"197c9651\" data-element_type=\"section\" data-e-type=\"section\">\n\t\t\t\t\t\t<div class=\"elementor-container elementor-column-gap-default\">\n\t\t\t\t\t<div class=\"elementor-column elementor-col-100 elementor-top-column elementor-element elementor-element-6cf3d620\" data-id=\"6cf3d620\" data-element_type=\"column\" data-e-type=\"column\">\n\t\t\t<div class=\"elementor-widget-wrap elementor-element-populated\">\n\t\t\t\t\t\t<div class=\"elementor-element elementor-element-1ecd7884 elementor-widget elementor-widget-text-editor\" data-id=\"1ecd7884\" data-element_type=\"widget\" data-e-type=\"widget\" data-widget_type=\"text-editor.default\">\n\t\t\t\t<div class=\"elementor-widget-container\">\n\t\t\t\t\t\t\t\t\t<p><strong>UPOZORNENIE NA BEZPE\u010cN\u00c9 POU\u017d\u00cdVANIE SEDACIEHO N\u00c1BYTKU <\/strong><\/p><p><strong>(v s\u00falade s po\u017eiadavkami nariadenia GPSR \u2013 Nariadenie o v\u0161eobecnej bezpe\u010dnosti v\u00fdrobkov)<\/strong><\/p><p><strong>V\u0161eobecn\u00e9 bezpe\u010dnostn\u00e9 upozornenia<\/strong><\/p><ol><li><strong>Nepou\u017e\u00edvajte stoli\u010dku ako schod\u00edky alebo rebr\u00edk.<\/strong> St\u00e1tie na sedacom n\u00e1bytku, najm\u00e4 na oto\u010dn\u00fdch alebo v\u00fd\u0161kovo nastavite\u013en\u00fdch stoli\u010dk\u00e1ch, je nebezpe\u010dn\u00e9 a m\u00f4\u017ee vies\u0165 k p\u00e1du alebo v\u00e1\u017enemu zraneniu.<\/li><li><strong>Nenech\u00e1vajte deti hra\u0165 sa na stoli\u010dk\u00e1ch.<\/strong> Oto\u010denie, hojdanie alebo lezenie po stoli\u010dke m\u00f4\u017ee sp\u00f4sobi\u0165 prevr\u00e1tenie alebo pri\u0161kripnutie prstov a n\u00e1sledn\u00e9 zranenie.<\/li><li><strong>Likvid\u00e1cia obalov\u00fdch materi\u00e1lov.<\/strong> V\u0161etky plastov\u00e9 vreck\u00e1 a ochrann\u00e9 f\u00f3lie musia by\u0165 zlikvidovan\u00e9 mimo dosahu det\u00ed \u2013 hroz\u00ed riziko udusenia.<\/li><li><strong>Vyh\u00fdbajte sa nakl\u00e1\u0148aniu na stoli\u010dke.<\/strong> Nenakl\u00e1\u0148ajte sa dozadu ani do str\u00e1n tak, aby sa kolieska alebo nohy stoli\u010dky zdvihli z podlahy. Tento pohyb m\u00f4\u017ee sp\u00f4sobi\u0165 prevr\u00e1tenie stoli\u010dky, jej po\u0161kodenie alebo uvo\u013enenie kon\u0161truk\u010dn\u00fdch \u010dast\u00ed.<\/li><li><strong>Nevyv\u00edjajte tlak iba na predn\u00fa \u010das\u0165 sedadla.<\/strong> Sedenie na prednom okraji m\u00f4\u017ee vies\u0165 k prevr\u00e1teniu stoli\u010dky dopredu. Ak potrebujete sedie\u0165 v predklone, pou\u017e\u00edvajte v\u00fdhradne stoli\u010dku s funkciou nakl\u00e1pania sedadla dopredu.<\/li><li><strong>Z\u00e1kaz umiest\u0148ovania elektrick\u00fdch zariaden\u00ed na \u010dal\u00fanenie.<\/strong> Elektronika umiestnen\u00e1 na \u010dal\u00fanenom n\u00e1bytku sa m\u00f4\u017ee prehria\u0165 a sp\u00f4sobi\u0165 po\u017eiar. Tie\u017e sa vyh\u00fdbajte kontaktu s otvoren\u00fdm oh\u0148om alebo \u017eerav\u00fdmi predmetmi (napr. cigarety).\u00a8<\/li><\/ol><ol><li><strong>Nepre\u0165a\u017eujte stoli\u010dku. <\/strong>Dodr\u017eiavajte maxim\u00e1lnu nosnos\u0165 uveden\u00fa v technickej dokument\u00e1cii. Pravidelne kontrolujte stav stoli\u010dky \u2013 odpor\u00fa\u010dame aspo\u0148 ka\u017ed\u00fdch 60 dn\u00ed vykona\u0165 vizu\u00e1lnu kontrolu a z\u00e1kladn\u00fa \u00fadr\u017ebu.<\/li><\/ol><p>\u00a0<\/p><p><strong>Pokyny pre mont\u00e1\u017e, \u00fadr\u017ebu a spr\u00e1vne pou\u017e\u00edvanie<\/strong><\/p><ol start=\"8\"><li><strong>Postupujte presne pod\u013ea mont\u00e1\u017eneho n\u00e1vodu.<\/strong> Uistite sa, \u017ee s\u00fa v\u0161etky diely zmontovan\u00e9 v spr\u00e1vnom porad\u00ed a pevne zaisten\u00e9. Nespr\u00e1vna mont\u00e1\u017e m\u00f4\u017ee ohrozi\u0165 stabilitu a bezpe\u010dnos\u0165 v\u00fdrobku.<\/li><li><strong>Spr\u00e1vne osadenie koliesok\/klz\u00e1kov.<\/strong> Kolieska alebo klz\u00e1ky musia by\u0165 \u00faplne a pevne zasunut\u00e9 do z\u00e1kladne. Nepresn\u00e9 uchytenie m\u00f4\u017ee vies\u0165 k ich uvo\u013eneniu po\u010das pou\u017e\u00edvania.<\/li><li><strong>Pravideln\u00e1 kontrola dotiahnutia spojov.<\/strong> Pribli\u017ene ka\u017ed\u00fdch 6 mesiacov skontrolujte, \u010di s\u00fa v\u0161etky skrutky a spoje pevne dotiahnut\u00e9. Uvo\u013enen\u00e9 spoje m\u00f4\u017eu sp\u00f4sobi\u0165 nestabilitu.<\/li><li><strong>Z\u00e1klad\u0148a stoli\u010dky mus\u00ed by\u0165 v\u017edy v \u00faplnom kontakte s podlahou.<\/strong> Nikdy nepou\u017e\u00edvajte stoli\u010dku na nerovnom povrchu, ktor\u00fd m\u00f4\u017ee naru\u0161i\u0165 jej stabilitu.<\/li><li><strong>Nastavenie protiv\u00e1hy a mechaniky.<\/strong> Pri stoli\u010dk\u00e1ch s hojdacou alebo synchroniza\u010dnou mechanikou v\u017edy skontrolujte, \u017ee je protiv\u00e1ha spr\u00e1vne nastaven\u00e1 vzh\u013eadom na telesn\u00fa hmotnos\u0165 pou\u017e\u00edvate\u013ea. Nespr\u00e1vne nastavenie m\u00f4\u017ee sp\u00f4sobi\u0165 nekontrolovan\u00fd pohyb alebo pre\u0165a\u017eenie mechaniky.<\/li><\/ol>\t\t\t\t\t\t\t\t<\/div>\n\t\t\t\t<\/div>\n\t\t\t\t\t<\/div>\n\t\t<\/div>\n\t\t\t\t\t<\/div>\n\t\t<\/section>\n\t\t\t\t<section class=\"elementor-section elementor-top-section elementor-element elementor-element-12104075 single_c elementor-section-boxed elementor-section-height-default elementor-section-height-default\" data-id=\"12104075\" data-element_type=\"section\" data-e-type=\"section\">\n\t\t\t\t\t\t<div class=\"elementor-container elementor-column-gap-default\">\n\t\t\t\t\t<div class=\"elementor-column elementor-col-100 elementor-top-column elementor-element elementor-element-215118fe\" data-id=\"215118fe\" data-element_type=\"column\" data-e-type=\"column\">\n\t\t\t<div class=\"elementor-widget-wrap elementor-element-populated\">\n\t\t\t\t\t\t<div class=\"elementor-element elementor-element-76fcfe16 elementor-widget elementor-widget-spacer\" data-id=\"76fcfe16\" data-element_type=\"widget\" data-e-type=\"widget\" data-widget_type=\"spacer.default\">\n\t\t\t\t<div class=\"elementor-widget-container\">\n\t\t\t\t\t\t\t<div class=\"elementor-spacer\">\n\t\t\t<div class=\"elementor-spacer-inner\"><\/div>\n\t\t<\/div>\n\t\t\t\t\t\t<\/div>\n\t\t\t\t<\/div>\n\t\t\t\t\t<\/div>\n\t\t<\/div>\n\t\t\t\t\t<\/div>\n\t\t<\/section>\n\t\t\t\t<\/div>\n\t\t","protected":false},"excerpt":{"rendered":"<p>UPOZORNENIE NA BEZPE\u010cN\u00c9 POU\u017d\u00cdVANIE SEDACIEHO N\u00c1BYTKU (v s\u00falade s po\u017eiadavkami nariadenia GPSR \u2013 Nariadenie o v\u0161eobecnej bezpe\u010dnosti v\u00fdrobkov) V\u0161eobecn\u00e9 bezpe\u010dnostn\u00e9 upozornenia Nepou\u017e\u00edvajte stoli\u010dku ako schod\u00edky alebo rebr\u00edk. St\u00e1tie na sedacom n\u00e1bytku, najm\u00e4 na oto\u010dn\u00fdch alebo v\u00fd\u0161kovo nastavite\u013en\u00fdch stoli\u010dk\u00e1ch, je nebezpe\u010dn\u00e9 a m\u00f4\u017ee vies\u0165 k p\u00e1du alebo v\u00e1\u017enemu zraneniu. Nenech\u00e1vajte deti hra\u0165 sa na stoli\u010dk\u00e1ch. Oto\u010denie, [&hellip;]<\/p>\n","protected":false},"author":5,"featured_media":0,"parent":7839,"menu_order":27,"comment_status":"closed","ping_status":"closed","template":"","meta":{"_acf_changed":false,"inline_featured_image":false,"footnotes":""},"class_list":["post-42652","page","type-page","status-publish","hentry"],"acf":[],"aioseo_notices":[],"_links":{"self":[{"href":"https:\/\/alba.progresium.cz\/sk\/wp-json\/wp\/v2\/pages\/42652","targetHints":{"allow":["GET"]}}],"collection":[{"href":"https:\/\/alba.progresium.cz\/sk\/wp-json\/wp\/v2\/pages"}],"about":[{"href":"https:\/\/alba.progresium.cz\/sk\/wp-json\/wp\/v2\/types\/page"}],"author":[{"embeddable":true,"href":"https:\/\/alba.progresium.cz\/sk\/wp-json\/wp\/v2\/users\/5"}],"replies":[{"embeddable":true,"href":"https:\/\/alba.progresium.cz\/sk\/wp-json\/wp\/v2\/comments?post=42652"}],"version-history":[{"count":6,"href":"https:\/\/alba.progresium.cz\/sk\/wp-json\/wp\/v2\/pages\/42652\/revisions"}],"predecessor-version":[{"id":43236,"href":"https:\/\/alba.progresium.cz\/sk\/wp-json\/wp\/v2\/pages\/42652\/revisions\/43236"}],"up":[{"embeddable":true,"href":"https:\/\/alba.progresium.cz\/sk\/wp-json\/wp\/v2\/pages\/7839"}],"wp:attachment":[{"href":"https:\/\/alba.progresium.cz\/sk\/wp-json\/wp\/v2\/media?parent=42652"}],"curies":[{"name":"wp","href":"https:\/\/api.w.org\/{rel}","templated":true}]}}