{"id":16061,"date":"2022-06-06T01:19:31","date_gmt":"2022-06-05T23:19:31","guid":{"rendered":"https:\/\/alba.progresium.cz\/storage\/"},"modified":"2025-09-25T22:33:27","modified_gmt":"2025-09-25T20:33:27","slug":"skladove-zasoby","status":"publish","type":"page","link":"https:\/\/alba.progresium.cz\/sk\/pre-partnerov\/skladove-zasoby\/","title":{"rendered":"Skladov\u00e9 z\u00e1soby (Storage)"},"content":{"rendered":"\t\t<div data-elementor-type=\"wp-page\" data-elementor-id=\"16061\" class=\"elementor elementor-16061 elementor-16056\" data-elementor-post-type=\"page\">\n\t\t\t\t\t\t<section class=\"elementor-section elementor-top-section elementor-element elementor-element-3ceba2e elementor-section-boxed elementor-section-height-default elementor-section-height-default\" data-id=\"3ceba2e\" data-element_type=\"section\" data-e-type=\"section\">\n\t\t\t\t\t\t<div class=\"elementor-container elementor-column-gap-default\">\n\t\t\t\t\t<div class=\"elementor-column elementor-col-100 elementor-top-column elementor-element elementor-element-a68c9e9\" data-id=\"a68c9e9\" data-element_type=\"column\" data-e-type=\"column\">\n\t\t\t<div class=\"elementor-widget-wrap elementor-element-populated\">\n\t\t\t\t\t\t<div class=\"elementor-element elementor-element-ecba886 elementor-widget elementor-widget-ucaddon_alba_perex\" data-id=\"ecba886\" data-element_type=\"widget\" data-e-type=\"widget\" data-widget_type=\"ucaddon_alba_perex.default\">\n\t\t\t\t<div class=\"elementor-widget-container\">\n\t\t\t\t\t\n<!-- start ALBA perex -->\n\n<div class=\"article_perex\">Niektor\u00e9 produkty z na\u0161ej ponuky pre V\u00e1s vyr\u00e1bame do z\u00e1soby a dr\u017e\u00edme je SKLADOM - to preto, aby ste si ich mohli na na\u0161ich pobo\u010dk\u00e1ch vyzdvihn\u00fa\u0165 do 48 hod\u00edn od objednania, pr\u00edpadne, aby ste si ich mohli objedna\u0165 a nemuseli \u010daka\u0165 na to, a\u017e prejd\u00fa v\u00fdrobnom procesom.\u00a0Ide o z\u00e1kazn\u00edcky najob\u013e\u00fabenej\u0161ie v\u00fdrobky z r\u00f4znych produktov\u00fdch radov. Ni\u017e\u0161ie na str\u00e1nke n\u00e1jdete potom tabu\u013eku kompletn\u00fdch skladov\u00fdch z\u00e1sob - teda tovaru, ktor\u00fd je mo\u017en\u00e9 bez odkladu expedova\u0165 z na\u0161ich skladov. Aktu\u00e1lne dostupn\u00e9 stavy v\u00fdrobkov pre V\u00e1s nieko\u013ekokr\u00e1t denne aktualizujeme (vzh\u013eadom na to, \u017ee aktualiz\u00e1cia neprebieha in-time, pros\u00edme, aby ste si dostupnos\u0165 polo\u017eiek overili u pracovn\u00edkov n\u00e1\u0161ho\u00a0obchodn\u00e9ho oddelenia).\u00a0Uveden\u00e9 aktu\u00e1lne stavy maj\u00fa len informat\u00edvny charakter.<\/div>\n<!-- end ALBA perex -->\t\t\t\t<\/div>\n\t\t\t\t<\/div>\n\t\t\t\t<div class=\"elementor-element elementor-element-1257424 elementor-widget elementor-widget-text-editor\" data-id=\"1257424\" data-element_type=\"widget\" data-e-type=\"widget\" data-widget_type=\"text-editor.default\">\n\t\t\t\t<div class=\"elementor-widget-container\">\n\t\t\t\t\t\t\t\t\t<p>Zobrazte si produktov\u00e9 karty najob\u013e\u00fabenej\u0161\u00edch produktov na sklade alebo si stiahnite kompletn\u00fd  <span class=\"file_list_item\" style=\"display: inline-flex;\"><a style=\"text-transform:uppercase;\" href=\"https:\/\/alba.progresium.cz\/wp-content\/uploads\/storage\/Stav_zasob_SK.xls\" target=\"_blank\"><svg class=\"ico_download\" enable-background=\"new 0 0 512 512\" height=\"512\" viewBox=\"0 0 512 512\" width=\"512\" xmlns=\"http:\/\/www.w3.org\/2000\/svg\"><g><path d=\"m344.284 0h-248.284c-33.084 0-60 26.916-60 60v392c0 33.084 26.916 60 60 60h320c33.084 0 60-26.916 60-60v-320.284zm11.716 68.284 51.716 51.716h-31.716c-11.028 0-20-8.972-20-20zm60 403.716h-320c-11.028 0-20-8.972-20-20v-392c0-11.028 8.972-20 20-20h220v60c0 33.084 26.916 60 60 60h60v292c0 11.028-8.972 20-20 20z\"\/><path d=\"m350.142 270.142-28.284-28.284-45.858 45.858v-131.716h-40v131.716l-45.858-45.858-28.284 28.284 94.142 94.142z\"\/><path d=\"m156 396h200v40h-200z\"\/><\/g><\/svg>Stav_zasob_SK.xls<\/a><\/span>.<\/p>\t\t\t\t\t\t\t\t<\/div>\n\t\t\t\t<\/div>\n\t\t\t\t\t<\/div>\n\t\t<\/div>\n\t\t\t\t\t<\/div>\n\t\t<\/section>\n\t\t\t\t<\/div>\n\t\t","protected":false},"excerpt":{"rendered":"<p>Niektor\u00e9 produkty z na\u0161ej ponuky pre V\u00e1s vyr\u00e1bame do z\u00e1soby a dr\u017e\u00edme je SKLADOM.<\/p>\n","protected":false},"author":2,"featured_media":17111,"parent":7912,"menu_order":0,"comment_status":"closed","ping_status":"closed","template":"page-template\/page-storage.php","meta":{"_acf_changed":false,"inline_featured_image":false,"footnotes":""},"class_list":["post-16061","page","type-page","status-publish","has-post-thumbnail","hentry"],"acf":[],"aioseo_notices":[],"_links":{"self":[{"href":"https:\/\/alba.progresium.cz\/sk\/wp-json\/wp\/v2\/pages\/16061","targetHints":{"allow":["GET"]}}],"collection":[{"href":"https:\/\/alba.progresium.cz\/sk\/wp-json\/wp\/v2\/pages"}],"about":[{"href":"https:\/\/alba.progresium.cz\/sk\/wp-json\/wp\/v2\/types\/page"}],"author":[{"embeddable":true,"href":"https:\/\/alba.progresium.cz\/sk\/wp-json\/wp\/v2\/users\/2"}],"replies":[{"embeddable":true,"href":"https:\/\/alba.progresium.cz\/sk\/wp-json\/wp\/v2\/comments?post=16061"}],"version-history":[{"count":9,"href":"https:\/\/alba.progresium.cz\/sk\/wp-json\/wp\/v2\/pages\/16061\/revisions"}],"predecessor-version":[{"id":52050,"href":"https:\/\/alba.progresium.cz\/sk\/wp-json\/wp\/v2\/pages\/16061\/revisions\/52050"}],"up":[{"embeddable":true,"href":"https:\/\/alba.progresium.cz\/sk\/wp-json\/wp\/v2\/pages\/7912"}],"wp:featuredmedia":[{"embeddable":true,"href":"https:\/\/alba.progresium.cz\/sk\/wp-json\/wp\/v2\/media\/17111"}],"wp:attachment":[{"href":"https:\/\/alba.progresium.cz\/sk\/wp-json\/wp\/v2\/media?parent=16061"}],"curies":[{"name":"wp","href":"https:\/\/api.w.org\/{rel}","templated":true}]}}