{"id":13313,"date":"2022-01-07T17:57:48","date_gmt":"2022-01-07T16:57:48","guid":{"rendered":"https:\/\/alba.progresium.cz\/o-nas\/ochrana-soukromi\/"},"modified":"2024-08-06T15:39:47","modified_gmt":"2024-08-06T13:39:47","slug":"ochrana-osobnych-udajov","status":"publish","type":"page","link":"https:\/\/alba.progresium.cz\/sk\/o-nas\/ochrana-osobnych-udajov\/","title":{"rendered":"Ochrana osobn\u00fdch \u00fadajov"},"content":{"rendered":"\t\t<div data-elementor-type=\"wp-page\" data-elementor-id=\"13313\" class=\"elementor elementor-13313 elementor-257\" data-elementor-post-type=\"page\">\n\t\t\t\t\t\t<section class=\"elementor-section elementor-top-section elementor-element elementor-element-40868971 header_section elementor-section-boxed elementor-section-height-default elementor-section-height-default\" data-id=\"40868971\" data-element_type=\"section\" data-e-type=\"section\">\n\t\t\t\t\t\t<div class=\"elementor-container elementor-column-gap-default\">\n\t\t\t\t\t<div class=\"elementor-column elementor-col-100 elementor-top-column elementor-element elementor-element-7e039a24\" data-id=\"7e039a24\" data-element_type=\"column\" data-e-type=\"column\" data-settings=\"{&quot;background_background&quot;:&quot;classic&quot;}\">\n\t\t\t<div class=\"elementor-widget-wrap elementor-element-populated\">\n\t\t\t\t\t\t<section class=\"elementor-section elementor-inner-section elementor-element elementor-element-6cf47bd5 elementor-section-boxed elementor-section-height-default elementor-section-height-default\" data-id=\"6cf47bd5\" data-element_type=\"section\" data-e-type=\"section\">\n\t\t\t\t\t\t<div class=\"elementor-container elementor-column-gap-default\">\n\t\t\t\t\t<div class=\"elementor-column elementor-col-50 elementor-inner-column elementor-element elementor-element-1eb95330\" data-id=\"1eb95330\" data-element_type=\"column\" data-e-type=\"column\" data-settings=\"{&quot;background_background&quot;:&quot;classic&quot;}\">\n\t\t\t<div class=\"elementor-widget-wrap elementor-element-populated\">\n\t\t\t\t\t\t<div class=\"elementor-element elementor-element-737df617 elementor-widget elementor-widget-heading\" data-id=\"737df617\" data-element_type=\"widget\" data-e-type=\"widget\" data-widget_type=\"heading.default\">\n\t\t\t\t<div class=\"elementor-widget-container\">\n\t\t\t\t\t<h1 class=\"elementor-heading-title elementor-size-default\">Ochrana osobn\u00fdch \u00fadajov<\/h1>\t\t\t\t<\/div>\n\t\t\t\t<\/div>\n\t\t\t\t\t<\/div>\n\t\t<\/div>\n\t\t\t\t<div class=\"elementor-column elementor-col-50 elementor-inner-column elementor-element elementor-element-11dabe2b\" data-id=\"11dabe2b\" data-element_type=\"column\" data-e-type=\"column\">\n\t\t\t<div class=\"elementor-widget-wrap\">\n\t\t\t\t\t\t\t<\/div>\n\t\t<\/div>\n\t\t\t\t\t<\/div>\n\t\t<\/section>\n\t\t\t\t\t<\/div>\n\t\t<\/div>\n\t\t\t\t\t<\/div>\n\t\t<\/section>\n\t\t\t\t<section class=\"elementor-section elementor-top-section elementor-element elementor-element-385ef7af dual_c elementor-section-boxed elementor-section-height-default elementor-section-height-default\" data-id=\"385ef7af\" data-element_type=\"section\" data-e-type=\"section\">\n\t\t\t\t\t\t<div class=\"elementor-container elementor-column-gap-default\">\n\t\t\t\t\t<div class=\"elementor-column elementor-col-100 elementor-top-column elementor-element elementor-element-3ee86ec7\" data-id=\"3ee86ec7\" data-element_type=\"column\" data-e-type=\"column\">\n\t\t\t<div class=\"elementor-widget-wrap elementor-element-populated\">\n\t\t\t\t\t\t<div class=\"elementor-element elementor-element-fd1c6a3 elementor-widget elementor-widget-text-editor\" data-id=\"fd1c6a3\" data-element_type=\"widget\" data-e-type=\"widget\" data-widget_type=\"text-editor.default\">\n\t\t\t\t<div class=\"elementor-widget-container\">\n\t\t\t\t\t\t\t\t\t<div>\n<p>Te\u0161\u00ed n\u00e1s, \u017ee ste nav\u0161t\u00edvili internetov\u00fa str\u00e1nku spolo\u010dnosti ALBA CR spol. s r.o. a \u017ee m\u00e1te z\u00e1ujem o na\u0161u spolo\u010dnos\u0165. Ochrana osobn\u00fdch \u00fadajov pre n\u00e1s predstavuje z\u00e1va\u017en\u00fa t\u00e9mu a radi V\u00e1m poskytneme inform\u00e1cie o tom, ako s Va\u0161imi osobn\u00fdmi \u00fadajmi naklad\u00e1me, aj o Va\u0161ich pr\u00e1vach t\u00fdkaj\u00facich sa ochrany osobn\u00fdch \u00fadajov.<\/p>\n<p>K d\u00e1tumu 25. 5. 2018 nadob\u00fada \u00fa\u010dinnos\u0165 Nariadenie (EU) 2016\/679 z 27. apr\u00edla 2016, tj. v\u0161eobecn\u00e9 nariadenie o ochrane osobn\u00fdch \u00fadajov, inak zn\u00e1me pod skratkou GDPR).<\/p>\n<p>T\u00fdmto d\u0148om zverej\u0148ujeme ako Spr\u00e1vca osobn\u00fdch \u00fadajov a Prev\u00e1dzkovate\u013e internetov\u00fdch str\u00e1nok <a href=\"https:\/\/alba.progresium.cz\">www.alba.progresium.cz<\/a><\/p>\n<h2>&nbsp;<\/h2>\n<h2><strong>VYHL\u00c1SENIE O SPRACOV\u00c1N\u00cd OSOBN\u00ddCH \u00daDAJOV V SPOLO\u010cNOSTI ALBA CR SPOL. S R.O.,<\/strong><\/h2>\n<p>ktor\u00e1 objas\u0148uje Subjektom osobn\u00fdch \u00fadajov a U\u017e\u00edvate\u013eom webov\u00fdch str\u00e1nok:<\/p>\n<p>&#8211; rozsah a zdroje zhroma\u017e\u010fovan\u00fdch osobn\u00fdch \u00fadajov,<\/p>\n<p>&#8211; \u00fa\u010del zhroma\u017e\u010fovania osobn\u00fdch \u00fadajov,<\/p>\n<p>&#8211; sp\u00f4sob spracovania a uchov\u00e1vania osobn\u00fdch \u00fadajov,<\/p>\n<p>&#8211; prenos osobn\u00fdch \u00fadajov,<\/p>\n<p>&#8211; dobu uchov\u00e1vania osobn\u00fdch \u00fadajov,<\/p>\n<p>&#8211; pr\u00e1va subjektov osobn\u00fdch \u00fadajov<\/p>\n<p>&#8211; pou\u017e\u00edvanie cookies<\/p>\n<p>&#8211; zmeny v politike ochrany osobn\u00fdch \u00fadajov<\/p>\n<p>&#8211; defin\u00edciu pojmov na \u00fa\u010dely Vyhl\u00e1senia o spracovan\u00ed osobn\u00fdch \u00fadajov v spolo\u010dnosti ALBA CR spol. s r.o.<\/p>\n<h4>&nbsp;<\/h4>\n<p><strong>ROZSAH A ZDROJE ZHROMA\u017d\u010eOVAN\u00ddCH OSOBN\u00ddCH \u00daDAJOV<\/strong><\/p>\n<p>1) Ak nav\u0161t\u00edvite internetov\u00fa str\u00e1nku <a href=\"https:\/\/alba.progresium.cz\">www.alba.progresium.cz<\/a> , webov\u00fd server uchov\u00e1va nasleduj\u00face \u00fadaje vo svojom v\u00fdchodiskovom nastaven\u00ed:<\/p>\n<p>&#8211; n\u00e1zov v\u00e1\u0161ho poskytovate\u013ea internetov\u00fdch slu\u017eieb<\/p>\n<p>&#8211; adresu webovej str\u00e1nky, z ktorej ste n\u00e1s nav\u0161t\u00edvili<\/p>\n<p>&#8211; adresu webovej str\u00e1nky, na ktor\u00fa prejdete z na\u0161ej<\/p>\n<p>&#8211; Va\u0161u IP adresu<\/p>\n<p>Tieto v\u0161eobecn\u00e9 inform\u00e1cie sa zhroma\u017e\u010fuj\u00fa automaticky na webovom serveri a nevyu\u017e\u00edvaj\u00fa sa v zmysle osobn\u00fdch \u00fadajov.<\/p>\n<p>2) V pr\u00edpade Va\u0161ich ot\u00e1zok \u010di pripomienok ozn\u00e1men\u00fdch n\u00e1m osobne, telefonicky, e-mailom, pomocou webov\u00e9ho formul\u00e1ra Ot\u00e1zka k produktu \u010di inou formou internetovej komunik\u00e1cie (chat, soci\u00e1lne siete, apod.) zhroma\u017e\u010fujeme tieto osobn\u00e9 d\u00e1ta:<\/p>\n<p>&#8211; Va\u0161e identifika\u010dn\u00e9 \u00fadaje (meno a priezvisko)<\/p>\n<p>&#8211; Va\u0161e kontaktn\u00e9 \u00fadaje (e-mailov\u00e1 adresa)<\/p>\n<p>&#8211; pr\u00edpadne \u010fal\u0161ie kontaktn\u00e9 \u00fadaje z Va\u0161ej signat\u00fary (napr. adresa, telef\u00f3n)<\/p>\n<p>&#8211; pr\u00edpadne \u010fal\u0161ie osobn\u00e9 \u00fadaje, ktor\u00e9 n\u00e1m ozn\u00e1mite \u00fastnou \u010di telefonickou formou (napr. Va\u0161e adresn\u00e9 \u00fadaje)<\/p>\n<p>Tieto osobn\u00e9 \u00fadaje zhroma\u017e\u010fujeme iba vtedy, ak n\u00e1m ich poskytnete Vy (na z\u00e1klade vyplnenia formul\u00e1ra Ot\u00e1zka k produktu, zaslanie e-mailu \u010di inej formy internetovej komunik\u00e1cie \u2013 chat, soci\u00e1lne siete, apod.). Bez t\u00fdchto \u00fadajov by sme neboli schopn\u00ed reagova\u0165 na Va\u0161e ot\u00e1zky a pripomienky.<\/p>\n<p>3) V pr\u00edpade vz\u00e1jomn\u00e9ho zmluvn\u00e9ho obchodn\u00e9ho vz\u0165ahu (vr\u00e1tane dopytov, objedn\u00e1vok, reklam\u00e1ci\u00ed, apod.) zhroma\u017e\u010fujeme tieto osobn\u00e9 \u00fadaje:<\/p>\n<p>&#8211; Va\u0161e identifika\u010dn\u00e9 \u00fadaje (meno a priezvisko)<\/p>\n<p>&#8211; Va\u0161e adresn\u00e9 \u00fadaje<\/p>\n<p>&#8211; Va\u0161e kontaktn\u00e9 \u00fadaje (e-mailov\u00e1 adresa, telef\u00f3n)<\/p>\n<p>&#8211; \u010fal\u0161ie \u00fadaje nutn\u00e9 pre plnenie zmluvn\u00e9ho vz\u0165ahu (napr. bankov\u00e9 spojenie, \u00fadaje z Va\u0161ej vizitky)<\/p>\n<p>Tieto osobn\u00e9 \u00fadaje zhroma\u017e\u010fujeme iba vtedy, ak n\u00e1m ich poskytnete Vy (na z\u00e1klade V\u00e1\u0161ho dopytu, objedn\u00e1vky, obchodn\u00e9ho vz\u0165ahu dan\u00e9ho R\u00e1mcovou k\u00fapnou zmluvou, \u010di reklam\u00e1cie). \u010ealej v r\u00e1mci obchodnej \u010dinnosti zhroma\u017e\u010fujeme d\u00e1ta z verejne pr\u00edstupn\u00fdch registrov (napr. obchodn\u00fd register, \u017eivnostensk\u00fd register, verejn\u00fd telef\u00f3nny zoznam). Bez t\u00fdchto \u00fadajov by sme neboli schopn\u00ed plni\u0165 vz\u00e1jomn\u00fd obchodn\u00fd vz\u0165ah.<\/p>\n<p>4) V pr\u00edpade person\u00e1lnych konan\u00ed zhroma\u017e\u010fujeme tieto osobn\u00e9 \u00fadaje:<\/p>\n<p>&#8211; Va\u0161e identifika\u010dn\u00e9 \u00fadaje (meno a priezvisko)<\/p>\n<p>&#8211; Va\u0161e adresn\u00e9 \u00fadaje<\/p>\n<p>&#8211; Va\u0161e kontaktn\u00e9 \u00fadaje (e-mailov\u00e1 adresa, telef\u00f3n)<\/p>\n<p>&#8211; \u00fadaje o Va\u0161ich predch\u00e1dzaj\u00facich zamestnaniach a \u0161t\u00fadiu<\/p>\n<p>&#8211; \u010fal\u0161ie osobn\u00e9 \u00fadaje z V\u00e1\u0161ho \u017eivotopisu (napr. rodinn\u00fd stav, z\u00e1\u013euby, absolvovan\u00e9 \u0161kolenia, apod.)<\/p>\n<p>&#8211; \u010fal\u0161ie \u00fadaje poskytnut\u00e9 nad r\u00e1mec z\u00e1kona a spracov\u00e1van\u00e9 v r\u00e1mci opr\u00e1vnen\u00e9ho z\u00e1ujmu Spr\u00e1vcu a \/ alebo udelen\u00e9ho s\u00fahlasu zo strany subjektu \u00fadajov (napr. fotografie)<\/p>\n<p>Tieto osobn\u00e9 \u00fadaje zhroma\u017e\u010fujeme iba vtedy, ak n\u00e1m ich poskytnete Vy (na z\u00e1klade V\u00e1\u0161ho prihl\u00e1senia do v\u00fdberov\u00e9ho konania).<\/p>\n<p>5) V pr\u00edpade zaradenia zmluvn\u00e9ho predajcu do Predajnej siete uvedenej na internetov\u00fdch str\u00e1nkach Prev\u00e1dzkovate\u013ea zhroma\u017e\u010fujeme tieto osobn\u00e9 \u00fadaje:<\/p>\n<p>&#8211; Va\u0161e identifika\u010dn\u00e9 \u00fadaje (meno a priezvisko)<\/p>\n<p>&#8211; Va\u0161e adresn\u00e9 \u00fadaje,<\/p>\n<p>&#8211; \u00fadaje o Va\u0161ej funkcii u V\u00e1\u0161ho zamestn\u00e1vate\u013ea<\/p>\n<p>&#8211; Va\u0161e kontaktn\u00e9 \u00fadaje (e-mailov\u00e1 adresa, telef\u00f3n)<\/p>\n<p>Tieto osobn\u00e9 \u00fadaje zhroma\u017e\u010fujeme iba vtedy, ak n\u00e1m ich poskytnete Vy (na z\u00e1klade vyplnenia Informovan\u00e9ho s\u00fahlasu s uveden\u00edm v predajnej sieti).<\/p>\n<p>6) V pr\u00edpade V\u00e1\u0161ho prihl\u00e1senia (pr\u00edp. \u00fa\u010dasti) do na\u0161ich marketingov\u00fdch akci\u00ed zhroma\u017e\u010fujeme tieto osobn\u00e9 d\u00e1ta:<\/p>\n<p>&#8211; Va\u0161e identifika\u010dn\u00e9 \u00fadaje (meno a priezvisko)<\/p>\n<p>&#8211; Va\u0161e kontaktn\u00e9 \u00fadaje (e-mailov\u00e1 adresa, telef\u00f3n)<\/p>\n<p>Tieto osobn\u00e9 \u00fadaje zhroma\u017e\u010fujeme iba vtedy, ak n\u00e1m ich poskytnete Vy (na z\u00e1klade V\u00e1\u0161ho prihl\u00e1senia \/ prejavenia z\u00e1ujmu o na\u0161e marketingov\u00e9 akcie).<\/p><p><br><\/p>\n<h4><strong>\u00da\u010cEL ZHROMA\u017d\u010eOVANIA OSOBN\u00ddCH \u00daDAJOV<\/strong><\/h4>\n<p>Osobn\u00e9 \u00fadaje, ktor\u00e9 sme zhroma\u017edili, bud\u00fa vyu\u017eit\u00e9 na tieto \u00fa\u010dely:<\/p>\n<p>&#8211; rokovania o zmluvnom vz\u0165ahu a obchodnej komunik\u00e1cie<\/p>\n<p>&#8211; plnenie zmluvy<\/p>\n<p>&#8211; arch\u00edvnictvo na z\u00e1klade z\u00e1kona<\/p>\n<p>&#8211; ochrana pr\u00e1v Spr\u00e1vcu (napr. vym\u00e1hanie poh\u013ead\u00e1vok Spr\u00e1vca)<\/p>\n<p>&#8211; v\u00fdberov\u00e9 konania na vo\u013en\u00e9 pracovn\u00e9 miesta<\/p>\n<p>&#8211; plnenie z\u00e1konn\u00fdch povinnost\u00ed zo strany Spr\u00e1vcu, predov\u0161etk\u00fdm na z\u00e1klade \u00fa\u010dtovn\u00fdch, da\u0148ov\u00fdch a \u010fal\u0161\u00edch pr\u00e1vnych predpisov<\/p><p>&#8211;&nbsp;&nbsp;spracovanie na hromadn\u00e9 zasielanie (priamy marketing, zasielanie bulletinov, obchodn\u00fdch ozn\u00e1men\u00ed at\u010f.)<\/p><p><br><\/p>\n<h4><strong>SP\u00d4SOB SPRACOVANIA A UCHOV\u00c1VANIA OSOBN\u00ddCH \u00daDAJOV<\/strong><\/h4>\n<p>Spracovanie osobn\u00fdch \u00fadajov vykon\u00e1va Spr\u00e1vca, prostredn\u00edctvom svojich poveren\u00fdch zamestnancov pre jednotliv\u00e9 agendy (vedenie spolo\u010dnosti, obchodn\u00e9 oddelenie, \u00fa\u010dtovn\u00e9 oddelenie, person\u00e1lne oddelenie, n\u00e1kupn\u00e9 oddelenie, marketing, logistika, reklam\u00e1cia). K Spracovaniu doch\u00e1dza prostredn\u00edctvom informa\u010dn\u00fdch technol\u00f3gi\u00ed alebo manu\u00e1lnym sp\u00f4sobom (u osobn\u00fdch \u00fadajov v listinnej podobe) za dodr\u017eania v\u0161etk\u00fdch bezpe\u010dnostn\u00fdch z\u00e1sad pre spr\u00e1vu a spracovanie osobn\u00fdch \u00fadajov. Za t\u00fdmto \u00fa\u010delom prijal Spr\u00e1vca opatrenia, aby nemohlo pr\u00eds\u0165 k neopr\u00e1vnen\u00e9mu alebo n\u00e1hodn\u00e9mu pr\u00edstupu k osobn\u00fdm \u00fadajom \u010di manipul\u00e1cii s nimi a ich zneu\u017eitiu (najm\u00e4 zabezpe\u010denie IT-syst\u00e9mu Spr\u00e1vca). Poveren\u00ed zamestnanci Spr\u00e1vca i Spracovatelia (vi\u010f. ni\u017e\u0161ie), ktor\u00fdm m\u00f4\u017eu by\u0165 osobn\u00e9 \u00fadaje spr\u00edstupnen\u00e9, re\u0161pektuj\u00fa pr\u00e1vo Subjektov \u00fadajov na ochranu s\u00fakromia a s\u00fa povinn\u00ed postupova\u0165 pod\u013ea platn\u00fdch pr\u00e1vnych predpisov t\u00fdkaj\u00facich sa ochrany osobn\u00fdch \u00fadajov.<\/p>\n<p>Automaticky poskytnut\u00e9 osobn\u00e9 \u00fadaje plyn\u00face z Va\u0161ej n\u00e1v\u0161tevy webov\u00fdch str\u00e1nok <a href=\"https:\/\/alba.progresium.cz\">www.alba.progresium.cz<\/a> s\u00fa uchovan\u00e9 u n\u00e1s a u n\u00e1\u0161ho Poskytovate\u013ea internetu.<\/p>\n<h4>&nbsp;<\/h4>\n<h4><strong>PRED\u00c1VANIE OSOBN\u00ddCH \u00daDAJOV<\/strong><\/h4>\n<p>Spr\u00e1vca odovzd\u00e1va \/ spr\u00edstup\u0148uje osobn\u00e9 \u00fadaje iba na z\u00e1klade jemu stanoven\u00fdch z\u00e1konn\u00fdch povinnost\u00ed a na z\u00e1klade spracovate\u013esk\u00fdch zml\u00fav na t\u00fdchto extern\u00fdch Spracovate\u013eov:<\/p>\n<p>&#8211; spr\u00e1vca IT-syst\u00e9mu<\/p>\n<p>&#8211; poskytovate\u013e internetu<\/p>\n<p>&#8211; \u00fa\u010dtovn\u00fd servis: za \u00fa\u010delom splnenia z\u00e1konn\u00fdch povinnost\u00ed<\/p>\n<p>&#8211; pr\u00e1vny servis: iba v r\u00e1mci opr\u00e1vnen\u00e9ho s\u00fadneho \u010di mimos\u00fadneho vym\u00e1hania poh\u013ead\u00e1vok Spr\u00e1vca<\/p>\n<p>&#8211; dopravn\u00e9 slu\u017eby: za \u00fa\u010delom dopravy tovaru v r\u00e1mci plnenia obchodn\u00e9ho vz\u0165ahu so z\u00e1kazn\u00edkmi<\/p>\n<p>&#8211; poskytovate\u013e marketingov\u00fdch slu\u017eieb<\/p>\n<p>Spracovatelia s\u00fa viazan\u00ed spracovate\u013esk\u00fdmi zmluvami a s\u00fa povinn\u00ed postupova\u0165 pod\u013ea platn\u00fdch pr\u00e1vnych predpisov t\u00fdkaj\u00facich sa ochrany osobn\u00fdch \u00fadajov a pod\u013ea platn\u00fdch firemn\u00fdch predpisov Spr\u00e1vcu.<\/p>\n<h4><strong>DOBA UCHOV\u00c1VANIA OSOBN\u00ddCH \u00daDAJOV<\/strong><\/h4>\n<p>V s\u00falade s lehotami uveden\u00fdmi v pr\u00edslu\u0161n\u00fdch zmluv\u00e1ch, \u010di v pr\u00edslu\u0161n\u00fdch pr\u00e1vnych predpisoch ide o \u010das nevyhnutne potrebn\u00fd na zabezpe\u010denie pr\u00e1v a povinnost\u00ed plyn\u00facich ako zo zmluvn\u00e9ho vz\u0165ahu, tak aj z pr\u00edslu\u0161n\u00fdch pr\u00e1vnych predpisov.<\/p>\n<p>Osobn\u00e9 \u00fadaje potenci\u00e1lnych z\u00e1kazn\u00edkov sa uchov\u00e1vaj\u00fa po dobu 3 rokov od ukon\u010denia poslednej komunik\u00e1cie z d\u00f4vodu mo\u017en\u00e9ho obnovenia obchodn\u00e9ho jednania \/ uzatvorenia zmluvy.<\/p>\n<p>Osobn\u00e9 \u00fadaje t\u00fdkaj\u00face sa obchodn\u00fdch partnerov sa uchov\u00e1vaj\u00fa po dobu 10 rokov od ukon\u010denia zmluvn\u00e9ho vz\u0165ahu z d\u00f4vodu pr\u00edpadn\u00fdch reklam\u00e1ci\u00ed, dod\u00e1vok n\u00e1hradn\u00fdch dielov, s\u00fadnych \u010di mimos\u00fadnych konan\u00ed a rokovan\u00ed o obnoven\u00ed spolupr\u00e1ce.<\/p>\n<p>V pr\u00edpade person\u00e1lnych konan\u00ed sa uchov\u00e1vaj\u00fa osobn\u00e9 \u00fadaje do doby ukon\u010denia konkr\u00e9tneho person\u00e1lneho riadenia. U vybran\u00e9ho kandid\u00e1ta sa doba uchov\u00e1vania osobn\u00fdch \u00fadajov n\u00e1sledne riadi smernicami firmy.<\/p>\n<p>V pr\u00edpade V\u00e1\u0161ho uvedenia ako zmluvn\u00e9ho predajcu v Predajnej sieti (na z\u00e1klade Va\u0161ej \u017eiadosti) sa uchov\u00e1vaj\u00fa osobn\u00e9 \u00fadaje do ukon\u010denia zmluvn\u00e9ho vz\u0165ahu (v\u00fdmazu z Predajnej siete). K osobn\u00fdm \u00fadajom v Predajnej sieti (identifika\u010dn\u00e9 a kontaktn\u00e9 \u00fadaje podnikate\u013ea \u2013 fyzick\u00e9 osoby) maj\u00fa prostredn\u00edctvom webovej datab\u00e1zy pr\u00edstup n\u00e1v\u0161tevn\u00edci webov\u00fdch str\u00e1nok <a href=\"https:\/\/alba.progresium.cz\">www.alba.progresium.cz<\/a>&nbsp;.<\/p>\n<p>V pr\u00edpade Va\u0161ej \u00fa\u010dasti na na\u0161ej marketingovej akcii \/ prejaven\u00ed z\u00e1ujmu o na\u0161u marketingov\u00fa akciu sa osobn\u00e9 \u00fadaje uchov\u00e1vaj\u00fa po dobu 3 rokov od ukon\u010denia marketingovej akcie z d\u00f4vodu optimaliz\u00e1cie pri organiz\u00e1cii n\u00e1sledn\u00fdch marketingov\u00fdch akci\u00ed.<\/p>\n<h4>&nbsp;<\/h4>\n<h4><strong>PR\u00c1VA SUBJEKTOV OSOBN\u00ddCH \u00daDAJOV<\/strong><\/h4>\n<p>Ste opr\u00e1vnen\u00ed po\u017eadova\u0165 poskytnutie inform\u00e1ci\u00ed o spracovan\u00ed Va\u0161ich osobn\u00fdch \u00fadajov (o \u00fa\u010dele spracovania, kateg\u00f3rii uchov\u00e1van\u00fdch osobn\u00fdch \u00fadajov). \u010ealej m\u00e1te pr\u00e1vo kontrolova\u0165 a opravova\u0165 v\u0161etky \u00fadaje vo vz\u0165ahu k Va\u0161ej osobe, ktor\u00e9 s\u00fa u n\u00e1s ulo\u017een\u00e9, pokia\u013e s\u00fa tieto inform\u00e1cie pod\u013ea v\u00e1\u0161ho n\u00e1zoru neaktu\u00e1lne alebo nespr\u00e1vne. M\u00e1te tie\u017e pr\u00e1vo na v\u00fdmaz ulo\u017een\u00fdch osobn\u00fdch \u00fadajov (\u201epr\u00e1vo by\u0165 zabudnut\u00fd\u201c), pokia\u013e to dovo\u013euje z\u00e1kon. Sta\u010d\u00ed, ak sa v takom pr\u00edpade obr\u00e1tite na kontaktn\u00fa osobu, ktor\u00e1 sa zaober\u00e1 ochranou osobn\u00fdch \u00fadajov v spolo\u010dnosti ALBA CR spol. s r.o., pani Sabinu Laubeov\u00fa (<a href=\"mailto:sabina.laubeova@albacr.eu\">sabina.laubeova@albacr.eu<\/a>). M\u00e1te pr\u00e1vo nahl\u00e1si\u0165 podozrenie z poru\u0161ovania ochrany osobn\u00fdch \u00fadajov dozorn\u00e9mu org\u00e1nu.<\/p>\n<h4><strong>POU\u017d\u00cdVANIE COOKIES<\/strong><\/h4>\n<p>Webov\u00e1 str\u00e1nka Prev\u00e1dzkovate\u013ea pou\u017e\u00edva cookies, ktor\u00e9 s\u00fa potrebn\u00e9 na prev\u00e1dzku internetovej str\u00e1nky.<\/p>\n<p>Pokia\u013e nechce U\u017e\u00edvate\u013e cookies pou\u017e\u00edva\u0165 alebo ak chce, aby internetov\u00fd prehliada\u010d pou\u017eitie cookies ozn\u00e1mil, mus\u00ed vo svojom internetovom prehliada\u010di vybra\u0165 pr\u00edslu\u0161n\u00fa vo\u013ebu. Ak zablokuje U\u017e\u00edvate\u013e v\u0161etky cookies, nebude m\u00f4c\u0165 vyu\u017ei\u0165 niektor\u00e9 funkcie internetov\u00fdch str\u00e1nok <a href=\"https:\/\/alba.progresium.cz\">www.alba.progresium.cz<\/a>&nbsp;.<\/p><p><br><\/p>\n<h4><strong>ZMENY V POLITIKE OCHRANY OSOBN\u00ddCH \u00daDAJOV<\/strong><\/h4>\n<p>Spr\u00e1vca \/ Prev\u00e1dzkovate\u013e si vyhradzuje pr\u00e1vo kedyko\u013evek a akoko\u013evek meni\u0165 svoju politiku ochrany osobn\u00fdch \u00fadajov, pri\u010dom aktu\u00e1lny stav bude v\u017edy uveden\u00fd na t\u00fdchto internetov\u00fdch str\u00e1nkach.<\/p><p><br><\/p>\n<h4><strong>DEFIN\u00cdCIA POJMOV NA \u00da\u010cELY VYHL\u00c1SENIA O SPRACOVAN\u00cd OSOBN\u00ddCH \u00daDAJOV V SPOLO\u010cNOSTI ALBA CR SPOL. S R.O.<\/strong><\/h4>\n<p><span style=\"text-decoration: underline;\">Spr\u00e1vca osobn\u00fdch \u00fadajov<\/span>: subjekt, ktor\u00fd ur\u010duje \u00fa\u010del a prostriedky spracovania osobn\u00fdch \u00fadajov, vykon\u00e1va za n\u00edm stanoven\u00fdm \u00fa\u010delom ich zhroma\u017e\u010fovanie, spracovanie a uchov\u00e1vanie. Spr\u00e1vca prim\u00e1rne zodpoved\u00e1 za spracovanie osobn\u00fdch \u00fadajov. Z\u00e1kladn\u00fdm nevyhnutn\u00fdm predpokladom je existencia riadneho pr\u00e1vneho d\u00f4vodu spracovania osobn\u00fdch \u00fadajov, ktor\u00fdm spr\u00e1vca mus\u00ed disponova\u0165, aby mohol osobn\u00e9 \u00fadaje spracov\u00e1va\u0165. Pre \u00fa\u010dely tohto Vyhl\u00e1senia je Spr\u00e1vcom osobn\u00fdch \u00fadajov spolo\u010dnos\u0165 ALBA CR spol. s r.o., Masarykovo n\u00e1m. 26, 250 83 \u0160kvorec, I\u010c: 629 09 134 (defin\u00edcia prevzat\u00e1 z www.gdpr.cz, upraven\u00e1)<\/p>\n<p><span style=\"text-decoration: underline;\">Subjekt osobn\u00fdch \u00fadajov<\/span>: fyzick\u00e1 osoba, ku ktorej sa osobn\u00e9 \u00fadaje vz\u0165ahuj\u00fa.<\/p>\n<p><span style=\"text-decoration: underline;\">Prev\u00e1dzkovate\u013e internetov\u00fdch str\u00e1nok<\/span>: prev\u00e1dzkovate\u013eom a vlastn\u00edkom internetov\u00fdch str\u00e1nok <a href=\"https:\/\/alba.progresium.cz\">www.alba.progresium.cz<\/a> je spolo\u010dnos\u0165 ALBA CR spol. s r.o. Prev\u00e1dzkovate\u013eovi patria v\u0161etky autorsk\u00e9 pr\u00e1va k obsahu internetov\u00fdch str\u00e1nok <a href=\"https:\/\/alba.progresium.cz\">www.alba.progresium.cz<\/a><\/p>\n<p><span style=\"text-decoration: underline;\">U\u017e\u00edvate\u013e internetov\u00fdch str\u00e1nok<\/span>: n\u00e1v\u0161tevn\u00edk internetov\u00fdch str\u00e1nok <a href=\"https:\/\/alba.progresium.cz\">www.alba.progresium.cz<\/a> \u2013 fyzick\u00e1 osoba (Subjekt osobn\u00fdch \u00fadajov).<\/p>\n<p><span style=\"text-decoration: underline;\">Poskytovate\u013e internetu<\/span>: firma sprostredkuj\u00faca pre Prev\u00e1dzkovate\u013ea internetov\u00e9 pripojenie.<\/p>\n<p><span style=\"text-decoration: underline;\">Spracovate\u013e<\/span>: kon\u00e1 pod\u013ea pokynov Spr\u00e1vcu a nesmie s\u00e1m pou\u017ei\u0165 osobn\u00e9 \u00fadaje, ur\u010di\u0165 \u00fa\u010del ich spracovania ani ich zverejni\u0165 bez v\u00fdslovn\u00e9ho s\u00fahlasu Spr\u00e1vcu, pr\u00edpadne subjektov \u00fadajov. (defin\u00edcia prevzat\u00e1 z www.gdpr.cz, upraven\u00e1)<\/p>\n<\/div>\t\t\t\t\t\t\t\t<\/div>\n\t\t\t\t<\/div>\n\t\t\t\t\t<\/div>\n\t\t<\/div>\n\t\t\t\t\t<\/div>\n\t\t<\/section>\n\t\t\t\t<section class=\"elementor-section elementor-top-section elementor-element elementor-element-254a9b0d single_c elementor-section-boxed elementor-section-height-default elementor-section-height-default\" data-id=\"254a9b0d\" data-element_type=\"section\" data-e-type=\"section\">\n\t\t\t\t\t\t<div class=\"elementor-container elementor-column-gap-default\">\n\t\t\t\t\t<div class=\"elementor-column elementor-col-100 elementor-top-column elementor-element elementor-element-4f53a689\" data-id=\"4f53a689\" data-element_type=\"column\" data-e-type=\"column\">\n\t\t\t<div class=\"elementor-widget-wrap elementor-element-populated\">\n\t\t\t\t\t\t<div class=\"elementor-element elementor-element-2ac863d7 elementor-widget elementor-widget-spacer\" data-id=\"2ac863d7\" data-element_type=\"widget\" data-e-type=\"widget\" data-widget_type=\"spacer.default\">\n\t\t\t\t<div class=\"elementor-widget-container\">\n\t\t\t\t\t\t\t<div class=\"elementor-spacer\">\n\t\t\t<div class=\"elementor-spacer-inner\"><\/div>\n\t\t<\/div>\n\t\t\t\t\t\t<\/div>\n\t\t\t\t<\/div>\n\t\t\t\t\t<\/div>\n\t\t<\/div>\n\t\t\t\t\t<\/div>\n\t\t<\/section>\n\t\t\t\t<\/div>\n\t\t","protected":false},"excerpt":{"rendered":"<p>Te\u0161\u00ed n\u00e1s, \u017ee ste nav\u0161t\u00edvili internetov\u00fa str\u00e1nku spolo\u010dnosti ALBA CR spol. s r.o. a \u017ee m\u00e1te z\u00e1ujem o na\u0161u spolo\u010dnos\u0165. Ochrana osobn\u00fdch \u00fadajov pre n\u00e1s predstavuje z\u00e1va\u017en\u00fa t\u00e9mu a radi V\u00e1m poskytneme inform\u00e1cie o tom, ako s Va\u0161imi osobn\u00fdmi \u00fadajmi naklad\u00e1me, aj o Va\u0161ich pr\u00e1vach t\u00fdkaj\u00facich sa ochrany osobn\u00fdch \u00fadajov. K d\u00e1tumu 25. 5. 2018 [&hellip;]<\/p>\n","protected":false},"author":1,"featured_media":0,"parent":7839,"menu_order":26,"comment_status":"closed","ping_status":"closed","template":"","meta":{"_acf_changed":false,"inline_featured_image":false,"footnotes":""},"class_list":["post-13313","page","type-page","status-publish","hentry"],"acf":[],"aioseo_notices":[],"_links":{"self":[{"href":"https:\/\/alba.progresium.cz\/sk\/wp-json\/wp\/v2\/pages\/13313","targetHints":{"allow":["GET"]}}],"collection":[{"href":"https:\/\/alba.progresium.cz\/sk\/wp-json\/wp\/v2\/pages"}],"about":[{"href":"https:\/\/alba.progresium.cz\/sk\/wp-json\/wp\/v2\/types\/page"}],"author":[{"embeddable":true,"href":"https:\/\/alba.progresium.cz\/sk\/wp-json\/wp\/v2\/users\/1"}],"replies":[{"embeddable":true,"href":"https:\/\/alba.progresium.cz\/sk\/wp-json\/wp\/v2\/comments?post=13313"}],"version-history":[{"count":5,"href":"https:\/\/alba.progresium.cz\/sk\/wp-json\/wp\/v2\/pages\/13313\/revisions"}],"predecessor-version":[{"id":37313,"href":"https:\/\/alba.progresium.cz\/sk\/wp-json\/wp\/v2\/pages\/13313\/revisions\/37313"}],"up":[{"embeddable":true,"href":"https:\/\/alba.progresium.cz\/sk\/wp-json\/wp\/v2\/pages\/7839"}],"wp:attachment":[{"href":"https:\/\/alba.progresium.cz\/sk\/wp-json\/wp\/v2\/media?parent=13313"}],"curies":[{"name":"wp","href":"https:\/\/api.w.org\/{rel}","templated":true}]}}