{"id":13170,"date":"2022-01-07T17:57:00","date_gmt":"2022-01-07T16:57:00","guid":{"rendered":"https:\/\/alba.progresium.cz\/o-nas\/legal-notice\/"},"modified":"2025-10-15T11:44:21","modified_gmt":"2025-10-15T09:44:21","slug":"prevadzkovatel-stranky","status":"publish","type":"page","link":"https:\/\/alba.progresium.cz\/sk\/o-nas\/prevadzkovatel-stranky\/","title":{"rendered":"Prev\u00e1dzkovate\u013e str\u00e1nky"},"content":{"rendered":"\t\t<div data-elementor-type=\"wp-page\" data-elementor-id=\"13170\" class=\"elementor elementor-13170 elementor-255\" data-elementor-post-type=\"page\">\n\t\t\t\t\t\t<section class=\"elementor-section elementor-top-section elementor-element elementor-element-4d371909 header_section elementor-section-boxed elementor-section-height-default elementor-section-height-default\" data-id=\"4d371909\" data-element_type=\"section\" data-e-type=\"section\">\n\t\t\t\t\t\t<div class=\"elementor-container elementor-column-gap-default\">\n\t\t\t\t\t<div class=\"elementor-column elementor-col-100 elementor-top-column elementor-element elementor-element-464f2326\" data-id=\"464f2326\" data-element_type=\"column\" data-e-type=\"column\" data-settings=\"{&quot;background_background&quot;:&quot;classic&quot;}\">\n\t\t\t<div class=\"elementor-widget-wrap elementor-element-populated\">\n\t\t\t\t\t\t<section class=\"elementor-section elementor-inner-section elementor-element elementor-element-334b97cc elementor-section-boxed elementor-section-height-default elementor-section-height-default\" data-id=\"334b97cc\" data-element_type=\"section\" data-e-type=\"section\">\n\t\t\t\t\t\t<div class=\"elementor-container elementor-column-gap-default\">\n\t\t\t\t\t<div class=\"elementor-column elementor-col-50 elementor-inner-column elementor-element elementor-element-479103a1\" data-id=\"479103a1\" data-element_type=\"column\" data-e-type=\"column\" data-settings=\"{&quot;background_background&quot;:&quot;classic&quot;}\">\n\t\t\t<div class=\"elementor-widget-wrap elementor-element-populated\">\n\t\t\t\t\t\t<div class=\"elementor-element elementor-element-723c3bf7 elementor-widget elementor-widget-heading\" data-id=\"723c3bf7\" data-element_type=\"widget\" data-e-type=\"widget\" data-widget_type=\"heading.default\">\n\t\t\t\t<div class=\"elementor-widget-container\">\n\t\t\t\t\t<h1 class=\"elementor-heading-title elementor-size-default\">Prev\u00e1dzkovate\u013e str\u00e1nky<\/h1>\t\t\t\t<\/div>\n\t\t\t\t<\/div>\n\t\t\t\t\t<\/div>\n\t\t<\/div>\n\t\t\t\t<div class=\"elementor-column elementor-col-50 elementor-inner-column elementor-element elementor-element-4abbe3d5\" data-id=\"4abbe3d5\" data-element_type=\"column\" data-e-type=\"column\">\n\t\t\t<div class=\"elementor-widget-wrap\">\n\t\t\t\t\t\t\t<\/div>\n\t\t<\/div>\n\t\t\t\t\t<\/div>\n\t\t<\/section>\n\t\t\t\t\t<\/div>\n\t\t<\/div>\n\t\t\t\t\t<\/div>\n\t\t<\/section>\n\t\t\t\t<section class=\"elementor-section elementor-top-section elementor-element elementor-element-197c9651 dual_c elementor-section-boxed elementor-section-height-default elementor-section-height-default\" data-id=\"197c9651\" data-element_type=\"section\" data-e-type=\"section\">\n\t\t\t\t\t\t<div class=\"elementor-container elementor-column-gap-default\">\n\t\t\t\t\t<div class=\"elementor-column elementor-col-100 elementor-top-column elementor-element elementor-element-6cf3d620\" data-id=\"6cf3d620\" data-element_type=\"column\" data-e-type=\"column\">\n\t\t\t<div class=\"elementor-widget-wrap elementor-element-populated\">\n\t\t\t\t\t\t<div class=\"elementor-element elementor-element-1ecd7884 elementor-widget elementor-widget-text-editor\" data-id=\"1ecd7884\" data-element_type=\"widget\" data-e-type=\"widget\" data-widget_type=\"text-editor.default\">\n\t\t\t\t<div class=\"elementor-widget-container\">\n\t\t\t\t\t\t\t\t\t<p>Vlastn\u00edkom a prev\u00e1dzkovate\u013eom internetov\u00fdch str\u00e1nok&nbsp;<a href=\"https:\/\/alba.progresium.cz\"> www.alba.progresium.cz<\/a>&nbsp;&nbsp;je:<\/p>\n<p><strong>ALBA CR spol. s r. o.<\/strong><br>Masarykovo n\u00e1m\u011bst\u00ed 26<br>CZ-250 83 \u0160kvorec<br>Tel.: +420 224 284 026 &#8211; 8<br>E-mail:&nbsp;info@albacr.eu<br>I\u010cO: 629 09 134<br>DI\u010c: CZ629 09 134<\/p>\n<p>Spolo\u010dnos\u0165 je zap\u00edsan\u00e1 v obchodnom registri Okresn\u00e9ho s\u00fadu v Prahe, oddiel C, vlo\u017eka 34750.<\/p>\n<p>Konatelia spolo\u010dnosti: Milan Laube, Franti\u0161ek Laube, Sabina den Brinker.&nbsp;<span class=\"preformatted\">Konatelia zastupuj\u00fa spolo\u010dnos\u0165 vo v\u0161etk\u00fdch veciach samostatne.<\/span><\/p>\n<p>\u010eal\u0161ie kontakty n\u00e1jdete&nbsp;<a href=\"https:\/\/alba.progresium.cz\/sk\/kontakt\/\" target=\"_blank\" rel=\"noopener\">TU<\/a>.<\/p>\n<p><strong>Vyl\u00fa\u010denie ru\u010denia za nespr\u00e1vnos\u0165 obsahu<\/strong><\/p>\n<p>Spolo\u010dnos\u0165 ALBA CR spol. s r.o. si vyhradzuje pr\u00e1vo kedyko\u013evek aj bez predch\u00e1dzaj\u00faceho ozn\u00e1menia meni\u0165 obsah webov\u00fdch str\u00e1nok a neru\u010d\u00ed za bezchybnos\u0165, aktu\u00e1lnos\u0165 a presnos\u0165 inform\u00e1ci\u00ed obsiahnut\u00fdch na t\u00fdchto webov\u00fdch str\u00e1nkach. Z\u00e1rove\u0148 spolo\u010dnos\u0165 nepreber\u00e1 ru\u010denie za odpor\u00fa\u010dania \u010di v\u00fdsledky anal\u00fdz uveden\u00fdch na t\u00fdchto internetov\u00fdch str\u00e1nkach.<\/p>\n<p>Spolo\u010dnos\u0165 ALBA CR spol. s r. o. sa sna\u017e\u00ed udr\u017eiava\u0165 str\u00e1nky st\u00e1le dostupn\u00e9, nie je to ale jej povinnos\u0165ou. Spolo\u010dnos\u0165 ALBA CR spol. s r. o. je opr\u00e1vnen\u00e1 obmedzi\u0165 alebo vyl\u00fa\u010di\u0165 pod\u013ea vlastn\u00e9ho uv\u00e1\u017eenia disponibilnos\u0165 a pou\u017e\u00edvanie internetovej str\u00e1nky a neru\u010d\u00ed za \u0161kody, ktor\u00e9 by mohli vyplyn\u00fa\u0165 z obmedzenia alebo nedostupnosti str\u00e1nok.<\/p>\n<p>Internetov\u00e9 str\u00e1nky obsahuj\u00fa aj odkazy na in\u00e9, extern\u00e9 internetov\u00e9 str\u00e1nky.&nbsp;Spolo\u010dnos\u0165 ALBA CR spol. s r. o. nenesie zodpovednos\u0165 za \u00fadaje uveden\u00e9 na in\u00fdch internetov\u00fdch str\u00e1nkach, ako aj za ochranu osobn\u00fdch \u00fadajov na extern\u00fdch internetov\u00fdch str\u00e1nkach.<\/p>\n<p><strong>Ochrana osobn\u00fdch \u00fadajov<\/strong><\/p>\n<p>Osobn\u00e9 \u00fadaje vyu\u017e\u00edvan\u00e9 na t\u00fdchto webov\u00fdch str\u00e1nkach bud\u00fa pou\u017eit\u00e9 v\u017edy len v s\u00falade so v\u0161eobecne z\u00e1v\u00e4zn\u00fdmi pr\u00e1vnymi predpismi.<\/p>\n<p><strong>Autorsk\u00e9 pr\u00e1va<\/strong><\/p>\n<p>Prev\u00e1dzkovate\u013eovi patria v\u0161etky autorsk\u00e9 pr\u00e1va ku kompletn\u00e9mu obsahu internetov\u00fdch str\u00e1nok&nbsp;<a href=\"https:\/\/www.albacr.eu\/sk\/\" target=\"_blank\" rel=\"noopener\">www.albasr.eu<\/a>, vr\u00e1tane textov, fotografi\u00ed, dizajnu str\u00e1nok, grafiky i sp\u00f4sobu usporiadania t\u00fdchto webov\u00fdch str\u00e1nok.<\/p>\n<p>Zverejnenie ak\u00fdchko\u013evek \u00fadajov \u010di inform\u00e1ci\u00ed na str\u00e1nkach <a href=\"https:\/\/alba.progresium.cz\">www.alba.progresium.cz<\/a> nem\u00e1 povahu \u017eiadneho pr\u00e1vneho \u00fakonu, ak nebude v jednotliv\u00fdch pr\u00edpadoch v\u00fdslovne stanoven\u00e9 inak.<\/p>\t\t\t\t\t\t\t\t<\/div>\n\t\t\t\t<\/div>\n\t\t\t\t\t<\/div>\n\t\t<\/div>\n\t\t\t\t\t<\/div>\n\t\t<\/section>\n\t\t\t\t<section class=\"elementor-section elementor-top-section elementor-element elementor-element-12104075 single_c elementor-section-boxed elementor-section-height-default elementor-section-height-default\" data-id=\"12104075\" data-element_type=\"section\" data-e-type=\"section\">\n\t\t\t\t\t\t<div class=\"elementor-container elementor-column-gap-default\">\n\t\t\t\t\t<div class=\"elementor-column elementor-col-100 elementor-top-column elementor-element elementor-element-215118fe\" data-id=\"215118fe\" data-element_type=\"column\" data-e-type=\"column\">\n\t\t\t<div class=\"elementor-widget-wrap elementor-element-populated\">\n\t\t\t\t\t\t<div class=\"elementor-element elementor-element-76fcfe16 elementor-widget elementor-widget-spacer\" data-id=\"76fcfe16\" data-element_type=\"widget\" data-e-type=\"widget\" data-widget_type=\"spacer.default\">\n\t\t\t\t<div class=\"elementor-widget-container\">\n\t\t\t\t\t\t\t<div class=\"elementor-spacer\">\n\t\t\t<div class=\"elementor-spacer-inner\"><\/div>\n\t\t<\/div>\n\t\t\t\t\t\t<\/div>\n\t\t\t\t<\/div>\n\t\t\t\t\t<\/div>\n\t\t<\/div>\n\t\t\t\t\t<\/div>\n\t\t<\/section>\n\t\t\t\t<\/div>\n\t\t","protected":false},"excerpt":{"rendered":"<p>Vlastn\u00edkom a prev\u00e1dzkovate\u013eom internetov\u00fdch str\u00e1nok&nbsp; www.alba.progresium.cz&nbsp;&nbsp;je: ALBA CR spol. s r. o.Masarykovo n\u00e1m\u011bst\u00ed 26CZ-250 83 \u0160kvorecTel.: +420 224 284 026 &#8211; 8E-mail:&nbsp;info@albacr.euI\u010cO: 629 09 134DI\u010c: CZ629 09 134 Spolo\u010dnos\u0165 je zap\u00edsan\u00e1 v obchodnom registri Okresn\u00e9ho s\u00fadu v Prahe, oddiel C, vlo\u017eka 34750. Konatelia spolo\u010dnosti: Milan Laube, Franti\u0161ek Laube, Sabina den Brinker.&nbsp;Konatelia zastupuj\u00fa spolo\u010dnos\u0165 vo v\u0161etk\u00fdch [&hellip;]<\/p>\n","protected":false},"author":1,"featured_media":0,"parent":7839,"menu_order":27,"comment_status":"closed","ping_status":"closed","template":"","meta":{"_acf_changed":false,"inline_featured_image":false,"footnotes":""},"class_list":["post-13170","page","type-page","status-publish","hentry"],"acf":[],"aioseo_notices":[],"_links":{"self":[{"href":"https:\/\/alba.progresium.cz\/sk\/wp-json\/wp\/v2\/pages\/13170","targetHints":{"allow":["GET"]}}],"collection":[{"href":"https:\/\/alba.progresium.cz\/sk\/wp-json\/wp\/v2\/pages"}],"about":[{"href":"https:\/\/alba.progresium.cz\/sk\/wp-json\/wp\/v2\/types\/page"}],"author":[{"embeddable":true,"href":"https:\/\/alba.progresium.cz\/sk\/wp-json\/wp\/v2\/users\/1"}],"replies":[{"embeddable":true,"href":"https:\/\/alba.progresium.cz\/sk\/wp-json\/wp\/v2\/comments?post=13170"}],"version-history":[{"count":8,"href":"https:\/\/alba.progresium.cz\/sk\/wp-json\/wp\/v2\/pages\/13170\/revisions"}],"predecessor-version":[{"id":49045,"href":"https:\/\/alba.progresium.cz\/sk\/wp-json\/wp\/v2\/pages\/13170\/revisions\/49045"}],"up":[{"embeddable":true,"href":"https:\/\/alba.progresium.cz\/sk\/wp-json\/wp\/v2\/pages\/7839"}],"wp:attachment":[{"href":"https:\/\/alba.progresium.cz\/sk\/wp-json\/wp\/v2\/media?parent=13170"}],"curies":[{"name":"wp","href":"https:\/\/api.w.org\/{rel}","templated":true}]}}