{"id":7726,"date":"2022-04-08T20:33:45","date_gmt":"2022-04-08T18:33:45","guid":{"rendered":"https:\/\/alba.progresium.cz\/?page_id=7726"},"modified":"2026-01-29T11:22:10","modified_gmt":"2026-01-29T10:22:10","slug":"fuer-partner","status":"publish","type":"page","link":"https:\/\/alba.progresium.cz\/de\/fuer-partner\/","title":{"rendered":"F\u00fcr Partner"},"content":{"rendered":"\t\t<div data-elementor-type=\"wp-page\" data-elementor-id=\"7726\" class=\"elementor elementor-7726 elementor-14\" data-elementor-post-type=\"page\">\n\t\t\t\t\t\t<section class=\"elementor-section elementor-top-section elementor-element elementor-element-53b3df2 single_c elementor-section-boxed elementor-section-height-default elementor-section-height-default\" data-id=\"53b3df2\" data-element_type=\"section\" data-e-type=\"section\">\n\t\t\t\t\t\t<div class=\"elementor-container elementor-column-gap-default\">\n\t\t\t\t\t<div class=\"elementor-column elementor-col-100 elementor-top-column elementor-element elementor-element-85b5c8b\" data-id=\"85b5c8b\" data-element_type=\"column\" data-e-type=\"column\">\n\t\t\t<div class=\"elementor-widget-wrap\">\n\t\t\t\t\t\t\t<\/div>\n\t\t<\/div>\n\t\t\t\t\t<\/div>\n\t\t<\/section>\n\t\t\t\t<section class=\"elementor-section elementor-top-section elementor-element elementor-element-d5ccf80 elementor-section-boxed elementor-section-height-default elementor-section-height-default\" data-id=\"d5ccf80\" data-element_type=\"section\" data-e-type=\"section\">\n\t\t\t\t\t\t<div class=\"elementor-container elementor-column-gap-default\">\n\t\t\t\t\t<div class=\"elementor-column elementor-col-100 elementor-top-column elementor-element elementor-element-e764515\" data-id=\"e764515\" data-element_type=\"column\" data-e-type=\"column\">\n\t\t\t<div class=\"elementor-widget-wrap elementor-element-populated\">\n\t\t\t\t\t\t<div class=\"elementor-element elementor-element-1527458 elementor-widget elementor-widget-ucaddon_alba_perex\" data-id=\"1527458\" data-element_type=\"widget\" data-e-type=\"widget\" data-widget_type=\"ucaddon_alba_perex.default\">\n\t\t\t\t<div class=\"elementor-widget-container\">\n\t\t\t\t\t\n<!-- start ALBA perex -->\n\n<div class=\"article_perex\">Erhalten Sie weitere Informationen und Unterst\u00fctzung direkt vom Hersteller f\u00fcr die erfolgreiche Umsetzung Ihrer Projekte.<\/div>\n<!-- end ALBA perex -->\t\t\t\t<\/div>\n\t\t\t\t<\/div>\n\t\t\t\t<div class=\"elementor-element elementor-element-b3eccf4 elementor-grid-2 elementor-grid-tablet-2 elementor-grid-mobile-1 elementor-posts--thumbnail-top elementor-card-shadow-yes elementor-posts__hover-gradient elementor-widget elementor-widget-posts\" data-id=\"b3eccf4\" data-element_type=\"widget\" data-e-type=\"widget\" data-settings=\"{&quot;cards_columns&quot;:&quot;2&quot;,&quot;cards_columns_tablet&quot;:&quot;2&quot;,&quot;cards_columns_mobile&quot;:&quot;1&quot;,&quot;cards_row_gap&quot;:{&quot;unit&quot;:&quot;px&quot;,&quot;size&quot;:35,&quot;sizes&quot;:[]},&quot;cards_row_gap_tablet&quot;:{&quot;unit&quot;:&quot;px&quot;,&quot;size&quot;:&quot;&quot;,&quot;sizes&quot;:[]},&quot;cards_row_gap_mobile&quot;:{&quot;unit&quot;:&quot;px&quot;,&quot;size&quot;:&quot;&quot;,&quot;sizes&quot;:[]}}\" data-widget_type=\"posts.cards\">\n\t\t\t\t<div class=\"elementor-widget-container\">\n\t\t\t\t\t\t\t<div class=\"elementor-posts-container elementor-posts elementor-posts--skin-cards elementor-grid\" role=\"list\">\n\t\t\t\t<article class=\"elementor-post elementor-grid-item post-7728 page type-page status-publish has-post-thumbnail hentry\" role=\"listitem\">\n\t\t\t<div class=\"elementor-post__card\">\n\t\t\t\t<a class=\"elementor-post__thumbnail__link\" href=\"https:\/\/alba.progresium.cz\/de\/fuer-partner\/materiale-und-oberflaechen\/\" tabindex=\"-1\" ><div class=\"elementor-post__thumbnail\"><img fetchpriority=\"high\" decoding=\"async\" width=\"768\" height=\"432\" src=\"https:\/\/alba.progresium.cz\/wp-content\/uploads\/2022\/02\/DSC05363-768x432.jpg\" class=\"attachment-medium_large size-medium_large wp-image-3432\" alt=\"\" srcset=\"https:\/\/alba.progresium.cz\/wp-content\/uploads\/2022\/02\/DSC05363-768x432.jpg 768w, https:\/\/alba.progresium.cz\/wp-content\/uploads\/2022\/02\/DSC05363-300x169.jpg 300w, https:\/\/alba.progresium.cz\/wp-content\/uploads\/2022\/02\/DSC05363-1024x576.jpg 1024w, https:\/\/alba.progresium.cz\/wp-content\/uploads\/2022\/02\/DSC05363-1536x864.jpg 1536w, https:\/\/alba.progresium.cz\/wp-content\/uploads\/2022\/02\/DSC05363.jpg 2048w\" sizes=\"(max-width: 768px) 100vw, 768px\" \/><\/div><\/a>\n\t\t\t\t<div class=\"elementor-post__text\">\n\t\t\t\t<h3 class=\"elementor-post__title\">\n\t\t\t<a href=\"https:\/\/alba.progresium.cz\/de\/fuer-partner\/materiale-und-oberflaechen\/\" >\n\t\t\t\tMateriale und Oberfl\u00e4chen\t\t\t<\/a>\n\t\t<\/h3>\n\t\t\t\t<div class=\"elementor-post__excerpt\">\n\t\t\t<p>Bei ALBA legen wir gr\u00f6\u00dften Wert darauf, dass unsere Bezugsstoffe den h\u00f6chsten Qualit\u00e4tsstandards entsprechen, damit Ihre St\u00fchle auch nach Jahren noch gut aussehen.<\/p>\n\t\t<\/div>\n\t\t\n\t\t<a class=\"elementor-post__read-more\" href=\"https:\/\/alba.progresium.cz\/de\/fuer-partner\/materiale-und-oberflaechen\/\" aria-label=\"Read more about Materiale und Oberfl\u00e4chen\" tabindex=\"-1\" >\n\t\t\tRead More\t\t<\/a>\n\n\t\t\t\t<\/div>\n\t\t\t\t\t<\/div>\n\t\t<\/article>\n\t\t\t\t<article class=\"elementor-post elementor-grid-item post-16118 page type-page status-publish has-post-thumbnail hentry\" role=\"listitem\">\n\t\t\t<div class=\"elementor-post__card\">\n\t\t\t\t<a class=\"elementor-post__thumbnail__link\" href=\"https:\/\/alba.progresium.cz\/de\/fuer-partner\/preislisten-und-dokumente\/\" tabindex=\"-1\" ><div class=\"elementor-post__thumbnail\"><img decoding=\"async\" width=\"768\" height=\"432\" src=\"https:\/\/alba.progresium.cz\/wp-content\/uploads\/2022\/05\/alba-symbols-768x432.png\" class=\"attachment-medium_large size-medium_large wp-image-15711\" alt=\"\" srcset=\"https:\/\/alba.progresium.cz\/wp-content\/uploads\/2022\/05\/alba-symbols-768x432.png 768w, https:\/\/alba.progresium.cz\/wp-content\/uploads\/2022\/05\/alba-symbols-300x169.png 300w, https:\/\/alba.progresium.cz\/wp-content\/uploads\/2022\/05\/alba-symbols.png 1000w\" sizes=\"(max-width: 768px) 100vw, 768px\" \/><\/div><\/a>\n\t\t\t\t<div class=\"elementor-post__text\">\n\t\t\t\t<h3 class=\"elementor-post__title\">\n\t\t\t<a href=\"https:\/\/alba.progresium.cz\/de\/fuer-partner\/preislisten-und-dokumente\/\" >\n\t\t\t\tPreislisten und Dokumente\t\t\t<\/a>\n\t\t<\/h3>\n\t\t\t\t<div class=\"elementor-post__excerpt\">\n\t\t\t<p>Hier finden Sie eine \u00fcbersichtliche Aufstellung aller relevanten Dateien und Unterlagen zu unserer umfangreichen Produktpalette. <\/p>\n\t\t<\/div>\n\t\t\n\t\t<a class=\"elementor-post__read-more\" href=\"https:\/\/alba.progresium.cz\/de\/fuer-partner\/preislisten-und-dokumente\/\" aria-label=\"Read more about Preislisten und Dokumente\" tabindex=\"-1\" >\n\t\t\tRead More\t\t<\/a>\n\n\t\t\t\t<\/div>\n\t\t\t\t\t<\/div>\n\t\t<\/article>\n\t\t\t\t<\/div>\n\t\t\n\t\t\t\t\t\t<\/div>\n\t\t\t\t<\/div>\n\t\t\t\t\t<\/div>\n\t\t<\/div>\n\t\t\t\t\t<\/div>\n\t\t<\/section>\n\t\t\t\t<\/div>\n\t\t","protected":false},"excerpt":{"rendered":"<p>Erhalten Sie weitere Informationen und Unterst\u00fctzung direkt vom Hersteller f\u00fcr die erfolgreiche Umsetzung Ihrer Projekte.<\/p>\n","protected":false},"author":2,"featured_media":15711,"parent":0,"menu_order":24,"comment_status":"closed","ping_status":"closed","template":"","meta":{"_acf_changed":false,"inline_featured_image":false,"footnotes":""},"class_list":["post-7726","page","type-page","status-publish","has-post-thumbnail","hentry"],"acf":[],"aioseo_notices":[],"_links":{"self":[{"href":"https:\/\/alba.progresium.cz\/de\/wp-json\/wp\/v2\/pages\/7726","targetHints":{"allow":["GET"]}}],"collection":[{"href":"https:\/\/alba.progresium.cz\/de\/wp-json\/wp\/v2\/pages"}],"about":[{"href":"https:\/\/alba.progresium.cz\/de\/wp-json\/wp\/v2\/types\/page"}],"author":[{"embeddable":true,"href":"https:\/\/alba.progresium.cz\/de\/wp-json\/wp\/v2\/users\/2"}],"replies":[{"embeddable":true,"href":"https:\/\/alba.progresium.cz\/de\/wp-json\/wp\/v2\/comments?post=7726"}],"version-history":[{"count":11,"href":"https:\/\/alba.progresium.cz\/de\/wp-json\/wp\/v2\/pages\/7726\/revisions"}],"predecessor-version":[{"id":51312,"href":"https:\/\/alba.progresium.cz\/de\/wp-json\/wp\/v2\/pages\/7726\/revisions\/51312"}],"wp:featuredmedia":[{"embeddable":true,"href":"https:\/\/alba.progresium.cz\/de\/wp-json\/wp\/v2\/media\/15711"}],"wp:attachment":[{"href":"https:\/\/alba.progresium.cz\/de\/wp-json\/wp\/v2\/media?parent=7726"}],"curies":[{"name":"wp","href":"https:\/\/api.w.org\/{rel}","templated":true}]}}