{"id":7724,"date":"2022-04-08T20:50:45","date_gmt":"2022-04-08T18:50:45","guid":{"rendered":"https:\/\/alba.progresium.cz\/?page_id=7724"},"modified":"2024-08-07T09:47:28","modified_gmt":"2024-08-07T07:47:28","slug":"gdpr","status":"publish","type":"page","link":"https:\/\/alba.progresium.cz\/de\/ueber-uns\/gdpr\/","title":{"rendered":"Datenschutz"},"content":{"rendered":"\t\t<div data-elementor-type=\"wp-page\" data-elementor-id=\"7724\" class=\"elementor elementor-7724 elementor-257\" data-elementor-post-type=\"page\">\n\t\t\t\t\t\t<section class=\"elementor-section elementor-top-section elementor-element elementor-element-40868971 header_section elementor-section-boxed elementor-section-height-default elementor-section-height-default\" data-id=\"40868971\" data-element_type=\"section\" data-e-type=\"section\">\n\t\t\t\t\t\t<div class=\"elementor-container elementor-column-gap-default\">\n\t\t\t\t\t<div class=\"elementor-column elementor-col-100 elementor-top-column elementor-element elementor-element-7e039a24\" data-id=\"7e039a24\" data-element_type=\"column\" data-e-type=\"column\" data-settings=\"{&quot;background_background&quot;:&quot;classic&quot;}\">\n\t\t\t<div class=\"elementor-widget-wrap elementor-element-populated\">\n\t\t\t\t\t\t<section class=\"elementor-section elementor-inner-section elementor-element elementor-element-6cf47bd5 elementor-section-boxed elementor-section-height-default elementor-section-height-default\" data-id=\"6cf47bd5\" data-element_type=\"section\" data-e-type=\"section\">\n\t\t\t\t\t\t<div class=\"elementor-container elementor-column-gap-default\">\n\t\t\t\t\t<div class=\"elementor-column elementor-col-50 elementor-inner-column elementor-element elementor-element-1eb95330\" data-id=\"1eb95330\" data-element_type=\"column\" data-e-type=\"column\" data-settings=\"{&quot;background_background&quot;:&quot;classic&quot;}\">\n\t\t\t<div class=\"elementor-widget-wrap elementor-element-populated\">\n\t\t\t\t\t\t<div class=\"elementor-element elementor-element-737df617 elementor-widget elementor-widget-heading\" data-id=\"737df617\" data-element_type=\"widget\" data-e-type=\"widget\" data-widget_type=\"heading.default\">\n\t\t\t\t<div class=\"elementor-widget-container\">\n\t\t\t\t\t<h1 class=\"elementor-heading-title elementor-size-default\">Datenschutz<\/h1>\t\t\t\t<\/div>\n\t\t\t\t<\/div>\n\t\t\t\t\t<\/div>\n\t\t<\/div>\n\t\t\t\t<div class=\"elementor-column elementor-col-50 elementor-inner-column elementor-element elementor-element-11dabe2b\" data-id=\"11dabe2b\" data-element_type=\"column\" data-e-type=\"column\">\n\t\t\t<div class=\"elementor-widget-wrap\">\n\t\t\t\t\t\t\t<\/div>\n\t\t<\/div>\n\t\t\t\t\t<\/div>\n\t\t<\/section>\n\t\t\t\t\t<\/div>\n\t\t<\/div>\n\t\t\t\t\t<\/div>\n\t\t<\/section>\n\t\t\t\t<section class=\"elementor-section elementor-top-section elementor-element elementor-element-385ef7af dual_c elementor-section-boxed elementor-section-height-default elementor-section-height-default\" data-id=\"385ef7af\" data-element_type=\"section\" data-e-type=\"section\">\n\t\t\t\t\t\t<div class=\"elementor-container elementor-column-gap-default\">\n\t\t\t\t\t<div class=\"elementor-column elementor-col-100 elementor-top-column elementor-element elementor-element-3ee86ec7\" data-id=\"3ee86ec7\" data-element_type=\"column\" data-e-type=\"column\">\n\t\t\t<div class=\"elementor-widget-wrap elementor-element-populated\">\n\t\t\t\t\t\t<div class=\"elementor-element elementor-element-fd1c6a3 elementor-widget elementor-widget-text-editor\" data-id=\"fd1c6a3\" data-element_type=\"widget\" data-e-type=\"widget\" data-widget_type=\"text-editor.default\">\n\t\t\t\t<div class=\"elementor-widget-container\">\n\t\t\t\t\t\t\t\t\t<p>Wir freuen uns, da\u00df Sie die Internetseite der Firma ALBA CR spol. s&nbsp;r.o. besucht haben und da\u00df Sie an unserer Firma interessiert sind. Datenschutz ist ein ernstes Thema f\u00fcr uns und wir m\u00f6chten Ihnen Informationen dar\u00fcber geben, wie wir mit Ihren pers\u00f6nlichen Daten umgehen und wie wir Ihre Privatsph\u00e4re sch\u00fctzen.<\/p>\n<p>Ab dem 25. Mai 2018 tritt die Datenschutz-Grundverordnung (EU) 2016\/679 vom 27. April 2016, auch als DSGVO bekannt, in Kraft.<br>Zu diesem Tag ver\u00f6ffentlichen wir als Administrator von personenbezogenen Daten und Websitebetreiber von <a href=\"https:\/\/alba.progresium.cz\">www.alba.progresium.cz<\/a>&nbsp;diese<\/p>\n<p><\/p>\n<h3>Erkl\u00e4rung \u00fcber die Verarbeitung personenbezogener Daten bei ALBA CR spol. s r.o.,<\/h3>\n<p>welche den Subjekten von personenbezogenen Daten und den Website-Benutzern folendes erkl\u00e4rt:<br>&#8211; Umfang und Quellen der gesammelten personenbezogenen Daten,<br>&#8211; Zweck der Erhebung personenbezogener Daten,<br>&#8211; die Methode zur Verarbeitung und Speicherung personenbezogener Daten,<br>&#8211; die \u00dcbermittlung personenbezogener Daten,<br>&#8211; die Aufbewahrungsfrist f\u00fcr personenbezogene Daten,<br>&#8211; die Rechte der Subjekten von personenbezogenen Daten<br>&#8211; Verwenden von Cookies<br>&#8211; \u00c4nderungen der Datenschutzerkl\u00e4rung<br>&#8211; Definition von Begriffen f\u00fcr die Zwecke der Verarbeitung von personenbezogenen Daten bei ALBA CR spol. s r.o.<\/p>\n<p><\/p>\n<h4>Umfang und Quellen der gesammelten pers\u00f6nlichen Daten<\/h4>\n<p>1) Wenn Sie die Website <a href=\"http:\/\/www.albacr.eu\">www.alba.progresium.cz<\/a>&nbsp; besuchen, speichert die Website folgende Daten in ihren Standardeinstellungen:<br>&#8211; den Namen Ihres Internetproviders<br>&#8211; die Adresse der von Ihnen vorher besuchten Website (von der aus Sie hierher kommen)<br>&#8211; die Adresse der der Website, an die Sie von unserer Website weitergehen<br>&#8211; Ihre IP-Adresse<br>Diese allgemeinen Informationen werden automatisch auf dem Webserver gesammelt und nicht im Sinne personenbezogener Daten verwendet.<\/p>\n<p>2) Bei Ihren Anfragen oder Kommentaren, die uns pers\u00f6nlich, telefonisch, per E-Mail, \u00fcber das Webformular \u201eFrage zum Produkt\u201c oder eine andere Form der Internetkommunikation (Chat, soziale Netzwerke, etc.) \u00fcbermittelt werden, erfassen wir folgende personenbezogene Daten:<br>&#8211; Ihre Identifikationsdaten (Vor- und Nachname)<br>&#8211; Ihre Kontaktdaten (E-Mail-Adresse)<br>&#8211; sonstige Kontaktdaten von Ihrer Signatur (z.B. Adresse, Telefon)<br>&#8211; alle anderen pers\u00f6nlichen Informationen, die Sie uns m\u00fcndlich oder telefonisch zur Verf\u00fcgung stellen (z.B. Ihre Adressdaten)<br>Wir erheben diese personenbezogenen Daten nur, wenn Sie uns diese selbst mitteilen (basierend auf dem Ausf\u00fcllen des Produktanfrageformulars, dem Senden einer E-Mail oder anderen Formen der Internetkommunikation &#8211; Chat, soziale Netzwerke, etc.). Ohne diese Informationen w\u00e4ren wir nicht in der Lage, auf Ihre Anfragen und Kommentare zu antworten.<\/p>\n<p>3) Im Falle einer gegenseitigen vertraglichen Gesch\u00e4ftsbeziehung (einschlie\u00dflich Anfragen, Bestellungen, Reklamationen etc.) erheben wir folgende personenbezogenen Daten:<br>&#8211; Ihre Identifikationsdaten (Vor- und Nachname)<br>&#8211; Ihre Adressdaten<br>&#8211; Ihre Kontaktinformationen (E-Mail-Adresse, Telefon)<br>&#8211; andere Daten, die zur Durchf\u00fchrung eines Vertragsverh\u00e4ltnisses erforderlich sind (z. B. Bankverbindung, Ihre Visitenkarte)<br>Wir erheben diese personenbezogenen Daten nur, wenn Sie uns diese selbst mitteilen (aufgrund Ihrer Anfrage, Bestellung, Gesch\u00e4ftsbeziehung basierend dem Rahmenkaufvertrag oder Reklamation). Dar\u00fcber hinaus erheben wir im Rahmen unserer Gesch\u00e4ftst\u00e4tigkeit Daten aus \u00f6ffentlich zug\u00e4nglichen Registern (z. B. Handelsregister, Gewerbeverzeichnis, \u00f6ffentliches Telefonverzeichnis). Ohne diese Daten w\u00e4ren wir nicht in der Lage, unsere gegenseitigen Gesch\u00e4ftsbeziehungen zu erf\u00fcllen.<\/p>\n<p>4) Bei Stellenausschreibungen erfassen wir folgende personenbezogene Daten:<br>&#8211; Ihre Identifikationsdaten (Vor- und Nachname)<br>&#8211; Ihre Adressdaten<br>&#8211; Ihre Kontaktinformationen (E-Mail-Adresse, Telefon)<br>&#8211; Daten, die Ihre fr\u00fcheren Arbeitsstellen und Studium beweisen<br>&#8211; andere pers\u00f6nliche Daten aus Ihrem Lebenslauf (zB Familienstand, Hobbies, Training, etc.)<br>&#8211; andere Daten, die \u00fcber das Gesetz hinausgehen und im berechtigten Interesse des Administrators und \/ oder mit der Zustimmung der betroffenen Person verarbeitet werden (z. B. Fotos)<br>Wir erheben diese personenbezogenen Daten nur, wenn Sie uns diese selbst mitteilen (basierend auf Ihrer Teilnahme an der Stellenausschreibung).<\/p>\n<p>5) Im Falle Ihrer Ver\u00f6ffentlichung als eines vertraglichen Verk\u00e4ufers im Vertriebsnetz auf der Website des Betreibers erfassen wir folgende personenbezogene Daten:<br>&#8211; Ihre Identifikationsdaten (Vor- und Nachname)<br>&#8211; Ihre Adressdaten,<br>&#8211; Angaben zu Ihrer Position bei Ihrem Arbeitgeber<br>&#8211; Ihre Kontaktinformationen (E-Mail-Adresse, Telefon)<br>Wir erheben diese personenbezogenen Daten nur, wenn Sie uns diese selbst mitteilen (aufgrund Ihres Antrags auf die Ver\u00f6ffentlichung im Vertriebsnetz).<\/p>\n<p>6) Im Falle Ihrer Registrierung (oder Teilnahme) an unseren Marketingveranstaltungen sammeln wir folgende pers\u00f6nliche Daten:<br>&#8211; Ihre Identifikationsdaten (Vor- und Nachname)<br>&#8211; Ihre Kontaktinformationen (E-Mail-Adresse, Telefon)<br>Wir erheben diese personenbezogenen Daten nur, wenn Sie uns diese selbst mitteilen (basierend auf Ihrer Anmeldung \/ Ihrem Interesse an unseren Marketingaktivit\u00e4ten).<\/p>\n<p><\/p>\n<h4>Zweck der Erfassung von pers\u00f6nlichen Daten<\/h4>\n<p>Die von uns gesammelten pers\u00f6nlichen Daten werden f\u00fcr folgende Zwecke verwendet:<br>&#8211; Verhandlungen \u00fcber Vertragsbeziehungen und Gesch\u00e4ftskommunikation<br>&#8211; Erf\u00fcllung des Vertrages<br>&#8211; Archivierung auf Gesetzesbasis<br>&#8211; Schutz der Rechte des Administrators (zum Beispiel die Eintreibung von Forderungen durch den Administrator)<br>&#8211; Stellenangebote f\u00fcr offene Stellen<br>&#8211; Erf\u00fcllung der gesetzlichen Pflichten des Administrators, haupts\u00e4chlich auf der Grundlage von Buchhaltungs-, Steuer- und sonstigen Rechtsvorschriften<br><span style=\"font-size: 1.5rem; font-weight: 400;\">&#8211; Verarbeitung f\u00fcr Massensendungen (Direktmarketing, Newsletter, Gesch\u00e4ftsmitteilungen usw.)<\/span><\/p>\n<p><span style=\"font-size: 1.5rem; font-weight: 400;\">&nbsp;<\/span><\/p>\n<h4>Methode zur Verarbeitung und Speicherung personenbezogener Daten<\/h4>\n<p>Die Bearbeitung personenbezogener Daten organisiert der Administrator durch seine zust\u00e4ndigen Mitarbeiter f\u00fcr einzelne Agenden (Unternehmensf\u00fchrung, Handelsabteilung, Buchhaltung, Personalabteilung, Einkauf, Marketing, Logistik, Reklamationen). Die Verarbeitung erfolgt mit Hilfe von Informationstechnologien oder manuell (bei personenbezogenen Daten in Papierform) unter Beachtung aller Sicherheitsgrunds\u00e4tze f\u00fcr die Verwaltung und Verarbeitung personenbezogener Daten. Zu diesem Zweck hat der Administrator Ma\u00dfnahmen durchgef\u00fchrt, um den nicht autorisierten oder versehentlichen Zugriff auf pers\u00f6nliche Daten oder Manipulation und Missbrauch zu verhindern (insbesondere IT-Sicherheitssystemma\u00dfnahmen). Die beauftragten Mitarbeiter des Administrators und die externen Verarbeiter (siehe unten), denen die personenbezogene Daten zur Verf\u00fcgung gestellt werden, respektieren die Datenschutzrechte von den Subjekten personenbezogener Daten und m\u00fcssen die geltenden Datenschutzgesetze einhalten.<br>Automatisch \u00fcbermittelte personenbezogene Daten, die sich aus Ihrem Besuch auf der Website <a href=\"https:\/\/alba.progresium.cz\">www.alba.progresium.cz<\/a> &nbsp;ergeben, werden bei uns und bei unserem Internetanbieter gespeichert.<\/p>\n<p><\/p>\n<h4><strong>Weitergabe personenbezogener Daten<\/strong><\/h4>\n<p>Der Administrator \u00fcbermittelt \/ vermittelt den Zugriff zu personenbezogenen Daten nur aufgrund der ihm gesetzlich vorgeschriebenen Verpflichtungen und aufgrund von Verarbeitungsvertr\u00e4gen auf diese externen Verarbeiter:<br>&#8211; IT-Systemadministrator<br>&#8211; Internetanbieter<br>&#8211; Buchhaltungsservice: um gesetzliche Verpflichtungen zu erf\u00fcllen<br>&#8211; juristischer Dienst: nur im Rahmen des berechtigten gerichtlichen oder au\u00dfergerichtlichen Einziehung von Forderungen des Administrators<br>&#8211; Transportdienstleistungen: f\u00fcr den Transport von Waren im Rahmen der Gesch\u00e4ftsbeziehung mit Kunden<br>&#8211; Marketing-Dienstleister<\/p>\n<p>Die Verarbeiter werden durch Verarbeitervertr\u00e4ge gebunden und sind verpflichtet, in \u00dcbereinstimmung mit den geltenden Gesetzen zum Schutz personenbezogener Daten und der geltenden Datenschutzrichtlinie des Administrators zu handeln.<\/p>\n<p><br><\/p>\n<h4>Aufbewahrungsfrist f\u00fcr personenbezogene Daten<\/h4>\n<p>Gem\u00e4\u00df den Fristen, die in den betreffenden Vertr\u00e4gen oder in den jeweiligen Rechtsvorschriften festgelegt sind, handelt es sich um die Frist, die erforderlich ist, um die Rechte und Pflichten zu gew\u00e4hrleisten, die sich sowohl aus dem Vertragsverh\u00e4ltnis als auch aus den jeweiligen Rechtsvorschriften ergeben.<\/p>\n<p>Pers\u00f6nliche Daten von potenziellen Kunden werden f\u00fcr einen Zeitraum von 3 Jahren ab dem Ende der letzten Kommunikation aufgrund einer m\u00f6glichen Wiederaufnahme der Gesch\u00e4ftsverhandlung \/ des Vertragsabschlusses aufbewahrt.<\/p>\n<p>Pers\u00f6nliche Daten von Handelspartnern werden f\u00fcr 10 Jahre von der K\u00fcndigung des Vertrages wegen m\u00f6glicher Anspr\u00fcche, Ersatzteillieferungen, gerichtlichen oder au\u00dfergerichtlichen Verfahren und den Verhandlungen \u00fcber die Wiederbelebung der Zusammenarbeit aufbewahrt.<\/p>\n<p>Im Rahmen von Stellenausschreibungen werden personenbezogene Daten bis zum Anschluss der jeweiligen Stellenausschreibung gespeichert. Im Falle eines ausgew\u00e4hlten Bewerbers richtet sich die Aufbewahrungsfrist f\u00fcr personenbezogene Daten anschlie\u00dfend nach Unternehmensrichtlinien.<\/p>\n<p>Im Falle Ihrer Ver\u00f6ffentlichung als eines vertraglichen Verk\u00e4ufers im Vertriebsnetz auf der Website des Betreibers (basierend auf Ihrer Anmeldung) werden die personenbezogenen Daten nach der Beendigung des Vertragsverh\u00e4ltnisses (L\u00f6schen aus dem Vertriebsnetz) gel\u00f6scht. Zu den pers\u00f6nlichen Daten im Vertriebsnetz (Identifikations- und Kontaktindaten von den Unternehmern \/ Gewerbebetreibern) haben \u00fcber die Website-Datenbank alle Website-Benutzer von <a href=\"https:\/\/alba.progresium.cz\">www.alba.progresium.cz<\/a> Zugang .<br>Im Falle Ihrer Teilnahme an unserer Marketingveranstaltung \/ Interessensbekundung an unserer&nbsp; Marketingveranstaltung werden personenbezogene Daten f\u00fcr 3 Jahre nach dem Ende der Marketingveranstaltung gespeichert,&nbsp; um die Organisation von nachfolgenden Marketing-Veranstaltungen zu optimieren.<\/p>\n<p><\/p>\n<h4>Rechte der Subjekte von personenbezogenen Daten<\/h4>\n<p>Sie sind berechtigt, Auskunft \u00fcber die Verarbeitung Ihrer personenbezogenen Daten zu verlangen (Zweck der Verarbeitung, Art der gespeicherten personenbezogenen Daten). Sie haben auch das Recht, alle Daten im Bezug zu Ihrer Person, die bei uns gespeichert sind, zu \u00fcberpr\u00fcfen und zu korrigieren, wenn diese Informationen Ihrer Meinung nach veraltet oder inkorrekt sind. Sie haben au\u00dferdem das Recht, das L\u00f6schen von Ihren gespeicherten personenbezogene Daten zu verlangen (&#8222;das Recht auf Vergessenwerden&#8220;), soweit dies gesetzlich zul\u00e4ssig ist. Sie brauchen sich nur an einen Ansprechpartner zu wenden, der f\u00fcr den Datenschutz bei ALBA CR spol. s r. o. zust\u00e4ndig ist &#8211; Frau Sabina Laubeov\u00e1 (<a href=\"mailto:sabina.laubeova@albacr.eu\">sabina.laubeova@albacr.eu<\/a> ). Sie haben das Recht, der \u00dcberwachungsbeh\u00f6rde mutma\u00dfliche Verletzungen des Datenschutzes zu melden.<\/p>\n<p><\/p>\n<h4>Verwendung von Cookies<\/h4>\n<p>Die Website des Betreibers verwendet Cookies, die f\u00fcr den Betrieb der Website notwendig sind.<br>Wenn der Website-Benutzer keine Cookies verwenden m\u00f6chte oder wenn er m\u00f6chte, da\u00df sein Internetbrowser Cookies meldet, muss er die entsprechende Option in seinem Browser ausw\u00e4hlen. Wenn der Nutzer alle Cookies blockiert, kann er einige Funktionen von <a href=\"https:\/\/alba.progresium.cz\">www.alba.progresium.cz<\/a>&nbsp; nicht nutzen.<\/p><p><br><\/p>\n<h4>\u00c4nderungen der Datenschutzrichtlinie<\/h4>\n<p>Der Administrator von personenbezogenen Daten \/ der Websitebetreiber beh\u00e4lt sich das Recht vor, seine Datenschutzerkl\u00e4rung jederzeit zu \u00e4ndern, der aktuelle Status wird immer auf dieser Website angezeigt.<\/p><p><br><\/p>\n<h4>Definitionen von Begriffen f\u00fcr die Zwecke der Verarbeitung von personenbezogenen Daten bei ALBA CR spol. s r.o.<\/h4>\n<p><span style=\"text-decoration: underline;\">Administrator von personenbezogenen Daten<\/span>: Das Subjekt, das den Zweck und die Mittel zur Verarbeitung personenbezogener Daten festlegt und die Erfassung, Verarbeitung und Aufbewahrung der Daten durchf\u00fchrt. Der Administrator ist in erster Linie f\u00fcr die Verarbeitung personenbezogener Daten verantwortlich. Die wesentliche Voraussetzung hierf\u00fcr ist die Existenz einer angemessenen Rechtsgrundlage f\u00fcr die Verarbeitung personenbezogener Daten, die der f\u00fcr die Verarbeitung Verantwortliche haben muss, um personenbezogene Daten verarbeiten zu k\u00f6nnen. F\u00fcr die Zwecke dieser Erkl\u00e4rung ist der Administrator &nbsp;von personenbezogenen Daten die Gesellschaft ALBA CR spol. s r. o., Masarykovo n\u00e1m. 26, 250 83 \u0160kvorec, Firmen ID: 629 09 134 (Definition \u00fcbernommen von <a href=\"http:\/\/www.gdpr.cz\">www.gdpr.cz<\/a> , modifiziert)<br><span style=\"text-decoration: underline;\">Subjekt von personenbezogenen Daten<\/span>: Die Person, auf die sich die personenbezogenen Daten beziehen.<br><span style=\"text-decoration: underline;\">Websitebetreiber<\/span>: Der Betreiber und Inhaber der Website <a href=\"https:\/\/alba.progresium.cz\">www.alba.progresium.cz<\/a>&nbsp; ist ALBA CR spol. s r.o. Der Betreiber besitzt alle Urheberrechte zu den Inhalten der Website <a href=\"https:\/\/alba.progresium.cz\">www.albaseatng.com<\/a>.<br><span style=\"text-decoration: underline;\">Website-Benutzer<\/span>: Besucher der Website <a href=\"https:\/\/alba.progresium.cz\">www.alba.progresium.cz<\/a>&nbsp; &#8211; nat\u00fcrliche Person (Subjekt von personenbezogenen Daten).<br><span style=\"text-decoration: underline;\">Internetprovider<\/span>: eine Firma, die den Internet-Service f\u00fcr den Websitebetreiber vermittelt.<br><span style=\"text-decoration: underline;\">Externer Verarbeiter<\/span>: handelt auf Anweisung des Administrators und darf ohne die ausdr\u00fcckliche Zustimmung des Administrators oder der betroffenen Personen die personenbezogenen Daten nicht selbst verwenden, den Zweck ihrer Verarbeitung nicht bestimmen und sie nicht weitergeben. (Definition \u00fcbernommen von <a href=\"http:\/\/www.gdpr.cz\">www.gdpr.cz<\/a> , modifiziert)<\/p>\t\t\t\t\t\t\t\t<\/div>\n\t\t\t\t<\/div>\n\t\t\t\t\t<\/div>\n\t\t<\/div>\n\t\t\t\t\t<\/div>\n\t\t<\/section>\n\t\t\t\t<section class=\"elementor-section elementor-top-section elementor-element elementor-element-254a9b0d single_c elementor-section-boxed elementor-section-height-default elementor-section-height-default\" data-id=\"254a9b0d\" data-element_type=\"section\" data-e-type=\"section\">\n\t\t\t\t\t\t<div class=\"elementor-container elementor-column-gap-default\">\n\t\t\t\t\t<div class=\"elementor-column elementor-col-100 elementor-top-column elementor-element elementor-element-4f53a689\" data-id=\"4f53a689\" data-element_type=\"column\" data-e-type=\"column\">\n\t\t\t<div class=\"elementor-widget-wrap elementor-element-populated\">\n\t\t\t\t\t\t<div class=\"elementor-element elementor-element-2ac863d7 elementor-widget elementor-widget-spacer\" data-id=\"2ac863d7\" data-element_type=\"widget\" data-e-type=\"widget\" data-widget_type=\"spacer.default\">\n\t\t\t\t<div class=\"elementor-widget-container\">\n\t\t\t\t\t\t\t<div class=\"elementor-spacer\">\n\t\t\t<div class=\"elementor-spacer-inner\"><\/div>\n\t\t<\/div>\n\t\t\t\t\t\t<\/div>\n\t\t\t\t<\/div>\n\t\t\t\t\t<\/div>\n\t\t<\/div>\n\t\t\t\t\t<\/div>\n\t\t<\/section>\n\t\t\t\t<\/div>\n\t\t","protected":false},"excerpt":{"rendered":"<p>Wir freuen uns, da\u00df Sie die Internetseite der Firma ALBA CR spol. s&nbsp;r.o. besucht haben und da\u00df Sie an unserer Firma interessiert sind. Datenschutz ist ein ernstes Thema f\u00fcr uns und wir m\u00f6chten Ihnen Informationen dar\u00fcber geben, wie wir mit Ihren pers\u00f6nlichen Daten umgehen und wie wir Ihre Privatsph\u00e4re sch\u00fctzen. Ab dem 25. Mai 2018 [&hellip;]<\/p>\n","protected":false},"author":2,"featured_media":0,"parent":7714,"menu_order":26,"comment_status":"closed","ping_status":"closed","template":"","meta":{"_acf_changed":false,"inline_featured_image":false,"footnotes":""},"class_list":["post-7724","page","type-page","status-publish","hentry"],"acf":[],"aioseo_notices":[],"_links":{"self":[{"href":"https:\/\/alba.progresium.cz\/de\/wp-json\/wp\/v2\/pages\/7724","targetHints":{"allow":["GET"]}}],"collection":[{"href":"https:\/\/alba.progresium.cz\/de\/wp-json\/wp\/v2\/pages"}],"about":[{"href":"https:\/\/alba.progresium.cz\/de\/wp-json\/wp\/v2\/types\/page"}],"author":[{"embeddable":true,"href":"https:\/\/alba.progresium.cz\/de\/wp-json\/wp\/v2\/users\/2"}],"replies":[{"embeddable":true,"href":"https:\/\/alba.progresium.cz\/de\/wp-json\/wp\/v2\/comments?post=7724"}],"version-history":[{"count":5,"href":"https:\/\/alba.progresium.cz\/de\/wp-json\/wp\/v2\/pages\/7724\/revisions"}],"predecessor-version":[{"id":37339,"href":"https:\/\/alba.progresium.cz\/de\/wp-json\/wp\/v2\/pages\/7724\/revisions\/37339"}],"up":[{"embeddable":true,"href":"https:\/\/alba.progresium.cz\/de\/wp-json\/wp\/v2\/pages\/7714"}],"wp:attachment":[{"href":"https:\/\/alba.progresium.cz\/de\/wp-json\/wp\/v2\/media?parent=7724"}],"curies":[{"name":"wp","href":"https:\/\/api.w.org\/{rel}","templated":true}]}}