{"id":7712,"date":"2022-04-08T20:44:36","date_gmt":"2022-04-08T18:44:36","guid":{"rendered":"https:\/\/alba.progresium.cz\/?page_id=7712"},"modified":"2022-09-20T10:29:47","modified_gmt":"2022-09-20T08:29:47","slug":"nachhaltigkeit","status":"publish","type":"page","link":"https:\/\/alba.progresium.cz\/de\/know-how\/nachhaltigkeit\/","title":{"rendered":"Nachhaltigkeit"},"content":{"rendered":"\t\t<div data-elementor-type=\"wp-page\" data-elementor-id=\"7712\" class=\"elementor elementor-7712 elementor-4758\" data-elementor-post-type=\"page\">\n\t\t\t\t\t\t<section class=\"elementor-section elementor-top-section elementor-element elementor-element-2f16ec24 header_section elementor-section-boxed elementor-section-height-default elementor-section-height-default\" data-id=\"2f16ec24\" data-element_type=\"section\" data-e-type=\"section\">\n\t\t\t\t\t\t<div class=\"elementor-container elementor-column-gap-default\">\n\t\t\t\t\t<div class=\"elementor-column elementor-col-100 elementor-top-column elementor-element elementor-element-111920e7\" data-id=\"111920e7\" data-element_type=\"column\" data-e-type=\"column\" data-settings=\"{&quot;background_background&quot;:&quot;classic&quot;}\">\n\t\t\t<div class=\"elementor-widget-wrap elementor-element-populated\">\n\t\t\t\t\t\t<section class=\"elementor-section elementor-inner-section elementor-element elementor-element-7222418 elementor-section-boxed elementor-section-height-default elementor-section-height-default\" data-id=\"7222418\" data-element_type=\"section\" data-e-type=\"section\">\n\t\t\t\t\t\t<div class=\"elementor-container elementor-column-gap-default\">\n\t\t\t\t\t<div class=\"elementor-column elementor-col-50 elementor-inner-column elementor-element elementor-element-3934e6f3\" data-id=\"3934e6f3\" data-element_type=\"column\" data-e-type=\"column\" data-settings=\"{&quot;background_background&quot;:&quot;classic&quot;}\">\n\t\t\t<div class=\"elementor-widget-wrap elementor-element-populated\">\n\t\t\t\t\t\t<div class=\"elementor-element elementor-element-5f394260 elementor-widget elementor-widget-heading\" data-id=\"5f394260\" data-element_type=\"widget\" data-e-type=\"widget\" data-widget_type=\"heading.default\">\n\t\t\t\t<div class=\"elementor-widget-container\">\n\t\t\t\t\t<h1 class=\"elementor-heading-title elementor-size-default\">Nachhaltigkeit<\/h1>\t\t\t\t<\/div>\n\t\t\t\t<\/div>\n\t\t\t\t<div class=\"elementor-element elementor-element-6bbf442f elementor-widget elementor-widget-heading\" data-id=\"6bbf442f\" data-element_type=\"widget\" data-e-type=\"widget\" data-widget_type=\"heading.default\">\n\t\t\t\t<div class=\"elementor-widget-container\">\n\t\t\t\t\t<h2 class=\"elementor-heading-title elementor-size-default\">Wir stellen gro\u00dfartige St\u00fchle f\u00fcr eine nachhaltige Welt her<\/h2>\t\t\t\t<\/div>\n\t\t\t\t<\/div>\n\t\t\t\t\t<\/div>\n\t\t<\/div>\n\t\t\t\t<div class=\"elementor-column elementor-col-50 elementor-inner-column elementor-element elementor-element-1cc0dcde\" data-id=\"1cc0dcde\" data-element_type=\"column\" data-e-type=\"column\">\n\t\t\t<div class=\"elementor-widget-wrap\">\n\t\t\t\t\t\t\t<\/div>\n\t\t<\/div>\n\t\t\t\t\t<\/div>\n\t\t<\/section>\n\t\t\t\t\t<\/div>\n\t\t<\/div>\n\t\t\t\t\t<\/div>\n\t\t<\/section>\n\t\t\t\t<section class=\"elementor-section elementor-top-section elementor-element elementor-element-338f04d single_c elementor-section-boxed elementor-section-height-default elementor-section-height-default\" data-id=\"338f04d\" data-element_type=\"section\" data-e-type=\"section\">\n\t\t\t\t\t\t<div class=\"elementor-container elementor-column-gap-default\">\n\t\t\t\t\t<div class=\"elementor-column elementor-col-100 elementor-top-column elementor-element elementor-element-448e6873\" data-id=\"448e6873\" data-element_type=\"column\" data-e-type=\"column\">\n\t\t\t<div class=\"elementor-widget-wrap elementor-element-populated\">\n\t\t\t\t\t\t<div class=\"elementor-element elementor-element-172829b9 elementor-widget elementor-widget-ucaddon_alba_perex\" data-id=\"172829b9\" data-element_type=\"widget\" data-e-type=\"widget\" data-widget_type=\"ucaddon_alba_perex.default\">\n\t\t\t\t<div class=\"elementor-widget-container\">\n\t\t\t\t\t\n<!-- start ALBA perex -->\n\n<div class=\"article_perex\">ALBA setzt sich konsequent daf\u00fcr ein, die Umweltauswirkungen ihrer T\u00e4tigkeiten zu minimieren. Im Jahr 2015 wurde deshalb das Umweltmanagementsystem nach ISO 14001 eingef\u00fchrt, um die negativen Auswirkungen auf die Umwelt zu reduzieren und die Effizienz und Effektivit\u00e4t unserer T\u00e4tigkeiten zu verbessern. Im Jahr 2022 wurde ALBA das Umweltzeichen \"Umweltfreundliches Produkt\" und das EU Ecolabel f\u00fcr ma\u00dfgefertigte Sitzm\u00f6bel verliehen.  <\/div>\n<!-- end ALBA perex -->\t\t\t\t<\/div>\n\t\t\t\t<\/div>\n\t\t\t\t<div class=\"elementor-element elementor-element-79e13d7b elementor-widget elementor-widget-text-editor\" data-id=\"79e13d7b\" data-element_type=\"widget\" data-e-type=\"widget\" data-widget_type=\"text-editor.default\">\n\t\t\t\t<div class=\"elementor-widget-container\">\n\t\t\t\t\t\t\t\t\t<p>In allen Bereichen unserer T\u00e4tigkeit setzen wir umweltfreundliche L\u00f6sungen ein, angefangen bei der Auswahl der Ausgangsmaterialien \u00fcber die Verpackung und den Transport bis hin zum Energieverbrauch und der Beheizung unserer Betriebsgeb\u00e4ude. Unsere Produktion ist vollst\u00e4ndig frei von Wasser- und Bodenverschmutzung und entspricht allen Energie- und Umweltvorschriften der Tschechischen Republik und der Europ\u00e4ischen Union. Alle Mitarbeiter sind geschult und halten sich an unsere Umwelt- und Abfalltrennungsrichtlinien. Wir planen, unsere Umwelt- und Energiesparstandards beizubehalten und an weiteren Verbesserungen zu arbeiten.\u00a0<\/p><p>\u00a0<\/p>\t\t\t\t\t\t\t\t<\/div>\n\t\t\t\t<\/div>\n\t\t\t\t<div class=\"elementor-element elementor-element-911fa60 elementor-widget elementor-widget-text-editor\" data-id=\"911fa60\" data-element_type=\"widget\" data-e-type=\"widget\" data-widget_type=\"text-editor.default\">\n\t\t\t\t<div class=\"elementor-widget-container\">\n\t\t\t\t\t\t\t\t\t<h3>Materialien<\/h3><p>Bei der Auswahl der Vormaterialien achten wir auf deren Herkunft und bew\u00e4hrte Qualit\u00e4t. Wir bevorzugen Komponenten von lokalen und europ\u00e4ischen Lieferanten, die unseren Anforderungen entsprechen. Unsere Produkte erf\u00fcllen die REACH-Chemikalienverordnung und wir verwenden vorzugsweise Kunststoffkomponenten aus recyceltem Polypropylen.\u00a0<\/p><p>Die Mehrzahl der Bezugsstoffe in unserem Sortiment ist nach dem STANDARD 100 von OEKO-TEX zertifiziert. Wir verwenden nur langlebige Materialien und Stoffe, um eine lange Lebensdauer aller unserer Produkte zu gew\u00e4hrleisten. Zudem ist unsere Produktpalette langfristig sehr stabil, so dass Komponenten bei Bedarf nachgekauft, ersetzt oder bei Bedarf neu gepolstert werden k\u00f6nnen.\u00a0<\/p><p>\u00a0<\/p>\t\t\t\t\t\t\t\t<\/div>\n\t\t\t\t<\/div>\n\t\t\t\t<div class=\"elementor-element elementor-element-461ae45 elementor-widget elementor-widget-text-editor\" data-id=\"461ae45\" data-element_type=\"widget\" data-e-type=\"widget\" data-widget_type=\"text-editor.default\">\n\t\t\t\t<div class=\"elementor-widget-container\">\n\t\t\t\t\t\t\t\t\t<h3>Verpackungen<\/h3><p><span data-contrast=\"none\">F\u00fcr den Schutz, den Transport und die Lagerung der St\u00fchle verwenden wir recycelte und zu 100 % recycelbare Kartons oder Stretchfolien.\u00a0 Die Kartons werden nach Gebrauch entweder recycelt oder, wenn sie nicht besch\u00e4digt sind, wiederverwendet. Wir vermeiden unn\u00f6tigen Verpackungsabfall, indem wir die Waren mit unseren eigenen Transportmitteln anliefern. <\/span><span data-ccp-props=\"{\">\u00a0<\/span><\/p><p>Gleichzeitig verbessern wir st\u00e4ndig unsere Verpackungen, um die Menge der verwendeten Materialien zu reduzieren. ALBA beteiligt sich seit vielen Jahren an der integrierten Verpackungsabfall- und Recyclingwirtschaft. Auf diese Weise stellen wir die R\u00fccknahme und ordnungsgem\u00e4\u00dfe Verwertung von Verpackungsabf\u00e4llen sicher.<\/p><p>\u00a0<\/p>\t\t\t\t\t\t\t\t<\/div>\n\t\t\t\t<\/div>\n\t\t\t\t<div class=\"elementor-element elementor-element-432701c elementor-widget elementor-widget-text-editor\" data-id=\"432701c\" data-element_type=\"widget\" data-e-type=\"widget\" data-widget_type=\"text-editor.default\">\n\t\t\t\t<div class=\"elementor-widget-container\">\n\t\t\t\t\t\t\t\t\t<h3>Transport<\/h3><p>Wir verf\u00fcgen \u00fcber einen eigenen Fuhrpark, zu dem bereits auch ein rein elektrisches Fahrzeug geh\u00f6rt, und wir k\u00fcmmern uns um den Transport f\u00fcr die meisten unserer Kunden. Wir sind stets bestrebt, unsere Fuhrparkkapazit\u00e4t zu 100 % auszulasten. Dank unseres speziellen Logistikprogramms k\u00f6nnen wir unsere Lieferungen detailliert planen, die effizientesten Routen w\u00e4hlen und automatisch verschiedene Fahrzeugtypen ausw\u00e4hlen, um die Ladungseffizienz zu maximieren.<\/p><p>Das Programm errechnet auch den Zeitplan, so dass sowohl wir als auch die anderen Unternehmen, f\u00fcr die wir liefern, besser planen k\u00f6nnen. Selbstverst\u00e4ndlich werden alle unsere Fahrer regelm\u00e4\u00dfig geschult und halten sich stets an die Regeln f\u00fcr sicheres Fahren.<\/p>\t\t\t\t\t\t\t\t<\/div>\n\t\t\t\t<\/div>\n\t\t\t\t<div class=\"elementor-element elementor-element-21eca10 elementor-widget elementor-widget-image\" data-id=\"21eca10\" data-element_type=\"widget\" data-e-type=\"widget\" data-widget_type=\"image.default\">\n\t\t\t\t<div class=\"elementor-widget-container\">\n\t\t\t\t\t\t\t\t\t\t\t\t\t\t\t<img fetchpriority=\"high\" decoding=\"async\" width=\"1920\" height=\"936\" src=\"https:\/\/alba.progresium.cz\/wp-content\/uploads\/2022\/02\/dron-09-crop.jpg\" class=\"attachment-full size-full wp-image-7779\" alt=\"\" srcset=\"https:\/\/alba.progresium.cz\/wp-content\/uploads\/2022\/02\/dron-09-crop.jpg 1920w, https:\/\/alba.progresium.cz\/wp-content\/uploads\/2022\/02\/dron-09-crop-300x146.jpg 300w, https:\/\/alba.progresium.cz\/wp-content\/uploads\/2022\/02\/dron-09-crop-1024x499.jpg 1024w, https:\/\/alba.progresium.cz\/wp-content\/uploads\/2022\/02\/dron-09-crop-768x374.jpg 768w, https:\/\/alba.progresium.cz\/wp-content\/uploads\/2022\/02\/dron-09-crop-1536x749.jpg 1536w\" sizes=\"(max-width: 1920px) 100vw, 1920px\" \/>\t\t\t\t\t\t\t\t\t\t\t\t\t\t\t<\/div>\n\t\t\t\t<\/div>\n\t\t\t\t<div class=\"elementor-element elementor-element-1b240ed elementor-widget elementor-widget-text-editor\" data-id=\"1b240ed\" data-element_type=\"widget\" data-e-type=\"widget\" data-widget_type=\"text-editor.default\">\n\t\t\t\t<div class=\"elementor-widget-container\">\n\t\t\t\t\t\t\t\t\t<h3>Energieeinsparung<\/h3><p>Im Jahr 2010 haben wir mehr als 600 Sonnenkollektoren installiert, um den Energieverbrauch unserer Produktionsanlagen und B\u00fcrogeb\u00e4ude auf umweltfreundlichere Weise zu decken.\u00a0 Wenn wir mehr Energie produzieren als wir verbrauchen k\u00f6nnen, geben wir sie an einen der tschechischen Vertriebskan\u00e4le weiter.\u00a0 Wir haben uns auch dem tschechischen Green Savings Program angeschlossen, das Unternehmen und Haushalte motiviert, ihre eigene gr\u00fcne Energie zu produzieren.<\/p><p>Die meisten unserer Produktions- und Lagerhallen verf\u00fcgen \u00fcber gro\u00dfe Oberlichter, die gen\u00fcgend Tageslicht hereinlassen, so dass wir den Gro\u00dfteil unserer Arbeitsstunden ohne k\u00fcnstliche Lichtquellen auskommen. Unsere Produktion l\u00e4uft nur tags\u00fcber, so dass Licht und Heizung nachts ausgeschaltet sind. F\u00fcr die k\u00fcnstliche Beleuchtung verwenden wir nur umweltfreundliche und energieeffiziente Gl\u00fchbirnen.<\/p><p>Unsere Produktionsst\u00e4tte in \u0160kvorec wird mit einem Danstoker-Biomassekessel beheizt. F\u00fcr die W\u00e4rmeerzeugung verwenden wir haupts\u00e4chlich Miscanthus-Biomasse, eine erneuerbare Energiequelle von einem lokalen Erzeuger. Um Heizkosten zu sparen, sind unsere Lagerhallen in kalte und warme Zonen unterteilt.<\/p>\t\t\t\t\t\t\t\t<\/div>\n\t\t\t\t<\/div>\n\t\t\t\t\t<\/div>\n\t\t<\/div>\n\t\t\t\t\t<\/div>\n\t\t<\/section>\n\t\t\t\t<section class=\"elementor-section elementor-top-section elementor-element elementor-element-345dde68 single_c elementor-section-boxed elementor-section-height-default elementor-section-height-default\" data-id=\"345dde68\" data-element_type=\"section\" data-e-type=\"section\">\n\t\t\t\t\t\t<div class=\"elementor-container elementor-column-gap-default\">\n\t\t\t\t\t<div class=\"elementor-column elementor-col-100 elementor-top-column elementor-element elementor-element-1d1744f6\" data-id=\"1d1744f6\" data-element_type=\"column\" data-e-type=\"column\">\n\t\t\t<div class=\"elementor-widget-wrap elementor-element-populated\">\n\t\t\t\t\t\t<div class=\"elementor-element elementor-element-514d6987 elementor-widget elementor-widget-spacer\" data-id=\"514d6987\" data-element_type=\"widget\" data-e-type=\"widget\" data-widget_type=\"spacer.default\">\n\t\t\t\t<div class=\"elementor-widget-container\">\n\t\t\t\t\t\t\t<div class=\"elementor-spacer\">\n\t\t\t<div class=\"elementor-spacer-inner\"><\/div>\n\t\t<\/div>\n\t\t\t\t\t\t<\/div>\n\t\t\t\t<\/div>\n\t\t\t\t\t<\/div>\n\t\t<\/div>\n\t\t\t\t\t<\/div>\n\t\t<\/section>\n\t\t\t\t<\/div>\n\t\t","protected":false},"excerpt":{"rendered":"<p>ALBA setzt sich konsequent daf\u00fcr ein, die Umweltauswirkungen ihrer T\u00e4tigkeiten zu minimieren. Im Jahr 2015 wurde deshalb das Umweltmanagementsystem nach ISO 14001 eingef\u00fchrt, um die negativen Auswirkungen auf die Umwelt zu reduzieren.<\/p>\n","protected":false},"author":2,"featured_media":1654,"parent":7699,"menu_order":19,"comment_status":"closed","ping_status":"closed","template":"","meta":{"_acf_changed":false,"inline_featured_image":false,"footnotes":""},"class_list":["post-7712","page","type-page","status-publish","has-post-thumbnail","hentry"],"acf":[],"aioseo_notices":[],"_links":{"self":[{"href":"https:\/\/alba.progresium.cz\/de\/wp-json\/wp\/v2\/pages\/7712","targetHints":{"allow":["GET"]}}],"collection":[{"href":"https:\/\/alba.progresium.cz\/de\/wp-json\/wp\/v2\/pages"}],"about":[{"href":"https:\/\/alba.progresium.cz\/de\/wp-json\/wp\/v2\/types\/page"}],"author":[{"embeddable":true,"href":"https:\/\/alba.progresium.cz\/de\/wp-json\/wp\/v2\/users\/2"}],"replies":[{"embeddable":true,"href":"https:\/\/alba.progresium.cz\/de\/wp-json\/wp\/v2\/comments?post=7712"}],"version-history":[{"count":5,"href":"https:\/\/alba.progresium.cz\/de\/wp-json\/wp\/v2\/pages\/7712\/revisions"}],"predecessor-version":[{"id":19225,"href":"https:\/\/alba.progresium.cz\/de\/wp-json\/wp\/v2\/pages\/7712\/revisions\/19225"}],"up":[{"embeddable":true,"href":"https:\/\/alba.progresium.cz\/de\/wp-json\/wp\/v2\/pages\/7699"}],"wp:featuredmedia":[{"embeddable":true,"href":"https:\/\/alba.progresium.cz\/de\/wp-json\/wp\/v2\/media\/1654"}],"wp:attachment":[{"href":"https:\/\/alba.progresium.cz\/de\/wp-json\/wp\/v2\/media?parent=7712"}],"curies":[{"name":"wp","href":"https:\/\/api.w.org\/{rel}","templated":true}]}}