{"id":7710,"date":"2022-04-08T20:42:45","date_gmt":"2022-04-08T18:42:45","guid":{"rendered":"https:\/\/alba.progresium.cz\/?page_id=7710"},"modified":"2022-09-20T10:30:38","modified_gmt":"2022-09-20T08:30:38","slug":"qualitaet","status":"publish","type":"page","link":"https:\/\/alba.progresium.cz\/de\/know-how\/qualitaet\/","title":{"rendered":"Qualit\u00e4t"},"content":{"rendered":"\t\t<div data-elementor-type=\"wp-page\" data-elementor-id=\"7710\" class=\"elementor elementor-7710 elementor-4757\" data-elementor-post-type=\"page\">\n\t\t\t\t\t\t<section class=\"elementor-section elementor-top-section elementor-element elementor-element-7dcd7d8d header_section elementor-section-boxed elementor-section-height-default elementor-section-height-default\" data-id=\"7dcd7d8d\" data-element_type=\"section\" data-e-type=\"section\">\n\t\t\t\t\t\t<div class=\"elementor-container elementor-column-gap-default\">\n\t\t\t\t\t<div class=\"elementor-column elementor-col-100 elementor-top-column elementor-element elementor-element-2d9bdb12\" data-id=\"2d9bdb12\" data-element_type=\"column\" data-e-type=\"column\" data-settings=\"{&quot;background_background&quot;:&quot;classic&quot;}\">\n\t\t\t<div class=\"elementor-widget-wrap elementor-element-populated\">\n\t\t\t\t\t\t<section class=\"elementor-section elementor-inner-section elementor-element elementor-element-7786e98a elementor-section-boxed elementor-section-height-default elementor-section-height-default\" data-id=\"7786e98a\" data-element_type=\"section\" data-e-type=\"section\">\n\t\t\t\t\t\t<div class=\"elementor-container elementor-column-gap-default\">\n\t\t\t\t\t<div class=\"elementor-column elementor-col-50 elementor-inner-column elementor-element elementor-element-38b19bf8\" data-id=\"38b19bf8\" data-element_type=\"column\" data-e-type=\"column\" data-settings=\"{&quot;background_background&quot;:&quot;classic&quot;}\">\n\t\t\t<div class=\"elementor-widget-wrap elementor-element-populated\">\n\t\t\t\t\t\t<div class=\"elementor-element elementor-element-7ac7798 elementor-widget elementor-widget-heading\" data-id=\"7ac7798\" data-element_type=\"widget\" data-e-type=\"widget\" data-widget_type=\"heading.default\">\n\t\t\t\t<div class=\"elementor-widget-container\">\n\t\t\t\t\t<h1 class=\"elementor-heading-title elementor-size-default\">Qualit\u00e4t<\/h1>\t\t\t\t<\/div>\n\t\t\t\t<\/div>\n\t\t\t\t<div class=\"elementor-element elementor-element-358db2af elementor-widget elementor-widget-heading\" data-id=\"358db2af\" data-element_type=\"widget\" data-e-type=\"widget\" data-widget_type=\"heading.default\">\n\t\t\t\t<div class=\"elementor-widget-container\">\n\t\t\t\t\t<h2 class=\"elementor-heading-title elementor-size-default\">Kommt bei uns nie zu kurz<\/h2>\t\t\t\t<\/div>\n\t\t\t\t<\/div>\n\t\t\t\t\t<\/div>\n\t\t<\/div>\n\t\t\t\t<div class=\"elementor-column elementor-col-50 elementor-inner-column elementor-element elementor-element-6104a13b\" data-id=\"6104a13b\" data-element_type=\"column\" data-e-type=\"column\">\n\t\t\t<div class=\"elementor-widget-wrap\">\n\t\t\t\t\t\t\t<\/div>\n\t\t<\/div>\n\t\t\t\t\t<\/div>\n\t\t<\/section>\n\t\t\t\t\t<\/div>\n\t\t<\/div>\n\t\t\t\t\t<\/div>\n\t\t<\/section>\n\t\t\t\t<section class=\"elementor-section elementor-top-section elementor-element elementor-element-127d89a8 single_c elementor-section-boxed elementor-section-height-default elementor-section-height-default\" data-id=\"127d89a8\" data-element_type=\"section\" data-e-type=\"section\">\n\t\t\t\t\t\t<div class=\"elementor-container elementor-column-gap-default\">\n\t\t\t\t\t<div class=\"elementor-column elementor-col-100 elementor-top-column elementor-element elementor-element-17fb00d7\" data-id=\"17fb00d7\" data-element_type=\"column\" data-e-type=\"column\">\n\t\t\t<div class=\"elementor-widget-wrap elementor-element-populated\">\n\t\t\t\t\t\t<div class=\"elementor-element elementor-element-4dd338e7 elementor-widget elementor-widget-ucaddon_alba_perex\" data-id=\"4dd338e7\" data-element_type=\"widget\" data-e-type=\"widget\" data-widget_type=\"ucaddon_alba_perex.default\">\n\t\t\t\t<div class=\"elementor-widget-container\">\n\t\t\t\t\t\n<!-- start ALBA perex -->\n\n<div class=\"article_perex\">H\u00f6chste Qualit\u00e4t ist f\u00fcr uns kein leeres Marketing-Motto. F\u00fcr ALBA ist sie der rote Faden, der sich durch unser gesamtes Unternehmen zieht und bei allem, was wir tun, eine zentrale Rolle spielt.<\/div>\n<!-- end ALBA perex -->\t\t\t\t<\/div>\n\t\t\t\t<\/div>\n\t\t\t\t<div class=\"elementor-element elementor-element-4e8d0fab elementor-widget elementor-widget-text-editor\" data-id=\"4e8d0fab\" data-element_type=\"widget\" data-e-type=\"widget\" data-widget_type=\"text-editor.default\">\n\t\t\t\t<div class=\"elementor-widget-container\">\n\t\t\t\t\t\t\t\t\t<p>Alle unsere St\u00fchle werden mit gro\u00dfer Sorgfalt in unseren vier modernen Produktionsst\u00e4tten in der Tschechischen Republik und der Slowakei entworfen und hergestellt, so dass wir eine hundertprozentige Qualit\u00e4tskontrolle in allen Phasen der Produktion gew\u00e4hrleisten k\u00f6nnen. Wir bevorzugen Komponenten von lokalen und europ\u00e4ischen Lieferanten, die unsere Qualit\u00e4tsanforderungen erf\u00fcllen und ordnungsgem\u00e4\u00df gepr\u00fcft und zertifiziert sind.<\/p><p>\u00a0<\/p>\t\t\t\t\t\t\t\t<\/div>\n\t\t\t\t<\/div>\n\t\t\t\t<div class=\"elementor-element elementor-element-a406fe8 elementor-widget elementor-widget-text-editor\" data-id=\"a406fe8\" data-element_type=\"widget\" data-e-type=\"widget\" data-widget_type=\"text-editor.default\">\n\t\t\t\t<div class=\"elementor-widget-container\">\n\t\t\t\t\t\t\t\t\t<h2>Auf unsere St\u00fchle k\u00f6nnen Sie sich viele Jahre lang verlassen\u00a0<\/h2><p>Die Herstellung unserer St\u00fchle zeichnet sich durch den hohen Anteil an handwerklicher Qualit\u00e4tsarbeit aus. Dies betrifft insbesondere die Polsterf\u00fcllungen, die wir im eigenen Betrieb herstellen oder zuschneiden, aber auch die Stoffbez\u00fcge, die unter den H\u00e4nden unserer erfahrenen N\u00e4herinnen gefertigt werden. Da wir von der Qualit\u00e4t unserer Arbeit und der Langlebigkeit unserer Sitzm\u00f6bel \u00fcberzeugt sind, gew\u00e4hren wir auf einen gro\u00dfen Teil des ALBA-Sortiments eine 5-j\u00e4hrige Garantie.<\/p>\t\t\t\t\t\t\t\t<\/div>\n\t\t\t\t<\/div>\n\t\t\t\t\t<\/div>\n\t\t<\/div>\n\t\t\t\t\t<\/div>\n\t\t<\/section>\n\t\t\t\t<section class=\"elementor-section elementor-top-section elementor-element elementor-element-ed9667d dual_c elementor-section-boxed elementor-section-height-default elementor-section-height-default\" data-id=\"ed9667d\" data-element_type=\"section\" data-e-type=\"section\">\n\t\t\t\t\t\t<div class=\"elementor-container elementor-column-gap-default\">\n\t\t\t\t\t<div class=\"elementor-column elementor-col-100 elementor-top-column elementor-element elementor-element-7dd23055\" data-id=\"7dd23055\" data-element_type=\"column\" data-e-type=\"column\">\n\t\t\t<div class=\"elementor-widget-wrap elementor-element-populated\">\n\t\t\t\t\t\t<div class=\"elementor-element elementor-element-1881523a elementor-widget-divider--view-line elementor-widget elementor-widget-divider\" data-id=\"1881523a\" data-element_type=\"widget\" data-e-type=\"widget\" data-widget_type=\"divider.default\">\n\t\t\t\t<div class=\"elementor-widget-container\">\n\t\t\t\t\t\t\t<div class=\"elementor-divider\">\n\t\t\t<span class=\"elementor-divider-separator\">\n\t\t\t\t\t\t<\/span>\n\t\t<\/div>\n\t\t\t\t\t\t<\/div>\n\t\t\t\t<\/div>\n\t\t\t\t\t<\/div>\n\t\t<\/div>\n\t\t\t\t\t<\/div>\n\t\t<\/section>\n\t\t\t\t<section class=\"elementor-section elementor-top-section elementor-element elementor-element-9d90f7f dual_c elementor-section-boxed elementor-section-height-default elementor-section-height-default\" data-id=\"9d90f7f\" data-element_type=\"section\" data-e-type=\"section\">\n\t\t\t\t\t\t<div class=\"elementor-container elementor-column-gap-wide\">\n\t\t\t\t\t<div class=\"elementor-column elementor-col-50 elementor-top-column elementor-element elementor-element-db73c35\" data-id=\"db73c35\" data-element_type=\"column\" data-e-type=\"column\">\n\t\t\t<div class=\"elementor-widget-wrap elementor-element-populated\">\n\t\t\t\t\t\t<div class=\"elementor-element elementor-element-c192510 elementor-widget elementor-widget-text-editor\" data-id=\"c192510\" data-element_type=\"widget\" data-e-type=\"widget\" data-widget_type=\"text-editor.default\">\n\t\t\t\t<div class=\"elementor-widget-container\">\n\t\t\t\t\t\t\t\t\t<h3>Unsere Qualit\u00e4t ist zertifiziert<\/h3>\n<p>Die Effizienz und Zuverl\u00e4ssigkeit unserer Produktionsprozesse wird unseren Kunden durch unser Qualit\u00e4tsmanagementsystem garantiert, das nach ISO 9001 zertifiziert ist. Selbstverst\u00e4ndlich sind nicht nur unsere St\u00fchle, sondern auch die einzelnen Komponenten zertifiziert, um ihre Qualit\u00e4t und Sicherheit zu best\u00e4tigen (z.B. Zertifizierung nach den europ\u00e4ischen Normen \u010cSN EN 1335-1:2000, \u010cSN EN 1335-2:2009, \u010cSN EN 16139:2013 oder \u00d6ko-Tex Standard 100). F\u00fcr eine exklusive Produktpalette unseres Gesch\u00e4ftspartners haben wir auch das GS-Zeichen f\u00fcr Produktsicherheit erhalten. Auf Anfrage k\u00f6nnen wir Ihnen die Zertifikate zu allen ALBA-St\u00fchlen zur Verf\u00fcgung stellen.<\/p>\n<p>Im Einklang mit der internationalen Norm ISO 14001 verbessern wir kontinuierlich unser Umweltmanagement und suchen proaktiv nach M\u00f6glichkeiten, die Auswirkungen unserer T\u00e4tigkeit auf die Umwelt zu verringern. Unter anderem beteiligen wir uns am EKO-KOM-System, das die Trennung, das Recycling und die Verwertung von Verpackungsabf\u00e4llen sicherstellt.<\/p><p>Im Jahr 2022 wurde ALBA CR das Umweltzeichen &#8222;Umweltfreundliches Produkt&#8220; und das EU Ecolabel f\u00fcr ma\u00dfgefertigte Sitzm\u00f6bel verliehen.<br><\/p>\t\t\t\t\t\t\t\t<\/div>\n\t\t\t\t<\/div>\n\t\t\t\t\t<\/div>\n\t\t<\/div>\n\t\t\t\t<div class=\"elementor-column elementor-col-50 elementor-top-column elementor-element elementor-element-411cbcb\" data-id=\"411cbcb\" data-element_type=\"column\" data-e-type=\"column\">\n\t\t\t<div class=\"elementor-widget-wrap elementor-element-populated\">\n\t\t\t\t\t\t<div class=\"elementor-element elementor-element-348630f elementor-widget elementor-widget-gallery\" data-id=\"348630f\" data-element_type=\"widget\" data-e-type=\"widget\" data-settings=\"{&quot;gallery_layout&quot;:&quot;justified&quot;,&quot;ideal_row_height&quot;:{&quot;unit&quot;:&quot;px&quot;,&quot;size&quot;:150,&quot;sizes&quot;:[]},&quot;gap&quot;:{&quot;unit&quot;:&quot;px&quot;,&quot;size&quot;:50,&quot;sizes&quot;:[]},&quot;ideal_row_height_tablet&quot;:{&quot;unit&quot;:&quot;px&quot;,&quot;size&quot;:150,&quot;sizes&quot;:[]},&quot;ideal_row_height_mobile&quot;:{&quot;unit&quot;:&quot;px&quot;,&quot;size&quot;:150,&quot;sizes&quot;:[]},&quot;gap_tablet&quot;:{&quot;unit&quot;:&quot;px&quot;,&quot;size&quot;:10,&quot;sizes&quot;:[]},&quot;gap_mobile&quot;:{&quot;unit&quot;:&quot;px&quot;,&quot;size&quot;:10,&quot;sizes&quot;:[]},&quot;content_hover_animation&quot;:&quot;fade-in&quot;}\" data-widget_type=\"gallery.default\">\n\t\t\t\t<div class=\"elementor-widget-container\">\n\t\t\t\t\t\t\t<div class=\"elementor-gallery__container\">\n\t\t\t\t\t\t\t<div class=\"e-gallery-item elementor-gallery-item elementor-animated-content\">\n\t\t\t\t\t<div class=\"e-gallery-image elementor-gallery-item__image\" data-thumbnail=\"https:\/\/alba.progresium.cz\/wp-content\/uploads\/2022\/02\/OEKO_TEX.svg\" data-width=\"300\" data-height=\"300\" aria-label=\"\" role=\"img\" ><\/div>\n\t\t\t\t\t\t\t\t\t\t\t\t\t\t<\/div>\n\t\t\t\t\t\t\t<div class=\"e-gallery-item elementor-gallery-item elementor-animated-content\">\n\t\t\t\t\t<div class=\"e-gallery-image elementor-gallery-item__image\" data-thumbnail=\"https:\/\/alba.progresium.cz\/wp-content\/uploads\/2022\/02\/TUV.svg\" data-width=\"300\" data-height=\"300\" aria-label=\"\" role=\"img\" ><\/div>\n\t\t\t\t\t\t\t\t\t\t\t\t\t\t<\/div>\n\t\t\t\t\t\t\t<div class=\"e-gallery-item elementor-gallery-item elementor-animated-content\">\n\t\t\t\t\t<div class=\"e-gallery-image elementor-gallery-item__image\" data-thumbnail=\"https:\/\/alba.progresium.cz\/wp-content\/uploads\/2022\/02\/EKOKOM-2.svg\" data-width=\"300\" data-height=\"300\" aria-label=\"\" role=\"img\" ><\/div>\n\t\t\t\t\t\t\t\t\t\t\t\t\t\t<\/div>\n\t\t\t\t\t\t\t<div class=\"e-gallery-item elementor-gallery-item elementor-animated-content\">\n\t\t\t\t\t<div class=\"e-gallery-image elementor-gallery-item__image\" data-thumbnail=\"https:\/\/alba.progresium.cz\/wp-content\/uploads\/2022\/02\/ecolabel.svg\" data-width=\"300\" data-height=\"300\" aria-label=\"\" role=\"img\" ><\/div>\n\t\t\t\t\t\t\t\t\t\t\t\t\t\t<\/div>\n\t\t\t\t\t<\/div>\n\t\t\t\t\t<\/div>\n\t\t\t\t<\/div>\n\t\t\t\t\t<\/div>\n\t\t<\/div>\n\t\t\t\t\t<\/div>\n\t\t<\/section>\n\t\t\t\t<section class=\"elementor-section elementor-top-section elementor-element elementor-element-34b18a68 dual_c elementor-section-boxed elementor-section-height-default elementor-section-height-default\" data-id=\"34b18a68\" data-element_type=\"section\" data-e-type=\"section\">\n\t\t\t\t\t\t<div class=\"elementor-container elementor-column-gap-wide\">\n\t\t\t\t\t<div class=\"elementor-column elementor-col-50 elementor-top-column elementor-element elementor-element-43504ed\" data-id=\"43504ed\" data-element_type=\"column\" data-e-type=\"column\">\n\t\t\t<div class=\"elementor-widget-wrap elementor-element-populated\">\n\t\t\t\t\t\t<div class=\"elementor-element elementor-element-39fd1a7 elementor-widget elementor-widget-gallery\" data-id=\"39fd1a7\" data-element_type=\"widget\" data-e-type=\"widget\" data-settings=\"{&quot;gallery_layout&quot;:&quot;justified&quot;,&quot;ideal_row_height&quot;:{&quot;unit&quot;:&quot;px&quot;,&quot;size&quot;:150,&quot;sizes&quot;:[]},&quot;gap&quot;:{&quot;unit&quot;:&quot;px&quot;,&quot;size&quot;:50,&quot;sizes&quot;:[]},&quot;ideal_row_height_tablet&quot;:{&quot;unit&quot;:&quot;px&quot;,&quot;size&quot;:150,&quot;sizes&quot;:[]},&quot;ideal_row_height_mobile&quot;:{&quot;unit&quot;:&quot;px&quot;,&quot;size&quot;:150,&quot;sizes&quot;:[]},&quot;gap_tablet&quot;:{&quot;unit&quot;:&quot;px&quot;,&quot;size&quot;:10,&quot;sizes&quot;:[]},&quot;gap_mobile&quot;:{&quot;unit&quot;:&quot;px&quot;,&quot;size&quot;:10,&quot;sizes&quot;:[]},&quot;content_hover_animation&quot;:&quot;fade-in&quot;}\" data-widget_type=\"gallery.default\">\n\t\t\t\t<div class=\"elementor-widget-container\">\n\t\t\t\t\t\t\t<div class=\"elementor-gallery__container\">\n\t\t\t\t\t\t\t<div class=\"e-gallery-item elementor-gallery-item elementor-animated-content\">\n\t\t\t\t\t<div class=\"e-gallery-image elementor-gallery-item__image\" data-thumbnail=\"https:\/\/alba.progresium.cz\/wp-content\/uploads\/2022\/02\/ISO-1.svg\" data-width=\"300\" data-height=\"300\" aria-label=\"\" role=\"img\" ><\/div>\n\t\t\t\t\t\t\t\t\t\t\t\t\t\t<\/div>\n\t\t\t\t\t\t\t<div class=\"e-gallery-item elementor-gallery-item elementor-animated-content\">\n\t\t\t\t\t<div class=\"e-gallery-image elementor-gallery-item__image\" data-thumbnail=\"https:\/\/alba.progresium.cz\/wp-content\/uploads\/2022\/02\/Ceska_kvalita.svg\" data-width=\"300\" data-height=\"300\" aria-label=\"\" role=\"img\" ><\/div>\n\t\t\t\t\t\t\t\t\t\t\t\t\t\t<\/div>\n\t\t\t\t\t\t\t<div class=\"e-gallery-item elementor-gallery-item elementor-animated-content\">\n\t\t\t\t\t<div class=\"e-gallery-image elementor-gallery-item__image\" data-thumbnail=\"https:\/\/alba.progresium.cz\/wp-content\/uploads\/2022\/04\/GS-Zeichen.svg.svg\" data-width=\"300\" data-height=\"240\" aria-label=\"\" role=\"img\" ><\/div>\n\t\t\t\t\t\t\t\t\t\t\t\t\t\t<\/div>\n\t\t\t\t\t<\/div>\n\t\t\t\t\t<\/div>\n\t\t\t\t<\/div>\n\t\t\t\t\t<\/div>\n\t\t<\/div>\n\t\t\t\t<div class=\"elementor-column elementor-col-50 elementor-top-column elementor-element elementor-element-7462ca3d\" data-id=\"7462ca3d\" data-element_type=\"column\" data-e-type=\"column\">\n\t\t\t<div class=\"elementor-widget-wrap elementor-element-populated\">\n\t\t\t\t\t\t<div class=\"elementor-element elementor-element-8314e86 elementor-widget elementor-widget-text-editor\" data-id=\"8314e86\" data-element_type=\"widget\" data-e-type=\"widget\" data-widget_type=\"text-editor.default\">\n\t\t\t\t<div class=\"elementor-widget-container\">\n\t\t\t\t\t\t\t\t\t<h3>Wir sind stolze Gewinner von Branchenauszeichnungen\u00a0<\/h3><p>Dank der Spitzenqualit\u00e4t unserer Produkte wurden wir mit dem Tschechischen G\u00fctesiegel ausgezeichnet, das belegt, dass wir zu den besten Herstellern in der Tschechischen Republik geh\u00f6ren. Dar\u00fcber hinaus wurden wir 2021 mit dem Preis &#8222;Leader of the Year&#8220; f\u00fcr die Region Mittelb\u00f6hmen ausgezeichnet, der j\u00e4hrlich an die erfolgreichsten tschechischen Unternehmen vergeben wird.<\/p>\t\t\t\t\t\t\t\t<\/div>\n\t\t\t\t<\/div>\n\t\t\t\t\t<\/div>\n\t\t<\/div>\n\t\t\t\t\t<\/div>\n\t\t<\/section>\n\t\t\t\t<section class=\"elementor-section elementor-top-section elementor-element elementor-element-7dd60b2a single_c elementor-section-boxed elementor-section-height-default elementor-section-height-default\" data-id=\"7dd60b2a\" data-element_type=\"section\" data-e-type=\"section\">\n\t\t\t\t\t\t<div class=\"elementor-container elementor-column-gap-default\">\n\t\t\t\t\t<div class=\"elementor-column elementor-col-100 elementor-top-column elementor-element elementor-element-6d346149\" data-id=\"6d346149\" data-element_type=\"column\" data-e-type=\"column\">\n\t\t\t<div class=\"elementor-widget-wrap elementor-element-populated\">\n\t\t\t\t\t\t<div class=\"elementor-element elementor-element-74e79ce elementor-widget elementor-widget-spacer\" data-id=\"74e79ce\" data-element_type=\"widget\" data-e-type=\"widget\" data-widget_type=\"spacer.default\">\n\t\t\t\t<div class=\"elementor-widget-container\">\n\t\t\t\t\t\t\t<div class=\"elementor-spacer\">\n\t\t\t<div class=\"elementor-spacer-inner\"><\/div>\n\t\t<\/div>\n\t\t\t\t\t\t<\/div>\n\t\t\t\t<\/div>\n\t\t\t\t\t<\/div>\n\t\t<\/div>\n\t\t\t\t\t<\/div>\n\t\t<\/section>\n\t\t\t\t<\/div>\n\t\t","protected":false},"excerpt":{"rendered":"<p>H\u00f6chste Qualit\u00e4t ist f\u00fcr uns kein leeres Marketing-Motto. F\u00fcr ALBA ist sie der rote Faden, der sich durch unser gesamtes Unternehmen zieht und bei allem, was wir tun, eine zentrale Rolle spielt.<\/p>\n","protected":false},"author":2,"featured_media":2749,"parent":7699,"menu_order":18,"comment_status":"closed","ping_status":"closed","template":"","meta":{"_acf_changed":false,"inline_featured_image":false,"footnotes":""},"class_list":["post-7710","page","type-page","status-publish","has-post-thumbnail","hentry"],"acf":[],"aioseo_notices":[],"_links":{"self":[{"href":"https:\/\/alba.progresium.cz\/de\/wp-json\/wp\/v2\/pages\/7710","targetHints":{"allow":["GET"]}}],"collection":[{"href":"https:\/\/alba.progresium.cz\/de\/wp-json\/wp\/v2\/pages"}],"about":[{"href":"https:\/\/alba.progresium.cz\/de\/wp-json\/wp\/v2\/types\/page"}],"author":[{"embeddable":true,"href":"https:\/\/alba.progresium.cz\/de\/wp-json\/wp\/v2\/users\/2"}],"replies":[{"embeddable":true,"href":"https:\/\/alba.progresium.cz\/de\/wp-json\/wp\/v2\/comments?post=7710"}],"version-history":[{"count":5,"href":"https:\/\/alba.progresium.cz\/de\/wp-json\/wp\/v2\/pages\/7710\/revisions"}],"predecessor-version":[{"id":19228,"href":"https:\/\/alba.progresium.cz\/de\/wp-json\/wp\/v2\/pages\/7710\/revisions\/19228"}],"up":[{"embeddable":true,"href":"https:\/\/alba.progresium.cz\/de\/wp-json\/wp\/v2\/pages\/7699"}],"wp:featuredmedia":[{"embeddable":true,"href":"https:\/\/alba.progresium.cz\/de\/wp-json\/wp\/v2\/media\/2749"}],"wp:attachment":[{"href":"https:\/\/alba.progresium.cz\/de\/wp-json\/wp\/v2\/media?parent=7710"}],"curies":[{"name":"wp","href":"https:\/\/api.w.org\/{rel}","templated":true}]}}