{"id":7708,"date":"2022-04-08T20:41:11","date_gmt":"2022-04-08T18:41:11","guid":{"rendered":"https:\/\/alba.progresium.cz\/?page_id=7708"},"modified":"2022-10-29T23:13:34","modified_gmt":"2022-10-29T21:13:34","slug":"ergonomie","status":"publish","type":"page","link":"https:\/\/alba.progresium.cz\/de\/know-how\/ergonomie\/","title":{"rendered":"Ergonomie"},"content":{"rendered":"\t\t<div data-elementor-type=\"wp-page\" data-elementor-id=\"7708\" class=\"elementor elementor-7708 elementor-4756\" data-elementor-post-type=\"page\">\n\t\t\t\t\t\t<section class=\"elementor-section elementor-top-section elementor-element elementor-element-27d5982 header_section elementor-section-boxed elementor-section-height-default elementor-section-height-default\" data-id=\"27d5982\" data-element_type=\"section\" data-e-type=\"section\">\n\t\t\t\t\t\t<div class=\"elementor-container elementor-column-gap-default\">\n\t\t\t\t\t<div class=\"elementor-column elementor-col-100 elementor-top-column elementor-element elementor-element-a4df48e\" data-id=\"a4df48e\" data-element_type=\"column\" data-e-type=\"column\" data-settings=\"{&quot;background_background&quot;:&quot;classic&quot;}\">\n\t\t\t<div class=\"elementor-widget-wrap elementor-element-populated\">\n\t\t\t\t\t\t<section class=\"elementor-section elementor-inner-section elementor-element elementor-element-21f1d356 elementor-section-boxed elementor-section-height-default elementor-section-height-default\" data-id=\"21f1d356\" data-element_type=\"section\" data-e-type=\"section\">\n\t\t\t\t\t\t<div class=\"elementor-container elementor-column-gap-default\">\n\t\t\t\t\t<div class=\"elementor-column elementor-col-50 elementor-inner-column elementor-element elementor-element-3e478f93\" data-id=\"3e478f93\" data-element_type=\"column\" data-e-type=\"column\" data-settings=\"{&quot;background_background&quot;:&quot;classic&quot;}\">\n\t\t\t<div class=\"elementor-widget-wrap elementor-element-populated\">\n\t\t\t\t\t\t<div class=\"elementor-element elementor-element-680adf70 elementor-widget elementor-widget-heading\" data-id=\"680adf70\" data-element_type=\"widget\" data-e-type=\"widget\" data-widget_type=\"heading.default\">\n\t\t\t\t<div class=\"elementor-widget-container\">\n\t\t\t\t\t<h1 class=\"elementor-heading-title elementor-size-default\">Ergonomie<\/h1>\t\t\t\t<\/div>\n\t\t\t\t<\/div>\n\t\t\t\t<div class=\"elementor-element elementor-element-6d167c5 elementor-widget elementor-widget-heading\" data-id=\"6d167c5\" data-element_type=\"widget\" data-e-type=\"widget\" data-widget_type=\"heading.default\">\n\t\t\t\t<div class=\"elementor-widget-container\">\n\t\t\t\t\t<h2 class=\"elementor-heading-title elementor-size-default\">Gesundes Sitzen f\u00fcr mehr Konzentration, maximale Leistung und einen zufriedenen R\u00fccken<\/h2>\t\t\t\t<\/div>\n\t\t\t\t<\/div>\n\t\t\t\t\t<\/div>\n\t\t<\/div>\n\t\t\t\t<div class=\"elementor-column elementor-col-50 elementor-inner-column elementor-element elementor-element-470ea05e\" data-id=\"470ea05e\" data-element_type=\"column\" data-e-type=\"column\">\n\t\t\t<div class=\"elementor-widget-wrap\">\n\t\t\t\t\t\t\t<\/div>\n\t\t<\/div>\n\t\t\t\t\t<\/div>\n\t\t<\/section>\n\t\t\t\t\t<\/div>\n\t\t<\/div>\n\t\t\t\t\t<\/div>\n\t\t<\/section>\n\t\t\t\t<section class=\"elementor-section elementor-top-section elementor-element elementor-element-680842ae single_c elementor-section-boxed elementor-section-height-default elementor-section-height-default\" data-id=\"680842ae\" data-element_type=\"section\" data-e-type=\"section\">\n\t\t\t\t\t\t<div class=\"elementor-container elementor-column-gap-default\">\n\t\t\t\t\t<div class=\"elementor-column elementor-col-100 elementor-top-column elementor-element elementor-element-18e89502\" data-id=\"18e89502\" data-element_type=\"column\" data-e-type=\"column\">\n\t\t\t<div class=\"elementor-widget-wrap elementor-element-populated\">\n\t\t\t\t\t\t<div class=\"elementor-element elementor-element-1c4a7462 elementor-widget elementor-widget-ucaddon_alba_perex\" data-id=\"1c4a7462\" data-element_type=\"widget\" data-e-type=\"widget\" data-widget_type=\"ucaddon_alba_perex.default\">\n\t\t\t\t<div class=\"elementor-widget-container\">\n\t\t\t\t\t\n<!-- start ALBA perex -->\n\n<div class=\"article_perex\">Einen ausgezeichneten Stuhl zu entwickeln ist nicht einfach. Deshalb sind bei der Entwicklung und Herstellung von ALBA St\u00fchlen die Kenntnisse, wie das Sitzen am Arbeitsplatz praktisch funktioniert, und auch ein eingehendes Verst\u00e4ndnis f\u00fcr die verschiedenen Arbeitsbereiche, in denen unsere St\u00fchle eingesetzt werden, unverzichtbar.<\/div>\n<!-- end ALBA perex -->\t\t\t\t<\/div>\n\t\t\t\t<\/div>\n\t\t\t\t<div class=\"elementor-element elementor-element-44d82456 elementor-widget elementor-widget-text-editor\" data-id=\"44d82456\" data-element_type=\"widget\" data-e-type=\"widget\" data-widget_type=\"text-editor.default\">\n\t\t\t\t<div class=\"elementor-widget-container\">\n\t\t\t\t\t\t\t\t\t<pre>\u00a0<\/pre><h2>Ihre Leistungsf\u00e4higkeit und Konzentration liegen uns am Herzen<\/h2><p>Wenn wir bei ALBA ergonomische St\u00fchle entwickeln, dann behalten wir im Auge, dass Sie in einer gesunden Sitzposition Ihre volle Leistungsf\u00e4higkeit entfalten k\u00f6nnen. Damit Sie sich so gut wie m\u00f6glich konzentrieren, Ihre Arbeit mit Sorgfalt erledigen, m\u00f6glichst keine Fehler machen, kurzum, damit Sie wirklich produktiv Arbeiten und Ihr Potenzial voll aussch\u00f6pfen k\u00f6nnen. Daneben ist es uns jedoch wichtig, dass Sie auch bequem, entspannt und vor allem gesund sitzen. Nur so k\u00f6nnen Sie bei Ihrer Arbeit auch l\u00e4ngere Zeit sitzen, ohne dabei Ihre Gesundheit zu gef\u00e4hrden.<\/p><p>Deshalb bieten die St\u00fchle von ALBA eine hervorragende Ergonomie, f\u00f6rdern eine gesunde Sitzhaltung und verringern die Risiken langen Sitzens. Eine gesunde Sitzhaltung und bewegtes Sitzen wirken sowohl Schmerzen als auch m\u00f6glichen negativen gesundheitlichen Folgen entgegen.<\/p>\t\t\t\t\t\t\t\t<\/div>\n\t\t\t\t<\/div>\n\t\t\t\t\t<\/div>\n\t\t<\/div>\n\t\t\t\t\t<\/div>\n\t\t<\/section>\n\t\t\t\t<section class=\"elementor-section elementor-top-section elementor-element elementor-element-6488ef0c dual_c elementor-section-boxed elementor-section-height-default elementor-section-height-default\" data-id=\"6488ef0c\" data-element_type=\"section\" data-e-type=\"section\">\n\t\t\t\t\t\t<div class=\"elementor-container elementor-column-gap-default\">\n\t\t\t\t\t<div class=\"elementor-column elementor-col-50 elementor-top-column elementor-element elementor-element-58d09587\" data-id=\"58d09587\" data-element_type=\"column\" data-e-type=\"column\">\n\t\t\t<div class=\"elementor-widget-wrap elementor-element-populated\">\n\t\t\t\t\t\t<div class=\"elementor-element elementor-element-1f9f5d0a elementor-widget elementor-widget-image\" data-id=\"1f9f5d0a\" data-element_type=\"widget\" data-e-type=\"widget\" data-widget_type=\"image.default\">\n\t\t\t\t<div class=\"elementor-widget-container\">\n\t\t\t\t\t\t\t\t\t\t\t\t\t\t\t<img fetchpriority=\"high\" decoding=\"async\" width=\"830\" height=\"859\" src=\"https:\/\/alba.progresium.cz\/wp-content\/uploads\/2022\/02\/Spravny-posed-989x1024.jpeg\" class=\"attachment-large size-large wp-image-7772\" alt=\"\" srcset=\"https:\/\/alba.progresium.cz\/wp-content\/uploads\/2022\/02\/Spravny-posed-989x1024.jpeg 989w, https:\/\/alba.progresium.cz\/wp-content\/uploads\/2022\/02\/Spravny-posed-290x300.jpeg 290w, https:\/\/alba.progresium.cz\/wp-content\/uploads\/2022\/02\/Spravny-posed-768x796.jpeg 768w, https:\/\/alba.progresium.cz\/wp-content\/uploads\/2022\/02\/Spravny-posed-1483x1536.jpeg 1483w, https:\/\/alba.progresium.cz\/wp-content\/uploads\/2022\/02\/Spravny-posed-1977x2048.jpeg 1977w\" sizes=\"(max-width: 830px) 100vw, 830px\" \/>\t\t\t\t\t\t\t\t\t\t\t\t\t\t\t<\/div>\n\t\t\t\t<\/div>\n\t\t\t\t\t<\/div>\n\t\t<\/div>\n\t\t\t\t<div class=\"elementor-column elementor-col-50 elementor-top-column elementor-element elementor-element-2a3b9d98\" data-id=\"2a3b9d98\" data-element_type=\"column\" data-e-type=\"column\">\n\t\t\t<div class=\"elementor-widget-wrap elementor-element-populated\">\n\t\t\t\t\t\t<div class=\"elementor-element elementor-element-be1a083 elementor-widget elementor-widget-text-editor\" data-id=\"be1a083\" data-element_type=\"widget\" data-e-type=\"widget\" data-widget_type=\"text-editor.default\">\n\t\t\t\t<div class=\"elementor-widget-container\">\n\t\t\t\t\t\t\t\t\t<h3>Ergonomisch bedeutet nicht gleich bequem<\/h3><p>Ergonomisches Sitzen ist eine echte Wissenschaft, und auf den ersten Eindruck kann das Sitzen auf einem ergonomischen Stuhl nicht gleich bequem scheinen &#8211; vor allem, wenn Sie bisher nicht richtig oder auf einem ungeeigneten Stuhl gesessen haben. Ein ergonomischer Stuhl von guter Qualit\u00e4t, der richtig eingestellt ist, hilft Ihnen, die richtige Sitzposition einzunehmen und erm\u00f6glicht Ihnen, so zu sitzen, dass die negativen Auswirkungen des langen Sitzens so weit wie m\u00f6glich vermieden werden.<\/p><p>Doch auch der beste ergonomische Stuhl garantiert keine perfekte Sitzqualit\u00e4t, wenn Sie selbst nicht richtig am Ihrem Schreibtisch sitzen.<\/p>\t\t\t\t\t\t\t\t<\/div>\n\t\t\t\t<\/div>\n\t\t\t\t\t<\/div>\n\t\t<\/div>\n\t\t\t\t\t<\/div>\n\t\t<\/section>\n\t\t\t\t<section class=\"elementor-section elementor-top-section elementor-element elementor-element-5ac6e6dd dual_c elementor-section-boxed elementor-section-height-default elementor-section-height-default\" data-id=\"5ac6e6dd\" data-element_type=\"section\" data-e-type=\"section\">\n\t\t\t\t\t\t<div class=\"elementor-container elementor-column-gap-default\">\n\t\t\t\t\t<div class=\"elementor-column elementor-col-100 elementor-top-column elementor-element elementor-element-2dbca4\" data-id=\"2dbca4\" data-element_type=\"column\" data-e-type=\"column\">\n\t\t\t<div class=\"elementor-widget-wrap elementor-element-populated\">\n\t\t\t\t\t\t<div class=\"elementor-element elementor-element-929386f elementor-widget-divider--view-line elementor-widget elementor-widget-divider\" data-id=\"929386f\" data-element_type=\"widget\" data-e-type=\"widget\" data-widget_type=\"divider.default\">\n\t\t\t\t<div class=\"elementor-widget-container\">\n\t\t\t\t\t\t\t<div class=\"elementor-divider\">\n\t\t\t<span class=\"elementor-divider-separator\">\n\t\t\t\t\t\t<\/span>\n\t\t<\/div>\n\t\t\t\t\t\t<\/div>\n\t\t\t\t<\/div>\n\t\t\t\t\t<\/div>\n\t\t<\/div>\n\t\t\t\t\t<\/div>\n\t\t<\/section>\n\t\t\t\t<section class=\"elementor-section elementor-top-section elementor-element elementor-element-13f380f3 single_c elementor-section-boxed elementor-section-height-default elementor-section-height-default\" data-id=\"13f380f3\" data-element_type=\"section\" data-e-type=\"section\">\n\t\t\t\t\t\t<div class=\"elementor-container elementor-column-gap-default\">\n\t\t\t\t\t<div class=\"elementor-column elementor-col-100 elementor-top-column elementor-element elementor-element-168bec6e\" data-id=\"168bec6e\" data-element_type=\"column\" data-e-type=\"column\">\n\t\t\t<div class=\"elementor-widget-wrap elementor-element-populated\">\n\t\t\t\t\t\t<div class=\"elementor-element elementor-element-d7ef20b elementor-widget elementor-widget-text-editor\" data-id=\"d7ef20b\" data-element_type=\"widget\" data-e-type=\"widget\" data-widget_type=\"text-editor.default\">\n\t\t\t\t<div class=\"elementor-widget-container\">\n\t\t\t\t\t\t\t\t\t<h2>Der Stuhl muss perfekt sitzen<\/h2><p>Eine Grundvoraussetzung f\u00fcr einen guten ergonomischen Stuhl ist, dass er individuell einstellbar ist, so dass jeder, der darauf sitzt, auch wirklich richtig sitzen kann. Denn ein Stuhl, der f\u00fcr den einen bequem ist, kann f\u00fcr einen anderen v\u00f6llig ungeeignet sein.<\/p><p>Aber auch wenn der Stuhl nur f\u00fcr eine Person gedacht ist, ist die M\u00f6glichkeit der individuellen Einstellung wichtig &#8211; Sitzpositionen \u00e4ndern man st\u00e4ndig entsprechend der T\u00e4tigkeit und ein guter Stuhl muss in jeder Position und bei jeder Bewegung die richtige Unterst\u00fctzung bieten.<\/p><p>F\u00fcr den t\u00e4glichen Gebrauch ist es wichtig, dass die Bedienelemente des Stuhls intuitiv und einfach zu bedienen sind. Es sollte m\u00f6glichst wenig Aufwand erfordern, die Einstellungen vorzunehmen. Von Vorteil ist es, wenn die meisten Einstellungen aus der Sitzposition durchgef\u00fchrt werden k\u00f6nnen und wenn die Bedienelemente an den St\u00fchlen so gestaltet sind, dass sie von verschiedenen Mitarbeitern unabh\u00e4ngig davon, auf welchem Stuhl sie sitzen, einfach bedient werden k\u00f6nnen &#8211; was z. B. in Mehrschichtbetrieben oder Callcentern w\u00fcnschenswert ist.<\/p>\t\t\t\t\t\t\t\t<\/div>\n\t\t\t\t<\/div>\n\t\t\t\t\t<\/div>\n\t\t<\/div>\n\t\t\t\t\t<\/div>\n\t\t<\/section>\n\t\t\t\t<section class=\"elementor-section elementor-top-section elementor-element elementor-element-bb7ee78 dual_c inv_b elementor-section-boxed elementor-section-height-default elementor-section-height-default\" data-id=\"bb7ee78\" data-element_type=\"section\" data-e-type=\"section\">\n\t\t\t\t\t\t<div class=\"elementor-container elementor-column-gap-default\">\n\t\t\t\t\t<div class=\"elementor-column elementor-col-100 elementor-top-column elementor-element elementor-element-13c1516\" data-id=\"13c1516\" data-element_type=\"column\" data-e-type=\"column\" data-settings=\"{&quot;background_background&quot;:&quot;classic&quot;}\">\n\t\t\t<div class=\"elementor-widget-wrap elementor-element-populated\">\n\t\t\t\t\t\t<section class=\"elementor-section elementor-inner-section elementor-element elementor-element-e5b87a9 elementor-section-full_width elementor-section-height-default elementor-section-height-default\" data-id=\"e5b87a9\" data-element_type=\"section\" data-e-type=\"section\">\n\t\t\t\t\t\t<div class=\"elementor-container elementor-column-gap-wider\">\n\t\t\t\t\t<div class=\"elementor-column elementor-col-100 elementor-inner-column elementor-element elementor-element-eabfc63\" data-id=\"eabfc63\" data-element_type=\"column\" data-e-type=\"column\">\n\t\t\t<div class=\"elementor-widget-wrap elementor-element-populated\">\n\t\t\t\t\t\t<div class=\"elementor-element elementor-element-cc944b8 elementor-widget elementor-widget-text-editor\" data-id=\"cc944b8\" data-element_type=\"widget\" data-e-type=\"widget\" data-widget_type=\"text-editor.default\">\n\t\t\t\t<div class=\"elementor-widget-container\">\n\t\t\t\t\t\t\t\t\t<h3>Die wichtigsten Einstellungsm\u00f6glicheiten der St\u00fchle von ALBA<\/h3>\t\t\t\t\t\t\t\t<\/div>\n\t\t\t\t<\/div>\n\t\t\t\t\t<\/div>\n\t\t<\/div>\n\t\t\t\t\t<\/div>\n\t\t<\/section>\n\t\t\t\t<section class=\"elementor-section elementor-inner-section elementor-element elementor-element-f1e597a elementor-section-full_width elementor-section-height-default elementor-section-height-default\" data-id=\"f1e597a\" data-element_type=\"section\" data-e-type=\"section\">\n\t\t\t\t\t\t<div class=\"elementor-container elementor-column-gap-wider\">\n\t\t\t\t\t<div class=\"elementor-column elementor-col-50 elementor-inner-column elementor-element elementor-element-40e462f\" data-id=\"40e462f\" data-element_type=\"column\" data-e-type=\"column\">\n\t\t\t<div class=\"elementor-widget-wrap elementor-element-populated\">\n\t\t\t\t\t\t<div class=\"elementor-element elementor-element-47e079e elementor-widget elementor-widget-image\" data-id=\"47e079e\" data-element_type=\"widget\" data-e-type=\"widget\" data-widget_type=\"image.default\">\n\t\t\t\t<div class=\"elementor-widget-container\">\n\t\t\t\t\t\t\t\t\t\t\t\t<figure class=\"wp-caption\">\n\t\t\t\t\t\t\t\t\t\t<img decoding=\"async\" width=\"830\" height=\"783\" src=\"https:\/\/alba.progresium.cz\/wp-content\/uploads\/2022\/04\/alba-seating-vpravo.svg\" class=\"attachment-large size-large wp-image-10611\" alt=\"\" \/>\t\t\t\t\t\t\t\t\t\t\t<figcaption class=\"widget-image-caption wp-caption-text\"><\/figcaption>\n\t\t\t\t\t\t\t\t\t\t<\/figure>\n\t\t\t\t\t\t\t\t\t<\/div>\n\t\t\t\t<\/div>\n\t\t\t\t\t<\/div>\n\t\t<\/div>\n\t\t\t\t<div class=\"elementor-column elementor-col-50 elementor-inner-column elementor-element elementor-element-4789028\" data-id=\"4789028\" data-element_type=\"column\" data-e-type=\"column\">\n\t\t\t<div class=\"elementor-widget-wrap elementor-element-populated\">\n\t\t\t\t\t\t<div class=\"elementor-element elementor-element-aaba075 elementor-widget elementor-widget-text-editor\" data-id=\"aaba075\" data-element_type=\"widget\" data-e-type=\"widget\" data-widget_type=\"text-editor.default\">\n\t\t\t\t<div class=\"elementor-widget-container\">\n\t\t\t\t\t\t\t\t\t<ol><li>Sitzh\u00f6he &#8211; die F\u00fc\u00dfe sollten flach auf dem Boden aufliegen, wobei die Knie liegen etwas tiefer als die H\u00fcften liegen.\u00a0<\/li><li>Sitztiefe &#8211; zwischen dem Sitz und den Kniekehlen sollte ein Abstand von drei bis vier Fingern bleiben. Eine m\u00f6gliche Sitzneigeverstellung erh\u00f6ht den offenen Sitzwinkel.<\/li><li>H\u00f6he der R\u00fcckenlehne &#8211; der R\u00fccken sollte optimal in der gesamte L\u00e4nge an der R\u00fcckenlehne anliegen.\u00a0<\/li><li>Die Lordosenst\u00fctze befindet sich in der st\u00e4rksten W\u00f6lbung der R\u00fccklehne. Sie st\u00fctzt den R\u00fccken im Bereich des Beckenkammes und stabilisiert und entlastet die Wirbels\u00e4ule bei l\u00e4ngerem Sitzen, da sie den Druck auf die Bandscheiben reduziert.<\/li><li>Armlehnen &#8211; unterst\u00fctzen die richtige Haltung der Arme und H\u00e4nde und entlasten die Schulter-, Hals- und Nackenmuskulatur. Der Winkel zwischen Oberarm und Unterarm sollte 90\u00b0 oder etwas mehr betragen, wobei die Unterarme entspannt auf den Armst\u00fctzen aufliegen.<\/li><li>Kopfst\u00fctze &#8211; die zus\u00e4tzliche St\u00fctze ist besonders f\u00fcr die Halswirbels\u00e4ule hilfreich, vor allem wenn die Kopfst\u00fctze entsprechend in der H\u00f6he und Tiefe eingestellt werden kann.<\/li><\/ol>\t\t\t\t\t\t\t\t<\/div>\n\t\t\t\t<\/div>\n\t\t\t\t\t<\/div>\n\t\t<\/div>\n\t\t\t\t\t<\/div>\n\t\t<\/section>\n\t\t\t\t<div class=\"elementor-element elementor-element-d2d00c7 elementor-widget elementor-widget-button\" data-id=\"d2d00c7\" data-element_type=\"widget\" data-e-type=\"widget\" data-widget_type=\"button.default\">\n\t\t\t\t<div class=\"elementor-widget-container\">\n\t\t\t\t\t\t\t\t\t<div class=\"elementor-button-wrapper\">\n\t\t\t\t\t<a class=\"elementor-button elementor-button-link elementor-size-sm\" href=\"\/de\/produkte\/\">\n\t\t\t\t\t\t<span class=\"elementor-button-content-wrapper\">\n\t\t\t\t\t\t\t\t\t<span class=\"elementor-button-text\">Finden Sie einen ergonomischen B\u00fcrostuhl<\/span>\n\t\t\t\t\t<\/span>\n\t\t\t\t\t<\/a>\n\t\t\t\t<\/div>\n\t\t\t\t\t\t\t\t<\/div>\n\t\t\t\t<\/div>\n\t\t\t\t\t<\/div>\n\t\t<\/div>\n\t\t\t\t\t<\/div>\n\t\t<\/section>\n\t\t\t\t<section class=\"elementor-section elementor-top-section elementor-element elementor-element-369d32e3 single_c elementor-section-boxed elementor-section-height-default elementor-section-height-default\" data-id=\"369d32e3\" data-element_type=\"section\" data-e-type=\"section\">\n\t\t\t\t\t\t<div class=\"elementor-container elementor-column-gap-default\">\n\t\t\t\t\t<div class=\"elementor-column elementor-col-100 elementor-top-column elementor-element elementor-element-7878c004\" data-id=\"7878c004\" data-element_type=\"column\" data-e-type=\"column\">\n\t\t\t<div class=\"elementor-widget-wrap elementor-element-populated\">\n\t\t\t\t\t\t<div class=\"elementor-element elementor-element-5e2df8a4 elementor-widget elementor-widget-spacer\" data-id=\"5e2df8a4\" data-element_type=\"widget\" data-e-type=\"widget\" data-widget_type=\"spacer.default\">\n\t\t\t\t<div class=\"elementor-widget-container\">\n\t\t\t\t\t\t\t<div class=\"elementor-spacer\">\n\t\t\t<div class=\"elementor-spacer-inner\"><\/div>\n\t\t<\/div>\n\t\t\t\t\t\t<\/div>\n\t\t\t\t<\/div>\n\t\t\t\t\t<\/div>\n\t\t<\/div>\n\t\t\t\t\t<\/div>\n\t\t<\/section>\n\t\t\t\t<\/div>\n\t\t","protected":false},"excerpt":{"rendered":"<p>Einen ausgezeichneten Stuhl zu entwickeln ist nicht einfach. Deshalb ist bei der Entwicklung und Herstellung von ALBA St\u00fchlen ein eingehendes Verst\u00e4ndnis f\u00fcr die verschiedenen Arbeitsbereiche, in denen unsere St\u00fchle eingesetzt werden, unverzichtbar.<\/p>\n","protected":false},"author":2,"featured_media":2741,"parent":7699,"menu_order":17,"comment_status":"closed","ping_status":"closed","template":"","meta":{"_acf_changed":false,"inline_featured_image":false,"footnotes":""},"class_list":["post-7708","page","type-page","status-publish","has-post-thumbnail","hentry"],"acf":[],"aioseo_notices":[],"_links":{"self":[{"href":"https:\/\/alba.progresium.cz\/de\/wp-json\/wp\/v2\/pages\/7708","targetHints":{"allow":["GET"]}}],"collection":[{"href":"https:\/\/alba.progresium.cz\/de\/wp-json\/wp\/v2\/pages"}],"about":[{"href":"https:\/\/alba.progresium.cz\/de\/wp-json\/wp\/v2\/types\/page"}],"author":[{"embeddable":true,"href":"https:\/\/alba.progresium.cz\/de\/wp-json\/wp\/v2\/users\/2"}],"replies":[{"embeddable":true,"href":"https:\/\/alba.progresium.cz\/de\/wp-json\/wp\/v2\/comments?post=7708"}],"version-history":[{"count":5,"href":"https:\/\/alba.progresium.cz\/de\/wp-json\/wp\/v2\/pages\/7708\/revisions"}],"predecessor-version":[{"id":19811,"href":"https:\/\/alba.progresium.cz\/de\/wp-json\/wp\/v2\/pages\/7708\/revisions\/19811"}],"up":[{"embeddable":true,"href":"https:\/\/alba.progresium.cz\/de\/wp-json\/wp\/v2\/pages\/7699"}],"wp:featuredmedia":[{"embeddable":true,"href":"https:\/\/alba.progresium.cz\/de\/wp-json\/wp\/v2\/media\/2741"}],"wp:attachment":[{"href":"https:\/\/alba.progresium.cz\/de\/wp-json\/wp\/v2\/media?parent=7708"}],"curies":[{"name":"wp","href":"https:\/\/api.w.org\/{rel}","templated":true}]}}