{"id":7704,"date":"2022-04-08T20:39:02","date_gmt":"2022-04-08T18:39:02","guid":{"rendered":"https:\/\/alba.progresium.cz\/?page_id=7704"},"modified":"2022-05-26T09:07:22","modified_gmt":"2022-05-26T07:07:22","slug":"fuellungen","status":"publish","type":"page","link":"https:\/\/alba.progresium.cz\/de\/know-how\/fuellungen\/","title":{"rendered":"F\u00fcllungen"},"content":{"rendered":"\t\t<div data-elementor-type=\"wp-page\" data-elementor-id=\"7704\" class=\"elementor elementor-7704 elementor-4755\" data-elementor-post-type=\"page\">\n\t\t\t\t\t\t<section class=\"elementor-section elementor-top-section elementor-element elementor-element-567b88b5 header_section elementor-section-boxed elementor-section-height-default elementor-section-height-default\" data-id=\"567b88b5\" data-element_type=\"section\" data-e-type=\"section\">\n\t\t\t\t\t\t<div class=\"elementor-container elementor-column-gap-default\">\n\t\t\t\t\t<div class=\"elementor-column elementor-col-100 elementor-top-column elementor-element elementor-element-4460525\" data-id=\"4460525\" data-element_type=\"column\" data-e-type=\"column\" data-settings=\"{&quot;background_background&quot;:&quot;classic&quot;}\">\n\t\t\t<div class=\"elementor-widget-wrap elementor-element-populated\">\n\t\t\t\t\t\t<section class=\"elementor-section elementor-inner-section elementor-element elementor-element-699b8c14 elementor-section-boxed elementor-section-height-default elementor-section-height-default\" data-id=\"699b8c14\" data-element_type=\"section\" data-e-type=\"section\">\n\t\t\t\t\t\t<div class=\"elementor-container elementor-column-gap-default\">\n\t\t\t\t\t<div class=\"elementor-column elementor-col-50 elementor-inner-column elementor-element elementor-element-7a163089\" data-id=\"7a163089\" data-element_type=\"column\" data-e-type=\"column\" data-settings=\"{&quot;background_background&quot;:&quot;classic&quot;}\">\n\t\t\t<div class=\"elementor-widget-wrap elementor-element-populated\">\n\t\t\t\t\t\t<div class=\"elementor-element elementor-element-59fae08e elementor-widget elementor-widget-heading\" data-id=\"59fae08e\" data-element_type=\"widget\" data-e-type=\"widget\" data-widget_type=\"heading.default\">\n\t\t\t\t<div class=\"elementor-widget-container\">\n\t\t\t\t\t<h1 class=\"elementor-heading-title elementor-size-default\">F\u00fcllungen<\/h1>\t\t\t\t<\/div>\n\t\t\t\t<\/div>\n\t\t\t\t<div class=\"elementor-element elementor-element-4b9ed1ee elementor-widget elementor-widget-heading\" data-id=\"4b9ed1ee\" data-element_type=\"widget\" data-e-type=\"widget\" data-widget_type=\"heading.default\">\n\t\t\t\t<div class=\"elementor-widget-container\">\n\t\t\t\t\t<h2 class=\"elementor-heading-title elementor-size-default\">Sorgen f\u00fcr Komfort und tragen zur Lebensdauer des Stuhls bei<\/h2>\t\t\t\t<\/div>\n\t\t\t\t<\/div>\n\t\t\t\t\t<\/div>\n\t\t<\/div>\n\t\t\t\t<div class=\"elementor-column elementor-col-50 elementor-inner-column elementor-element elementor-element-37828642\" data-id=\"37828642\" data-element_type=\"column\" data-e-type=\"column\">\n\t\t\t<div class=\"elementor-widget-wrap\">\n\t\t\t\t\t\t\t<\/div>\n\t\t<\/div>\n\t\t\t\t\t<\/div>\n\t\t<\/section>\n\t\t\t\t\t<\/div>\n\t\t<\/div>\n\t\t\t\t\t<\/div>\n\t\t<\/section>\n\t\t\t\t<section class=\"elementor-section elementor-top-section elementor-element elementor-element-37a53314 single_c elementor-section-boxed elementor-section-height-default elementor-section-height-default\" data-id=\"37a53314\" data-element_type=\"section\" data-e-type=\"section\">\n\t\t\t\t\t\t<div class=\"elementor-container elementor-column-gap-default\">\n\t\t\t\t\t<div class=\"elementor-column elementor-col-100 elementor-top-column elementor-element elementor-element-74302813\" data-id=\"74302813\" data-element_type=\"column\" data-e-type=\"column\">\n\t\t\t<div class=\"elementor-widget-wrap elementor-element-populated\">\n\t\t\t\t\t\t<div class=\"elementor-element elementor-element-2fd58d92 elementor-widget elementor-widget-ucaddon_alba_perex\" data-id=\"2fd58d92\" data-element_type=\"widget\" data-e-type=\"widget\" data-widget_type=\"ucaddon_alba_perex.default\">\n\t\t\t\t<div class=\"elementor-widget-container\">\n\t\t\t\t\t\n<!-- start ALBA perex -->\n\n<div class=\"article_perex\">Wir legen gro\u00dfen Wert darauf, dass Sie auf unseren St\u00fchlen so bequem wie m\u00f6glich sitzen. Deshalb verwenden wir f\u00fcr die Herstellung nur hochwertige und zertifizierte Komponenten. Dadurch k\u00f6nnen wir Ihnen garantieren, dass Ihnen unsere St\u00fchle viele Jahre lang einen guten Dienst erweisen. <\/div>\n<!-- end ALBA perex -->\t\t\t\t<\/div>\n\t\t\t\t<\/div>\n\t\t\t\t<div class=\"elementor-element elementor-element-4fa35674 elementor-widget elementor-widget-text-editor\" data-id=\"4fa35674\" data-element_type=\"widget\" data-e-type=\"widget\" data-widget_type=\"text-editor.default\">\n\t\t\t\t<div class=\"elementor-widget-container\">\n\t\t\t\t\t\t\t\t\t<p>Das gilt auch f\u00fcr unsere Polsterf\u00fcllungen. Wir verwenden drei Arten von Schaumstoffen mit verschiedenen Eigenschaften, die f\u00fcr unterschiedliche Zwecke geeignet sind. Je nachdem, ob Sie im B\u00fcro, zu Hause, in der Arztpraxis oder in einem Speditionscenter auf Ihrem Stuhl sitzen, verwenden wir als Polsterf\u00fcllungen PUR-Schaumstoff, Formschaum oder Kaltschaum.<\/p>\t\t\t\t\t\t\t\t<\/div>\n\t\t\t\t<\/div>\n\t\t\t\t\t<\/div>\n\t\t<\/div>\n\t\t\t\t\t<\/div>\n\t\t<\/section>\n\t\t\t\t<section class=\"elementor-section elementor-top-section elementor-element elementor-element-214bbff9 dual_c elementor-section-boxed elementor-section-height-default elementor-section-height-default\" data-id=\"214bbff9\" data-element_type=\"section\" data-e-type=\"section\">\n\t\t\t\t\t\t<div class=\"elementor-container elementor-column-gap-default\">\n\t\t\t\t\t<div class=\"elementor-column elementor-col-100 elementor-top-column elementor-element elementor-element-6e34db8d\" data-id=\"6e34db8d\" data-element_type=\"column\" data-e-type=\"column\">\n\t\t\t<div class=\"elementor-widget-wrap elementor-element-populated\">\n\t\t\t\t\t\t<div class=\"elementor-element elementor-element-c56a121 elementor-widget-divider--view-line elementor-widget elementor-widget-divider\" data-id=\"c56a121\" data-element_type=\"widget\" data-e-type=\"widget\" data-widget_type=\"divider.default\">\n\t\t\t\t<div class=\"elementor-widget-container\">\n\t\t\t\t\t\t\t<div class=\"elementor-divider\">\n\t\t\t<span class=\"elementor-divider-separator\">\n\t\t\t\t\t\t<\/span>\n\t\t<\/div>\n\t\t\t\t\t\t<\/div>\n\t\t\t\t<\/div>\n\t\t\t\t\t<\/div>\n\t\t<\/div>\n\t\t\t\t\t<\/div>\n\t\t<\/section>\n\t\t\t\t<section class=\"elementor-section elementor-top-section elementor-element elementor-element-4f9d6613 dual_c elementor-section-boxed elementor-section-height-default elementor-section-height-default\" data-id=\"4f9d6613\" data-element_type=\"section\" data-e-type=\"section\">\n\t\t\t\t\t\t<div class=\"elementor-container elementor-column-gap-wide\">\n\t\t\t\t\t<div class=\"elementor-column elementor-col-50 elementor-top-column elementor-element elementor-element-51e0c608\" data-id=\"51e0c608\" data-element_type=\"column\" data-e-type=\"column\">\n\t\t\t<div class=\"elementor-widget-wrap elementor-element-populated\">\n\t\t\t\t\t\t<div class=\"elementor-element elementor-element-2abf3476 elementor-widget elementor-widget-text-editor\" data-id=\"2abf3476\" data-element_type=\"widget\" data-e-type=\"widget\" data-widget_type=\"text-editor.default\">\n\t\t\t\t<div class=\"elementor-widget-container\">\n\t\t\t\t\t\t\t\t\t<h3>Formschaum<\/h3><p>F\u00fcr die Herstellung unserer Premium-St\u00fchle verwenden wir Polster aus Formschaum, die wir mit einer speziellen Technologie in unserer Produktionsst\u00e4tte in Ostrava herstellen. Bei der Produktion wird das Polyurethan-Gemisch in geschlossene Aluminiumformen gegossen, wo es anschlie\u00dfend thermisch ausgeh\u00e4rtet wird. Dank dieses Verfahrens k\u00f6nnen wir pr\u00e4zise geformte Sitze, R\u00fcckenlehnen oder Kopfst\u00fctzen herstellen.<\/p><p>Die ergonomische Formgebung f\u00f6rdert ein k\u00f6rpegerechtes Sitzen durch korrekte Beckenstellung. Das hohe Raumgewicht des entstehenden Materials sorgt zudem daf\u00fcr, dass die Teile sehr formstabil und langlebig sind. Dadurch behalten Sie Ihre Form und k\u00f6nnen mit Ziern\u00e4hten versehen werden.<\/p><p>Da jedes St\u00fcck einzeln gegossen und nicht geschnitten wird, bleibt die Struktur der feinen Luftkan\u00e4le erhalten, dadurch sind die Polster Atmungsaktiv und leiten aufgenommene Feuchtigkeit schnell wieder ab. Die gr\u00f6\u00dften Vorteile von Formschaum sind daher die sehr gute St\u00fctzkraft, hohe Atmungsaktivit\u00e4t und gleichbleibende Qualit\u00e4t.<\/p>\t\t\t\t\t\t\t\t<\/div>\n\t\t\t\t<\/div>\n\t\t\t\t\t<\/div>\n\t\t<\/div>\n\t\t\t\t<div class=\"elementor-column elementor-col-50 elementor-top-column elementor-element elementor-element-5ce0281a\" data-id=\"5ce0281a\" data-element_type=\"column\" data-e-type=\"column\">\n\t\t\t<div class=\"elementor-widget-wrap elementor-element-populated\">\n\t\t\t\t\t\t<div class=\"elementor-element elementor-element-b72c469 elementor-widget elementor-widget-image\" data-id=\"b72c469\" data-element_type=\"widget\" data-e-type=\"widget\" data-widget_type=\"image.default\">\n\t\t\t\t<div class=\"elementor-widget-container\">\n\t\t\t\t\t\t\t\t\t\t\t\t\t\t\t<img fetchpriority=\"high\" decoding=\"async\" width=\"502\" height=\"562\" src=\"https:\/\/alba.progresium.cz\/wp-content\/uploads\/2022\/02\/Liti-polyuretanu.jpg\" class=\"attachment-large size-large wp-image-7768\" alt=\"\" srcset=\"https:\/\/alba.progresium.cz\/wp-content\/uploads\/2022\/02\/Liti-polyuretanu.jpg 502w, https:\/\/alba.progresium.cz\/wp-content\/uploads\/2022\/02\/Liti-polyuretanu-268x300.jpg 268w\" sizes=\"(max-width: 502px) 100vw, 502px\" \/>\t\t\t\t\t\t\t\t\t\t\t\t\t\t\t<\/div>\n\t\t\t\t<\/div>\n\t\t\t\t\t<\/div>\n\t\t<\/div>\n\t\t\t\t\t<\/div>\n\t\t<\/section>\n\t\t\t\t<section class=\"elementor-section elementor-top-section elementor-element elementor-element-8b15490 dual_c elementor-section-boxed elementor-section-height-default elementor-section-height-default\" data-id=\"8b15490\" data-element_type=\"section\" data-e-type=\"section\">\n\t\t\t\t\t\t<div class=\"elementor-container elementor-column-gap-default\">\n\t\t\t\t\t<div class=\"elementor-column elementor-col-100 elementor-top-column elementor-element elementor-element-7c6af16a\" data-id=\"7c6af16a\" data-element_type=\"column\" data-e-type=\"column\">\n\t\t\t<div class=\"elementor-widget-wrap elementor-element-populated\">\n\t\t\t\t\t\t<div class=\"elementor-element elementor-element-79a76012 elementor-widget-divider--view-line elementor-widget elementor-widget-divider\" data-id=\"79a76012\" data-element_type=\"widget\" data-e-type=\"widget\" data-widget_type=\"divider.default\">\n\t\t\t\t<div class=\"elementor-widget-container\">\n\t\t\t\t\t\t\t<div class=\"elementor-divider\">\n\t\t\t<span class=\"elementor-divider-separator\">\n\t\t\t\t\t\t<\/span>\n\t\t<\/div>\n\t\t\t\t\t\t<\/div>\n\t\t\t\t<\/div>\n\t\t\t\t\t<\/div>\n\t\t<\/div>\n\t\t\t\t\t<\/div>\n\t\t<\/section>\n\t\t\t\t<section class=\"elementor-section elementor-top-section elementor-element elementor-element-26871d35 dual_c elementor-section-boxed elementor-section-height-default elementor-section-height-default\" data-id=\"26871d35\" data-element_type=\"section\" data-e-type=\"section\">\n\t\t\t\t\t\t<div class=\"elementor-container elementor-column-gap-wide\">\n\t\t\t\t\t<div class=\"elementor-column elementor-col-50 elementor-top-column elementor-element elementor-element-22b26f9e\" data-id=\"22b26f9e\" data-element_type=\"column\" data-e-type=\"column\">\n\t\t\t<div class=\"elementor-widget-wrap elementor-element-populated\">\n\t\t\t\t\t\t<div class=\"elementor-element elementor-element-7f5e59f4 elementor-widget elementor-widget-image\" data-id=\"7f5e59f4\" data-element_type=\"widget\" data-e-type=\"widget\" data-widget_type=\"image.default\">\n\t\t\t\t<div class=\"elementor-widget-container\">\n\t\t\t\t\t\t\t\t\t\t\t\t<figure class=\"wp-caption\">\n\t\t\t\t\t\t\t\t\t\t<img decoding=\"async\" width=\"830\" height=\"554\" src=\"https:\/\/alba.progresium.cz\/wp-content\/uploads\/2022\/01\/Molitan_rezani-1024x683.jpg\" class=\"attachment-large size-large wp-image-7766\" alt=\"\" srcset=\"https:\/\/alba.progresium.cz\/wp-content\/uploads\/2022\/01\/Molitan_rezani-1024x683.jpg 1024w, https:\/\/alba.progresium.cz\/wp-content\/uploads\/2022\/01\/Molitan_rezani-300x200.jpg 300w, https:\/\/alba.progresium.cz\/wp-content\/uploads\/2022\/01\/Molitan_rezani-768x513.jpg 768w, https:\/\/alba.progresium.cz\/wp-content\/uploads\/2022\/01\/Molitan_rezani-1536x1025.jpg 1536w, https:\/\/alba.progresium.cz\/wp-content\/uploads\/2022\/01\/Molitan_rezani-2048x1367.jpg 2048w\" sizes=\"(max-width: 830px) 100vw, 830px\" \/>\t\t\t\t\t\t\t\t\t\t\t<figcaption class=\"widget-image-caption wp-caption-text\"><\/figcaption>\n\t\t\t\t\t\t\t\t\t\t<\/figure>\n\t\t\t\t\t\t\t\t\t<\/div>\n\t\t\t\t<\/div>\n\t\t\t\t<div class=\"elementor-element elementor-element-c256e72 elementor-widget elementor-widget-image\" data-id=\"c256e72\" data-element_type=\"widget\" data-e-type=\"widget\" data-widget_type=\"image.default\">\n\t\t\t\t<div class=\"elementor-widget-container\">\n\t\t\t\t\t\t\t\t\t\t\t\t<figure class=\"wp-caption\">\n\t\t\t\t\t\t\t\t\t\t<img decoding=\"async\" width=\"830\" height=\"529\" src=\"https:\/\/alba.progresium.cz\/wp-content\/uploads\/2022\/01\/Molitan-1024x653.jpg\" class=\"attachment-large size-large wp-image-7767\" alt=\"\" srcset=\"https:\/\/alba.progresium.cz\/wp-content\/uploads\/2022\/01\/Molitan-1024x653.jpg 1024w, https:\/\/alba.progresium.cz\/wp-content\/uploads\/2022\/01\/Molitan-300x191.jpg 300w, https:\/\/alba.progresium.cz\/wp-content\/uploads\/2022\/01\/Molitan-768x490.jpg 768w, https:\/\/alba.progresium.cz\/wp-content\/uploads\/2022\/01\/Molitan.jpg 1528w\" sizes=\"(max-width: 830px) 100vw, 830px\" \/>\t\t\t\t\t\t\t\t\t\t\t<figcaption class=\"widget-image-caption wp-caption-text\"><\/figcaption>\n\t\t\t\t\t\t\t\t\t\t<\/figure>\n\t\t\t\t\t\t\t\t\t<\/div>\n\t\t\t\t<\/div>\n\t\t\t\t\t<\/div>\n\t\t<\/div>\n\t\t\t\t<div class=\"elementor-column elementor-col-50 elementor-top-column elementor-element elementor-element-b6b72fd\" data-id=\"b6b72fd\" data-element_type=\"column\" data-e-type=\"column\">\n\t\t\t<div class=\"elementor-widget-wrap elementor-element-populated\">\n\t\t\t\t\t\t<div class=\"elementor-element elementor-element-36ef79dc elementor-widget elementor-widget-text-editor\" data-id=\"36ef79dc\" data-element_type=\"widget\" data-e-type=\"widget\" data-widget_type=\"text-editor.default\">\n\t\t\t\t<div class=\"elementor-widget-container\">\n\t\t\t\t\t\t\t\t\t<h3>PUR-Schaum<\/h3><p>Das am h\u00e4ufigsten verwendete F\u00fcllungsmaterial wird meistens als Schaumstoff bezeichnet. Er ist luftdurchl\u00e4ssig, formstabil und strapazierf\u00e4hig. Dar\u00fcber hinaus hat das Verfahren zur Herstellung von PUR-Schaumstoffen in den letzten Jahren eine Reihe von Innovationen erfahren, die hochwertigere, langlebigere und sichere Produkte garantieren.<\/p><p>ALBA bezieht hochwertigen Schaumstoff von bew\u00e4hrten tschechischen und deutschen Herstellern in ganzen Bl\u00f6cken, aus denen die Teile dann automatisch oder manuell in die gew\u00fcnschten Formen geschnitten werden. Die aus Schaumstoffzuschnitten hergestellten B\u00fcrost\u00fchle zeichnen sich durch hohe Haltbarkeit und Sitzkomfort aus.<\/p><p>Die technischen Eigenschaften der einzelnen Schaumstofftypen werden durch ihr Raumgewicht und ihre Stauchh\u00e4rte bestimmt. Ein h\u00f6heres Raumgewicht macht den Schaumstoff dichter und gew\u00e4hrleistet eine l\u00e4ngere Haltbarkeit und eine h\u00f6here Formstabilit\u00e4t. Der Schaumstoff mit geringerer Stauchh\u00e4rte ist weicher und wird normalerweise f\u00fcr die R\u00fcckenlehne verwendet, um den Komfort zu erh\u00f6hen. Dagegen wird Schaumstoff mit hohem Raumgewicht und h\u00f6herer Stauchh\u00e4rte f\u00fcr die Polsterung stark beanspruchter Sitze verwendet.<\/p>\t\t\t\t\t\t\t\t<\/div>\n\t\t\t\t<\/div>\n\t\t\t\t\t<\/div>\n\t\t<\/div>\n\t\t\t\t\t<\/div>\n\t\t<\/section>\n\t\t\t\t<section class=\"elementor-section elementor-top-section elementor-element elementor-element-c69ce72 dual_c elementor-section-boxed elementor-section-height-default elementor-section-height-default\" data-id=\"c69ce72\" data-element_type=\"section\" data-e-type=\"section\">\n\t\t\t\t\t\t<div class=\"elementor-container elementor-column-gap-wide\">\n\t\t\t\t\t<div class=\"elementor-column elementor-col-50 elementor-top-column elementor-element elementor-element-90b769b\" data-id=\"90b769b\" data-element_type=\"column\" data-e-type=\"column\">\n\t\t\t<div class=\"elementor-widget-wrap elementor-element-populated\">\n\t\t\t\t\t\t<div class=\"elementor-element elementor-element-a078b29 elementor-widget elementor-widget-text-editor\" data-id=\"a078b29\" data-element_type=\"widget\" data-e-type=\"widget\" data-widget_type=\"text-editor.default\">\n\t\t\t\t<div class=\"elementor-widget-container\">\n\t\t\t\t\t\t\t\t\t<h3>Kaltschaum<\/h3><p>Eine weitere Art von Schaumstoff ist der so genannte Kaltschaum oder HR-Schaum (High Resilience), der sich durch seinen Komfort und seine lange Lebensdauer auszeichnet. Es handelt sich um einen hochwertigen, langlebigen Schaumstoff mit offenen Poren, hoher Materialdichte und hoher Stauchh\u00e4rte, welche die Polsterung atmungsaktiv und w\u00e4rmeableitend machen.<\/p><p>Aufgrund der hohen Stauchh\u00e4rte kehrt Kaltschaum schnell wieder in seine urspr\u00fcngliche Form zur\u00fcck, auch nach mehreren Jahren der Nutzung. Wir beziehen diesen Schaumstoff in Bl\u00f6cken von einem f\u00fchrenden Hersteller in Deutschland, schneiden ihn und verwenden ihn in Kombination mit anderen Schaumstoffen f\u00fcr spezielle Ma\u00dfanfertigungen und einige 24\/7-St\u00fchle, die f\u00fcr eine starke Beanspruchung ausgelegt sind.<\/p>\t\t\t\t\t\t\t\t<\/div>\n\t\t\t\t<\/div>\n\t\t\t\t\t<\/div>\n\t\t<\/div>\n\t\t\t\t<div class=\"elementor-column elementor-col-50 elementor-top-column elementor-element elementor-element-170e981\" data-id=\"170e981\" data-element_type=\"column\" data-e-type=\"column\">\n\t\t\t<div class=\"elementor-widget-wrap elementor-element-populated\">\n\t\t\t\t\t\t<div class=\"elementor-element elementor-element-3b6a2ce elementor-widget elementor-widget-image\" data-id=\"3b6a2ce\" data-element_type=\"widget\" data-e-type=\"widget\" data-widget_type=\"image.default\">\n\t\t\t\t<div class=\"elementor-widget-container\">\n\t\t\t\t\t\t\t\t\t\t\t\t\t\t\t<img loading=\"lazy\" decoding=\"async\" width=\"163\" height=\"300\" src=\"https:\/\/alba.progresium.cz\/wp-content\/uploads\/2022\/02\/Nonstop_ze-strany-163x300.jpg\" class=\"attachment-medium size-medium wp-image-7769\" alt=\"\" srcset=\"https:\/\/alba.progresium.cz\/wp-content\/uploads\/2022\/02\/Nonstop_ze-strany-163x300.jpg 163w, https:\/\/alba.progresium.cz\/wp-content\/uploads\/2022\/02\/Nonstop_ze-strany-557x1024.jpg 557w, https:\/\/alba.progresium.cz\/wp-content\/uploads\/2022\/02\/Nonstop_ze-strany-768x1412.jpg 768w, https:\/\/alba.progresium.cz\/wp-content\/uploads\/2022\/02\/Nonstop_ze-strany-836x1536.jpg 836w, https:\/\/alba.progresium.cz\/wp-content\/uploads\/2022\/02\/Nonstop_ze-strany-1114x2048.jpg 1114w, https:\/\/alba.progresium.cz\/wp-content\/uploads\/2022\/02\/Nonstop_ze-strany-scaled.jpg 1393w\" sizes=\"(max-width: 163px) 100vw, 163px\" \/>\t\t\t\t\t\t\t\t\t\t\t\t\t\t\t<\/div>\n\t\t\t\t<\/div>\n\t\t\t\t\t<\/div>\n\t\t<\/div>\n\t\t\t\t\t<\/div>\n\t\t<\/section>\n\t\t\t\t<section class=\"elementor-section elementor-top-section elementor-element elementor-element-7e8cf0e0 single_c elementor-section-boxed elementor-section-height-default elementor-section-height-default\" data-id=\"7e8cf0e0\" data-element_type=\"section\" data-e-type=\"section\">\n\t\t\t\t\t\t<div class=\"elementor-container elementor-column-gap-default\">\n\t\t\t\t\t<div class=\"elementor-column elementor-col-100 elementor-top-column elementor-element elementor-element-3951002a\" data-id=\"3951002a\" data-element_type=\"column\" data-e-type=\"column\">\n\t\t\t<div class=\"elementor-widget-wrap elementor-element-populated\">\n\t\t\t\t\t\t<div class=\"elementor-element elementor-element-4e25f732 elementor-widget elementor-widget-spacer\" data-id=\"4e25f732\" data-element_type=\"widget\" data-e-type=\"widget\" data-widget_type=\"spacer.default\">\n\t\t\t\t<div class=\"elementor-widget-container\">\n\t\t\t\t\t\t\t<div class=\"elementor-spacer\">\n\t\t\t<div class=\"elementor-spacer-inner\"><\/div>\n\t\t<\/div>\n\t\t\t\t\t\t<\/div>\n\t\t\t\t<\/div>\n\t\t\t\t\t<\/div>\n\t\t<\/div>\n\t\t\t\t\t<\/div>\n\t\t<\/section>\n\t\t\t\t<\/div>\n\t\t","protected":false},"excerpt":{"rendered":"<p>Wir legen gro\u00dfen Wert darauf, dass Sie auf unseren St\u00fchlen so bequem wie m\u00f6glich sitzen. Deshalb verwenden wir f\u00fcr die Herstellung nur hochwertige und zertifizierte Komponenten. Dadurch k\u00f6nnen wir Ihnen garantieren, dass Ihnen unsere St\u00fchle viele Jahre lang einen guten Dienst erweisen.<\/p>\n","protected":false},"author":2,"featured_media":1378,"parent":7699,"menu_order":15,"comment_status":"closed","ping_status":"closed","template":"","meta":{"_acf_changed":false,"inline_featured_image":false,"footnotes":""},"class_list":["post-7704","page","type-page","status-publish","has-post-thumbnail","hentry"],"acf":[],"aioseo_notices":[],"_links":{"self":[{"href":"https:\/\/alba.progresium.cz\/de\/wp-json\/wp\/v2\/pages\/7704","targetHints":{"allow":["GET"]}}],"collection":[{"href":"https:\/\/alba.progresium.cz\/de\/wp-json\/wp\/v2\/pages"}],"about":[{"href":"https:\/\/alba.progresium.cz\/de\/wp-json\/wp\/v2\/types\/page"}],"author":[{"embeddable":true,"href":"https:\/\/alba.progresium.cz\/de\/wp-json\/wp\/v2\/users\/2"}],"replies":[{"embeddable":true,"href":"https:\/\/alba.progresium.cz\/de\/wp-json\/wp\/v2\/comments?post=7704"}],"version-history":[{"count":5,"href":"https:\/\/alba.progresium.cz\/de\/wp-json\/wp\/v2\/pages\/7704\/revisions"}],"predecessor-version":[{"id":15892,"href":"https:\/\/alba.progresium.cz\/de\/wp-json\/wp\/v2\/pages\/7704\/revisions\/15892"}],"up":[{"embeddable":true,"href":"https:\/\/alba.progresium.cz\/de\/wp-json\/wp\/v2\/pages\/7699"}],"wp:featuredmedia":[{"embeddable":true,"href":"https:\/\/alba.progresium.cz\/de\/wp-json\/wp\/v2\/media\/1378"}],"wp:attachment":[{"href":"https:\/\/alba.progresium.cz\/de\/wp-json\/wp\/v2\/media?parent=7704"}],"curies":[{"name":"wp","href":"https:\/\/api.w.org\/{rel}","templated":true}]}}