{"id":7699,"date":"2022-04-08T20:31:14","date_gmt":"2022-04-08T18:31:14","guid":{"rendered":"https:\/\/alba.progresium.cz\/?page_id=7699"},"modified":"2025-09-26T12:57:04","modified_gmt":"2025-09-26T10:57:04","slug":"know-how","status":"publish","type":"page","link":"https:\/\/alba.progresium.cz\/de\/know-how\/","title":{"rendered":"Know-How"},"content":{"rendered":"\t\t<div data-elementor-type=\"wp-page\" data-elementor-id=\"7699\" class=\"elementor elementor-7699 elementor-4748\" data-elementor-post-type=\"page\">\n\t\t\t\t\t\t<section class=\"elementor-section elementor-top-section elementor-element elementor-element-2237af5e single_c elementor-section-boxed elementor-section-height-default elementor-section-height-default\" data-id=\"2237af5e\" data-element_type=\"section\" data-e-type=\"section\">\n\t\t\t\t\t\t<div class=\"elementor-container elementor-column-gap-default\">\n\t\t\t\t\t<div class=\"elementor-column elementor-col-100 elementor-top-column elementor-element elementor-element-3d778a05\" data-id=\"3d778a05\" data-element_type=\"column\" data-e-type=\"column\">\n\t\t\t<div class=\"elementor-widget-wrap elementor-element-populated\">\n\t\t\t\t\t\t<div class=\"elementor-element elementor-element-1b771819 elementor-widget elementor-widget-ucaddon_alba_perex\" data-id=\"1b771819\" data-element_type=\"widget\" data-e-type=\"widget\" data-widget_type=\"ucaddon_alba_perex.default\">\n\t\t\t\t<div class=\"elementor-widget-container\">\n\t\t\t\t\t\n<!-- start ALBA perex -->\n\n<div class=\"article_perex\">Wir verstehen unser Handwerk. Werfen Sie einen Blick auf die technischen, materiellen und praktischen Details, die wir bei der Entwicklung und Herstellung von St\u00fchlen und Sesseln in Betracht ziehen.\n<br>Damit Sie noch besser sitzen k\u00f6nnen.<\/div>\n<!-- end ALBA perex -->\t\t\t\t<\/div>\n\t\t\t\t<\/div>\n\t\t\t\t\t<\/div>\n\t\t<\/div>\n\t\t\t\t\t<\/div>\n\t\t<\/section>\n\t\t\t\t<section class=\"elementor-section elementor-top-section elementor-element elementor-element-26ddc05d elementor-section-boxed elementor-section-height-default elementor-section-height-default\" data-id=\"26ddc05d\" data-element_type=\"section\" data-e-type=\"section\">\n\t\t\t\t\t\t<div class=\"elementor-container elementor-column-gap-default\">\n\t\t\t\t\t<div class=\"elementor-column elementor-col-100 elementor-top-column elementor-element elementor-element-7614c2ae\" data-id=\"7614c2ae\" data-element_type=\"column\" data-e-type=\"column\">\n\t\t\t<div class=\"elementor-widget-wrap elementor-element-populated\">\n\t\t\t\t\t\t<div class=\"elementor-element elementor-element-e7856d3 elementor-grid-3 elementor-grid-tablet-2 elementor-grid-mobile-1 elementor-posts--thumbnail-top elementor-posts__hover-gradient elementor-widget elementor-widget-posts\" data-id=\"e7856d3\" data-element_type=\"widget\" data-e-type=\"widget\" data-settings=\"{&quot;cards_columns&quot;:&quot;3&quot;,&quot;cards_columns_tablet&quot;:&quot;2&quot;,&quot;cards_columns_mobile&quot;:&quot;1&quot;,&quot;cards_row_gap&quot;:{&quot;unit&quot;:&quot;px&quot;,&quot;size&quot;:35,&quot;sizes&quot;:[]},&quot;cards_row_gap_tablet&quot;:{&quot;unit&quot;:&quot;px&quot;,&quot;size&quot;:&quot;&quot;,&quot;sizes&quot;:[]},&quot;cards_row_gap_mobile&quot;:{&quot;unit&quot;:&quot;px&quot;,&quot;size&quot;:&quot;&quot;,&quot;sizes&quot;:[]}}\" data-widget_type=\"posts.cards\">\n\t\t\t\t<div class=\"elementor-widget-container\">\n\t\t\t\t\t\t\t<div class=\"elementor-posts-container elementor-posts elementor-posts--skin-cards elementor-grid\" role=\"list\">\n\t\t\t\t<article class=\"elementor-post elementor-grid-item post-7702 page type-page status-publish has-post-thumbnail hentry\" role=\"listitem\">\n\t\t\t<div class=\"elementor-post__card\">\n\t\t\t\t<a class=\"elementor-post__thumbnail__link\" href=\"https:\/\/alba.progresium.cz\/de\/know-how\/bezugsstoffe\/\" tabindex=\"-1\" ><div class=\"elementor-post__thumbnail\"><img fetchpriority=\"high\" decoding=\"async\" width=\"768\" height=\"432\" src=\"https:\/\/alba.progresium.cz\/wp-content\/uploads\/2022\/01\/Calouneni-768x432.jpg\" class=\"attachment-medium_large size-medium_large wp-image-927\" alt=\"\" srcset=\"https:\/\/alba.progresium.cz\/wp-content\/uploads\/2022\/01\/Calouneni-768x432.jpg 768w, https:\/\/alba.progresium.cz\/wp-content\/uploads\/2022\/01\/Calouneni-300x169.jpg 300w, https:\/\/alba.progresium.cz\/wp-content\/uploads\/2022\/01\/Calouneni-1024x576.jpg 1024w, https:\/\/alba.progresium.cz\/wp-content\/uploads\/2022\/01\/Calouneni-1536x864.jpg 1536w, https:\/\/alba.progresium.cz\/wp-content\/uploads\/2022\/01\/Calouneni.jpg 2048w\" sizes=\"(max-width: 768px) 100vw, 768px\" \/><\/div><\/a>\n\t\t\t\t<div class=\"elementor-post__text\">\n\t\t\t\t<h3 class=\"elementor-post__title\">\n\t\t\t<a href=\"https:\/\/alba.progresium.cz\/de\/know-how\/bezugsstoffe\/\" >\n\t\t\t\tBezugsstoffe\t\t\t<\/a>\n\t\t<\/h3>\n\t\t\t\t<div class=\"elementor-post__excerpt\">\n\t\t\t<p>Liebe auf die erste Ber\u00fchrung. Bezugsstoffe spielen bei unseren St\u00fchlen mehr als eine \u00e4sthetische Rolle. Vielmehr beeinflussen sie den gesamten Sitzkomfort und k\u00f6nnen die Lebensdauer des Stuhls erheblich verl\u00e4ngern.<\/p>\n\t\t<\/div>\n\t\t\n\t\t<a class=\"elementor-post__read-more\" href=\"https:\/\/alba.progresium.cz\/de\/know-how\/bezugsstoffe\/\" aria-label=\"Read more about Bezugsstoffe\" tabindex=\"-1\" >\n\t\t\tWeiterlesen\t\t<\/a>\n\n\t\t\t\t<\/div>\n\t\t\t\t\t<\/div>\n\t\t<\/article>\n\t\t\t\t<article class=\"elementor-post elementor-grid-item post-7708 page type-page status-publish has-post-thumbnail hentry\" role=\"listitem\">\n\t\t\t<div class=\"elementor-post__card\">\n\t\t\t\t<a class=\"elementor-post__thumbnail__link\" href=\"https:\/\/alba.progresium.cz\/de\/know-how\/ergonomie\/\" tabindex=\"-1\" ><div class=\"elementor-post__thumbnail\"><img decoding=\"async\" width=\"768\" height=\"333\" src=\"https:\/\/alba.progresium.cz\/wp-content\/uploads\/2022\/02\/ergo_1-768x333.jpg\" class=\"attachment-medium_large size-medium_large wp-image-2741\" alt=\"\" srcset=\"https:\/\/alba.progresium.cz\/wp-content\/uploads\/2022\/02\/ergo_1-768x333.jpg 768w, https:\/\/alba.progresium.cz\/wp-content\/uploads\/2022\/02\/ergo_1-300x130.jpg 300w, https:\/\/alba.progresium.cz\/wp-content\/uploads\/2022\/02\/ergo_1-1024x444.jpg 1024w, https:\/\/alba.progresium.cz\/wp-content\/uploads\/2022\/02\/ergo_1-1536x665.jpg 1536w, https:\/\/alba.progresium.cz\/wp-content\/uploads\/2022\/02\/ergo_1.jpg 1900w\" sizes=\"(max-width: 768px) 100vw, 768px\" \/><\/div><\/a>\n\t\t\t\t<div class=\"elementor-post__text\">\n\t\t\t\t<h3 class=\"elementor-post__title\">\n\t\t\t<a href=\"https:\/\/alba.progresium.cz\/de\/know-how\/ergonomie\/\" >\n\t\t\t\tErgonomie\t\t\t<\/a>\n\t\t<\/h3>\n\t\t\t\t<div class=\"elementor-post__excerpt\">\n\t\t\t<p>Einen ausgezeichneten Stuhl zu entwickeln ist nicht einfach. Deshalb ist bei der Entwicklung und Herstellung von ALBA St\u00fchlen ein eingehendes Verst\u00e4ndnis f\u00fcr die verschiedenen Arbeitsbereiche, in denen unsere St\u00fchle eingesetzt werden, unverzichtbar.<\/p>\n\t\t<\/div>\n\t\t\n\t\t<a class=\"elementor-post__read-more\" href=\"https:\/\/alba.progresium.cz\/de\/know-how\/ergonomie\/\" aria-label=\"Read more about Ergonomie\" tabindex=\"-1\" >\n\t\t\tWeiterlesen\t\t<\/a>\n\n\t\t\t\t<\/div>\n\t\t\t\t\t<\/div>\n\t\t<\/article>\n\t\t\t\t<article class=\"elementor-post elementor-grid-item post-7704 page type-page status-publish has-post-thumbnail hentry\" role=\"listitem\">\n\t\t\t<div class=\"elementor-post__card\">\n\t\t\t\t<a class=\"elementor-post__thumbnail__link\" href=\"https:\/\/alba.progresium.cz\/de\/know-how\/fuellungen\/\" tabindex=\"-1\" ><div class=\"elementor-post__thumbnail\"><img decoding=\"async\" width=\"768\" height=\"490\" src=\"https:\/\/alba.progresium.cz\/wp-content\/uploads\/2022\/01\/Molitan-768x490.jpg\" class=\"attachment-medium_large size-medium_large wp-image-1378\" alt=\"\" srcset=\"https:\/\/alba.progresium.cz\/wp-content\/uploads\/2022\/01\/Molitan-768x490.jpg 768w, https:\/\/alba.progresium.cz\/wp-content\/uploads\/2022\/01\/Molitan-300x191.jpg 300w, https:\/\/alba.progresium.cz\/wp-content\/uploads\/2022\/01\/Molitan-1024x653.jpg 1024w, https:\/\/alba.progresium.cz\/wp-content\/uploads\/2022\/01\/Molitan.jpg 1528w\" sizes=\"(max-width: 768px) 100vw, 768px\" \/><\/div><\/a>\n\t\t\t\t<div class=\"elementor-post__text\">\n\t\t\t\t<h3 class=\"elementor-post__title\">\n\t\t\t<a href=\"https:\/\/alba.progresium.cz\/de\/know-how\/fuellungen\/\" >\n\t\t\t\tF\u00fcllungen\t\t\t<\/a>\n\t\t<\/h3>\n\t\t\t\t<div class=\"elementor-post__excerpt\">\n\t\t\t<p>Wir legen gro\u00dfen Wert darauf, dass Sie auf unseren St\u00fchlen so bequem wie m\u00f6glich sitzen. Deshalb verwenden wir f\u00fcr die Herstellung nur hochwertige und zertifizierte Komponenten. Dadurch k\u00f6nnen wir Ihnen garantieren, dass Ihnen unsere St\u00fchle viele Jahre lang einen guten Dienst erweisen.<\/p>\n\t\t<\/div>\n\t\t\n\t\t<a class=\"elementor-post__read-more\" href=\"https:\/\/alba.progresium.cz\/de\/know-how\/fuellungen\/\" aria-label=\"Read more about F\u00fcllungen\" tabindex=\"-1\" >\n\t\t\tWeiterlesen\t\t<\/a>\n\n\t\t\t\t<\/div>\n\t\t\t\t\t<\/div>\n\t\t<\/article>\n\t\t\t\t<article class=\"elementor-post elementor-grid-item post-7706 page type-page status-publish has-post-thumbnail hentry\" role=\"listitem\">\n\t\t\t<div class=\"elementor-post__card\">\n\t\t\t\t<a class=\"elementor-post__thumbnail__link\" href=\"https:\/\/alba.progresium.cz\/de\/know-how\/funktionskomponenten\/\" tabindex=\"-1\" ><div class=\"elementor-post__thumbnail\"><img loading=\"lazy\" decoding=\"async\" width=\"768\" height=\"268\" src=\"https:\/\/alba.progresium.cz\/wp-content\/uploads\/2022\/02\/functional-768x268.jpg\" class=\"attachment-medium_large size-medium_large wp-image-2887\" alt=\"\" srcset=\"https:\/\/alba.progresium.cz\/wp-content\/uploads\/2022\/02\/functional-768x268.jpg 768w, https:\/\/alba.progresium.cz\/wp-content\/uploads\/2022\/02\/functional-300x105.jpg 300w, https:\/\/alba.progresium.cz\/wp-content\/uploads\/2022\/02\/functional-1024x357.jpg 1024w, https:\/\/alba.progresium.cz\/wp-content\/uploads\/2022\/02\/functional-1536x536.jpg 1536w, https:\/\/alba.progresium.cz\/wp-content\/uploads\/2022\/02\/functional.jpg 1798w\" sizes=\"(max-width: 768px) 100vw, 768px\" \/><\/div><\/a>\n\t\t\t\t<div class=\"elementor-post__text\">\n\t\t\t\t<h3 class=\"elementor-post__title\">\n\t\t\t<a href=\"https:\/\/alba.progresium.cz\/de\/know-how\/funktionskomponenten\/\" >\n\t\t\t\tFunktionskomponenten\t\t\t<\/a>\n\t\t<\/h3>\n\t\t\t\t<div class=\"elementor-post__excerpt\">\n\t\t\t<p>Zu einem guten B\u00fcro- oder Arbeitsstuhl geh\u00f6rt auch eine Reihe mechanischer Komponenten, die nicht nur die stabile und langlebige Grundlage des Stuhls darstellen, sondern ihm vor allem wichtige funktionale Eigenschaften verleihen. Sehen wir sie uns einmal an.<\/p>\n\t\t<\/div>\n\t\t\n\t\t<a class=\"elementor-post__read-more\" href=\"https:\/\/alba.progresium.cz\/de\/know-how\/funktionskomponenten\/\" aria-label=\"Read more about Funktionskomponenten\" tabindex=\"-1\" >\n\t\t\tWeiterlesen\t\t<\/a>\n\n\t\t\t\t<\/div>\n\t\t\t\t\t<\/div>\n\t\t<\/article>\n\t\t\t\t<article class=\"elementor-post elementor-grid-item post-7712 page type-page status-publish has-post-thumbnail hentry\" role=\"listitem\">\n\t\t\t<div class=\"elementor-post__card\">\n\t\t\t\t<a class=\"elementor-post__thumbnail__link\" href=\"https:\/\/alba.progresium.cz\/de\/know-how\/nachhaltigkeit\/\" tabindex=\"-1\" ><div class=\"elementor-post__thumbnail\"><img loading=\"lazy\" decoding=\"async\" width=\"768\" height=\"512\" src=\"https:\/\/alba.progresium.cz\/wp-content\/uploads\/2022\/02\/rain-water-green-leaf-macro-768x512.jpg\" class=\"attachment-medium_large size-medium_large wp-image-1654\" alt=\"\" srcset=\"https:\/\/alba.progresium.cz\/wp-content\/uploads\/2022\/02\/rain-water-green-leaf-macro-768x512.jpg 768w, https:\/\/alba.progresium.cz\/wp-content\/uploads\/2022\/02\/rain-water-green-leaf-macro-300x200.jpg 300w, https:\/\/alba.progresium.cz\/wp-content\/uploads\/2022\/02\/rain-water-green-leaf-macro-1024x683.jpg 1024w, https:\/\/alba.progresium.cz\/wp-content\/uploads\/2022\/02\/rain-water-green-leaf-macro-1536x1025.jpg 1536w, https:\/\/alba.progresium.cz\/wp-content\/uploads\/2022\/02\/rain-water-green-leaf-macro.jpg 1920w\" sizes=\"(max-width: 768px) 100vw, 768px\" \/><\/div><\/a>\n\t\t\t\t<div class=\"elementor-post__text\">\n\t\t\t\t<h3 class=\"elementor-post__title\">\n\t\t\t<a href=\"https:\/\/alba.progresium.cz\/de\/know-how\/nachhaltigkeit\/\" >\n\t\t\t\tNachhaltigkeit\t\t\t<\/a>\n\t\t<\/h3>\n\t\t\t\t<div class=\"elementor-post__excerpt\">\n\t\t\t<p>ALBA setzt sich konsequent daf\u00fcr ein, die Umweltauswirkungen ihrer T\u00e4tigkeiten zu minimieren. Im Jahr 2015 wurde deshalb das Umweltmanagementsystem nach ISO 14001 eingef\u00fchrt, um die negativen Auswirkungen auf die Umwelt zu reduzieren.<\/p>\n\t\t<\/div>\n\t\t\n\t\t<a class=\"elementor-post__read-more\" href=\"https:\/\/alba.progresium.cz\/de\/know-how\/nachhaltigkeit\/\" aria-label=\"Read more about Nachhaltigkeit\" tabindex=\"-1\" >\n\t\t\tWeiterlesen\t\t<\/a>\n\n\t\t\t\t<\/div>\n\t\t\t\t\t<\/div>\n\t\t<\/article>\n\t\t\t\t<article class=\"elementor-post elementor-grid-item post-7710 page type-page status-publish has-post-thumbnail hentry\" role=\"listitem\">\n\t\t\t<div class=\"elementor-post__card\">\n\t\t\t\t<a class=\"elementor-post__thumbnail__link\" href=\"https:\/\/alba.progresium.cz\/de\/know-how\/qualitaet\/\" tabindex=\"-1\" ><div class=\"elementor-post__thumbnail\"><img loading=\"lazy\" decoding=\"async\" width=\"768\" height=\"266\" src=\"https:\/\/alba.progresium.cz\/wp-content\/uploads\/2022\/02\/Kvalita-intro-768x266.jpg\" class=\"attachment-medium_large size-medium_large wp-image-2749\" alt=\"\" srcset=\"https:\/\/alba.progresium.cz\/wp-content\/uploads\/2022\/02\/Kvalita-intro-768x266.jpg 768w, https:\/\/alba.progresium.cz\/wp-content\/uploads\/2022\/02\/Kvalita-intro-300x104.jpg 300w, https:\/\/alba.progresium.cz\/wp-content\/uploads\/2022\/02\/Kvalita-intro-1024x355.jpg 1024w, https:\/\/alba.progresium.cz\/wp-content\/uploads\/2022\/02\/Kvalita-intro-1536x532.jpg 1536w, https:\/\/alba.progresium.cz\/wp-content\/uploads\/2022\/02\/Kvalita-intro.jpg 1920w\" sizes=\"(max-width: 768px) 100vw, 768px\" \/><\/div><\/a>\n\t\t\t\t<div class=\"elementor-post__text\">\n\t\t\t\t<h3 class=\"elementor-post__title\">\n\t\t\t<a href=\"https:\/\/alba.progresium.cz\/de\/know-how\/qualitaet\/\" >\n\t\t\t\tQualit\u00e4t\t\t\t<\/a>\n\t\t<\/h3>\n\t\t\t\t<div class=\"elementor-post__excerpt\">\n\t\t\t<p>H\u00f6chste Qualit\u00e4t ist f\u00fcr uns kein leeres Marketing-Motto. F\u00fcr ALBA ist sie der rote Faden, der sich durch unser gesamtes Unternehmen zieht und bei allem, was wir tun, eine zentrale Rolle spielt.<\/p>\n\t\t<\/div>\n\t\t\n\t\t<a class=\"elementor-post__read-more\" href=\"https:\/\/alba.progresium.cz\/de\/know-how\/qualitaet\/\" aria-label=\"Read more about Qualit\u00e4t\" tabindex=\"-1\" >\n\t\t\tWeiterlesen\t\t<\/a>\n\n\t\t\t\t<\/div>\n\t\t\t\t\t<\/div>\n\t\t<\/article>\n\t\t\t\t<\/div>\n\t\t\n\t\t\t\t\t\t<\/div>\n\t\t\t\t<\/div>\n\t\t\t\t\t<\/div>\n\t\t<\/div>\n\t\t\t\t\t<\/div>\n\t\t<\/section>\n\t\t\t\t<\/div>\n\t\t","protected":false},"excerpt":{"rendered":"<p>Wir verstehen unser Handwerk. Werfen Sie einen Blick auf die technischen, materiellen und praktischen Details, die wir bei der Entwicklung und Herstellung von St\u00fchlen und Sesseln in Betracht ziehen. Damit Sie noch besser sitzen k\u00f6nnen.<\/p>\n","protected":false},"author":2,"featured_media":0,"parent":0,"menu_order":12,"comment_status":"closed","ping_status":"closed","template":"","meta":{"_acf_changed":false,"inline_featured_image":false,"footnotes":""},"class_list":["post-7699","page","type-page","status-publish","hentry"],"acf":[],"aioseo_notices":[],"_links":{"self":[{"href":"https:\/\/alba.progresium.cz\/de\/wp-json\/wp\/v2\/pages\/7699","targetHints":{"allow":["GET"]}}],"collection":[{"href":"https:\/\/alba.progresium.cz\/de\/wp-json\/wp\/v2\/pages"}],"about":[{"href":"https:\/\/alba.progresium.cz\/de\/wp-json\/wp\/v2\/types\/page"}],"author":[{"embeddable":true,"href":"https:\/\/alba.progresium.cz\/de\/wp-json\/wp\/v2\/users\/2"}],"replies":[{"embeddable":true,"href":"https:\/\/alba.progresium.cz\/de\/wp-json\/wp\/v2\/comments?post=7699"}],"version-history":[{"count":7,"href":"https:\/\/alba.progresium.cz\/de\/wp-json\/wp\/v2\/pages\/7699\/revisions"}],"predecessor-version":[{"id":48590,"href":"https:\/\/alba.progresium.cz\/de\/wp-json\/wp\/v2\/pages\/7699\/revisions\/48590"}],"wp:attachment":[{"href":"https:\/\/alba.progresium.cz\/de\/wp-json\/wp\/v2\/media?parent=7699"}],"curies":[{"name":"wp","href":"https:\/\/api.w.org\/{rel}","templated":true}]}}