{"id":7486,"date":"2022-04-08T02:36:12","date_gmt":"2022-04-08T00:36:12","guid":{"rendered":"https:\/\/alba.progresium.cz\/?page_id=7486"},"modified":"2023-06-07T23:20:36","modified_gmt":"2023-06-07T21:20:36","slug":"kinderstuehle","status":"publish","type":"page","link":"https:\/\/alba.progresium.cz\/de\/loesungen\/kinderstuehle\/","title":{"rendered":"St\u00fchle f\u00fcr Kinder"},"content":{"rendered":"\t\t<div data-elementor-type=\"wp-page\" data-elementor-id=\"7486\" class=\"elementor elementor-7486 elementor-3581\" data-elementor-post-type=\"page\">\n\t\t\t\t\t\t<section class=\"elementor-section elementor-top-section elementor-element elementor-element-23c26b3d header_section elementor-section-boxed elementor-section-height-default elementor-section-height-default\" data-id=\"23c26b3d\" data-element_type=\"section\" data-e-type=\"section\">\n\t\t\t\t\t\t<div class=\"elementor-container elementor-column-gap-default\">\n\t\t\t\t\t<div class=\"elementor-column elementor-col-100 elementor-top-column elementor-element elementor-element-33820677\" data-id=\"33820677\" data-element_type=\"column\" data-e-type=\"column\" data-settings=\"{&quot;background_background&quot;:&quot;classic&quot;}\">\n\t\t\t<div class=\"elementor-widget-wrap elementor-element-populated\">\n\t\t\t\t\t\t<section class=\"elementor-section elementor-inner-section elementor-element elementor-element-227c2566 elementor-section-boxed elementor-section-height-default elementor-section-height-default\" data-id=\"227c2566\" data-element_type=\"section\" data-e-type=\"section\">\n\t\t\t\t\t\t<div class=\"elementor-container elementor-column-gap-default\">\n\t\t\t\t\t<div class=\"elementor-column elementor-col-50 elementor-inner-column elementor-element elementor-element-1d119245\" data-id=\"1d119245\" data-element_type=\"column\" data-e-type=\"column\" data-settings=\"{&quot;background_background&quot;:&quot;classic&quot;}\">\n\t\t\t<div class=\"elementor-widget-wrap elementor-element-populated\">\n\t\t\t\t\t\t<div class=\"elementor-element elementor-element-795ace7e elementor-widget elementor-widget-heading\" data-id=\"795ace7e\" data-element_type=\"widget\" data-e-type=\"widget\" data-widget_type=\"heading.default\">\n\t\t\t\t<div class=\"elementor-widget-container\">\n\t\t\t\t\t<h1 class=\"elementor-heading-title elementor-size-default\">St\u00fchle f\u00fcr Kinder<\/h1>\t\t\t\t<\/div>\n\t\t\t\t<\/div>\n\t\t\t\t<div class=\"elementor-element elementor-element-4630c9f6 elementor-widget elementor-widget-heading\" data-id=\"4630c9f6\" data-element_type=\"widget\" data-e-type=\"widget\" data-widget_type=\"heading.default\">\n\t\t\t\t<div class=\"elementor-widget-container\">\n\t\t\t\t\t<h2 class=\"elementor-heading-title elementor-size-default\">Damit der erste Stuhl Ihres Kindes ein wirklich gro\u00dfartiger Stuhl ist<\/h2>\t\t\t\t<\/div>\n\t\t\t\t<\/div>\n\t\t\t\t\t<\/div>\n\t\t<\/div>\n\t\t\t\t<div class=\"elementor-column elementor-col-50 elementor-inner-column elementor-element elementor-element-5c484e71\" data-id=\"5c484e71\" data-element_type=\"column\" data-e-type=\"column\">\n\t\t\t<div class=\"elementor-widget-wrap\">\n\t\t\t\t\t\t\t<\/div>\n\t\t<\/div>\n\t\t\t\t\t<\/div>\n\t\t<\/section>\n\t\t\t\t\t<\/div>\n\t\t<\/div>\n\t\t\t\t\t<\/div>\n\t\t<\/section>\n\t\t\t\t<section class=\"elementor-section elementor-top-section elementor-element elementor-element-1b9293ce single_c elementor-section-boxed elementor-section-height-default elementor-section-height-default\" data-id=\"1b9293ce\" data-element_type=\"section\" data-e-type=\"section\">\n\t\t\t\t\t\t<div class=\"elementor-container elementor-column-gap-default\">\n\t\t\t\t\t<div class=\"elementor-column elementor-col-100 elementor-top-column elementor-element elementor-element-8a9471b\" data-id=\"8a9471b\" data-element_type=\"column\" data-e-type=\"column\">\n\t\t\t<div class=\"elementor-widget-wrap elementor-element-populated\">\n\t\t\t\t\t\t<div class=\"elementor-element elementor-element-1a5f703a elementor-widget elementor-widget-ucaddon_alba_perex\" data-id=\"1a5f703a\" data-element_type=\"widget\" data-e-type=\"widget\" data-widget_type=\"ucaddon_alba_perex.default\">\n\t\t\t\t<div class=\"elementor-widget-container\">\n\t\t\t\t\t\n<!-- start ALBA perex -->\n\n<div class=\"article_perex\">Kinder sind nicht kleine Erwachsene. Sie haben ganz besondere Anspr\u00fcche an ihre Umgebung, einschlie\u00dflich ihrer Sitzm\u00f6bel. Anders als Erwachsene wachsen Kinder noch, sie entwickeln sich und ihre Bed\u00fcrfnisse \u00e4ndern sich st\u00e4ndig. Die Kinderst\u00fchle von ALBA gehen auf diese Bed\u00fcrfnisse ein und haben den eindeutigen Vorteil, dass sie dank der einfachen Einstellbarkeit mit den Kindern mitwachsen.<\/div>\n<!-- end ALBA perex -->\t\t\t\t<\/div>\n\t\t\t\t<\/div>\n\t\t\t\t<div class=\"elementor-element elementor-element-6b499ba4 elementor-widget elementor-widget-text-editor\" data-id=\"6b499ba4\" data-element_type=\"widget\" data-e-type=\"widget\" data-widget_type=\"text-editor.default\">\n\t\t\t\t<div class=\"elementor-widget-container\">\n\t\t\t\t\t\t\t\t\t<p>Deshalb brauchen Sie nicht jedes Mal einen neuen Stuhl zu kaufen, wenn Ihr Kind gr\u00f6\u00dfer wird, denn dank der einfachen Einstellbarkeit h\u00e4lt der mitwachsende Kinderdrehstuhl zuverl\u00e4ssig bis ins Erwachsenenalter.<\/p>\t\t\t\t\t\t\t\t<\/div>\n\t\t\t\t<\/div>\n\t\t\t\t<div class=\"elementor-element elementor-element-5ec4640a elementor-widget elementor-widget-button\" data-id=\"5ec4640a\" data-element_type=\"widget\" data-e-type=\"widget\" data-widget_type=\"button.default\">\n\t\t\t\t<div class=\"elementor-widget-container\">\n\t\t\t\t\t\t\t\t\t<div class=\"elementor-button-wrapper\">\n\t\t\t\t\t<a class=\"elementor-button elementor-button-link elementor-size-sm\" href=\"https:\/\/alba.progresium.cz\/katalog\/kids-chairs\/\">\n\t\t\t\t\t\t<span class=\"elementor-button-content-wrapper\">\n\t\t\t\t\t\t\t\t\t<span class=\"elementor-button-text\">finden sie den richtigen mitwachsenden kinderdrehstuhl<\/span>\n\t\t\t\t\t<\/span>\n\t\t\t\t\t<\/a>\n\t\t\t\t<\/div>\n\t\t\t\t\t\t\t\t<\/div>\n\t\t\t\t<\/div>\n\t\t\t\t\t<\/div>\n\t\t<\/div>\n\t\t\t\t\t<\/div>\n\t\t<\/section>\n\t\t\t\t<section class=\"elementor-section elementor-top-section elementor-element elementor-element-655f253a dual_c elementor-section-boxed elementor-section-height-default elementor-section-height-default\" data-id=\"655f253a\" data-element_type=\"section\" data-e-type=\"section\">\n\t\t\t\t\t\t<div class=\"elementor-container elementor-column-gap-default\">\n\t\t\t\t\t<div class=\"elementor-column elementor-col-100 elementor-top-column elementor-element elementor-element-6f570b24\" data-id=\"6f570b24\" data-element_type=\"column\" data-e-type=\"column\">\n\t\t\t<div class=\"elementor-widget-wrap elementor-element-populated\">\n\t\t\t\t\t\t<div class=\"elementor-element elementor-element-d8ad9ef elementor-widget elementor-widget-image\" data-id=\"d8ad9ef\" data-element_type=\"widget\" data-e-type=\"widget\" data-widget_type=\"image.default\">\n\t\t\t\t<div class=\"elementor-widget-container\">\n\t\t\t\t\t\t\t\t\t\t\t\t\t\t\t<img fetchpriority=\"high\" decoding=\"async\" width=\"900\" height=\"368\" src=\"https:\/\/alba.progresium.cz\/wp-content\/uploads\/2022\/02\/Fuxo_deti_1.jpg\" class=\"attachment-full size-full wp-image-7556\" alt=\"\" srcset=\"https:\/\/alba.progresium.cz\/wp-content\/uploads\/2022\/02\/Fuxo_deti_1.jpg 900w, https:\/\/alba.progresium.cz\/wp-content\/uploads\/2022\/02\/Fuxo_deti_1-300x123.jpg 300w, https:\/\/alba.progresium.cz\/wp-content\/uploads\/2022\/02\/Fuxo_deti_1-768x314.jpg 768w\" sizes=\"(max-width: 900px) 100vw, 900px\" \/>\t\t\t\t\t\t\t\t\t\t\t\t\t\t\t<\/div>\n\t\t\t\t<\/div>\n\t\t\t\t<div class=\"elementor-element elementor-element-49419624 elementor-widget elementor-widget-text-editor\" data-id=\"49419624\" data-element_type=\"widget\" data-e-type=\"widget\" data-widget_type=\"text-editor.default\">\n\t\t\t\t<div class=\"elementor-widget-container\">\n\t\t\t\t\t\t\t\t\t<h3>Praktische Einstellungsm\u00f6glichkeiten und fr\u00f6hliche Farbkombinationen<\/h3><p>Die h\u00f6hen- und tiefenverstellbare R\u00fcckenlehne, die sich leicht an die Gr\u00f6\u00dfe des Kindes anpassen l\u00e4sst, erm\u00f6glicht dem Kind, eine gesunde Sitzposition einzunehmen. Ein ergonomisch geformtes Sitzkissen mit stufenloser Sitzh\u00f6heneinstellung ist dabei schon selbstverst\u00e4ndlich. F\u00fcr Bewegungsfreiheit sorgen f\u00fcnf Rollen und eine drehbare Gasfeder. Ist der Schreibtisch zu hoch, kann der Stuhl mit einem Fu\u00dfring zur optimalen Beinabst\u00fctzung ausgestattet werden. Eltern von weniger ruhigen Schulkindern werden die Option einer nicht drehbaren Gasfeder begr\u00fc\u00dfen, die es dem Kind erm\u00f6glicht, sich beim Lernen besser zu konzentrieren.<\/p><p>Vor allem Teenager freuen sich \u00fcber die optionalen Armlehnen, die dabei helfen, Fehlhaltungen und Verspannungen bei der Schreibtischarbeit zu vermeiden.<\/p><p>Und weil wir wissen, wie wichtig Farben f\u00fcr Kinder sind, bieten wir ALBA-Kinderst\u00fchle in einer spielerischen Vielfalt von Farbkombinationen an, um dem oft anspruchsvollen Geschmack von kleinen und gro\u00dfen Kindern gerecht zu werden. Nicht nur f\u00fcr Kinderst\u00fchle bieten wir zu diesem Zweck pflegeleichte Bezugsstoffe an, sodass die St\u00fchle Ihren Kindern viele Jahre lang in perfektem Zustand erhalten bleiben.<\/p>\t\t\t\t\t\t\t\t<\/div>\n\t\t\t\t<\/div>\n\t\t\t\t\t<\/div>\n\t\t<\/div>\n\t\t\t\t\t<\/div>\n\t\t<\/section>\n\t\t\t\t<section class=\"elementor-section elementor-top-section elementor-element elementor-element-38091709 dual_c elementor-section-boxed elementor-section-height-default elementor-section-height-default\" data-id=\"38091709\" data-element_type=\"section\" data-e-type=\"section\">\n\t\t\t\t\t\t<div class=\"elementor-container elementor-column-gap-default\">\n\t\t\t\t\t<div class=\"elementor-column elementor-col-100 elementor-top-column elementor-element elementor-element-7315e135\" data-id=\"7315e135\" data-element_type=\"column\" data-e-type=\"column\">\n\t\t\t<div class=\"elementor-widget-wrap elementor-element-populated\">\n\t\t\t\t\t\t<div class=\"elementor-element elementor-element-601f272d elementor-widget-divider--view-line elementor-widget elementor-widget-divider\" data-id=\"601f272d\" data-element_type=\"widget\" data-e-type=\"widget\" data-widget_type=\"divider.default\">\n\t\t\t\t<div class=\"elementor-widget-container\">\n\t\t\t\t\t\t\t<div class=\"elementor-divider\">\n\t\t\t<span class=\"elementor-divider-separator\">\n\t\t\t\t\t\t<\/span>\n\t\t<\/div>\n\t\t\t\t\t\t<\/div>\n\t\t\t\t<\/div>\n\t\t\t\t\t<\/div>\n\t\t<\/div>\n\t\t\t\t\t<\/div>\n\t\t<\/section>\n\t\t\t\t<section class=\"elementor-section elementor-top-section elementor-element elementor-element-1591d6e1 dual_c elementor-section-boxed elementor-section-height-default elementor-section-height-default\" data-id=\"1591d6e1\" data-element_type=\"section\" data-e-type=\"section\">\n\t\t\t\t\t\t<div class=\"elementor-container elementor-column-gap-default\">\n\t\t\t\t\t<div class=\"elementor-column elementor-col-100 elementor-top-column elementor-element elementor-element-527d43ad\" data-id=\"527d43ad\" data-element_type=\"column\" data-e-type=\"column\">\n\t\t\t<div class=\"elementor-widget-wrap elementor-element-populated\">\n\t\t\t\t\t\t<section class=\"elementor-section elementor-inner-section elementor-element elementor-element-3b51dcef elementor-section-boxed elementor-section-height-default elementor-section-height-default\" data-id=\"3b51dcef\" data-element_type=\"section\" data-e-type=\"section\" data-settings=\"{&quot;background_background&quot;:&quot;classic&quot;}\">\n\t\t\t\t\t\t<div class=\"elementor-container elementor-column-gap-wider\">\n\t\t\t\t\t<div class=\"elementor-column elementor-col-50 elementor-inner-column elementor-element elementor-element-6ec10d93\" data-id=\"6ec10d93\" data-element_type=\"column\" data-e-type=\"column\">\n\t\t\t<div class=\"elementor-widget-wrap elementor-element-populated\">\n\t\t\t\t\t\t<div class=\"elementor-element elementor-element-780d322 elementor-widget elementor-widget-text-editor\" data-id=\"780d322\" data-element_type=\"widget\" data-e-type=\"widget\" data-widget_type=\"text-editor.default\">\n\t\t\t\t<div class=\"elementor-widget-container\">\n\t\t\t\t\t\t\t\t\t<h3>FUXO mitwachsende Kinderdrehst\u00fchle mit einer Auswahl an optionalem Zubeh\u00f6r<\/h3><p>Unsere mitwachsenden <a href=\"https:\/\/alba.progresium.cz\/de\/product\/fuxo-s-line\/\">FUXO<\/a> Kinderdrehst\u00fchle erf\u00fcllen alle erforderlichen Grunds\u00e4tze des ergonomischen Sitzens.\u00a0 Dank des einzigartigen Einstellungssystems sind sie f\u00fcr Kinder ab ca. f\u00fcnf Jahren geeignet und begleiten sie dank erstklassiger Qualit\u00e4t und gepr\u00fcfter Komponenten sicher und zuverl\u00e4ssig bis ins Erwachsenenalter.<\/p><p>Das spielerische Design in zwei verschiedenen Ausf\u00fchrungen mit einer gro\u00dfen Auswahl an fr\u00f6hlichen Farbkombinationen bereichert stilvoll jedes Kinder- oder Studentenzimmer.<\/p><p>Optional steht eine Reihe von Extras zur Auswahl, z. B. feste oder h\u00f6henverstellbare Armlehnen, ein Fu\u00dfring zum Abst\u00fctzen der Beine bei kleineren Kindern oder eine nicht drehbare Gasfeder, die mehr Ruhe und Konzentration beim Lernen erlaubt.<\/p>\t\t\t\t\t\t\t\t<\/div>\n\t\t\t\t<\/div>\n\t\t\t\t\t<\/div>\n\t\t<\/div>\n\t\t\t\t<div class=\"elementor-column elementor-col-50 elementor-inner-column elementor-element elementor-element-0914808\" data-id=\"0914808\" data-element_type=\"column\" data-e-type=\"column\">\n\t\t\t<div class=\"elementor-widget-wrap elementor-element-populated\">\n\t\t\t\t\t\t<div class=\"elementor-element elementor-element-22dc4c8 elementor-widget elementor-widget-image\" data-id=\"22dc4c8\" data-element_type=\"widget\" data-e-type=\"widget\" data-widget_type=\"image.default\">\n\t\t\t\t<div class=\"elementor-widget-container\">\n\t\t\t\t\t\t\t\t\t\t\t\t\t\t\t<img decoding=\"async\" width=\"713\" height=\"1024\" src=\"https:\/\/alba.progresium.cz\/wp-content\/uploads\/2022\/01\/IMGP7781-713x1024.jpg\" class=\"attachment-large size-large wp-image-7547\" alt=\"\" srcset=\"https:\/\/alba.progresium.cz\/wp-content\/uploads\/2022\/01\/IMGP7781-713x1024.jpg 713w, https:\/\/alba.progresium.cz\/wp-content\/uploads\/2022\/01\/IMGP7781-209x300.jpg 209w, https:\/\/alba.progresium.cz\/wp-content\/uploads\/2022\/01\/IMGP7781-768x1104.jpg 768w, https:\/\/alba.progresium.cz\/wp-content\/uploads\/2022\/01\/IMGP7781-1069x1536.jpg 1069w, https:\/\/alba.progresium.cz\/wp-content\/uploads\/2022\/01\/IMGP7781-1425x2048.jpg 1425w, https:\/\/alba.progresium.cz\/wp-content\/uploads\/2022\/01\/IMGP7781-scaled.jpg 1782w\" sizes=\"(max-width: 713px) 100vw, 713px\" \/>\t\t\t\t\t\t\t\t\t\t\t\t\t\t\t<\/div>\n\t\t\t\t<\/div>\n\t\t\t\t\t<\/div>\n\t\t<\/div>\n\t\t\t\t\t<\/div>\n\t\t<\/section>\n\t\t\t\t\t<\/div>\n\t\t<\/div>\n\t\t\t\t\t<\/div>\n\t\t<\/section>\n\t\t\t\t<section class=\"elementor-section elementor-top-section elementor-element elementor-element-33cf6f3 elementor-section-boxed elementor-section-height-default elementor-section-height-default\" data-id=\"33cf6f3\" data-element_type=\"section\" data-e-type=\"section\">\n\t\t\t\t\t\t<div class=\"elementor-container elementor-column-gap-default\">\n\t\t\t\t\t<div class=\"elementor-column elementor-col-100 elementor-top-column elementor-element elementor-element-268e6a3\" data-id=\"268e6a3\" data-element_type=\"column\" data-e-type=\"column\">\n\t\t\t<div class=\"elementor-widget-wrap elementor-element-populated\">\n\t\t\t\t\t\t<div class=\"elementor-element elementor-element-f9e067d elementor-widget elementor-widget-shortcode\" data-id=\"f9e067d\" data-element_type=\"widget\" data-e-type=\"widget\" data-widget_type=\"shortcode.default\">\n\t\t\t\t<div class=\"elementor-widget-container\">\n\t\t\t\t\t\t\t<div class=\"elementor-shortcode\">\t\t<div data-elementor-type=\"section\" data-elementor-id=\"26261\" class=\"elementor elementor-26261 elementor-26257\" data-elementor-post-type=\"elementor_library\">\n\t\t\t\t\t<section class=\"elementor-section elementor-top-section elementor-element elementor-element-65e24f94 dual_c elementor-section-boxed elementor-section-height-default elementor-section-height-default\" data-id=\"65e24f94\" data-element_type=\"section\" data-e-type=\"section\">\n\t\t\t\t\t\t<div class=\"elementor-container elementor-column-gap-wider\">\n\t\t\t\t\t<div class=\"elementor-column elementor-col-50 elementor-top-column elementor-element elementor-element-49484f62\" data-id=\"49484f62\" data-element_type=\"column\" data-e-type=\"column\">\n\t\t\t<div class=\"elementor-widget-wrap elementor-element-populated\">\n\t\t\t\t\t\t<div class=\"elementor-element elementor-element-254dac6 elementor-widget elementor-widget-text-editor\" data-id=\"254dac6\" data-element_type=\"widget\" data-e-type=\"widget\" data-widget_type=\"text-editor.default\">\n\t\t\t\t<div class=\"elementor-widget-container\">\n\t\t\t\t\t\t\t\t\t<h3>Haben Sie Interesse an Produkten von ALBA und m\u00f6chten sich mit uns in Verbindung setzen?<\/h3>\n<h2>\nKontaktieren Sie uns!<\/h2>\t\t\t\t\t\t\t\t<\/div>\n\t\t\t\t<\/div>\n\t\t\t\t<div class=\"elementor-element elementor-element-6b14c4a2 elementor-icon-list--layout-traditional elementor-list-item-link-full_width elementor-widget elementor-widget-icon-list\" data-id=\"6b14c4a2\" data-element_type=\"widget\" data-e-type=\"widget\" data-widget_type=\"icon-list.default\">\n\t\t\t\t<div class=\"elementor-widget-container\">\n\t\t\t\t\t\t\t<ul class=\"elementor-icon-list-items\">\n\t\t\t\t\t\t\t<li class=\"elementor-icon-list-item\">\n\t\t\t\t\t\t\t\t\t\t\t<a href=\"tel:+420%20224%20284%20026\">\n\n\t\t\t\t\t\t\t\t\t\t\t\t<span class=\"elementor-icon-list-icon\">\n\t\t\t\t\t\t\t<i aria-hidden=\"true\" class=\"fas fa-phone\"><\/i>\t\t\t\t\t\t<\/span>\n\t\t\t\t\t\t\t\t\t\t<span class=\"elementor-icon-list-text\">+420 224 284 026<\/span>\n\t\t\t\t\t\t\t\t\t\t\t<\/a>\n\t\t\t\t\t\t\t\t\t<\/li>\n\t\t\t\t\t\t\t\t<li class=\"elementor-icon-list-item\">\n\t\t\t\t\t\t\t\t\t\t\t<a href=\"mailto:info@alba.progresium.cz\">\n\n\t\t\t\t\t\t\t\t\t\t\t\t<span class=\"elementor-icon-list-icon\">\n\t\t\t\t\t\t\t<i aria-hidden=\"true\" class=\"far fa-envelope\"><\/i>\t\t\t\t\t\t<\/span>\n\t\t\t\t\t\t\t\t\t\t<span class=\"elementor-icon-list-text\">info@alba.progresium.cz<\/span>\n\t\t\t\t\t\t\t\t\t\t\t<\/a>\n\t\t\t\t\t\t\t\t\t<\/li>\n\t\t\t\t\t\t\t\t<li class=\"elementor-icon-list-item\">\n\t\t\t\t\t\t\t\t\t\t\t<a href=\"https:\/\/alba.progresium.cz\">\n\n\t\t\t\t\t\t\t\t\t\t\t\t<span class=\"elementor-icon-list-icon\">\n\t\t\t\t\t\t\t<i aria-hidden=\"true\" class=\"fas fa-globe-africa\"><\/i>\t\t\t\t\t\t<\/span>\n\t\t\t\t\t\t\t\t\t\t<span class=\"elementor-icon-list-text\">www.alba.progresium.cz<\/span>\n\t\t\t\t\t\t\t\t\t\t\t<\/a>\n\t\t\t\t\t\t\t\t\t<\/li>\n\t\t\t\t\t\t<\/ul>\n\t\t\t\t\t\t<\/div>\n\t\t\t\t<\/div>\n\t\t\t\t\t<\/div>\n\t\t<\/div>\n\t\t\t\t<div class=\"elementor-column elementor-col-50 elementor-top-column elementor-element elementor-element-7abc9a72\" data-id=\"7abc9a72\" data-element_type=\"column\" data-e-type=\"column\">\n\t\t\t<div class=\"elementor-widget-wrap elementor-element-populated\">\n\t\t\t\t\t\t<div class=\"elementor-element elementor-element-79d24808 elementor-widget elementor-widget-htcontactform-addons\" data-id=\"79d24808\" data-element_type=\"widget\" data-e-type=\"widget\" data-widget_type=\"htcontactform-addons.default\">\n\t\t\t\t<div class=\"elementor-widget-container\">\n\t\t\t\t\t            <div class=\"htcontact-form-wrapper\" >\n                \n<div class=\"wpcf7 no-js\" id=\"wpcf7-f17672-o1\" lang=\"cs-CZ\" dir=\"ltr\" data-wpcf7-id=\"17672\">\n<div class=\"screen-reader-response\"><p role=\"status\" aria-live=\"polite\" aria-atomic=\"true\"><\/p> <ul><\/ul><\/div>\n<form action=\"\/de\/wp-json\/wp\/v2\/pages\/7486#wpcf7-f17672-o1\" method=\"post\" class=\"wpcf7-form init\" aria-label=\"Kontaktn\u00ed formul\u00e1\u0159\" novalidate=\"novalidate\" data-status=\"init\">\n<fieldset class=\"hidden-fields-container\"><input type=\"hidden\" name=\"_wpcf7\" value=\"17672\" \/><input type=\"hidden\" name=\"_wpcf7_version\" value=\"6.1.5\" \/><input type=\"hidden\" name=\"_wpcf7_locale\" value=\"cs_CZ\" \/><input type=\"hidden\" name=\"_wpcf7_unit_tag\" value=\"wpcf7-f17672-o1\" \/><input type=\"hidden\" name=\"_wpcf7_container_post\" value=\"0\" \/><input type=\"hidden\" name=\"_wpcf7_posted_data_hash\" value=\"\" \/><input type=\"hidden\" name=\"_extcf7_conditional_options\" value=\"{&quot;form_id&quot;:17672,&quot;conditions&quot;:[]}\" \/><input type=\"hidden\" name=\"_extcf7_redirect_options\" value=\"{&quot;form_id&quot;:17672,&quot;redirect_options&quot;:{&quot;redirection_enable&quot;:&quot;off&quot;,&quot;custom_url_enable&quot;:&quot;off&quot;,&quot;redirect_page&quot;:&quot;&quot;,&quot;custom_urle&quot;:&quot;&quot;,&quot;redirect_new_tab&quot;:&quot;off&quot;,&quot;js_action&quot;:&quot;off&quot;,&quot;javascript_code&quot;:&quot;&quot;}}\" \/><input type=\"hidden\" name=\"_wpcf7_recaptcha_response\" value=\"\" \/>\n<\/fieldset>\n<div class=\"formwrap\">\n<div class=\"flexform\">\n<label class=\"form_halfitem\"> Ihr Name\n    <span class=\"wpcf7-form-control-wrap\" data-name=\"your-name\"><input size=\"40\" maxlength=\"400\" class=\"wpcf7-form-control wpcf7-text wpcf7-validates-as-required\" aria-required=\"true\" aria-invalid=\"false\" value=\"\" type=\"text\" name=\"your-name\" \/><\/span> <\/label>\n<label class=\"form_halfitem\"> Gesellschaft\n    <span class=\"wpcf7-form-control-wrap\" data-name=\"company-name\"><input size=\"40\" maxlength=\"400\" class=\"wpcf7-form-control wpcf7-text wpcf7-validates-as-required\" aria-required=\"true\" aria-invalid=\"false\" value=\"\" type=\"text\" name=\"company-name\" \/><\/span> <\/label>\n<label class=\"form_halfitem\"> Ihre E-Mail\n    <span class=\"wpcf7-form-control-wrap\" data-name=\"your-email\"><input size=\"40\" maxlength=\"400\" class=\"wpcf7-form-control wpcf7-email wpcf7-validates-as-required wpcf7-text wpcf7-validates-as-email\" aria-required=\"true\" aria-invalid=\"false\" value=\"\" type=\"email\" name=\"your-email\" \/><\/span> <\/label>\n<label class=\"form_halfitem\"> Ihre Telefonnummer\n    <span class=\"wpcf7-form-control-wrap\" data-name=\"your-phone\"><input size=\"40\" maxlength=\"400\" class=\"wpcf7-form-control wpcf7-tel wpcf7-validates-as-required wpcf7-text wpcf7-validates-as-tel\" aria-required=\"true\" aria-invalid=\"false\" value=\"\" type=\"tel\" name=\"your-phone\" \/><\/span> <\/label>\n<label class=\"form_fullitem\"> Ihre Nachricht\n    <span class=\"wpcf7-form-control-wrap\" data-name=\"your-message\"><textarea cols=\"40\" rows=\"10\" maxlength=\"2000\" class=\"wpcf7-form-control wpcf7-textarea wpcf7-validates-as-required\" aria-required=\"true\" aria-invalid=\"false\" name=\"your-message\"><\/textarea><\/span> <\/label>\n<\/div>\n<\/div>\n<input class=\"wpcf7-form-control wpcf7-submit has-spinner\" type=\"submit\" value=\"Senden\" \/><div class=\"wpcf7-response-output\" aria-hidden=\"true\"><\/div>\n<\/form>\n<\/div>\n            <\/div>\n\n        \t\t\t\t<\/div>\n\t\t\t\t<\/div>\n\t\t\t\t\t<\/div>\n\t\t<\/div>\n\t\t\t\t\t<\/div>\n\t\t<\/section>\n\t\t\t\t<\/div>\n\t\t<\/div>\n\t\t\t\t\t\t<\/div>\n\t\t\t\t<\/div>\n\t\t\t\t\t<\/div>\n\t\t<\/div>\n\t\t\t\t\t<\/div>\n\t\t<\/section>\n\t\t\t\t<section class=\"elementor-section elementor-top-section elementor-element elementor-element-3e41500e single_c elementor-section-boxed elementor-section-height-default elementor-section-height-default\" data-id=\"3e41500e\" data-element_type=\"section\" data-e-type=\"section\">\n\t\t\t\t\t\t<div class=\"elementor-container elementor-column-gap-default\">\n\t\t\t\t\t<div class=\"elementor-column elementor-col-100 elementor-top-column elementor-element elementor-element-b0e31e4\" data-id=\"b0e31e4\" data-element_type=\"column\" data-e-type=\"column\">\n\t\t\t<div class=\"elementor-widget-wrap elementor-element-populated\">\n\t\t\t\t\t\t<div class=\"elementor-element elementor-element-51b8f9b4 elementor-widget elementor-widget-spacer\" data-id=\"51b8f9b4\" data-element_type=\"widget\" data-e-type=\"widget\" data-widget_type=\"spacer.default\">\n\t\t\t\t<div class=\"elementor-widget-container\">\n\t\t\t\t\t\t\t<div class=\"elementor-spacer\">\n\t\t\t<div class=\"elementor-spacer-inner\"><\/div>\n\t\t<\/div>\n\t\t\t\t\t\t<\/div>\n\t\t\t\t<\/div>\n\t\t\t\t\t<\/div>\n\t\t<\/div>\n\t\t\t\t\t<\/div>\n\t\t<\/section>\n\t\t\t\t<\/div>\n\t\t","protected":false},"excerpt":{"rendered":"<p>Damit der erste Stuhl Ihres Kindes ein wirklich gro\u00dfartiger Stuhl ist Kinder sind nicht kleine Erwachsene. Sie haben ganz besondere Anspr\u00fcche an ihre Umgebung, einschlie\u00dflich ihrer Sitzm\u00f6bel. Anders als Erwachsene wachsen Kinder noch, sie entwickeln sich und ihre Bed\u00fcrfnisse \u00e4ndern sich st\u00e4ndig. Die Kinderst\u00fchle von ALBA gehen auf diese Bed\u00fcrfnisse ein und haben den eindeutigen [&hellip;]<\/p>\n","protected":false},"author":2,"featured_media":2151,"parent":7480,"menu_order":6,"comment_status":"closed","ping_status":"closed","template":"","meta":{"_acf_changed":false,"inline_featured_image":false,"footnotes":""},"class_list":["post-7486","page","type-page","status-publish","has-post-thumbnail","hentry"],"acf":[],"aioseo_notices":[],"_links":{"self":[{"href":"https:\/\/alba.progresium.cz\/de\/wp-json\/wp\/v2\/pages\/7486","targetHints":{"allow":["GET"]}}],"collection":[{"href":"https:\/\/alba.progresium.cz\/de\/wp-json\/wp\/v2\/pages"}],"about":[{"href":"https:\/\/alba.progresium.cz\/de\/wp-json\/wp\/v2\/types\/page"}],"author":[{"embeddable":true,"href":"https:\/\/alba.progresium.cz\/de\/wp-json\/wp\/v2\/users\/2"}],"replies":[{"embeddable":true,"href":"https:\/\/alba.progresium.cz\/de\/wp-json\/wp\/v2\/comments?post=7486"}],"version-history":[{"count":5,"href":"https:\/\/alba.progresium.cz\/de\/wp-json\/wp\/v2\/pages\/7486\/revisions"}],"predecessor-version":[{"id":26406,"href":"https:\/\/alba.progresium.cz\/de\/wp-json\/wp\/v2\/pages\/7486\/revisions\/26406"}],"up":[{"embeddable":true,"href":"https:\/\/alba.progresium.cz\/de\/wp-json\/wp\/v2\/pages\/7480"}],"wp:featuredmedia":[{"embeddable":true,"href":"https:\/\/alba.progresium.cz\/de\/wp-json\/wp\/v2\/media\/2151"}],"wp:attachment":[{"href":"https:\/\/alba.progresium.cz\/de\/wp-json\/wp\/v2\/media?parent=7486"}],"curies":[{"name":"wp","href":"https:\/\/api.w.org\/{rel}","templated":true}]}}