{"id":45664,"date":"2025-07-26T19:58:29","date_gmt":"2025-07-26T17:58:29","guid":{"rendered":"https:\/\/alba.progresium.cz\/alba-manual\/"},"modified":"2025-10-02T13:40:26","modified_gmt":"2025-10-02T11:40:26","slug":"alba-manual","status":"publish","type":"page","link":"https:\/\/alba.progresium.cz\/de\/alba-manual\/","title":{"rendered":"ALBA Manual"},"content":{"rendered":"\t\t<div data-elementor-type=\"wp-page\" data-elementor-id=\"45664\" class=\"elementor elementor-45664 elementor-45276\" data-elementor-post-type=\"page\">\n\t\t\t\t<div class=\"elementor-element elementor-element-7b3eca0 header_section e-flex e-con-boxed e-con e-parent\" data-id=\"7b3eca0\" data-element_type=\"container\" data-e-type=\"container\" data-settings=\"{&quot;background_background&quot;:&quot;classic&quot;}\">\n\t\t\t\t\t<div class=\"e-con-inner\">\n\t\t<div class=\"elementor-element elementor-element-21599b6 e-con-full e-flex e-con e-child\" data-id=\"21599b6\" data-element_type=\"container\" data-e-type=\"container\">\n\t\t<div class=\"elementor-element elementor-element-c625513 e-con-full e-flex e-con e-child\" data-id=\"c625513\" data-element_type=\"container\" data-e-type=\"container\">\n\t\t<div class=\"elementor-element elementor-element-864924c e-con-full e-flex e-con e-child\" data-id=\"864924c\" data-element_type=\"container\" data-e-type=\"container\" data-settings=\"{&quot;background_background&quot;:&quot;classic&quot;}\">\n\t\t\t\t<div class=\"elementor-element elementor-element-11a159a elementor-widget elementor-widget-heading\" data-id=\"11a159a\" data-element_type=\"widget\" data-e-type=\"widget\" data-widget_type=\"heading.default\">\n\t\t\t\t<div class=\"elementor-widget-container\">\n\t\t\t\t\t<h1 class=\"elementor-heading-title elementor-size-default\">ALBA Manual<\/h1>\t\t\t\t<\/div>\n\t\t\t\t<\/div>\n\t\t\t\t<\/div>\n\t\t<div class=\"elementor-element elementor-element-3d0d853 e-con-full e-flex e-con e-child\" data-id=\"3d0d853\" data-element_type=\"container\" data-e-type=\"container\">\n\t\t\t\t<\/div>\n\t\t\t\t<\/div>\n\t\t\t\t<\/div>\n\t\t\t\t\t<\/div>\n\t\t\t\t<\/div>\n\t\t<div class=\"elementor-element elementor-element-4b03ef3 e-flex e-con-boxed e-con e-parent\" data-id=\"4b03ef3\" data-element_type=\"container\" data-e-type=\"container\">\n\t\t\t\t\t<div class=\"e-con-inner\">\n\t\t<div class=\"elementor-element elementor-element-a0ae634 e-grid e-con-full e-con e-child\" data-id=\"a0ae634\" data-element_type=\"container\" data-e-type=\"container\" data-settings=\"{&quot;background_background&quot;:&quot;classic&quot;}\">\n\t\t<div class=\"elementor-element elementor-element-890002c e-con-full e-flex e-con e-child\" data-id=\"890002c\" data-element_type=\"container\" data-e-type=\"container\">\n\t\t\t\t<div class=\"elementor-element elementor-element-41e482d elementor-widget elementor-widget-image\" data-id=\"41e482d\" data-element_type=\"widget\" data-e-type=\"widget\" data-widget_type=\"image.default\">\n\t\t\t\t<div class=\"elementor-widget-container\">\n\t\t\t\t\t\t\t\t\t\t\t\t\t\t\t<img fetchpriority=\"high\" decoding=\"async\" width=\"830\" height=\"830\" src=\"https:\/\/alba.progresium.cz\/wp-content\/uploads\/2025\/07\/czech-republic-2.svg\" class=\"attachment-large size-large wp-image-45678\" alt=\"\" \/>\t\t\t\t\t\t\t\t\t\t\t\t\t\t\t<\/div>\n\t\t\t\t<\/div>\n\t\t\t\t<div class=\"elementor-element elementor-element-e5df779 elementor-widget elementor-widget-heading\" data-id=\"e5df779\" data-element_type=\"widget\" data-e-type=\"widget\" data-widget_type=\"heading.default\">\n\t\t\t\t<div class=\"elementor-widget-container\">\n\t\t\t\t\t<h3 class=\"elementor-heading-title elementor-size-default\">Podpora v \u010de\u0161tin\u011b<\/h3>\t\t\t\t<\/div>\n\t\t\t\t<\/div>\n\t\t\t\t<div class=\"elementor-element elementor-element-5de9043 elementor-widget elementor-widget-text-editor\" data-id=\"5de9043\" data-element_type=\"widget\" data-e-type=\"widget\" data-widget_type=\"text-editor.default\">\n\t\t\t\t<div class=\"elementor-widget-container\">\n\t\t\t\t\t\t\t\t\t<p>V t\u00e9to sekci najdete praktick\u00e9 n\u00e1vody, p\u0159\u00edru\u010dky a doporu\u010den\u00ed k \u00fadr\u017eb\u011b v \u010desk\u00e9m jazyce.\u00a0<\/p>\t\t\t\t\t\t\t\t<\/div>\n\t\t\t\t<\/div>\n\t\t\t\t<div class=\"elementor-element elementor-element-303c508 elementor-widget elementor-widget-ucaddon_alba_link\" data-id=\"303c508\" data-element_type=\"widget\" data-e-type=\"widget\" data-widget_type=\"ucaddon_alba_link.default\">\n\t\t\t\t<div class=\"elementor-widget-container\">\n\t\t\t\t\t\n<!-- start ALBA link -->\n<style>\/* widget: ALBA link *\/\n\na.single_link.uc_alba_link_elementor_303c508 {\n  text-transform: uppercase;\n  display: block;\n\ttext-align: right; \n\t\n}\na.single_link.uc_alba_link_elementor_303c508 img {\n\theight: 1em;\n    padding-left: 0.5em;\n    vertical-align: text-top;\n    margin-top: 0.19em;\n}\n\na.single_link.uc_alba_link_elementor_303c508:hover {\n  text-decoration: underline;\n}\n\n<\/style>\n\n<a class=\"uc_alba_link_elementor_303c508 single_link\" href=\"\/cs\/navody-doporuceni\/\">N\u00e1vody a doporu\u010den\u00ed<img decoding=\"async\" src=\"\/wp-content\/uploads\/2022\/01\/chevron.svg\"><\/a>\n<!-- end ALBA link -->\t\t\t\t<\/div>\n\t\t\t\t<\/div>\n\t\t\t\t<\/div>\n\t\t<div class=\"elementor-element elementor-element-15a43da e-con-full e-flex e-con e-child\" data-id=\"15a43da\" data-element_type=\"container\" data-e-type=\"container\">\n\t\t\t\t<div class=\"elementor-element elementor-element-c3c0398 elementor-widget elementor-widget-image\" data-id=\"c3c0398\" data-element_type=\"widget\" data-e-type=\"widget\" data-widget_type=\"image.default\">\n\t\t\t\t<div class=\"elementor-widget-container\">\n\t\t\t\t\t\t\t\t\t\t\t\t\t\t\t<img decoding=\"async\" width=\"830\" height=\"830\" src=\"https:\/\/alba.progresium.cz\/wp-content\/uploads\/2025\/07\/slovakia-2.svg\" class=\"attachment-large size-large wp-image-45666\" alt=\"\" \/>\t\t\t\t\t\t\t\t\t\t\t\t\t\t\t<\/div>\n\t\t\t\t<\/div>\n\t\t\t\t<div class=\"elementor-element elementor-element-101ef9f elementor-widget elementor-widget-heading\" data-id=\"101ef9f\" data-element_type=\"widget\" data-e-type=\"widget\" data-widget_type=\"heading.default\">\n\t\t\t\t<div class=\"elementor-widget-container\">\n\t\t\t\t\t<h3 class=\"elementor-heading-title elementor-size-default\">Podpora v sloven\u010dine\n<\/h3>\t\t\t\t<\/div>\n\t\t\t\t<\/div>\n\t\t\t\t<div class=\"elementor-element elementor-element-b33ddaf elementor-widget elementor-widget-text-editor\" data-id=\"b33ddaf\" data-element_type=\"widget\" data-e-type=\"widget\" data-widget_type=\"text-editor.default\">\n\t\t\t\t<div class=\"elementor-widget-container\">\n\t\t\t\t\t\t\t\t\t<p data-pm-slice=\"1 1 []\">V tejto sekcii n\u00e1jdete praktick\u00e9 n\u00e1vody, pr\u00edru\u010dky a odpor\u00fa\u010dania k \u00fadr\u017ebe v slovenskom jazyku.<\/p>\t\t\t\t\t\t\t\t<\/div>\n\t\t\t\t<\/div>\n\t\t\t\t<div class=\"elementor-element elementor-element-8e0f8e5 elementor-widget elementor-widget-ucaddon_alba_link\" data-id=\"8e0f8e5\" data-element_type=\"widget\" data-e-type=\"widget\" data-widget_type=\"ucaddon_alba_link.default\">\n\t\t\t\t<div class=\"elementor-widget-container\">\n\t\t\t\t\t\n<!-- start ALBA link -->\n<style>\/* widget: ALBA link *\/\n\na.single_link.uc_alba_link_elementor_8e0f8e5 {\n  text-transform: uppercase;\n  display: block;\n\ttext-align: right; \n\t\n}\na.single_link.uc_alba_link_elementor_8e0f8e5 img {\n\theight: 1em;\n    padding-left: 0.5em;\n    vertical-align: text-top;\n    margin-top: 0.19em;\n}\n\na.single_link.uc_alba_link_elementor_8e0f8e5:hover {\n  text-decoration: underline;\n}\n\n<\/style>\n\n<a class=\"uc_alba_link_elementor_8e0f8e5 single_link\" href=\"\/sk\/navody-a-odporucania\/\">N\u00e1vody a odpor\u00fa\u010dania<img decoding=\"async\" src=\"\/wp-content\/uploads\/2022\/01\/chevron.svg\"><\/a>\n<!-- end ALBA link -->\t\t\t\t<\/div>\n\t\t\t\t<\/div>\n\t\t\t\t<\/div>\n\t\t<div class=\"elementor-element elementor-element-abbdf05 e-con-full e-flex e-con e-child\" data-id=\"abbdf05\" data-element_type=\"container\" data-e-type=\"container\">\n\t\t\t\t<div class=\"elementor-element elementor-element-f3b6f74 elementor-widget elementor-widget-image\" data-id=\"f3b6f74\" data-element_type=\"widget\" data-e-type=\"widget\" data-widget_type=\"image.default\">\n\t\t\t\t<div class=\"elementor-widget-container\">\n\t\t\t\t\t\t\t\t\t\t\t\t\t\t\t<img decoding=\"async\" width=\"830\" height=\"830\" src=\"https:\/\/alba.progresium.cz\/wp-content\/uploads\/2025\/07\/united-kingdom-1.svg\" class=\"attachment-large size-large wp-image-45670\" alt=\"\" \/>\t\t\t\t\t\t\t\t\t\t\t\t\t\t\t<\/div>\n\t\t\t\t<\/div>\n\t\t\t\t<div class=\"elementor-element elementor-element-d801b5e elementor-widget elementor-widget-heading\" data-id=\"d801b5e\" data-element_type=\"widget\" data-e-type=\"widget\" data-widget_type=\"heading.default\">\n\t\t\t\t<div class=\"elementor-widget-container\">\n\t\t\t\t\t<h3 class=\"elementor-heading-title elementor-size-default\">Support in English\n<\/h3>\t\t\t\t<\/div>\n\t\t\t\t<\/div>\n\t\t\t\t<div class=\"elementor-element elementor-element-bf59a01 elementor-widget elementor-widget-text-editor\" data-id=\"bf59a01\" data-element_type=\"widget\" data-e-type=\"widget\" data-widget_type=\"text-editor.default\">\n\t\t\t\t<div class=\"elementor-widget-container\">\n\t\t\t\t\t\t\t\t\t<p data-pm-slice=\"1 1 []\">Here you will find practical manuals, guides and maintenance tips in English.<\/p>\t\t\t\t\t\t\t\t<\/div>\n\t\t\t\t<\/div>\n\t\t\t\t<div class=\"elementor-element elementor-element-c91acd7 elementor-widget elementor-widget-ucaddon_alba_link\" data-id=\"c91acd7\" data-element_type=\"widget\" data-e-type=\"widget\" data-widget_type=\"ucaddon_alba_link.default\">\n\t\t\t\t<div class=\"elementor-widget-container\">\n\t\t\t\t\t\n<!-- start ALBA link -->\n<style>\/* widget: ALBA link *\/\n\na.single_link.uc_alba_link_elementor_c91acd7 {\n  text-transform: uppercase;\n  display: block;\n\ttext-align: right; \n\t\n}\na.single_link.uc_alba_link_elementor_c91acd7 img {\n\theight: 1em;\n    padding-left: 0.5em;\n    vertical-align: text-top;\n    margin-top: 0.19em;\n}\n\na.single_link.uc_alba_link_elementor_c91acd7:hover {\n  text-decoration: underline;\n}\n\n<\/style>\n\n<a class=\"uc_alba_link_elementor_c91acd7 single_link\" href=\"\/guides-and-manuals\/\">Manuals and tips<img decoding=\"async\" src=\"\/wp-content\/uploads\/2022\/01\/chevron.svg\"><\/a>\n<!-- end ALBA link -->\t\t\t\t<\/div>\n\t\t\t\t<\/div>\n\t\t\t\t<\/div>\n\t\t<div class=\"elementor-element elementor-element-40b9bd8 e-con-full e-flex e-con e-child\" data-id=\"40b9bd8\" data-element_type=\"container\" data-e-type=\"container\">\n\t\t\t\t<div class=\"elementor-element elementor-element-fbdb7ff elementor-widget elementor-widget-image\" data-id=\"fbdb7ff\" data-element_type=\"widget\" data-e-type=\"widget\" data-widget_type=\"image.default\">\n\t\t\t\t<div class=\"elementor-widget-container\">\n\t\t\t\t\t\t\t\t\t\t\t\t\t\t\t<img loading=\"lazy\" decoding=\"async\" width=\"830\" height=\"830\" src=\"https:\/\/alba.progresium.cz\/wp-content\/uploads\/2025\/07\/germany-2.svg\" class=\"attachment-large size-large wp-image-45674\" alt=\"\" \/>\t\t\t\t\t\t\t\t\t\t\t\t\t\t\t<\/div>\n\t\t\t\t<\/div>\n\t\t\t\t<div class=\"elementor-element elementor-element-0175d9c elementor-widget elementor-widget-heading\" data-id=\"0175d9c\" data-element_type=\"widget\" data-e-type=\"widget\" data-widget_type=\"heading.default\">\n\t\t\t\t<div class=\"elementor-widget-container\">\n\t\t\t\t\t<h3 class=\"elementor-heading-title elementor-size-default\">Support auf Deutsch<\/h3>\t\t\t\t<\/div>\n\t\t\t\t<\/div>\n\t\t\t\t<div class=\"elementor-element elementor-element-06a1d49 elementor-widget elementor-widget-text-editor\" data-id=\"06a1d49\" data-element_type=\"widget\" data-e-type=\"widget\" data-widget_type=\"text-editor.default\">\n\t\t\t\t<div class=\"elementor-widget-container\">\n\t\t\t\t\t\t\t\t\t<p data-pm-slice=\"1 1 []\">Hier finden Sie praktische Anleitungen, Handb\u00fccher und Wartungstipps auf Deutsch.<\/p>\t\t\t\t\t\t\t\t<\/div>\n\t\t\t\t<\/div>\n\t\t\t\t<div class=\"elementor-element elementor-element-17d583e elementor-widget elementor-widget-ucaddon_alba_link\" data-id=\"17d583e\" data-element_type=\"widget\" data-e-type=\"widget\" data-widget_type=\"ucaddon_alba_link.default\">\n\t\t\t\t<div class=\"elementor-widget-container\">\n\t\t\t\t\t\n<!-- start ALBA link -->\n<style>\/* widget: ALBA link *\/\n\na.single_link.uc_alba_link_elementor_17d583e {\n  text-transform: uppercase;\n  display: block;\n\ttext-align: right; \n\t\n}\na.single_link.uc_alba_link_elementor_17d583e img {\n\theight: 1em;\n    padding-left: 0.5em;\n    vertical-align: text-top;\n    margin-top: 0.19em;\n}\n\na.single_link.uc_alba_link_elementor_17d583e:hover {\n  text-decoration: underline;\n}\n\n<\/style>\n\n<a class=\"uc_alba_link_elementor_17d583e single_link\" href=\"\/de\/anleitungen-und-empfehlungen\/\">Anleitungen und Tipps<img decoding=\"async\" src=\"\/wp-content\/uploads\/2022\/01\/chevron.svg\"><\/a>\n<!-- end ALBA link -->\t\t\t\t<\/div>\n\t\t\t\t<\/div>\n\t\t\t\t<\/div>\n\t\t\t\t<\/div>\n\t\t\t\t\t<\/div>\n\t\t\t\t<\/div>\n\t\t\t\t<\/div>\n\t\t","protected":false},"excerpt":{"rendered":"<p>Podpora v \u010de\u0161tin\u011b V t\u00e9to sekci najdete praktick\u00e9 n\u00e1vody, p\u0159\u00edru\u010dky a doporu\u010den\u00ed k \u00fadr\u017eb\u011b v \u010desk\u00e9m jazyce.\u00a0 N\u00e1vody a doporu\u010den\u00ed Podpora v sloven\u010dine V tejto sekcii n\u00e1jdete praktick\u00e9 n\u00e1vody, pr\u00edru\u010dky a odpor\u00fa\u010dania k \u00fadr\u017ebe v slovenskom jazyku. N\u00e1vody a odpor\u00fa\u010dania Support in English Here you will find practical manuals, guides and maintenance tips in English. [&hellip;]<\/p>\n","protected":false},"author":2,"featured_media":0,"parent":0,"menu_order":0,"comment_status":"closed","ping_status":"closed","template":"","meta":{"_acf_changed":false,"inline_featured_image":false,"footnotes":""},"class_list":["post-45664","page","type-page","status-publish","hentry"],"acf":[],"aioseo_notices":[],"_links":{"self":[{"href":"https:\/\/alba.progresium.cz\/de\/wp-json\/wp\/v2\/pages\/45664","targetHints":{"allow":["GET"]}}],"collection":[{"href":"https:\/\/alba.progresium.cz\/de\/wp-json\/wp\/v2\/pages"}],"about":[{"href":"https:\/\/alba.progresium.cz\/de\/wp-json\/wp\/v2\/types\/page"}],"author":[{"embeddable":true,"href":"https:\/\/alba.progresium.cz\/de\/wp-json\/wp\/v2\/users\/2"}],"replies":[{"embeddable":true,"href":"https:\/\/alba.progresium.cz\/de\/wp-json\/wp\/v2\/comments?post=45664"}],"version-history":[{"count":15,"href":"https:\/\/alba.progresium.cz\/de\/wp-json\/wp\/v2\/pages\/45664\/revisions"}],"predecessor-version":[{"id":48767,"href":"https:\/\/alba.progresium.cz\/de\/wp-json\/wp\/v2\/pages\/45664\/revisions\/48767"}],"wp:attachment":[{"href":"https:\/\/alba.progresium.cz\/de\/wp-json\/wp\/v2\/media?parent=45664"}],"curies":[{"name":"wp","href":"https:\/\/api.w.org\/{rel}","templated":true}]}}