{"id":42650,"date":"2025-04-29T15:24:09","date_gmt":"2025-04-29T13:24:09","guid":{"rendered":"https:\/\/alba.progresium.cz\/?page_id=42650"},"modified":"2025-04-29T15:34:07","modified_gmt":"2025-04-29T13:34:07","slug":"allgemeine-sicherheitshinweise-gpsr","status":"publish","type":"page","link":"https:\/\/alba.progresium.cz\/de\/ueber-uns\/allgemeine-sicherheitshinweise-gpsr\/","title":{"rendered":"Allgemeine Sicherheitshinweise (GPSR)"},"content":{"rendered":"\t\t<div data-elementor-type=\"wp-page\" data-elementor-id=\"42650\" class=\"elementor elementor-42650 elementor-42649\" data-elementor-post-type=\"page\">\n\t\t\t\t\t\t<section class=\"elementor-section elementor-top-section elementor-element elementor-element-4d371909 header_section elementor-section-boxed elementor-section-height-default elementor-section-height-default\" data-id=\"4d371909\" data-element_type=\"section\" data-e-type=\"section\">\n\t\t\t\t\t\t<div class=\"elementor-container elementor-column-gap-default\">\n\t\t\t\t\t<div class=\"elementor-column elementor-col-100 elementor-top-column elementor-element elementor-element-464f2326\" data-id=\"464f2326\" data-element_type=\"column\" data-e-type=\"column\" data-settings=\"{&quot;background_background&quot;:&quot;classic&quot;}\">\n\t\t\t<div class=\"elementor-widget-wrap elementor-element-populated\">\n\t\t\t\t\t\t<section class=\"elementor-section elementor-inner-section elementor-element elementor-element-334b97cc elementor-section-boxed elementor-section-height-default elementor-section-height-default\" data-id=\"334b97cc\" data-element_type=\"section\" data-e-type=\"section\">\n\t\t\t\t\t\t<div class=\"elementor-container elementor-column-gap-default\">\n\t\t\t\t\t<div class=\"elementor-column elementor-col-50 elementor-inner-column elementor-element elementor-element-479103a1\" data-id=\"479103a1\" data-element_type=\"column\" data-e-type=\"column\" data-settings=\"{&quot;background_background&quot;:&quot;classic&quot;}\">\n\t\t\t<div class=\"elementor-widget-wrap elementor-element-populated\">\n\t\t\t\t\t\t<div class=\"elementor-element elementor-element-723c3bf7 elementor-widget elementor-widget-heading\" data-id=\"723c3bf7\" data-element_type=\"widget\" data-e-type=\"widget\" data-widget_type=\"heading.default\">\n\t\t\t\t<div class=\"elementor-widget-container\">\n\t\t\t\t\t<h1 class=\"elementor-heading-title elementor-size-default\">Allgemeine Sicherheitshinweise (GPSR)<\/h1>\t\t\t\t<\/div>\n\t\t\t\t<\/div>\n\t\t\t\t\t<\/div>\n\t\t<\/div>\n\t\t\t\t<div class=\"elementor-column elementor-col-50 elementor-inner-column elementor-element elementor-element-4abbe3d5\" data-id=\"4abbe3d5\" data-element_type=\"column\" data-e-type=\"column\">\n\t\t\t<div class=\"elementor-widget-wrap\">\n\t\t\t\t\t\t\t<\/div>\n\t\t<\/div>\n\t\t\t\t\t<\/div>\n\t\t<\/section>\n\t\t\t\t\t<\/div>\n\t\t<\/div>\n\t\t\t\t\t<\/div>\n\t\t<\/section>\n\t\t\t\t<section class=\"elementor-section elementor-top-section elementor-element elementor-element-197c9651 dual_c elementor-section-boxed elementor-section-height-default elementor-section-height-default\" data-id=\"197c9651\" data-element_type=\"section\" data-e-type=\"section\">\n\t\t\t\t\t\t<div class=\"elementor-container elementor-column-gap-default\">\n\t\t\t\t\t<div class=\"elementor-column elementor-col-100 elementor-top-column elementor-element elementor-element-6cf3d620\" data-id=\"6cf3d620\" data-element_type=\"column\" data-e-type=\"column\">\n\t\t\t<div class=\"elementor-widget-wrap elementor-element-populated\">\n\t\t\t\t\t\t<div class=\"elementor-element elementor-element-1ecd7884 elementor-widget elementor-widget-text-editor\" data-id=\"1ecd7884\" data-element_type=\"widget\" data-e-type=\"widget\" data-widget_type=\"text-editor.default\">\n\t\t\t\t<div class=\"elementor-widget-container\">\n\t\t\t\t\t\t\t\t\t<p><strong>SICHERHEITSHINWEISE ZUR BENUTZUNG VON SITZM\u00d6BELN<\/strong><br \/><strong>(entsprechend der Anforderungen der GPSR-Verordnung \u2013 Verordnung \u00fcber die allgemeine <\/strong><strong>Produktsicherheit)<\/strong><\/p><p><strong>Allgemeine Sicherheitshinweise<\/strong><\/p><ol><li><strong>Verwenden Sie den Stuhl nicht als Trittleiter oder Leiter.<\/strong> Das Stehen auf Sitzm\u00f6beln, insbesondere auf Drehst\u00fchlen oder h\u00f6henverstellbaren St\u00fchlen, ist gef\u00e4hrlich und kann zu St\u00fcrzen oder schweren Verletzungen f\u00fchren.<\/li><li><strong>Lassen Sie Kinder nicht auf den St\u00fchlen spielen.<\/strong> Drehen, Schaukeln oder Klettern auf dem Stuhl kann zum Umkippen oder Einklemmen von Fingern und dadurch zu Verletzungen f\u00fchren.<\/li><li><strong>Entsorgung von Verpackungsmaterialien.<\/strong> Alle Plastikt\u00fcten und Schutzfolien m\u00fcssen au\u00dferhalb der Reichweite von Kindern entsorgt werden, um Erstickungsgefahr zu vermeiden.<\/li><li><strong>Vermeiden Sie \u00fcberm\u00e4\u00dfiges Zur\u00fccklehnen oder starkes seitliches Neigen auf dem Stuhl.<\/strong> Achten Sie darauf, dass beim Sitzen stets alle Rollen bzw. Stuhlbeine den Bodenkontakt behalten. \u00dcberm\u00e4\u00dfige Belastungen k\u00f6nnen zum Umkippen des Stuhls, zu Besch\u00e4digungen oder zum L\u00f6sen von Bauteilen f\u00fchren.<\/li><li><strong>Achten Sie darauf, beim Sitzen die gesamte Sitzfl\u00e4che zu nutzen. <\/strong>Das Sitzen auf der vorderen Kante kann dazu f\u00fchren, dass der Stuhl nach vorne kippt. Wenn Sie sich nach vorne lehnen m\u00fcssen, verwenden Sie ausschlie\u00dflich einen Stuhl mit einer Neigefunktion des Sitzes.<\/li><li><strong>Legen Sie keine elektronischen Ger\u00e4te auf gepolsterte M\u00f6belst\u00fccke.<\/strong> Elektronische Ger\u00e4te k\u00f6nnen auf gepolsterten Oberfl\u00e4chen \u00fcberhitzen und einen Brand verursachen. Vermeiden Sie au\u00dferdem den Kontakt mit offenem Feuer oder hei\u00dfen Gegenst\u00e4nden (z. B. Zigaretten).<\/li><li><strong>\u00dcberlasten Sie den Stuhl nicht.<\/strong> Beachten Sie die maximale Belastbarkeit, die in der technischen Dokumentation angegeben ist. \u00dcberpr\u00fcfen Sie regelm\u00e4\u00dfig den Zustand des Stuhls \u2013 wir empfehlen eine visuelle Inspektion sowie einfache Reinigungs- und Wartungsma\u00dfnahmen mindestens alle 60 Tage.<\/li><\/ol><p>\u00a0<\/p><p><strong>Hinweise zur Montage, Wartung und sicheren Nutzung<\/strong><\/p><ol start=\"8\"><li><strong>Befolgen Sie die Montageanleitung.<\/strong> Stellen Sie sicher, dass alle Teile in der richtigen Reihenfolge zusammengebaut und fest miteinander verbunden sind. Eine fehlerhafte Montage kann die Stabilit\u00e4t und Sicherheit des Produkts gef\u00e4hrden.<\/li><\/ol><p>\u00a0<\/p><ol start=\"9\"><li><strong>Achten Sie darauf, dass die Rollen\/Gleiter richtig eingesetzt sind.<\/strong> Diese m\u00fcssen vollst\u00e4ndig und fest in das Gestell des Stuhls eingesetzt werden. Eine fehlerhafte Befestigung kann w\u00e4hrend der Nutzung zu einer Lockerung f\u00fchren.<\/li><\/ol><p>\u00a0<\/p><ol start=\"10\"><li><strong>\u00dcberpr\u00fcfen Sie regelm\u00e4\u00dfig, ob alle Schrauben und Verbindungen fest angezogen sind.<\/strong> Kontrollieren Sie alle 6 Monate, dass sich keine Schrauben oder Verbindungen gelockert haben. Lockere Verbindungen k\u00f6nnen die Stabilit\u00e4t des Stuhls beeintr\u00e4chtigen.<\/li><\/ol><p>\u00a0<\/p><ol start=\"11\"><li><strong>Das Stuhlgestell muss immer vollst\u00e4ndig den Boden ber\u00fchren<\/strong>. Verwenden Sie den Stuhl nicht auf unebenem Untergrund, da dies die Stabilit\u00e4t gef\u00e4hrden k\u00f6nnte.<\/li><\/ol><p>\u00a0<\/p><ol start=\"12\"><li><strong>Gewichtseinstellung der Sitzmechanik:<\/strong> Bei St\u00fchlen mit Wipp- oder Synchronmechanik stellen Sie sicher, dass das Gegengewicht richtig auf das K\u00f6rpergewicht des Nutzers eingestellt ist. Eine falsche Einstellung kann zu unkontrollierten Bewegungen oder einer \u00dcberlastung der Mechanik f\u00fchren.<\/li><\/ol>\t\t\t\t\t\t\t\t<\/div>\n\t\t\t\t<\/div>\n\t\t\t\t\t<\/div>\n\t\t<\/div>\n\t\t\t\t\t<\/div>\n\t\t<\/section>\n\t\t\t\t<section class=\"elementor-section elementor-top-section elementor-element elementor-element-12104075 single_c elementor-section-boxed elementor-section-height-default elementor-section-height-default\" data-id=\"12104075\" data-element_type=\"section\" data-e-type=\"section\">\n\t\t\t\t\t\t<div class=\"elementor-container elementor-column-gap-default\">\n\t\t\t\t\t<div class=\"elementor-column elementor-col-100 elementor-top-column elementor-element elementor-element-215118fe\" data-id=\"215118fe\" data-element_type=\"column\" data-e-type=\"column\">\n\t\t\t<div class=\"elementor-widget-wrap elementor-element-populated\">\n\t\t\t\t\t\t<div class=\"elementor-element elementor-element-76fcfe16 elementor-widget elementor-widget-spacer\" data-id=\"76fcfe16\" data-element_type=\"widget\" data-e-type=\"widget\" data-widget_type=\"spacer.default\">\n\t\t\t\t<div class=\"elementor-widget-container\">\n\t\t\t\t\t\t\t<div class=\"elementor-spacer\">\n\t\t\t<div class=\"elementor-spacer-inner\"><\/div>\n\t\t<\/div>\n\t\t\t\t\t\t<\/div>\n\t\t\t\t<\/div>\n\t\t\t\t\t<\/div>\n\t\t<\/div>\n\t\t\t\t\t<\/div>\n\t\t<\/section>\n\t\t\t\t<\/div>\n\t\t","protected":false},"excerpt":{"rendered":"<p>SICHERHEITSHINWEISE ZUR BENUTZUNG VON SITZM\u00d6BELN(entsprechend der Anforderungen der GPSR-Verordnung \u2013 Verordnung \u00fcber die allgemeine Produktsicherheit) Allgemeine Sicherheitshinweise Verwenden Sie den Stuhl nicht als Trittleiter oder Leiter. Das Stehen auf Sitzm\u00f6beln, insbesondere auf Drehst\u00fchlen oder h\u00f6henverstellbaren St\u00fchlen, ist gef\u00e4hrlich und kann zu St\u00fcrzen oder schweren Verletzungen f\u00fchren. Lassen Sie Kinder nicht auf den St\u00fchlen spielen. Drehen, [&hellip;]<\/p>\n","protected":false},"author":5,"featured_media":0,"parent":7714,"menu_order":27,"comment_status":"closed","ping_status":"closed","template":"","meta":{"_acf_changed":false,"inline_featured_image":false,"footnotes":""},"class_list":["post-42650","page","type-page","status-publish","hentry"],"acf":[],"aioseo_notices":[],"_links":{"self":[{"href":"https:\/\/alba.progresium.cz\/de\/wp-json\/wp\/v2\/pages\/42650","targetHints":{"allow":["GET"]}}],"collection":[{"href":"https:\/\/alba.progresium.cz\/de\/wp-json\/wp\/v2\/pages"}],"about":[{"href":"https:\/\/alba.progresium.cz\/de\/wp-json\/wp\/v2\/types\/page"}],"author":[{"embeddable":true,"href":"https:\/\/alba.progresium.cz\/de\/wp-json\/wp\/v2\/users\/5"}],"replies":[{"embeddable":true,"href":"https:\/\/alba.progresium.cz\/de\/wp-json\/wp\/v2\/comments?post=42650"}],"version-history":[{"count":5,"href":"https:\/\/alba.progresium.cz\/de\/wp-json\/wp\/v2\/pages\/42650\/revisions"}],"predecessor-version":[{"id":42723,"href":"https:\/\/alba.progresium.cz\/de\/wp-json\/wp\/v2\/pages\/42650\/revisions\/42723"}],"up":[{"embeddable":true,"href":"https:\/\/alba.progresium.cz\/de\/wp-json\/wp\/v2\/pages\/7714"}],"wp:attachment":[{"href":"https:\/\/alba.progresium.cz\/de\/wp-json\/wp\/v2\/media?parent=42650"}],"curies":[{"name":"wp","href":"https:\/\/api.w.org\/{rel}","templated":true}]}}