{"id":30577,"date":"2024-01-05T14:09:20","date_gmt":"2024-01-05T13:09:20","guid":{"rendered":"https:\/\/alba.progresium.cz\/?page_id=30577"},"modified":"2024-01-05T14:10:56","modified_gmt":"2024-01-05T13:10:56","slug":"whistleblowing","status":"publish","type":"page","link":"https:\/\/alba.progresium.cz\/de\/ueber-uns\/whistleblowing\/","title":{"rendered":"Whistleblowing"},"content":{"rendered":"\t\t<div data-elementor-type=\"wp-page\" data-elementor-id=\"30577\" class=\"elementor elementor-30577 elementor-30575\" data-elementor-post-type=\"page\">\n\t\t\t\t\t\t<section class=\"elementor-section elementor-top-section elementor-element elementor-element-40868971 header_section elementor-section-boxed elementor-section-height-default elementor-section-height-default\" data-id=\"40868971\" data-element_type=\"section\" data-e-type=\"section\">\n\t\t\t\t\t\t<div class=\"elementor-container elementor-column-gap-default\">\n\t\t\t\t\t<div class=\"elementor-column elementor-col-100 elementor-top-column elementor-element elementor-element-7e039a24\" data-id=\"7e039a24\" data-element_type=\"column\" data-e-type=\"column\" data-settings=\"{&quot;background_background&quot;:&quot;classic&quot;}\">\n\t\t\t<div class=\"elementor-widget-wrap elementor-element-populated\">\n\t\t\t\t\t\t<section class=\"elementor-section elementor-inner-section elementor-element elementor-element-6cf47bd5 elementor-section-boxed elementor-section-height-default elementor-section-height-default\" data-id=\"6cf47bd5\" data-element_type=\"section\" data-e-type=\"section\">\n\t\t\t\t\t\t<div class=\"elementor-container elementor-column-gap-default\">\n\t\t\t\t\t<div class=\"elementor-column elementor-col-50 elementor-inner-column elementor-element elementor-element-1eb95330\" data-id=\"1eb95330\" data-element_type=\"column\" data-e-type=\"column\" data-settings=\"{&quot;background_background&quot;:&quot;classic&quot;}\">\n\t\t\t<div class=\"elementor-widget-wrap elementor-element-populated\">\n\t\t\t\t\t\t<div class=\"elementor-element elementor-element-737df617 elementor-widget elementor-widget-heading\" data-id=\"737df617\" data-element_type=\"widget\" data-e-type=\"widget\" data-widget_type=\"heading.default\">\n\t\t\t\t<div class=\"elementor-widget-container\">\n\t\t\t\t\t<h1 class=\"elementor-heading-title elementor-size-default\">Whistleblowing<\/h1>\t\t\t\t<\/div>\n\t\t\t\t<\/div>\n\t\t\t\t\t<\/div>\n\t\t<\/div>\n\t\t\t\t<div class=\"elementor-column elementor-col-50 elementor-inner-column elementor-element elementor-element-11dabe2b\" data-id=\"11dabe2b\" data-element_type=\"column\" data-e-type=\"column\">\n\t\t\t<div class=\"elementor-widget-wrap\">\n\t\t\t\t\t\t\t<\/div>\n\t\t<\/div>\n\t\t\t\t\t<\/div>\n\t\t<\/section>\n\t\t\t\t\t<\/div>\n\t\t<\/div>\n\t\t\t\t\t<\/div>\n\t\t<\/section>\n\t\t\t\t<section class=\"elementor-section elementor-top-section elementor-element elementor-element-385ef7af dual_c elementor-section-boxed elementor-section-height-default elementor-section-height-default\" data-id=\"385ef7af\" data-element_type=\"section\" data-e-type=\"section\">\n\t\t\t\t\t\t<div class=\"elementor-container elementor-column-gap-default\">\n\t\t\t\t\t<div class=\"elementor-column elementor-col-100 elementor-top-column elementor-element elementor-element-3ee86ec7\" data-id=\"3ee86ec7\" data-element_type=\"column\" data-e-type=\"column\">\n\t\t\t<div class=\"elementor-widget-wrap elementor-element-populated\">\n\t\t\t\t\t\t<div class=\"elementor-element elementor-element-fd1c6a3 elementor-widget elementor-widget-text-editor\" data-id=\"fd1c6a3\" data-element_type=\"widget\" data-e-type=\"widget\" data-widget_type=\"text-editor.default\">\n\t\t\t\t<div class=\"elementor-widget-container\">\n\t\t\t\t\t\t\t\t\t<p><strong>Regeln f\u00fcr die Einreichung einer Meldung gem\u00e4\u00df dem Gesetz Nr. 171\/2023 Slg. \u00fcber den Schutz von Hinweisgebern (Whistleblowern)<\/strong><\/p>\n<p>Jeder Mitarbeiter der ALBA CR spol. s r.o. Masarykovo n\u00e1m\u011bst\u00ed 26, \u0160kvorec, 250 83, ID-Nr. 62909134 (nachstehend &#8222;ALBA&#8220; genannt) und\/oder eine nat\u00fcrliche Person, die im Zusammenhang mit ihrer Arbeit oder einer anderen \u00e4hnlichen T\u00e4tigkeit (z.B. auch im Rahmen einer selbst\u00e4ndigen T\u00e4tigkeit oder einer T\u00e4tigkeit auf der Grundlage eines Vertrages zwischen ALBA und ihrem Lieferanten), die sie f\u00fcr ALBA aus\u00fcbt (nachfolgend &#8222;Hinweisgeber&#8220; genannt), Kenntnis von einem Verhalten innerhalb von ALBA erlangt hat, das eine Straftat oder eine Ordnungswidrigkeit darstellen kann oder gegen eine Rechtsvorschrift oder eine Verordnung der Europ\u00e4ischen Union verst\u00f6\u00dft, kann einen m\u00f6glichen Versto\u00df gegen das Gesetz Nr. 171\/2023 Slg. \u00fcber den Schutz von Hinweisgebern (im Folgenden als &#8222;Gesetz&#8220; bezeichnet) melden (nachfolgend &#8222;Meldung&#8220; genannt).<\/p>\n<p>a) Zust\u00e4ndige Person f\u00fcr die Entgegennahme und Bearbeitung der Meldung: Zust\u00e4ndige Person f\u00fcr die Entgegennahme und Bearbeitung der Meldung im Sinne des Gesetzes ist Sabina den Brinker (&#8222;Zust\u00e4ndige Person&#8220;).<\/p>\n<p>b) Verfahren zur Einreichung einer Meldung (internes Meldesystem):<\/p>\n<p>&#8211; Elektronisch &#8211; per E-Mail: sabina.denbrinker@alba.progresium.cz<\/p>\n<p>&#8211; Schriftlich &#8211; per Brief mit dem Vermerk &#8222;zu H\u00e4nden Frau Sabina den Brinker&#8220;, per Post an ALBA CR spol. s r.o., Masarykovo n\u00e1m\u011bst\u00ed 26, 250 83 \u0160kvorec, Tschechische Republik<\/p>\n<p>&#8211; Telefonisch &#8211; unter +420 732 363 545. Das Telefongespr\u00e4ch wird nicht aufgezeichnet, ALBA wird eine kurze Aufzeichnung des Gespr\u00e4chs erstellen. Sie erhalten die M\u00f6glichkeit, das Gespr\u00e4chsprotokoll zu \u00fcberpr\u00fcfen, zu korrigieren und mit Ihrer Unterschrift zu best\u00e4tigen. Ist die zust\u00e4ndige Person nicht anwesend, k\u00f6nnen Sie die Meldung auch auf andere Weise \u00fcbermitteln.<\/p>\n<p>&#8211; Pers\u00f6nlich &#8211; Sie k\u00f6nnen per E-Mail oder Telefon ein pers\u00f6nliches Treffen mit der zust\u00e4ndigen Person vereinbaren. \u00dcber das pers\u00f6nliche Gespr\u00e4ch wird ein kurzes Protokoll angefertigt. Sie erhalten die M\u00f6glichkeit, dieses Protokoll zu \u00fcberpr\u00fcfen, zu korrigieren und mit Ihrer Unterschrift zu genehmigen.<\/p>\n<p>Sie k\u00f6nnen die Meldung auch anonym machen.<\/p>\n<p>(c) Fristen f\u00fcr die Benachrichtigung des Hinweigebers \u00fcber die getroffenen Ma\u00dfnahmen<\/p>\n<p>Ist ALBA Ihre Identit\u00e4t (Kontaktdaten) bekannt, lehnen Sie die Benachrichtigung nicht im Voraus ab oder w\u00fcrde die Benachrichtigung zur Offenlegung Ihrer Identit\u00e4t f\u00fchren oder den Zweck der Meldung vereiteln, benachrichtigt ALBA Sie als Hinweisgeber:<\/p>\n<p>&#8211; bei Festlegung eines Termins f\u00fcr ein pers\u00f6nliches Gespr\u00e4ch (innerhalb von 14 Tagen nach Eingang Ihres Antrags): unverz\u00fcglich,<\/p>\n<p>&#8211; \u00fcber den Eingang Ihrer Meldung: innerhalb von 7 Tagen,<\/p>\n<p>&#8211; \u00fcber die Angemessenheit Ihrer Meldung: innerhalb von 30 Tagen nach Erhalt; in komplexen F\u00e4llen kann die Frist zweimal auf bis zu 90 Tage verl\u00e4ngert werden,<\/p>\n<p>&#8211; \u00fcber die Nichtannahme Ihrer Meldung (es liegt kein Versto\u00df vor oder die Meldung beruht auf falschen Angaben): ohne unangemessene Verz\u00f6gerung,<\/p>\n<p>&#8211; die getroffenen Ma\u00dfnahmen: unverz\u00fcglich nach deren Ergreifung.<\/p>\n<p>d) Schutz von Hinweisgebern (Whistleblowern)<\/p>\n<p>Die zust\u00e4ndige Person wahrt strenge Vertraulichkeit in Bezug auf Ihre Identit\u00e4t, Angaben zu anderen Personen und die in der Meldung enthaltenen Informationen. Als Hinweisgeber haben Sie Anspruch auf Schutz vor Vergeltungsma\u00dfnahmen im Sinne des Gesetzes und vor der blo\u00dfen Androhung solcher Ma\u00dfnahmen.<\/p>\n<p>e) Institutionen zur alternativen Meldung (sog. Externes Meldesystem)<\/p>\n<p>Dar\u00fcber hinaus k\u00f6nnen Sie alternativ eine Meldung beim Justizministerium einreichen, auch wenn Sie Zweifel daran haben, ob der festgestellte Sachverhalt einen Versto\u00df im Sinne des Gesetzes darstellt. Meldungen werden vom Justizministerium entgegengenommen: Justizministerium der Tschechischen Republik, Vy\u0161ehradsk\u00e1 16, Prag 2, Postleitzahl 128 10, E-Mail: oznamovatel@msp.justice.cz, Telefon +420 221 997&nbsp;840.<\/p>\t\t\t\t\t\t\t\t<\/div>\n\t\t\t\t<\/div>\n\t\t\t\t\t<\/div>\n\t\t<\/div>\n\t\t\t\t\t<\/div>\n\t\t<\/section>\n\t\t\t\t<section class=\"elementor-section elementor-top-section elementor-element elementor-element-254a9b0d single_c elementor-section-boxed elementor-section-height-default elementor-section-height-default\" data-id=\"254a9b0d\" data-element_type=\"section\" data-e-type=\"section\">\n\t\t\t\t\t\t<div class=\"elementor-container elementor-column-gap-default\">\n\t\t\t\t\t<div class=\"elementor-column elementor-col-100 elementor-top-column elementor-element elementor-element-4f53a689\" data-id=\"4f53a689\" data-element_type=\"column\" data-e-type=\"column\">\n\t\t\t<div class=\"elementor-widget-wrap elementor-element-populated\">\n\t\t\t\t\t\t<div class=\"elementor-element elementor-element-2ac863d7 elementor-widget elementor-widget-spacer\" data-id=\"2ac863d7\" data-element_type=\"widget\" data-e-type=\"widget\" data-widget_type=\"spacer.default\">\n\t\t\t\t<div class=\"elementor-widget-container\">\n\t\t\t\t\t\t\t<div class=\"elementor-spacer\">\n\t\t\t<div class=\"elementor-spacer-inner\"><\/div>\n\t\t<\/div>\n\t\t\t\t\t\t<\/div>\n\t\t\t\t<\/div>\n\t\t\t\t\t<\/div>\n\t\t<\/div>\n\t\t\t\t\t<\/div>\n\t\t<\/section>\n\t\t\t\t<\/div>\n\t\t","protected":false},"excerpt":{"rendered":"<p>Regeln f\u00fcr die Einreichung einer Meldung gem\u00e4\u00df dem Gesetz Nr. 171\/2023 Slg. \u00fcber den Schutz von Hinweisgebern (Whistleblowern) Jeder Mitarbeiter der ALBA CR spol. s r.o. Masarykovo n\u00e1m\u011bst\u00ed 26, \u0160kvorec, 250 83, ID-Nr. 62909134 (nachstehend &#8222;ALBA&#8220; genannt) und\/oder eine nat\u00fcrliche Person, die im Zusammenhang mit ihrer Arbeit oder einer anderen \u00e4hnlichen T\u00e4tigkeit (z.B. auch im [&hellip;]<\/p>\n","protected":false},"author":5,"featured_media":0,"parent":7714,"menu_order":26,"comment_status":"closed","ping_status":"closed","template":"","meta":{"_acf_changed":false,"inline_featured_image":false,"footnotes":""},"class_list":["post-30577","page","type-page","status-publish","hentry"],"acf":[],"aioseo_notices":[],"_links":{"self":[{"href":"https:\/\/alba.progresium.cz\/de\/wp-json\/wp\/v2\/pages\/30577","targetHints":{"allow":["GET"]}}],"collection":[{"href":"https:\/\/alba.progresium.cz\/de\/wp-json\/wp\/v2\/pages"}],"about":[{"href":"https:\/\/alba.progresium.cz\/de\/wp-json\/wp\/v2\/types\/page"}],"author":[{"embeddable":true,"href":"https:\/\/alba.progresium.cz\/de\/wp-json\/wp\/v2\/users\/5"}],"replies":[{"embeddable":true,"href":"https:\/\/alba.progresium.cz\/de\/wp-json\/wp\/v2\/comments?post=30577"}],"version-history":[{"count":5,"href":"https:\/\/alba.progresium.cz\/de\/wp-json\/wp\/v2\/pages\/30577\/revisions"}],"predecessor-version":[{"id":30632,"href":"https:\/\/alba.progresium.cz\/de\/wp-json\/wp\/v2\/pages\/30577\/revisions\/30632"}],"up":[{"embeddable":true,"href":"https:\/\/alba.progresium.cz\/de\/wp-json\/wp\/v2\/pages\/7714"}],"wp:attachment":[{"href":"https:\/\/alba.progresium.cz\/de\/wp-json\/wp\/v2\/media?parent=30577"}],"curies":[{"name":"wp","href":"https:\/\/api.w.org\/{rel}","templated":true}]}}