{"id":9957,"date":"2022-01-07T17:57:48","date_gmt":"2022-01-07T16:57:48","guid":{"rendered":"https:\/\/alba.progresium.cz\/o-nas\/privacy\/"},"modified":"2024-08-07T09:48:07","modified_gmt":"2024-08-07T07:48:07","slug":"gdpr","status":"publish","type":"page","link":"https:\/\/alba.progresium.cz\/cs\/o-nas\/gdpr\/","title":{"rendered":"Ochrana osobn\u00edch \u00fadaj\u016f"},"content":{"rendered":"\t\t<div data-elementor-type=\"wp-page\" data-elementor-id=\"9957\" class=\"elementor elementor-9957 elementor-257\" data-elementor-post-type=\"page\">\n\t\t\t\t\t\t<section class=\"elementor-section elementor-top-section elementor-element elementor-element-40868971 header_section elementor-section-boxed elementor-section-height-default elementor-section-height-default\" data-id=\"40868971\" data-element_type=\"section\" data-e-type=\"section\">\n\t\t\t\t\t\t<div class=\"elementor-container elementor-column-gap-default\">\n\t\t\t\t\t<div class=\"elementor-column elementor-col-100 elementor-top-column elementor-element elementor-element-7e039a24\" data-id=\"7e039a24\" data-element_type=\"column\" data-e-type=\"column\" data-settings=\"{&quot;background_background&quot;:&quot;classic&quot;}\">\n\t\t\t<div class=\"elementor-widget-wrap elementor-element-populated\">\n\t\t\t\t\t\t<section class=\"elementor-section elementor-inner-section elementor-element elementor-element-6cf47bd5 elementor-section-boxed elementor-section-height-default elementor-section-height-default\" data-id=\"6cf47bd5\" data-element_type=\"section\" data-e-type=\"section\">\n\t\t\t\t\t\t<div class=\"elementor-container elementor-column-gap-default\">\n\t\t\t\t\t<div class=\"elementor-column elementor-col-50 elementor-inner-column elementor-element elementor-element-1eb95330\" data-id=\"1eb95330\" data-element_type=\"column\" data-e-type=\"column\" data-settings=\"{&quot;background_background&quot;:&quot;classic&quot;}\">\n\t\t\t<div class=\"elementor-widget-wrap elementor-element-populated\">\n\t\t\t\t\t\t<div class=\"elementor-element elementor-element-737df617 elementor-widget elementor-widget-heading\" data-id=\"737df617\" data-element_type=\"widget\" data-e-type=\"widget\" data-widget_type=\"heading.default\">\n\t\t\t\t<div class=\"elementor-widget-container\">\n\t\t\t\t\t<h1 class=\"elementor-heading-title elementor-size-default\">Ochrana osobn\u00edch \u00fadaj\u016f<\/h1>\t\t\t\t<\/div>\n\t\t\t\t<\/div>\n\t\t\t\t\t<\/div>\n\t\t<\/div>\n\t\t\t\t<div class=\"elementor-column elementor-col-50 elementor-inner-column elementor-element elementor-element-11dabe2b\" data-id=\"11dabe2b\" data-element_type=\"column\" data-e-type=\"column\">\n\t\t\t<div class=\"elementor-widget-wrap\">\n\t\t\t\t\t\t\t<\/div>\n\t\t<\/div>\n\t\t\t\t\t<\/div>\n\t\t<\/section>\n\t\t\t\t\t<\/div>\n\t\t<\/div>\n\t\t\t\t\t<\/div>\n\t\t<\/section>\n\t\t\t\t<section class=\"elementor-section elementor-top-section elementor-element elementor-element-385ef7af dual_c elementor-section-boxed elementor-section-height-default elementor-section-height-default\" data-id=\"385ef7af\" data-element_type=\"section\" data-e-type=\"section\">\n\t\t\t\t\t\t<div class=\"elementor-container elementor-column-gap-default\">\n\t\t\t\t\t<div class=\"elementor-column elementor-col-100 elementor-top-column elementor-element elementor-element-3ee86ec7\" data-id=\"3ee86ec7\" data-element_type=\"column\" data-e-type=\"column\">\n\t\t\t<div class=\"elementor-widget-wrap elementor-element-populated\">\n\t\t\t\t\t\t<div class=\"elementor-element elementor-element-fd1c6a3 elementor-widget elementor-widget-text-editor\" data-id=\"fd1c6a3\" data-element_type=\"widget\" data-e-type=\"widget\" data-widget_type=\"text-editor.default\">\n\t\t\t\t<div class=\"elementor-widget-container\">\n\t\t\t\t\t\t\t\t\t<div>\n<p>T\u011b\u0161\u00ed n\u00e1s, \u017ee jste nav\u0161t\u00edvili internetovou str\u00e1nku spole\u010dnosti ALBA CR spol. s r.o. a \u017ee m\u00e1te z\u00e1jem o na\u0161i spole\u010dnost. Ochrana osobn\u00edch \u00fadaj\u016f pro n\u00e1s p\u0159edstavuje z\u00e1va\u017en\u00e9 t\u00e9ma a r\u00e1di bychom V\u00e1m poskytli informace o tom, jak s Va\u0161imi osobn\u00edmi \u00fadaji nakl\u00e1d\u00e1me, i o Va\u0161ich pr\u00e1vech t\u00fdkaj\u00edc\u00edch se ochrany osobn\u00edch \u00fadaj\u016f.<\/p>\n<p>K datu 25. 5. 2018 nab\u00fdv\u00e1 \u00fa\u010dinnosti Na\u0159\u00edzen\u00ed (EU) 2016\/679 ze dne 27. dubna 2016, tj. obecn\u00e9 na\u0159\u00edzen\u00ed o ochran\u011b osobn\u00edch \u00fadaj\u016f, jinak zn\u00e1m\u00e9 pod zkratkou GDPR).<\/p>\n<p>T\u00edmto dnem zve\u0159ej\u0148ujeme jako Spr\u00e1vce osobn\u00edch dat a Provozovatel internetov\u00fdch str\u00e1nek&nbsp;<a href=\"https:\/\/alba.progresium.cz\">www.alba.progresium.cz<\/a><\/p>\n<h2>&nbsp;<\/h2>\n<h2><strong>PROHL\u00c1\u0160EN\u00cd O ZPRACOV\u00c1N\u00cd OSOBN\u00cdCH \u00daDAJ\u016e VE SPOLE\u010cNOSTI ALBA CR SPOL. S R.O.,<\/strong><\/h2>\n<p>kter\u00e1 objas\u0148uje Subjekt\u016fm osobn\u00edch \u00fadaj\u016f a U\u017eivatel\u016fm webov\u00fdch str\u00e1nek:<\/p>\n<p>&#8211; rozsah a zdroje shroma\u017e\u010fovan\u00fdch osobn\u00ed \u00fadaj\u016f,<\/p>\n<p>&#8211; \u00fa\u010del shroma\u017e\u010fov\u00e1n\u00ed osobn\u00edch \u00fadaj\u016f,<\/p>\n<p>&#8211; zp\u016fsob zpracov\u00e1n\u00ed a uchov\u00e1v\u00e1n\u00ed osobn\u00edch \u00fadaj\u016f,<\/p>\n<p>&#8211; p\u0159ed\u00e1v\u00e1n\u00ed osobn\u00edch \u00fadaj\u016f,<\/p>\n<p>&#8211; dobu uchov\u00e1v\u00e1n\u00ed osobn\u00edch \u00fadaj\u016f,<\/p>\n<p>&#8211; pr\u00e1va subjekt\u016f osobn\u00edch \u00fadaj\u016f<\/p>\n<p>&#8211; pou\u017e\u00edv\u00e1n\u00ed cookies<\/p>\n<p>&#8211; zm\u011bny v politice ochrany osobn\u00edch dat<\/p>\n<p>&#8211; definici pojm\u016f pro \u00fa\u010dely Prohl\u00e1\u0161en\u00ed o zpracov\u00e1n\u00ed osobn\u00edch \u00fadaj\u016f ve spole\u010dnosti ALBA CR spol. s r.o.<\/p>\n<h4>&nbsp;<\/h4>\n<p><strong>ROZSAH A ZDROJE SHROMA\u017d\u010eOVAN\u00ddCH OSOBN\u00cdCH \u00daDAJ\u016e<\/strong><\/p>\n<p>1) Pokud nav\u0161t\u00edv\u00edte internetovou str\u00e1nku&nbsp;<a href=\"https:\/\/alba.progresium.cz\">www.alba.progresium.cz<\/a>&nbsp;, webov\u00fd server uchov\u00e1v\u00e1 n\u00e1sleduj\u00edc\u00ed \u00fadaje ve sv\u00e9m v\u00fdchoz\u00edm nastaven\u00ed:<\/p>\n<p>&#8211; n\u00e1zev va\u0161eho poskytovatele internetov\u00fdch slu\u017eeb<\/p>\n<p>&#8211; adresu webov\u00e9 str\u00e1nky, ze kter\u00e9 jste n\u00e1s nav\u0161t\u00edvili<\/p>\n<p>&#8211; adresu webov\u00e9 str\u00e1nky, na kterou p\u0159ejdete z na\u0161\u00ed<\/p>\n<p>&#8211; Va\u0161i IP adresu<\/p>\n<p>Tyto v\u0161eobecn\u00e9 informace se shroma\u017e\u010fuj\u00ed automaticky na webov\u00e9m serveru a nevyu\u017e\u00edvaj\u00ed se ve smyslu osobn\u00edch \u00fadaj\u016f.<\/p>\n<p>2) V p\u0159\u00edpad\u011b Va\u0161ich dotaz\u016f \u010di p\u0159ipom\u00ednek sd\u011blen\u00fdch n\u00e1m osobn\u011b, telefonicky, e-mailem, pomoc\u00ed webov\u00e9ho formul\u00e1\u0159e Dotaz k produktu \u010di jinou formou internetov\u00e9 komunikace (chat, soci\u00e1ln\u00ed s\u00edt\u011b, apod.) shroma\u017e\u010fujeme tato osobn\u00ed data:<\/p>\n<p>&#8211; Va\u0161e identifika\u010dn\u00ed \u00fadaje (jm\u00e9no a p\u0159\u00edjmen\u00ed)<\/p>\n<p>&#8211; Va\u0161e kontaktn\u00ed \u00fadaje (e-mailov\u00e1 adresa)<\/p>\n<p>&#8211; p\u0159\u00edpadn\u00e9 dal\u0161\u00ed kontaktn\u00ed \u00fadaje z Va\u0161\u00ed signatury (nap\u0159. adresa, telefon)<\/p>\n<p>&#8211; p\u0159\u00edpadn\u011b dal\u0161\u00ed osobn\u00ed \u00fadaje, kter\u00e9 n\u00e1m sd\u011bl\u00edte \u00fastn\u00ed \u010di telefonickou formou (nap\u0159. Va\u0161e adresn\u00ed \u00fadaje)<\/p>\n<p>Tyto osobn\u00ed \u00fadaje shroma\u017e\u010fujeme pouze tehdy, pokud n\u00e1m je poskytnete Vy (na z\u00e1klad\u011b vypln\u011bn\u00ed formul\u00e1\u0159e Dotaz k produktu, zasl\u00e1n\u00ed e-mailu \u010di jin\u00e9 formy internetov\u00e9 komunikace \u2013 chat, soci\u00e1ln\u00ed s\u00edt\u011b, apod.). Bez t\u011bchto \u00fadaj\u016f bychom nebyli schopni reagovat na Va\u0161e dotazy a p\u0159ipom\u00ednky.<\/p>\n<p>3) V p\u0159\u00edpad\u011b vz\u00e1jemn\u00e9ho smluvn\u00edho obchodn\u00edho vztahu (v\u010detn\u011b popt\u00e1vek, objedn\u00e1vek, reklamac\u00ed, apod.) shroma\u017e\u010fujeme tato osobn\u00ed data:<\/p>\n<p>&#8211; Va\u0161e identifika\u010dn\u00ed \u00fadaje (jm\u00e9no a p\u0159\u00edjmen\u00ed)<\/p>\n<p>&#8211; Va\u0161e adresn\u00ed \u00fadaje<\/p>\n<p>&#8211; Va\u0161e kontaktn\u00ed \u00fadaje (e-mailov\u00e1 adresa, telefon)<\/p>\n<p>&#8211; dal\u0161\u00ed \u00fadaje nutn\u00e9 pro pln\u011bn\u00ed smluvn\u00edho vztahu (nap\u0159. bankovn\u00ed spojen\u00ed, \u00fadaje z Va\u0161\u00ed vizitky)<\/p>\n<p>Tyto osobn\u00ed \u00fadaje shroma\u017e\u010fujeme pouze tehdy, pokud n\u00e1m je poskytnete Vy (na z\u00e1klad\u011b Va\u0161\u00ed popt\u00e1vky, objedn\u00e1vky, obchodn\u00edho vztahu dan\u00e9ho R\u00e1mcovou kupn\u00ed smlouvou, \u010di reklamace). D\u00e1le v r\u00e1mci obchodn\u00ed \u010dinnosti shroma\u017e\u010fujeme data z ve\u0159ejn\u011b p\u0159\u00edstupn\u00fdch rejst\u0159\u00edk\u016f (nap\u0159. obchodn\u00ed rejst\u0159\u00edk, \u017eivnostensk\u00fd rejst\u0159\u00edk, ve\u0159ejn\u00fd telefonn\u00ed seznam). Bez t\u011bchto \u00fadaj\u016f bychom nebyli schopni plnit vz\u00e1jemn\u00fd obchodn\u00ed vztah.<\/p>\n<p>4) V p\u0159\u00edpad\u011b person\u00e1ln\u00edch \u0159\u00edzen\u00ed shroma\u017e\u010fujeme tato osobn\u00ed data:<\/p>\n<p>&#8211; Va\u0161e identifika\u010dn\u00ed \u00fadaje (jm\u00e9no a p\u0159\u00edjmen\u00ed)<\/p>\n<p>&#8211; Va\u0161e adresn\u00ed \u00fadaje<\/p>\n<p>&#8211; Va\u0161e kontaktn\u00ed \u00fadaje (e-mailov\u00e1 adresa, telefon)<\/p>\n<p>&#8211; \u00fadaje o Va\u0161ich p\u0159echoz\u00edch zam\u011bstn\u00e1n\u00edch a studiu<\/p>\n<p>&#8211; dal\u0161\u00ed osobn\u00ed \u00fadaje z Va\u0161eho \u017eivotopisu (nap\u0159. rodinn\u00fd stav, z\u00e1liby, absolvovan\u00e1 \u0161kolen\u00ed, apod.)<\/p>\n<p>&#8211; dal\u0161\u00ed \u00fadaje poskytnut\u00e9 nad r\u00e1mec z\u00e1kona a zpracov\u00e1van\u00e9 v r\u00e1mci opr\u00e1vn\u011bn\u00e9ho z\u00e1jmu Spr\u00e1vce a \/ nebo ud\u011blen\u00e9ho souhlasu ze strany subjektu \u00fadaj\u016f (nap\u0159. fotografie)<\/p>\n<p>Tyto osobn\u00ed \u00fadaje shroma\u017e\u010fujeme pouze tehdy, pokud n\u00e1m je poskytnete Vy (na z\u00e1klad\u011b Va\u0161eho p\u0159ihl\u00e1\u0161en\u00ed do v\u00fdb\u011brov\u00e9ho \u0159\u00edzen\u00ed).<\/p>\n<p>5) V p\u0159\u00edpad\u011b za\u0159azen\u00ed smluvn\u00edho prodejce do Prodejn\u00ed s\u00edt\u011b uveden\u00e9 na internetov\u00fdch str\u00e1nk\u00e1ch Provozovatele shroma\u017e\u010fujeme tato osobn\u00ed data:<\/p>\n<p>&#8211; Va\u0161e identifika\u010dn\u00ed \u00fadaje (jm\u00e9no a p\u0159\u00edjmen\u00ed)<\/p>\n<p>&#8211; Va\u0161e adresn\u00ed \u00fadaje,<\/p>\n<p>&#8211; \u00fadaje o Va\u0161\u00ed funkci u Va\u0161eho zam\u011bstnavatele<\/p>\n<p>&#8211; Va\u0161e kontaktn\u00ed \u00fadaje (e-mailov\u00e1 adresa, telefon)<\/p>\n<p>Tyto osobn\u00ed \u00fadaje shroma\u017e\u010fujeme pouze tehdy, pokud n\u00e1m je poskytnete Vy (na z\u00e1klad\u011b vypln\u011bn\u00ed Informovan\u00e9ho souhlasu s uveden\u00edm v prodejn\u00ed s\u00edti).<\/p>\n<p>6) V p\u0159\u00edpad\u011b Va\u0161eho p\u0159ihl\u00e1\u0161en\u00ed (pop\u0159. \u00fa\u010dasti) do na\u0161ich marketingov\u00fdch akc\u00ed shroma\u017e\u010fujeme tato osobn\u00ed data:<\/p>\n<p>&#8211; Va\u0161e identifika\u010dn\u00ed \u00fadaje (jm\u00e9no a p\u0159\u00edjmen\u00ed)<\/p>\n<p>&#8211; Va\u0161e kontaktn\u00ed \u00fadaje (e-mailov\u00e1 adresa, telefon)<\/p>\n<p>Tyto osobn\u00ed \u00fadaje shroma\u017e\u010fujeme pouze tehdy, pokud n\u00e1m je poskytnete Vy (na z\u00e1klad\u011b Va\u0161eho p\u0159ihl\u00e1\u0161en\u00ed \/ projeven\u00ed z\u00e1jmu o na\u0161e marketingov\u00e9 akce).<\/p>\n<p><\/p>\n<h4><strong>\u00da\u010cEL SHROMA\u017d\u010eOV\u00c1N\u00cd OSOBN\u00cdCH \u00daDAJ\u016e<\/strong><\/h4>\n<p>Osobn\u00ed \u00fadaje, kter\u00e9 jsme shrom\u00e1\u017edili, budou vyu\u017eity k t\u011bmto \u00fa\u010del\u016fm:<\/p>\n<p>&#8211; jedn\u00e1n\u00ed o smluvn\u00edm vztahu a obchodn\u00ed komunikace<\/p>\n<p>&#8211; pln\u011bn\u00ed smlouvy<\/p>\n<p>&#8211; archivnictv\u00ed na z\u00e1klad\u011b z\u00e1kona<\/p>\n<p>&#8211; ochrana pr\u00e1v Spr\u00e1vce (nap\u0159. vym\u00e1h\u00e1n\u00ed pohled\u00e1vek Spr\u00e1vce)<\/p>\n<p>&#8211; v\u00fdb\u011brov\u00e1 \u0159\u00edzen\u00ed na voln\u00e1 pracovn\u00ed m\u00edsta<\/p>\n<p>&#8211; pln\u011bn\u00ed z\u00e1konn\u00fdch povinnost\u00ed ze strany Spr\u00e1vce, p\u0159edev\u0161\u00edm na z\u00e1klad\u011b \u00fa\u010detn\u00edch, da\u0148ov\u00fdch a dal\u0161\u00edch pr\u00e1vn\u00edch p\u0159edpis\u016f<\/p>\n<p>&#8211; zpracov\u00e1n\u00ed pro hromadnou rozes\u00edlku (p\u0159\u00edm\u00fd marketing, zas\u00edl\u00e1n\u00ed newsletter\u016f, obchodn\u00edch sd\u011blen\u00ed apod.)<\/p>\n<p><\/p>\n<h4><strong>ZP\u016eSOB ZPRACOV\u00c1N\u00cd A UCHOV\u00c1V\u00c1N\u00cd OSOBN\u00cdCH \u00daDAJ\u016e<\/strong><\/h4>\n<p>Zpracov\u00e1n\u00ed osobn\u00edch \u00fadaj\u016f prov\u00e1d\u00ed Spr\u00e1vce, prost\u0159ednictv\u00edm sv\u00fdch pov\u011b\u0159en\u00fdch zam\u011bstnanc\u016f pro jednotliv\u00e9 agendy (veden\u00ed spole\u010dnosti, obchodn\u00ed odd\u011blen\u00ed, \u00fa\u010detn\u00ed odd\u011blen\u00ed, person\u00e1ln\u00ed odd\u011blen\u00ed, n\u00e1kupn\u00ed odd\u011blen\u00ed, marketing, logistika, reklamace). Ke zpracov\u00e1n\u00ed doch\u00e1z\u00ed prost\u0159ednictv\u00edm informa\u010dn\u00edch technologi\u00ed nebo manu\u00e1ln\u00edm zp\u016fsobem (u osobn\u00edch \u00fadaj\u016f v listinn\u00e9 podob\u011b) za dodr\u017een\u00ed v\u0161ech bezpe\u010dnostn\u00edch z\u00e1sad pro spr\u00e1vu a zpracov\u00e1n\u00ed osobn\u00edch \u00fadaj\u016f. Za t\u00edmto \u00fa\u010delem p\u0159ijal Spr\u00e1vce opat\u0159en\u00ed, aby nemohlo doj\u00edt k neopr\u00e1vn\u011bn\u00e9mu nebo n\u00e1hodn\u00e9mu p\u0159\u00edstupu k osobn\u00edm \u00fadaj\u016fm \u010di manipulaci s nimi a jejich zneu\u017eit\u00ed (zejm\u00e9na zabezpe\u010den\u00ed IT-syst\u00e9mu Spr\u00e1vce). Pov\u011b\u0159en\u00ed zam\u011bstnanci Spr\u00e1vce i Zpracovatel\u00e9 (viz. n\u00ed\u017ee), kter\u00fdm mohou b\u00fdt osobn\u00ed \u00fadaje zp\u0159\u00edstupn\u011bny, respektuj\u00ed pr\u00e1vo Subjekt\u016f \u00fadaj\u016f na ochranu soukrom\u00ed a jsou povinni postupovat podle platn\u00fdch pr\u00e1vn\u00edch p\u0159edpis\u016f t\u00fdkaj\u00edc\u00edch se ochrany osobn\u00edch \u00fadaj\u016f.<\/p>\n<p>Automaticky poskytnut\u00e9 osobn\u00ed \u00fadaje plynouc\u00ed z Va\u0161\u00ed n\u00e1v\u0161t\u011bvy webov\u00fdch str\u00e1nek&nbsp;<a href=\"https:\/\/alba.progresium.cz\">www.alba.progresium.cz<\/a>&nbsp;jsou uchov\u00e1ny u n\u00e1s a u na\u0161eho Poskytovatele internetu.<\/p>\n<h4>&nbsp;<\/h4>\n<h4><strong>P\u0158ED\u00c1V\u00c1N\u00cd OSOBN\u00cdCH \u00daDAJ\u016e<\/strong><\/h4>\n<p>Spr\u00e1vce p\u0159ed\u00e1v\u00e1 \/ zp\u0159\u00edstup\u0148uje osobn\u00ed \u00fadaje pouze na z\u00e1klad\u011b jemu stanoven\u00fdch z\u00e1konn\u00fdch povinnost\u00ed a na z\u00e1klad\u011b zpracovatelsk\u00fdch smluv na tyto extern\u00ed Zpracovatele:<\/p>\n<p>&#8211; spr\u00e1vce IT-syst\u00e9mu<\/p>\n<p>&#8211; poskytovatel internetu<\/p>\n<p>&#8211; \u00fa\u010detn\u00ed servis: za \u00fa\u010delem spln\u011bn\u00ed z\u00e1konn\u00fdch povinnost\u00ed<\/p>\n<p>&#8211; pr\u00e1vn\u00ed servis: pouze v r\u00e1mci opr\u00e1vn\u011bn\u00e9ho soudn\u00edho \u010di mimosoudn\u00edho vym\u00e1h\u00e1n\u00ed pohled\u00e1vek Spr\u00e1vce<\/p>\n<p>&#8211; dopravn\u00ed slu\u017eby: za \u00fa\u010delem dopravy zbo\u017e\u00ed v r\u00e1mci pln\u011bn\u00ed obchodn\u00edho vztahu se z\u00e1kazn\u00edky<\/p>\n<p>&#8211; poskytovatel marketingov\u00fdch slu\u017eeb<\/p>\n<p><span style=\"font-size: 1.5rem; font-weight: 400;\">Zpracovatel\u00e9 jsou v\u00e1z\u00e1ni zpracovatelsk\u00fdmi smlouvami a jsou povinni postupovat dle platn\u00fdch pr\u00e1vn\u00edch p\u0159edpis\u016f t\u00fdkaj\u00edc\u00edch se ochrany osobn\u00edch \u00fadaj\u016f a dle platn\u00fdch firemn\u00edch p\u0159edpis\u016f Spr\u00e1vce.<\/span><br><\/p>\n<p><\/p>\n<h4><strong>DOBA UCHOV\u00c1V\u00c1N\u00cd OSOBN\u00cdCH \u00daDAJ\u016e<\/strong><\/h4>\n<p>V souladu se lh\u016ftami uveden\u00fdmi v p\u0159\u00edslu\u0161n\u00fdch smlouv\u00e1ch, \u010di v p\u0159\u00edslu\u0161n\u00fdch pr\u00e1vn\u00edch p\u0159edpisech jde o dobu nezbytn\u011b nutnou k zaji\u0161t\u011bn\u00ed pr\u00e1v a povinnost\u00ed plynouc\u00edch jak ze smluvn\u00edho vztahu, tak i z p\u0159\u00edslu\u0161n\u00fdch pr\u00e1vn\u00edch p\u0159edpis\u016f.<\/p>\n<p>Osobn\u00ed \u00fadaje potenci\u00e1ln\u00edch z\u00e1kazn\u00edk\u016f se uchov\u00e1vaj\u00ed po dobu 3 let od ukon\u010den\u00ed posledn\u00ed komunikace z d\u016fvodu mo\u017en\u00e9ho obnoven\u00ed obchodn\u00edho jedn\u00e1n\u00ed \/ uzav\u0159en\u00ed smlouvy.<\/p>\n<p>Osobn\u00ed \u00fadaje t\u00fdkaj\u00edc\u00ed se obchodn\u00edch partner\u016f se uchov\u00e1vaj\u00ed po dobu 10 let od ukon\u010den\u00ed smluvn\u00edho vztahu z d\u016fvodu p\u0159\u00edpadn\u00fdch reklamac\u00ed, dod\u00e1vek n\u00e1hradn\u00edch d\u00edl\u016f, soudn\u00edch \u010di mimosoudn\u00edch \u0159\u00edzen\u00ed a jedn\u00e1n\u00ed o obnoven\u00ed spolupr\u00e1ce.<\/p>\n<p>V p\u0159\u00edpad\u011b person\u00e1ln\u00edch \u0159\u00edzen\u00ed se uchov\u00e1vaj\u00ed osobn\u00ed \u00fadaje do doby ukon\u010den\u00ed konkr\u00e9tn\u00edho person\u00e1ln\u00edho \u0159\u00edzen\u00ed. U vybran\u00e9ho kandid\u00e1ta se doba uchov\u00e1v\u00e1n\u00ed osobn\u00edch \u00fadaj\u016f n\u00e1sledn\u011b \u0159\u00edd\u00ed sm\u011brnicemi firmy.<\/p>\n<p>V p\u0159\u00edpad\u011b Va\u0161eho uveden\u00ed jako smluvn\u00edho prodejce v Prodejn\u00ed s\u00edti (na z\u00e1klad\u011b Va\u0161\u00ed \u017e\u00e1dosti) se uchov\u00e1vaj\u00ed osobn\u00ed \u00fadaje do ukon\u010den\u00ed smluvn\u00edho vztahu (v\u00fdmazu z Prodejn\u00ed s\u00edt\u011b). K osobn\u00edm \u00fadaj\u016fm v Prodejn\u00ed s\u00edti (identifika\u010dn\u00ed a kontaktn\u00ed \u00fadaje podnikatele \u2013 fyzick\u00e9 osoby) maj\u00ed prost\u0159ednictv\u00edm webov\u00e9 datab\u00e1ze p\u0159\u00edstup n\u00e1v\u0161t\u011bvn\u00edci webov\u00fdch str\u00e1nek&nbsp;<a href=\"https:\/\/alba.progresium.cz\">www.alba.progresium.cz<\/a>&nbsp;.<\/p>\n<p>V p\u0159\u00edpad\u011b Va\u0161\u00ed \u00fa\u010dasti na na\u0161\u00ed marketingov\u00e9 akci \/ projeven\u00ed z\u00e1jmu o na\u0161i marketingovou akci se osobn\u00ed \u00fadaje uchov\u00e1vaj\u00ed po dobu 3 let od ukon\u010den\u00ed marketingov\u00e9 akce z d\u016fvodu optimalizace p\u0159i organizaci n\u00e1sledn\u00fdch marketingov\u00fdch akc\u00ed.<\/p>\n<h4>&nbsp;<\/h4>\n<h4><strong>PR\u00c1VA SUBJEKT\u016e OSOBN\u00cdCH \u00daDAJ\u016e<\/strong><\/h4>\n<p>Jste opr\u00e1vn\u011bni po\u017eadovat poskytnut\u00ed informac\u00ed o zpracov\u00e1n\u00ed Va\u0161ich osobn\u00edch \u00fadaj\u016f (o \u00fa\u010delu zpracov\u00e1n\u00ed, kategorii uchov\u00e1van\u00fdch osobn\u00edch \u00fadaj\u016f). D\u00e1le m\u00e1te pr\u00e1vo kontrolovat a opravovat v\u0161echny \u00fadaje ve vztahu k Va\u0161\u00ed osob\u011b, kter\u00e9 jsou u n\u00e1s ulo\u017eeny, pokud jsou tyto informace podle va\u0161eho n\u00e1zoru neaktu\u00e1ln\u00ed nebo nespr\u00e1vn\u00e9. M\u00e1te tak\u00e9 pr\u00e1vo na v\u00fdmaz ulo\u017een\u00fdch osobn\u00edch \u00fadaj\u016f (\u201epr\u00e1vo b\u00fdt zapomenut\u201c), pokud to dovoluje z\u00e1kon. Sta\u010d\u00ed, kdy\u017e se v takov\u00e9m p\u0159\u00edpad\u011b obr\u00e1t\u00edte na kontaktn\u00ed osobu, kter\u00e1 se zab\u00fdv\u00e1 ochranou osobn\u00edch \u00fadaj\u016f ve spole\u010dnosti ALBA CR spol. s r.o., pan\u00ed Sabinu Laubeovou (<a href=\"mailto:sabina.laubeova@albacr.eu\">sabina.laubeova@albacr.eu<\/a>&nbsp;). M\u00e1te pr\u00e1vo nahl\u00e1sit podez\u0159en\u00ed z poru\u0161ov\u00e1n\u00ed ochrany osobn\u00edch \u00fadaj\u016f dozorov\u00e9mu org\u00e1nu.<\/p>\n<p><\/p>\n<h4><strong>POU\u017d\u00cdV\u00c1N\u00cd COOKIES<\/strong><\/h4>\n<p>Webov\u00e1 str\u00e1nka Provozovatele pou\u017e\u00edv\u00e1 cookies, kter\u00e1 jsou nutn\u00e1 pro provoz internetov\u00e9 str\u00e1nky.<\/p>\n<p>Pokud nechce U\u017eivatel cookies pou\u017e\u00edvat nebo pokud chce, aby internetov\u00fd prohl\u00ed\u017ee\u010d pou\u017eit\u00ed cookies ozn\u00e1mil, mus\u00ed ve sv\u00e9m internetov\u00e9m prohl\u00ed\u017ee\u010di vybrat p\u0159\u00edslu\u0161nou volbu. Zablokuje-li U\u017eivatel v\u0161echna cookies, nebude moci vyu\u017e\u00edt n\u011bkter\u00e9 funkce internetov\u00fdch str\u00e1nek&nbsp;<a href=\"https:\/\/alba.progresium.cz\">www.alba.progresium.cz<\/a>&nbsp;.<\/p>\n<p><\/p>\n<h4><strong>ZM\u011aNY V POLITICE OCHRANY OSOBN\u00cdCH DAT<\/strong><\/h4>\n<p>Spr\u00e1vce \/ Provozovatel si vyhrazuje pr\u00e1vo kdykoli a jakkoli m\u011bnit svoji politiku ochrany osobn\u00edch dat, p\u0159i\u010dem\u017e aktu\u00e1ln\u00ed stav bude v\u017edy uveden na t\u011bchto internetov\u00fdch str\u00e1nk\u00e1ch.<\/p>\n<p><\/p>\n<h4><strong>DEFINICE POJM\u016e PRO \u00da\u010cELY PROHL\u00c1\u0160EN\u00cd O ZPRACOV\u00c1N\u00cd OSOBN\u00cdCH \u00daDAJ\u016e VE SPOLE\u010cNOSTI ALBA CR SPOL. S R.O.<\/strong><\/h4>\n<p><span style=\"text-decoration: underline;\">Spr\u00e1vce osobn\u00edch \u00fadaj\u016f<\/span>: subjekt, kter\u00fd ur\u010duje \u00fa\u010del a prost\u0159edky zpracov\u00e1n\u00ed osobn\u00edch \u00fadaj\u016f, prov\u00e1d\u00ed za j\u00edm stanoven\u00fdm \u00fa\u010delem jejich shroma\u017e\u010fov\u00e1n\u00ed, zpracov\u00e1n\u00ed a uchov\u00e1n\u00ed. Spr\u00e1vce prim\u00e1rn\u011b odpov\u00edd\u00e1 za zpracov\u00e1n\u00ed osobn\u00edch \u00fadaj\u016f. Z\u00e1kladn\u00edm nezbytn\u00fdm p\u0159edpokladem je existence \u0159\u00e1dn\u00e9ho pr\u00e1vn\u00edho d\u016fvodu zpracov\u00e1n\u00ed osobn\u00edch \u00fadaj\u016f, kter\u00fdm spr\u00e1vce mus\u00ed disponovat, aby mohl osobn\u00ed \u00fadaje zpracov\u00e1vat. Pro \u00fa\u010dely tohoto Prohl\u00e1\u0161en\u00ed je Spr\u00e1vcem osobn\u00edch \u00fadaj\u016f spole\u010dnost ALBA CR spol. s r.o., Masarykovo n\u00e1m. 26, 250 83 \u0160kvorec, I\u010c: 629 09 134 (definice p\u0159evzata z www.gdpr.cz, upravena)<\/p>\n<p><span style=\"text-decoration: underline;\">Subjekt osobn\u00edch \u00fadaj\u016f<\/span>: fyzick\u00e1 osoba, k n\u00ed\u017e se osobn\u00ed \u00fadaje vztahuj\u00ed.<\/p>\n<p><span style=\"text-decoration: underline;\">Provozovatel internetov\u00fdch str\u00e1nek<\/span>: provozovatelem a vlastn\u00edkem internetov\u00fdch str\u00e1nek&nbsp;<a href=\"https:\/\/alba.progresium.cz\">www.alba.progresium.cz<\/a> je spole\u010dnost ALBA CR spol. s r.o. Provozovateli n\u00e1le\u017e\u00ed v\u0161echna autorsk\u00e1 pr\u00e1va k obsahu internetov\u00fdch str\u00e1nkek <a href=\"https:\/\/alba.progresium.cz\">www.alba.progresium.cz<\/a><\/p>\n<p><span style=\"text-decoration: underline;\">U\u017eivatel internetov\u00fdch str\u00e1nek<\/span>: n\u00e1v\u0161t\u011bvn\u00edk internetov\u00fdch str\u00e1nek <a href=\"https:\/\/alba.progresium.cz\">www.alba.progresium.cz<\/a>&nbsp;\u2013 fyzick\u00e1 osoba (Subjekt osobn\u00edch \u00fadaj\u016f).<\/p>\n<p><span style=\"text-decoration: underline;\">Poskytovatel internetu<\/span>: firma zprost\u0159edkuj\u00edc\u00ed pro Provozovatele internetov\u00e9 p\u0159ipojen\u00ed.<\/p>\n<p><span style=\"text-decoration: underline;\">Zpracovatel<\/span>: jedn\u00e1 podle pokyn\u016f Spr\u00e1vce a nesm\u00ed s\u00e1m pou\u017e\u00edt osobn\u00ed \u00fadaje, ur\u010dit \u00fa\u010del jejich zpracov\u00e1n\u00ed ani je zve\u0159ejnit bez v\u00fdslovn\u00e9ho souhlasu Spr\u00e1vce, p\u0159\u00edpadn\u011b subjekt\u016f \u00fadaj\u016f.&nbsp;(definice p\u0159evzata z www.gdpr.cz, upravena)<\/p>\n<\/div>\t\t\t\t\t\t\t\t<\/div>\n\t\t\t\t<\/div>\n\t\t\t\t\t<\/div>\n\t\t<\/div>\n\t\t\t\t\t<\/div>\n\t\t<\/section>\n\t\t\t\t<section class=\"elementor-section elementor-top-section elementor-element elementor-element-254a9b0d single_c elementor-section-boxed elementor-section-height-default elementor-section-height-default\" data-id=\"254a9b0d\" data-element_type=\"section\" data-e-type=\"section\">\n\t\t\t\t\t\t<div class=\"elementor-container elementor-column-gap-default\">\n\t\t\t\t\t<div class=\"elementor-column elementor-col-100 elementor-top-column elementor-element elementor-element-4f53a689\" data-id=\"4f53a689\" data-element_type=\"column\" data-e-type=\"column\">\n\t\t\t<div class=\"elementor-widget-wrap elementor-element-populated\">\n\t\t\t\t\t\t<div class=\"elementor-element elementor-element-2ac863d7 elementor-widget elementor-widget-spacer\" data-id=\"2ac863d7\" data-element_type=\"widget\" data-e-type=\"widget\" data-widget_type=\"spacer.default\">\n\t\t\t\t<div class=\"elementor-widget-container\">\n\t\t\t\t\t\t\t<div class=\"elementor-spacer\">\n\t\t\t<div class=\"elementor-spacer-inner\"><\/div>\n\t\t<\/div>\n\t\t\t\t\t\t<\/div>\n\t\t\t\t<\/div>\n\t\t\t\t\t<\/div>\n\t\t<\/div>\n\t\t\t\t\t<\/div>\n\t\t<\/section>\n\t\t\t\t<\/div>\n\t\t","protected":false},"excerpt":{"rendered":"<p>T\u011b\u0161\u00ed n\u00e1s, \u017ee jste nav\u0161t\u00edvili internetovou str\u00e1nku spole\u010dnosti ALBA CR spol. s r.o. a \u017ee m\u00e1te z\u00e1jem o na\u0161i spole\u010dnost. Ochrana osobn\u00edch \u00fadaj\u016f pro n\u00e1s p\u0159edstavuje z\u00e1va\u017en\u00e9 t\u00e9ma a r\u00e1di bychom V\u00e1m poskytli informace o tom, jak s Va\u0161imi osobn\u00edmi \u00fadaji nakl\u00e1d\u00e1me, i o Va\u0161ich pr\u00e1vech t\u00fdkaj\u00edc\u00edch se ochrany osobn\u00edch \u00fadaj\u016f. K datu 25. 5. [&hellip;]<\/p>\n","protected":false},"author":1,"featured_media":0,"parent":3594,"menu_order":26,"comment_status":"closed","ping_status":"closed","template":"","meta":{"_acf_changed":false,"inline_featured_image":false,"footnotes":""},"class_list":["post-9957","page","type-page","status-publish","hentry"],"acf":[],"aioseo_notices":[],"_links":{"self":[{"href":"https:\/\/alba.progresium.cz\/cs\/wp-json\/wp\/v2\/pages\/9957","targetHints":{"allow":["GET"]}}],"collection":[{"href":"https:\/\/alba.progresium.cz\/cs\/wp-json\/wp\/v2\/pages"}],"about":[{"href":"https:\/\/alba.progresium.cz\/cs\/wp-json\/wp\/v2\/types\/page"}],"author":[{"embeddable":true,"href":"https:\/\/alba.progresium.cz\/cs\/wp-json\/wp\/v2\/users\/1"}],"replies":[{"embeddable":true,"href":"https:\/\/alba.progresium.cz\/cs\/wp-json\/wp\/v2\/comments?post=9957"}],"version-history":[{"count":5,"href":"https:\/\/alba.progresium.cz\/cs\/wp-json\/wp\/v2\/pages\/9957\/revisions"}],"predecessor-version":[{"id":37342,"href":"https:\/\/alba.progresium.cz\/cs\/wp-json\/wp\/v2\/pages\/9957\/revisions\/37342"}],"up":[{"embeddable":true,"href":"https:\/\/alba.progresium.cz\/cs\/wp-json\/wp\/v2\/pages\/3594"}],"wp:attachment":[{"href":"https:\/\/alba.progresium.cz\/cs\/wp-json\/wp\/v2\/media?parent=9957"}],"curies":[{"name":"wp","href":"https:\/\/api.w.org\/{rel}","templated":true}]}}