{"id":6429,"date":"2022-03-16T22:34:58","date_gmt":"2022-03-16T21:34:58","guid":{"rendered":"https:\/\/alba.progresium.cz\/?page_id=6429"},"modified":"2026-01-29T11:13:05","modified_gmt":"2026-01-29T10:13:05","slug":"pro-partnery","status":"publish","type":"page","link":"https:\/\/alba.progresium.cz\/cs\/pro-partnery\/","title":{"rendered":"Pro partnery"},"content":{"rendered":"\t\t<div data-elementor-type=\"wp-page\" data-elementor-id=\"6429\" class=\"elementor elementor-6429 elementor-14\" data-elementor-post-type=\"page\">\n\t\t\t\t\t\t<section class=\"elementor-section elementor-top-section elementor-element elementor-element-a6d3f41 single_c elementor-section-boxed elementor-section-height-default elementor-section-height-default\" data-id=\"a6d3f41\" data-element_type=\"section\" data-e-type=\"section\" data-settings=\"{&quot;background_background&quot;:&quot;classic&quot;}\">\n\t\t\t\t\t\t<div class=\"elementor-container elementor-column-gap-default\">\n\t\t\t\t\t<div class=\"elementor-column elementor-col-100 elementor-top-column elementor-element elementor-element-e9dee0b\" data-id=\"e9dee0b\" data-element_type=\"column\" data-e-type=\"column\">\n\t\t\t<div class=\"elementor-widget-wrap\">\n\t\t\t\t\t\t\t<\/div>\n\t\t<\/div>\n\t\t\t\t\t<\/div>\n\t\t<\/section>\n\t\t\t\t<section class=\"elementor-section elementor-top-section elementor-element elementor-element-03857fc elementor-section-boxed elementor-section-height-default elementor-section-height-default\" data-id=\"03857fc\" data-element_type=\"section\" data-e-type=\"section\">\n\t\t\t\t\t\t<div class=\"elementor-container elementor-column-gap-default\">\n\t\t\t\t\t<div class=\"elementor-column elementor-col-100 elementor-top-column elementor-element elementor-element-d9a6bd4\" data-id=\"d9a6bd4\" data-element_type=\"column\" data-e-type=\"column\">\n\t\t\t<div class=\"elementor-widget-wrap elementor-element-populated\">\n\t\t\t\t\t\t<div class=\"elementor-element elementor-element-6a329a4 elementor-widget elementor-widget-ucaddon_alba_perex\" data-id=\"6a329a4\" data-element_type=\"widget\" data-e-type=\"widget\" data-widget_type=\"ucaddon_alba_perex.default\">\n\t\t\t\t<div class=\"elementor-widget-container\">\n\t\t\t\t\t\n<!-- start ALBA perex -->\n\n<div class=\"article_perex\">Z\u00edskejte dal\u0161\u00ed informace a podporu p\u0159\u00edmo od v\u00fdrobce pro \u00fasp\u011b\u0161nou realizaci va\u0161ich projekt\u016f.<\/div>\n<!-- end ALBA perex -->\t\t\t\t<\/div>\n\t\t\t\t<\/div>\n\t\t\t\t<div class=\"elementor-element elementor-element-9bba3cc elementor-grid-3 elementor-grid-tablet-2 elementor-grid-mobile-1 elementor-posts--thumbnail-top elementor-posts__hover-gradient elementor-widget elementor-widget-posts\" data-id=\"9bba3cc\" data-element_type=\"widget\" data-e-type=\"widget\" data-settings=\"{&quot;cards_columns&quot;:&quot;3&quot;,&quot;cards_columns_tablet&quot;:&quot;2&quot;,&quot;cards_columns_mobile&quot;:&quot;1&quot;,&quot;cards_row_gap&quot;:{&quot;unit&quot;:&quot;px&quot;,&quot;size&quot;:35,&quot;sizes&quot;:[]},&quot;cards_row_gap_tablet&quot;:{&quot;unit&quot;:&quot;px&quot;,&quot;size&quot;:&quot;&quot;,&quot;sizes&quot;:[]},&quot;cards_row_gap_mobile&quot;:{&quot;unit&quot;:&quot;px&quot;,&quot;size&quot;:&quot;&quot;,&quot;sizes&quot;:[]}}\" data-widget_type=\"posts.cards\">\n\t\t\t\t<div class=\"elementor-widget-container\">\n\t\t\t\t\t\t\t<div class=\"elementor-posts-container elementor-posts elementor-posts--skin-cards elementor-grid\" role=\"list\">\n\t\t\t\t<article class=\"elementor-post elementor-grid-item post-10631 page type-page status-publish has-post-thumbnail hentry\" role=\"listitem\">\n\t\t\t<div class=\"elementor-post__card\">\n\t\t\t\t<a class=\"elementor-post__thumbnail__link\" href=\"https:\/\/alba.progresium.cz\/cs\/pro-partnery\/ceniky-a-dokumenty\/\" tabindex=\"-1\" ><div class=\"elementor-post__thumbnail\"><img fetchpriority=\"high\" decoding=\"async\" width=\"768\" height=\"432\" src=\"https:\/\/alba.progresium.cz\/wp-content\/uploads\/2022\/05\/alba-symbols-768x432.png\" class=\"attachment-medium_large size-medium_large wp-image-15709\" alt=\"\" srcset=\"https:\/\/alba.progresium.cz\/wp-content\/uploads\/2022\/05\/alba-symbols-768x432.png 768w, https:\/\/alba.progresium.cz\/wp-content\/uploads\/2022\/05\/alba-symbols-300x169.png 300w, https:\/\/alba.progresium.cz\/wp-content\/uploads\/2022\/05\/alba-symbols.png 1000w\" sizes=\"(max-width: 768px) 100vw, 768px\" \/><\/div><\/a>\n\t\t\t\t<div class=\"elementor-post__text\">\n\t\t\t\t<h3 class=\"elementor-post__title\">\n\t\t\t<a href=\"https:\/\/alba.progresium.cz\/cs\/pro-partnery\/ceniky-a-dokumenty\/\" >\n\t\t\t\tCen\u00edky a dokumenty\t\t\t<\/a>\n\t\t<\/h3>\n\t\t\t\t<div class=\"elementor-post__excerpt\">\n\t\t\t<p>Zde naleznete p\u0159ehledn\u00fd souhrn v\u0161ech pot\u0159ebn\u00fdch soubor\u016f a dokument\u016f, kter\u00e9 se vztahuj\u00ed k na\u0161emu rozs\u00e1hl\u00e9mu sortimentu v\u00fdrobk\u016f. Jednodu\u0161e si ke sta\u017een\u00ed vyberte, co pot\u0159ebujete.<\/p>\n\t\t<\/div>\n\t\t\n\t\t<a class=\"elementor-post__read-more\" href=\"https:\/\/alba.progresium.cz\/cs\/pro-partnery\/ceniky-a-dokumenty\/\" aria-label=\"Read more about Cen\u00edky a dokumenty\" tabindex=\"-1\" >\n\t\t\tV\u00edce informac\u00ed\t\t<\/a>\n\n\t\t\t\t<\/div>\n\t\t\t\t\t<\/div>\n\t\t<\/article>\n\t\t\t\t<article class=\"elementor-post elementor-grid-item post-16056 page type-page status-publish has-post-thumbnail hentry\" role=\"listitem\">\n\t\t\t<div class=\"elementor-post__card\">\n\t\t\t\t<a class=\"elementor-post__thumbnail__link\" href=\"https:\/\/alba.progresium.cz\/cs\/pro-partnery\/skladove-zasoby\/\" tabindex=\"-1\" ><div class=\"elementor-post__thumbnail\"><img decoding=\"async\" width=\"768\" height=\"513\" src=\"https:\/\/alba.progresium.cz\/wp-content\/uploads\/2022\/07\/skvorec-34-768x513.jpg\" class=\"attachment-medium_large size-medium_large wp-image-17109\" alt=\"\" srcset=\"https:\/\/alba.progresium.cz\/wp-content\/uploads\/2022\/07\/skvorec-34-768x513.jpg 768w, https:\/\/alba.progresium.cz\/wp-content\/uploads\/2022\/07\/skvorec-34-300x200.jpg 300w, https:\/\/alba.progresium.cz\/wp-content\/uploads\/2022\/07\/skvorec-34-1024x683.jpg 1024w, https:\/\/alba.progresium.cz\/wp-content\/uploads\/2022\/07\/skvorec-34-1536x1025.jpg 1536w, https:\/\/alba.progresium.cz\/wp-content\/uploads\/2022\/07\/skvorec-34-2048x1367.jpg 2048w\" sizes=\"(max-width: 768px) 100vw, 768px\" \/><\/div><\/a>\n\t\t\t\t<div class=\"elementor-post__text\">\n\t\t\t\t<h3 class=\"elementor-post__title\">\n\t\t\t<a href=\"https:\/\/alba.progresium.cz\/cs\/pro-partnery\/skladove-zasoby\/\" >\n\t\t\t\tSkladov\u00e9 z\u00e1soby (Storage)\t\t\t<\/a>\n\t\t<\/h3>\n\t\t\t\t<div class=\"elementor-post__excerpt\">\n\t\t\t<p>N\u011bkter\u00e9 produkty z na\u0161\u00ed nab\u00eddky pro V\u00e1s vyr\u00e1b\u00edme do z\u00e1soby a dr\u017e\u00edme je\u00a0SKLADEM. <\/p>\n\t\t<\/div>\n\t\t\n\t\t<a class=\"elementor-post__read-more\" href=\"https:\/\/alba.progresium.cz\/cs\/pro-partnery\/skladove-zasoby\/\" aria-label=\"Read more about Skladov\u00e9 z\u00e1soby (Storage)\" tabindex=\"-1\" >\n\t\t\tV\u00edce informac\u00ed\t\t<\/a>\n\n\t\t\t\t<\/div>\n\t\t\t\t\t<\/div>\n\t\t<\/article>\n\t\t\t\t<\/div>\n\t\t\n\t\t\t\t\t\t<\/div>\n\t\t\t\t<\/div>\n\t\t\t\t\t<\/div>\n\t\t<\/div>\n\t\t\t\t\t<\/div>\n\t\t<\/section>\n\t\t\t\t<\/div>\n\t\t","protected":false},"excerpt":{"rendered":"<p>Z\u00edskejte dal\u0161\u00ed informace a podporu p\u0159\u00edmo od v\u00fdrobce pro \u00fasp\u011b\u0161nou realizaci va\u0161ich projekt\u016f.<\/p>\n","protected":false},"author":2,"featured_media":15709,"parent":0,"menu_order":24,"comment_status":"closed","ping_status":"closed","template":"","meta":{"_acf_changed":false,"inline_featured_image":false,"footnotes":""},"class_list":["post-6429","page","type-page","status-publish","has-post-thumbnail","hentry"],"acf":[],"aioseo_notices":[],"_links":{"self":[{"href":"https:\/\/alba.progresium.cz\/cs\/wp-json\/wp\/v2\/pages\/6429","targetHints":{"allow":["GET"]}}],"collection":[{"href":"https:\/\/alba.progresium.cz\/cs\/wp-json\/wp\/v2\/pages"}],"about":[{"href":"https:\/\/alba.progresium.cz\/cs\/wp-json\/wp\/v2\/types\/page"}],"author":[{"embeddable":true,"href":"https:\/\/alba.progresium.cz\/cs\/wp-json\/wp\/v2\/users\/2"}],"replies":[{"embeddable":true,"href":"https:\/\/alba.progresium.cz\/cs\/wp-json\/wp\/v2\/comments?post=6429"}],"version-history":[{"count":6,"href":"https:\/\/alba.progresium.cz\/cs\/wp-json\/wp\/v2\/pages\/6429\/revisions"}],"predecessor-version":[{"id":51310,"href":"https:\/\/alba.progresium.cz\/cs\/wp-json\/wp\/v2\/pages\/6429\/revisions\/51310"}],"wp:featuredmedia":[{"embeddable":true,"href":"https:\/\/alba.progresium.cz\/cs\/wp-json\/wp\/v2\/media\/15709"}],"wp:attachment":[{"href":"https:\/\/alba.progresium.cz\/cs\/wp-json\/wp\/v2\/media?parent=6429"}],"curies":[{"name":"wp","href":"https:\/\/api.w.org\/{rel}","templated":true}]}}