{"id":4764,"date":"2022-03-07T22:32:51","date_gmt":"2022-03-07T21:32:51","guid":{"rendered":"https:\/\/alba.progresium.cz\/?page_id=4764"},"modified":"2025-01-09T16:28:47","modified_gmt":"2025-01-09T15:28:47","slug":"prodejci","status":"publish","type":"page","link":"https:\/\/alba.progresium.cz\/cs\/kontakt\/prodejci\/","title":{"rendered":"Prodejci"},"content":{"rendered":"\t\t<div data-elementor-type=\"wp-page\" data-elementor-id=\"4764\" class=\"elementor elementor-4764\" data-elementor-post-type=\"page\">\n\t\t\t\t<div class=\"elementor-element elementor-element-21cebbdf header_section e-flex e-con-boxed e-con e-parent\" data-id=\"21cebbdf\" data-element_type=\"container\" data-e-type=\"container\" data-settings=\"{&quot;background_background&quot;:&quot;classic&quot;}\">\n\t\t\t\t\t<div class=\"e-con-inner\">\n\t\t<div class=\"elementor-element elementor-element-1a85c533 e-con-full e-flex e-con e-child\" data-id=\"1a85c533\" data-element_type=\"container\" data-e-type=\"container\">\n\t\t<div class=\"elementor-element elementor-element-53b8e008 e-con-full e-flex e-con e-child\" data-id=\"53b8e008\" data-element_type=\"container\" data-e-type=\"container\">\n\t\t<div class=\"elementor-element elementor-element-351166ac e-con-full e-flex e-con e-child\" data-id=\"351166ac\" data-element_type=\"container\" data-e-type=\"container\" data-settings=\"{&quot;background_background&quot;:&quot;classic&quot;}\">\n\t\t\t\t<div class=\"elementor-element elementor-element-4c6f1038 elementor-widget elementor-widget-heading\" data-id=\"4c6f1038\" data-element_type=\"widget\" data-e-type=\"widget\" data-widget_type=\"heading.default\">\n\t\t\t\t<div class=\"elementor-widget-container\">\n\t\t\t\t\t<h1 class=\"elementor-heading-title elementor-size-default\">Prodejn\u00ed s\u00ed\u0165 ALBA<\/h1>\t\t\t\t<\/div>\n\t\t\t\t<\/div>\n\t\t\t\t<div class=\"elementor-element elementor-element-6a974a7b elementor-widget elementor-widget-heading\" data-id=\"6a974a7b\" data-element_type=\"widget\" data-e-type=\"widget\" data-widget_type=\"heading.default\">\n\t\t\t\t<div class=\"elementor-widget-container\">\n\t\t\t\t\t<h2 class=\"elementor-heading-title elementor-size-default\">Vyberte si sv\u00e9ho prodejce sedac\u00edho n\u00e1bytku  ALBA<\/h2>\t\t\t\t<\/div>\n\t\t\t\t<\/div>\n\t\t\t\t<\/div>\n\t\t<div class=\"elementor-element elementor-element-5f52d2a9 e-con-full e-flex e-con e-child\" data-id=\"5f52d2a9\" data-element_type=\"container\" data-e-type=\"container\">\n\t\t\t\t<\/div>\n\t\t\t\t<\/div>\n\t\t\t\t<\/div>\n\t\t\t\t\t<\/div>\n\t\t\t\t<\/div>\n\t\t<div class=\"elementor-element elementor-element-5e23bf7 e-flex e-con-boxed e-con e-parent\" data-id=\"5e23bf7\" data-element_type=\"container\" data-e-type=\"container\" data-settings=\"{&quot;background_background&quot;:&quot;classic&quot;}\">\n\t\t\t\t\t<div class=\"e-con-inner\">\n\t\t<div class=\"elementor-element elementor-element-127258b3 e-con-full e-flex e-con e-child\" data-id=\"127258b3\" data-element_type=\"container\" data-e-type=\"container\">\n\t\t\t\t<div class=\"elementor-element elementor-element-132db43f elementor-widget elementor-widget-heading\" data-id=\"132db43f\" data-element_type=\"widget\" data-e-type=\"widget\" data-widget_type=\"heading.default\">\n\t\t\t\t<div class=\"elementor-widget-container\">\n\t\t\t\t\t<h2 class=\"elementor-heading-title elementor-size-default\">Region\u00e1ln\u00ed prodejn\u00ed s\u00ed\u0165 ALBA<\/h2>\t\t\t\t<\/div>\n\t\t\t\t<\/div>\n\t\t\t\t<div class=\"elementor-element elementor-element-92afe1a elementor-widget elementor-widget-shortcode\" data-id=\"92afe1a\" data-element_type=\"widget\" data-e-type=\"widget\" data-widget_type=\"shortcode.default\">\n\t\t\t\t<div class=\"elementor-widget-container\">\n\t\t\t\t\t\t\t<div class=\"elementor-shortcode\"><style type=\"text\/css\">\n  body #asl-storelocator.asl-cont.asl-template-0 {--sl-font-size: 13px;--sl-title-size: 15px;--sl-btn-size: 13px;--sl-primary: #0033A0;--sl-header: #F7F7F7;--sl-header-color: #32373c;--sl-infobox-color: #555d66;--sl-infobox-bg: #FFFFFF;--sl-infobox-a: #0033A0;--sl-action-btn-color: #FFFFFF;--sl-action-btn-bg: #0033A0;--sl-color: #555d66;--sl-list-bg: #FFFFFF;--sl-list-title: #32373c;--sl-list-sub-title: #6a6a6a;--sl-highlighted: #F7F7F7;}.asl-buttons .zoomhere {display: none !important;}  .asl-cont .onoffswitch .onoffswitch-label .onoffswitch-switch:before {content: \"OPEN\" !important;}\n  .asl-cont .onoffswitch .onoffswitch-label .onoffswitch-switch:after {content: \"ALL\" !important;}\n  @media (max-width: 767px) {\n    #asl-storelocator.asl-cont .asl-panel {order: 2;}\n  }\n  .asl-cont.sl-search-only .Filter_section + .sl-row {display: none;}\n  .asl-cont .sl-hide-branches,\n  .asl-cont .sl-hide-branches:hover {color: #FFF !important; text-decoration: none !important;cursor: pointer;}\n<\/style>\n<div id=\"asl-storelocator\" class=\"storelocator-main asl-cont asl-template-0 asl-layout-0 asl-bg-1 full-width  asl-text-1\">\n  <div class=\"asl-wrapper\">\n    <div class=\"sl-container-fluid\">\n             \n      <div class=\"sl-row Filter_section\">\n          <div class=\"pol-lg-4 pol-md-5 pol-sm-12 search_filter\">\n              <label class=\"mb-2\" for=\"auto-complete-search\">Hledat podle adresy<\/label>\n              <div class=\"sl-search-group d-flex\">\n                <input type=\"text\" value=\"\" data-submit=\"disable\" id=\"auto-complete-search\" placeholder=\"Zadejte adresu\"  class=\"asl-search-address form-control isp_ignore\">\n                <button aria-label=\"Hledat podle adresy\" title=\"Hledat podle adresy\" type=\"button\" class=\"span-geo\"><i class=\"icon-search\"><\/i><\/button>\n              <\/div>\n          <\/div>\n          <div class=\"pol-lg-8 pol-md-7 pol-sm-12\">\n            <div class=\"sl-row\">\n              <div class=\"pol-sm-12 asl-advance-filters hide\">\n                <div class=\"sl-row\">\n                                                                                          <div class=\"pol-lg-4 pol-md-6 pol-sm-12  asl-ddl-filters asl-ddl-filter-special\">\n                      <div class=\"asl-filter-cntrl\">\n                        <label class=\"asl-cntrl-lbl\" for=\"asl-special\">Filtrovat prodejce<\/label>\n                        <div class=\"sl-dropdown-cont\" id=\"special_filter\">\n                        <\/div>\n                      <\/div>\n                  <\/div>\n                                                      <div class=\"pol-lg-4 pol-md-6 pol-sm-12 range_filter asl-ddl-filters hide\">\n                    <div class=\"rangeFilter asl-filter-cntrl\">\n                      <label for=\"asl-radius-slide\" class=\"asl-cntrl-lbl\">Distance Range<\/label>\n                      <input id=\"asl-radius-slide\" type=\"text\" class=\"span2\" \/>\n                      <span class=\"rad-unit\">Radius: <span id=\"asl-radius-input\"><\/span> <span id=\"asl-dist-unit\">Km<\/span><\/span>\n                    <\/div>\n                  <\/div>\n                  <div class=\"pol-lg-2 pol-md-3 pol-sm-12 Status_filter\">\n                    <div class=\"asl-filter-cntrl\">\n                      <label class=\"asl-cntrl-lbl\">Status<\/label>\n                      <div class=\"onoffswitch\">\n                        <input type=\"checkbox\" name=\"onoffswitch\" class=\"onoffswitch-checkbox\" id=\"asl-open-close\" checked>\n                        <label aria-label=\"Opened Stores\" title=\"Opened Stores\" class=\"onoffswitch-label\" for=\"asl-open-close\">\n                            <span class=\"onoffswitch-inner\"><\/span>\n                            <span class=\"onoffswitch-switch\"><\/span>\n                        <\/label>\n                      <\/div>\n                    <\/div>\n                  <\/div>\n                <\/div>\n              <\/div>\n            <\/div>\n          <\/div>\n      <\/div>\n            <div class=\"sl-row\">\n        <div class=\"pol-12\">\n            <div class=\"sl-main-cont\">\n                <div class=\"sl-row no-gutters sl-main-row\">\n                    <div id=\"asl-panel\" class=\"asl-panel pol-md-5 pol-lg-4 asl_locator-panel\">\n                        <div class=\"asl-overlay\" id=\"map-loading\">\n                            <div class=\"white\"><\/div>\n                            <div class=\"sl-loading\">\n                              <i class=\"animate-sl-spin icon-spin3\"><\/i>\n                              Loading...                            <\/div>\n                        <\/div>\n                                                <!-- list -->\n                        <div class=\"asl-panel-inner\">\n                            <div class=\"top-title Num_of_store\">\n                              <span><span class=\"sl-head-title\">Po\u010det prodejc\u016f<\/span>: <span class=\"count-result\">0<\/span><\/span>\n                                                              <a class=\"asl-print-btn\"><span>TISK<\/span><span class=\"asl-print\"><\/span><\/a>\n                                                          <\/div>\n                            <div class=\"sl-main-cont-box\">\n                              <div id=\"asl-list\" class=\"sl-list-wrapper\">\n                                <ul id=\"p-statelist\" class=\"sl-list\">\n                                <\/ul>\n                              <\/div>\n                            <\/div>\n                        <\/div>\n\n                        <div class=\"directions-cont hide\">\n                            <div class=\"agile-modal-header\">\n                                <button type=\"button\" class=\"close\"><span aria-hidden=\"true\">\u00d7<\/span><\/button>\n                                <h4>Store Direction<\/h4>\n                            <\/div>\n                            <div class=\"rendered-directions\" id=\"asl-rendered-dir\" style=\"direction: ltr;\"><\/div>\n                        <\/div>\n                    <\/div>\n                    <div class=\"pol-md-7 pol-lg-8 asl-map\">\n                        <div class=\"map-image\">\n                            <div id=\"asl-map-canv\" class=\"asl-map-canv\"><\/div>\n                            <div id=\"agile-modal-direction\" class=\"agile-modal fade\">\n    <div class=\"agile-modal-backdrop-in\"><\/div>\n    <div class=\"agile-modal-dialog in\">\n        <div class=\"agile-modal-content\">\n            <div class=\"sl-form-group d-flex justify-content-between\">\n                <h4 >GET DIRECTIONS<\/h4>\n                <button type=\"button\" class=\"close-directions sl-close\" data-dismiss=\"agile-modal\" aria-label=\"Close\">&times;<\/button>\n            <\/div>\n            <div class=\"sl-form-group\">\n                <label for=\"frm-lbl\">From:<\/label>\n                <input type=\"text\" class=\"form-control frm-place\" id=\"frm-lbl\" placeholder=\"Zadejte adresu\">\n            <\/div>\n            <div class=\"sl-form-group\">\n                <label for=\"to-lbl\">To:<\/label>\n                <input readonly=\"true\" type=\"text\"  class=\"directions-to form-control\" id=\"to-lbl\" placeholder=\"Prepopulated Destination Address\">\n            <\/div>\n            <div class=\"sl-form-group mb-0\">\n                <label for=\"rbtn-km\" class=\"checkbox-inline\">\n                    <input type=\"radio\" name=\"dist-type\"  id=\"rbtn-km\" value=\"0\"> Km                <\/label>\n                <label for=\"rbtn-mile\" class=\"checkbox-inline\">\n                    <input type=\"radio\" name=\"dist-type\" checked id=\"rbtn-mile\" value=\"1\"> Miles                <\/label>\n            <\/div>\n            <div class=\"sl-form-group mb-0\">\n                <button type=\"submit\" class=\"btn btn-default btn-submit\">GET DIRECTIONS<\/button>\n            <\/div>\n        <\/div>\n    <\/div>\n<\/div>\n\n<div id=\"asl-geolocation-agile-modal\" class=\"agile-modal fade\">\n  <div class=\"agile-modal-backdrop-in\"><\/div>\n  <div class=\"agile-modal-dialog in\">\n    <div class=\"agile-modal-content\">\n            <div class=\"sl-form-group d-flex justify-content-between\">\n        <h5>Pou\u017e\u00edt moji polohu k vyhled\u00e1n\u00ed nejbli\u017e\u0161\u00ed pobo\u010dky v m\u00e9m okol\u00ed<\/h5>\n        <button type=\"button\" class=\"close-directions sl-close\" data-dismiss=\"agile-modal\" aria-label=\"Close\" aria-hidden=\"true\">&times;<\/button>\n      <\/div>\n      <div class=\"sl-form-group text-center mb-0\">\n        <button type=\"button\" id=\"asl-btn-geolocation\" class=\"btn btn-block btn-default\">Pou\u017e\u00edt moji polohu<\/button>\n      <\/div>\n          <\/div>\n  <\/div>\n<\/div>\n\n<div id=\"asl-desc-agile-modal\" class=\"agile-modal fade\">\n  <div class=\"agile-modal-backdrop-in\"><\/div>\n  <div class=\"agile-modal-dialog in\">\n    <div class=\"agile-modal-content\">\n      <div class=\"sl-row\">\n        <div class=\"pol-md-12\">\n          <div class=\"sl-form-group d-flex justify-content-between\">\n            <h4 class=\"sl-title\">Description<\/h4>\n            <button type=\"button\" class=\"close-directions sl-close\" data-dismiss=\"agile-modal\" aria-label=\"Close\">&times;<\/button>\n          <\/div>\n          <div class=\"sl-desc\"><\/div>\n        <\/div>\n      <\/div>\n    <\/div>\n  <\/div>\n<\/div>                        <\/div>\n                    <\/div>\n                <\/div>\n            <\/div>\n        <\/div>\n      <\/div>\n    <\/div>\n      <\/div>\n<\/div>\n<!-- This plugin is developed by \"Agile Store Locator for WordPress\" https:\/\/agilestorelocator.com -->\n<script type=\"text\/javascript\">\nfunction asl_event_hook(_event) {\n   \n  if(_event.type == 'init') {\n    \n    \/\/  You can replace my-custom-button-class with your own class for the button\n    jQuery('.my-custom-button-class').bind('click', function(e) {\n\n      \/\/  initiate geolocation\n      asl_view.geolocate_();\n\n    });\n  }\n}\n<\/script>\n\n<\/div>\n\t\t\t\t\t\t<\/div>\n\t\t\t\t<\/div>\n\t\t\t\t<\/div>\n\t\t<div class=\"elementor-element elementor-element-d133af7 e-con-full e-flex e-con e-child\" data-id=\"d133af7\" data-element_type=\"container\" data-e-type=\"container\">\n\t\t<div class=\"elementor-element elementor-element-72e19f2 e-con-full e-flex e-con e-child\" data-id=\"72e19f2\" data-element_type=\"container\" data-e-type=\"container\">\n\t\t\t\t<\/div>\n\t\t<div class=\"elementor-element elementor-element-e2bd8d2 e-con-full e-flex e-con e-child\" data-id=\"e2bd8d2\" data-element_type=\"container\" data-e-type=\"container\">\n\t\t\t\t<div class=\"elementor-element elementor-element-2923071 elementor-widget elementor-widget-heading\" data-id=\"2923071\" data-element_type=\"widget\" data-e-type=\"widget\" data-widget_type=\"heading.default\">\n\t\t\t\t<div class=\"elementor-widget-container\">\n\t\t\t\t\t<h2 class=\"elementor-heading-title elementor-size-default\">Zobrazit prodejce v regionu<\/h2>\t\t\t\t<\/div>\n\t\t\t\t<\/div>\n\t\t<div class=\"elementor-element elementor-element-fcad3dd e-con-full e-flex e-con e-child\" data-id=\"fcad3dd\" data-element_type=\"container\" data-e-type=\"container\">\n\t\t<div class=\"elementor-element elementor-element-e6c3f47 e-con-full e-flex e-con e-child\" data-id=\"e6c3f47\" data-element_type=\"container\" data-e-type=\"container\">\n\t\t\t\t<div class=\"elementor-element elementor-element-3bfc327 elementor-align-justify preklik-button elementor-widget elementor-widget-button\" data-id=\"3bfc327\" data-element_type=\"widget\" data-e-type=\"widget\" data-widget_type=\"button.default\">\n\t\t\t\t<div class=\"elementor-widget-container\">\n\t\t\t\t\t\t\t\t\t<div class=\"elementor-button-wrapper\">\n\t\t\t\t\t<a class=\"elementor-button elementor-button-link elementor-size-sm\" href=\"https:\/\/alba.progresium.cz\/cs\/kontakt\/prodejci\/\">\n\t\t\t\t\t\t<span class=\"elementor-button-content-wrapper\">\n\t\t\t\t\t\t<span class=\"elementor-button-icon\">\n\t\t\t\t<svg xmlns=\"http:\/\/www.w3.org\/2000\/svg\" xmlns:xlink=\"http:\/\/www.w3.org\/1999\/xlink\" id=\"Capa_1\" x=\"0px\" y=\"0px\" viewBox=\"0 0 512 512\" style=\"enable-background:new 0 0 512 512;\" xml:space=\"preserve\"><rect y=\"85.337\" style=\"fill:#0052B4;\" width=\"512\" height=\"341.326\"><\/rect><polygon style=\"fill:#D80027;\" points=\"512,256 512,426.663 0,426.663 215.185,256 \"><\/polygon><polygon style=\"fill:#F0F0F0;\" points=\"512,85.337 512,256 215.185,256 0,85.337 \"><\/polygon><g><\/g><g><\/g><g><\/g><g><\/g><g><\/g><g><\/g><g><\/g><g><\/g><g><\/g><g><\/g><g><\/g><g><\/g><g><\/g><g><\/g><g><\/g><\/svg>\t\t\t<\/span>\n\t\t\t\t\t\t\t\t\t<span class=\"elementor-button-text\">\u010cesko<\/span>\n\t\t\t\t\t<\/span>\n\t\t\t\t\t<\/a>\n\t\t\t\t<\/div>\n\t\t\t\t\t\t\t\t<\/div>\n\t\t\t\t<\/div>\n\t\t\t\t<\/div>\n\t\t<div class=\"elementor-element elementor-element-c831296 e-con-full e-flex e-con e-child\" data-id=\"c831296\" data-element_type=\"container\" data-e-type=\"container\">\n\t\t\t\t<div class=\"elementor-element elementor-element-10ecfcc elementor-align-justify preklik-button elementor-widget elementor-widget-button\" data-id=\"10ecfcc\" data-element_type=\"widget\" data-e-type=\"widget\" data-widget_type=\"button.default\">\n\t\t\t\t<div class=\"elementor-widget-container\">\n\t\t\t\t\t\t\t\t\t<div class=\"elementor-button-wrapper\">\n\t\t\t\t\t<a class=\"elementor-button elementor-button-link elementor-size-sm\" href=\"https:\/\/alba.progresium.cz\/sk\/kontakt\/predajcovia\/\">\n\t\t\t\t\t\t<span class=\"elementor-button-content-wrapper\">\n\t\t\t\t\t\t<span class=\"elementor-button-icon\">\n\t\t\t\t<svg xmlns=\"http:\/\/www.w3.org\/2000\/svg\" xmlns:xlink=\"http:\/\/www.w3.org\/1999\/xlink\" id=\"Capa_1\" x=\"0px\" y=\"0px\" viewBox=\"0 0 512 512\" style=\"enable-background:new 0 0 512 512;\" xml:space=\"preserve\"><rect y=\"85.337\" style=\"fill:#F0F0F0;\" width=\"512\" height=\"341.326\"><\/rect><rect y=\"196.641\" style=\"fill:#0052B4;\" width=\"512\" height=\"118.717\"><\/rect><rect y=\"315.359\" style=\"fill:#D80027;\" width=\"512\" height=\"111.304\"><\/rect><path style=\"fill:#F0F0F0;\" d=\"M129.468,181.799v85.136c0,48.429,63.267,63.267,63.267,63.267S256,315.362,256,266.935v-85.136 H129.468z\"><\/path><path style=\"fill:#D80027;\" d=\"M146.126,184.294v81.941c0,5.472,1.215,10.64,3.623,15.485c23.89,0,59.599,0,85.97,0 c2.408-4.844,3.623-10.012,3.623-15.485v-81.941H146.126z\"><\/path><polygon style=\"fill:#F0F0F0;\" points=\"221.301,241.427 199.876,241.427 199.876,227.144 214.16,227.144 214.16,212.861  199.876,212.861 199.876,198.577 185.593,198.577 185.593,212.861 171.311,212.861 171.311,227.144 185.593,227.144  185.593,241.427 164.167,241.427 164.167,255.711 185.593,255.711 185.593,269.994 199.876,269.994 199.876,255.711  221.301,255.711 \"><\/polygon><path style=\"fill:#0052B4;\" d=\"M169.232,301.658c9.204,5.783,18.66,9.143,23.502,10.636c4.842-1.494,14.298-4.852,23.502-10.636 c9.282-5.833,15.79-12.506,19.484-19.939c-4.075-2.883-9.047-4.583-14.418-4.583c-1.956,0-3.856,0.232-5.682,0.657 c-3.871-8.796-12.658-14.94-22.884-14.94c-10.227,0-19.013,6.144-22.884,14.94c-1.827-0.425-3.728-0.657-5.682-0.657 c-5.372,0-10.344,1.701-14.418,4.583C153.443,289.152,159.95,295.825,169.232,301.658z\"><\/path><g><\/g><g><\/g><g><\/g><g><\/g><g><\/g><g><\/g><g><\/g><g><\/g><g><\/g><g><\/g><g><\/g><g><\/g><g><\/g><g><\/g><g><\/g><\/svg>\t\t\t<\/span>\n\t\t\t\t\t\t\t\t\t<span class=\"elementor-button-text\">Slovensko<\/span>\n\t\t\t\t\t<\/span>\n\t\t\t\t\t<\/a>\n\t\t\t\t<\/div>\n\t\t\t\t\t\t\t\t<\/div>\n\t\t\t\t<\/div>\n\t\t\t\t<\/div>\n\t\t<div class=\"elementor-element elementor-element-73d670f e-con-full e-flex e-con e-child\" data-id=\"73d670f\" data-element_type=\"container\" data-e-type=\"container\">\n\t\t\t\t<div class=\"elementor-element elementor-element-0c70061 elementor-align-justify preklik-button elementor-widget elementor-widget-button\" data-id=\"0c70061\" data-element_type=\"widget\" data-e-type=\"widget\" data-widget_type=\"button.default\">\n\t\t\t\t<div class=\"elementor-widget-container\">\n\t\t\t\t\t\t\t\t\t<div class=\"elementor-button-wrapper\">\n\t\t\t\t\t<a class=\"elementor-button elementor-button-link elementor-size-sm\" href=\"https:\/\/alba.progresium.cz\/contact\/sellers\/\">\n\t\t\t\t\t\t<span class=\"elementor-button-content-wrapper\">\n\t\t\t\t\t\t<span class=\"elementor-button-icon\">\n\t\t\t\t<svg xmlns=\"http:\/\/www.w3.org\/2000\/svg\" xmlns:xlink=\"http:\/\/www.w3.org\/1999\/xlink\" id=\"Capa_1\" x=\"0px\" y=\"0px\" viewBox=\"0 0 512 512\" style=\"enable-background:new 0 0 512 512;\" xml:space=\"preserve\"><rect y=\"85.331\" style=\"fill:#0052B4;\" width=\"512\" height=\"341.337\"><\/rect><g>\t<polygon style=\"fill:#FFDA44;\" points=\"256,159.994 261.107,175.709 277.63,175.709 264.262,185.422 269.368,201.137 256,191.425   242.632,201.137 247.738,185.422 234.37,175.709 250.893,175.709  \"><\/polygon>\t<polygon style=\"fill:#FFDA44;\" points=\"188.118,188.112 202.841,195.613 214.525,183.93 211.939,200.25 226.662,207.752   210.342,210.337 207.757,226.658 200.255,211.935 183.936,214.519 195.62,202.835  \"><\/polygon>\t<polygon style=\"fill:#FFDA44;\" points=\"160,255.994 175.715,250.888 175.716,234.365 185.427,247.733 201.143,242.627   191.43,255.994 201.143,269.362 185.427,264.257 175.716,277.624 175.716,261.101  \"><\/polygon>\t<polygon style=\"fill:#FFDA44;\" points=\"188.118,323.877 195.618,309.153 183.936,297.47 200.257,300.055 207.757,285.332   210.342,301.653 226.662,304.237 211.94,311.739 214.525,328.058 202.841,316.375  \"><\/polygon>\t<polygon style=\"fill:#FFDA44;\" points=\"256,351.994 250.893,336.279 234.37,336.279 247.739,326.567 242.632,310.852 256,320.564   269.368,310.852 264.262,326.567 277.63,336.279 261.106,336.279  \"><\/polygon>\t<polygon style=\"fill:#FFDA44;\" points=\"323.882,323.877 309.159,316.376 297.475,328.06 300.061,311.738 285.338,304.237   301.657,301.653 304.243,285.332 311.745,300.055 328.064,297.47 316.38,309.154  \"><\/polygon>\t<polygon style=\"fill:#FFDA44;\" points=\"352,255.994 336.285,261.101 336.285,277.624 326.573,264.255 310.857,269.362   320.57,255.994 310.857,242.627 326.573,247.732 336.284,234.365 336.285,250.889  \"><\/polygon>\t<polygon style=\"fill:#FFDA44;\" points=\"323.882,188.112 316.381,202.835 328.065,214.519 311.743,211.933 304.243,226.657   301.657,210.337 285.338,207.752 300.061,200.25 297.475,183.93 309.159,195.614  \"><\/polygon><\/g><g><\/g><g><\/g><g><\/g><g><\/g><g><\/g><g><\/g><g><\/g><g><\/g><g><\/g><g><\/g><g><\/g><g><\/g><g><\/g><g><\/g><g><\/g><\/svg>\t\t\t<\/span>\n\t\t\t\t\t\t\t\t\t<span class=\"elementor-button-text\">Ostatn\u00ed  (EN)<\/span>\n\t\t\t\t\t<\/span>\n\t\t\t\t\t<\/a>\n\t\t\t\t<\/div>\n\t\t\t\t\t\t\t\t<\/div>\n\t\t\t\t<\/div>\n\t\t\t\t<\/div>\n\t\t<div class=\"elementor-element elementor-element-257eb3e e-con-full e-flex e-con e-child\" data-id=\"257eb3e\" data-element_type=\"container\" data-e-type=\"container\">\n\t\t\t\t<div class=\"elementor-element elementor-element-cbbea98 elementor-align-justify preklik-button elementor-widget elementor-widget-button\" data-id=\"cbbea98\" data-element_type=\"widget\" data-e-type=\"widget\" data-widget_type=\"button.default\">\n\t\t\t\t<div class=\"elementor-widget-container\">\n\t\t\t\t\t\t\t\t\t<div class=\"elementor-button-wrapper\">\n\t\t\t\t\t<a class=\"elementor-button elementor-button-link elementor-size-sm\" href=\"https:\/\/alba.progresium.cz\/de\/kontakt\/verkaeufer\/\">\n\t\t\t\t\t\t<span class=\"elementor-button-content-wrapper\">\n\t\t\t\t\t\t<span class=\"elementor-button-icon\">\n\t\t\t\t<svg xmlns=\"http:\/\/www.w3.org\/2000\/svg\" xmlns:xlink=\"http:\/\/www.w3.org\/1999\/xlink\" id=\"Capa_1\" x=\"0px\" y=\"0px\" viewBox=\"0 0 512 512\" style=\"enable-background:new 0 0 512 512;\" xml:space=\"preserve\"><rect y=\"85.331\" style=\"fill:#0052B4;\" width=\"512\" height=\"341.337\"><\/rect><g>\t<polygon style=\"fill:#FFDA44;\" points=\"256,159.994 261.107,175.709 277.63,175.709 264.262,185.422 269.368,201.137 256,191.425   242.632,201.137 247.738,185.422 234.37,175.709 250.893,175.709  \"><\/polygon>\t<polygon style=\"fill:#FFDA44;\" points=\"188.118,188.112 202.841,195.613 214.525,183.93 211.939,200.25 226.662,207.752   210.342,210.337 207.757,226.658 200.255,211.935 183.936,214.519 195.62,202.835  \"><\/polygon>\t<polygon style=\"fill:#FFDA44;\" points=\"160,255.994 175.715,250.888 175.716,234.365 185.427,247.733 201.143,242.627   191.43,255.994 201.143,269.362 185.427,264.257 175.716,277.624 175.716,261.101  \"><\/polygon>\t<polygon style=\"fill:#FFDA44;\" points=\"188.118,323.877 195.618,309.153 183.936,297.47 200.257,300.055 207.757,285.332   210.342,301.653 226.662,304.237 211.94,311.739 214.525,328.058 202.841,316.375  \"><\/polygon>\t<polygon style=\"fill:#FFDA44;\" points=\"256,351.994 250.893,336.279 234.37,336.279 247.739,326.567 242.632,310.852 256,320.564   269.368,310.852 264.262,326.567 277.63,336.279 261.106,336.279  \"><\/polygon>\t<polygon style=\"fill:#FFDA44;\" points=\"323.882,323.877 309.159,316.376 297.475,328.06 300.061,311.738 285.338,304.237   301.657,301.653 304.243,285.332 311.745,300.055 328.064,297.47 316.38,309.154  \"><\/polygon>\t<polygon style=\"fill:#FFDA44;\" points=\"352,255.994 336.285,261.101 336.285,277.624 326.573,264.255 310.857,269.362   320.57,255.994 310.857,242.627 326.573,247.732 336.284,234.365 336.285,250.889  \"><\/polygon>\t<polygon style=\"fill:#FFDA44;\" points=\"323.882,188.112 316.381,202.835 328.065,214.519 311.743,211.933 304.243,226.657   301.657,210.337 285.338,207.752 300.061,200.25 297.475,183.93 309.159,195.614  \"><\/polygon><\/g><g><\/g><g><\/g><g><\/g><g><\/g><g><\/g><g><\/g><g><\/g><g><\/g><g><\/g><g><\/g><g><\/g><g><\/g><g><\/g><g><\/g><g><\/g><\/svg>\t\t\t<\/span>\n\t\t\t\t\t\t\t\t\t<span class=\"elementor-button-text\">Ostatn\u00ed  (DE)<\/span>\n\t\t\t\t\t<\/span>\n\t\t\t\t\t<\/a>\n\t\t\t\t<\/div>\n\t\t\t\t\t\t\t\t<\/div>\n\t\t\t\t<\/div>\n\t\t\t\t<\/div>\n\t\t\t\t<\/div>\n\t\t\t\t<\/div>\n\t\t\t\t<\/div>\n\t\t\t\t\t<\/div>\n\t\t\t\t<\/div>\n\t\t\t\t<\/div>\n\t\t","protected":false},"excerpt":{"rendered":"<p>Prodejn\u00ed s\u00ed\u0165 ALBA Vyberte si sv\u00e9ho prodejce sedac\u00edho n\u00e1bytku ALBA Region\u00e1ln\u00ed prodejn\u00ed s\u00ed\u0165 ALBA Zobrazit prodejce v regionu \u010cesko Slovensko Ostatn\u00ed (EN) Ostatn\u00ed (DE)<\/p>\n","protected":false},"author":2,"featured_media":0,"parent":2879,"menu_order":0,"comment_status":"closed","ping_status":"closed","template":"","meta":{"_acf_changed":false,"inline_featured_image":false,"footnotes":""},"class_list":["post-4764","page","type-page","status-publish","hentry"],"acf":[],"aioseo_notices":[],"_links":{"self":[{"href":"https:\/\/alba.progresium.cz\/cs\/wp-json\/wp\/v2\/pages\/4764","targetHints":{"allow":["GET"]}}],"collection":[{"href":"https:\/\/alba.progresium.cz\/cs\/wp-json\/wp\/v2\/pages"}],"about":[{"href":"https:\/\/alba.progresium.cz\/cs\/wp-json\/wp\/v2\/types\/page"}],"author":[{"embeddable":true,"href":"https:\/\/alba.progresium.cz\/cs\/wp-json\/wp\/v2\/users\/2"}],"replies":[{"embeddable":true,"href":"https:\/\/alba.progresium.cz\/cs\/wp-json\/wp\/v2\/comments?post=4764"}],"version-history":[{"count":5,"href":"https:\/\/alba.progresium.cz\/cs\/wp-json\/wp\/v2\/pages\/4764\/revisions"}],"predecessor-version":[{"id":40882,"href":"https:\/\/alba.progresium.cz\/cs\/wp-json\/wp\/v2\/pages\/4764\/revisions\/40882"}],"up":[{"embeddable":true,"href":"https:\/\/alba.progresium.cz\/cs\/wp-json\/wp\/v2\/pages\/2879"}],"wp:attachment":[{"href":"https:\/\/alba.progresium.cz\/cs\/wp-json\/wp\/v2\/media?parent=4764"}],"curies":[{"name":"wp","href":"https:\/\/api.w.org\/{rel}","templated":true}]}}