{"id":4758,"date":"2022-03-07T22:30:24","date_gmt":"2022-03-07T21:30:24","guid":{"rendered":"https:\/\/alba.progresium.cz\/?page_id=4758"},"modified":"2022-09-20T10:34:48","modified_gmt":"2022-09-20T08:34:48","slug":"udrzitelnost","status":"publish","type":"page","link":"https:\/\/alba.progresium.cz\/cs\/know-how\/udrzitelnost\/","title":{"rendered":"Udr\u017eitelnost"},"content":{"rendered":"\t\t<div data-elementor-type=\"wp-page\" data-elementor-id=\"4758\" class=\"elementor elementor-4758\" data-elementor-post-type=\"page\">\n\t\t\t\t\t\t<section class=\"elementor-section elementor-top-section elementor-element elementor-element-2f16ec24 header_section elementor-section-boxed elementor-section-height-default elementor-section-height-default\" data-id=\"2f16ec24\" data-element_type=\"section\" data-e-type=\"section\">\n\t\t\t\t\t\t<div class=\"elementor-container elementor-column-gap-default\">\n\t\t\t\t\t<div class=\"elementor-column elementor-col-100 elementor-top-column elementor-element elementor-element-111920e7\" data-id=\"111920e7\" data-element_type=\"column\" data-e-type=\"column\" data-settings=\"{&quot;background_background&quot;:&quot;classic&quot;}\">\n\t\t\t<div class=\"elementor-widget-wrap elementor-element-populated\">\n\t\t\t\t\t\t<section class=\"elementor-section elementor-inner-section elementor-element elementor-element-7222418 elementor-section-boxed elementor-section-height-default elementor-section-height-default\" data-id=\"7222418\" data-element_type=\"section\" data-e-type=\"section\">\n\t\t\t\t\t\t<div class=\"elementor-container elementor-column-gap-default\">\n\t\t\t\t\t<div class=\"elementor-column elementor-col-50 elementor-inner-column elementor-element elementor-element-3934e6f3\" data-id=\"3934e6f3\" data-element_type=\"column\" data-e-type=\"column\" data-settings=\"{&quot;background_background&quot;:&quot;classic&quot;}\">\n\t\t\t<div class=\"elementor-widget-wrap elementor-element-populated\">\n\t\t\t\t\t\t<div class=\"elementor-element elementor-element-5f394260 elementor-widget elementor-widget-heading\" data-id=\"5f394260\" data-element_type=\"widget\" data-e-type=\"widget\" data-widget_type=\"heading.default\">\n\t\t\t\t<div class=\"elementor-widget-container\">\n\t\t\t\t\t<h1 class=\"elementor-heading-title elementor-size-default\">Udr\u017eitelnost<\/h1>\t\t\t\t<\/div>\n\t\t\t\t<\/div>\n\t\t\t\t<div class=\"elementor-element elementor-element-6bbf442f elementor-widget elementor-widget-heading\" data-id=\"6bbf442f\" data-element_type=\"widget\" data-e-type=\"widget\" data-widget_type=\"heading.default\">\n\t\t\t\t<div class=\"elementor-widget-container\">\n\t\t\t\t\t<h2 class=\"elementor-heading-title elementor-size-default\">V\u00fdroba skv\u011bl\u00fdch \u017eidl\u00ed pro udr\u017eiteln\u00fd sv\u011bt<\/h2>\t\t\t\t<\/div>\n\t\t\t\t<\/div>\n\t\t\t\t\t<\/div>\n\t\t<\/div>\n\t\t\t\t<div class=\"elementor-column elementor-col-50 elementor-inner-column elementor-element elementor-element-1cc0dcde\" data-id=\"1cc0dcde\" data-element_type=\"column\" data-e-type=\"column\">\n\t\t\t<div class=\"elementor-widget-wrap\">\n\t\t\t\t\t\t\t<\/div>\n\t\t<\/div>\n\t\t\t\t\t<\/div>\n\t\t<\/section>\n\t\t\t\t\t<\/div>\n\t\t<\/div>\n\t\t\t\t\t<\/div>\n\t\t<\/section>\n\t\t\t\t<section class=\"elementor-section elementor-top-section elementor-element elementor-element-338f04d single_c elementor-section-boxed elementor-section-height-default elementor-section-height-default\" data-id=\"338f04d\" data-element_type=\"section\" data-e-type=\"section\">\n\t\t\t\t\t\t<div class=\"elementor-container elementor-column-gap-default\">\n\t\t\t\t\t<div class=\"elementor-column elementor-col-100 elementor-top-column elementor-element elementor-element-448e6873\" data-id=\"448e6873\" data-element_type=\"column\" data-e-type=\"column\">\n\t\t\t<div class=\"elementor-widget-wrap elementor-element-populated\">\n\t\t\t\t\t\t<div class=\"elementor-element elementor-element-172829b9 elementor-widget elementor-widget-ucaddon_alba_perex\" data-id=\"172829b9\" data-element_type=\"widget\" data-e-type=\"widget\" data-widget_type=\"ucaddon_alba_perex.default\">\n\t\t\t\t<div class=\"elementor-widget-container\">\n\t\t\t\t\t\n<!-- start ALBA perex -->\n\n<div class=\"article_perex\">Spole\u010dnost ALBA se zavazuje k neust\u00e1l\u00e9mu sni\u017eov\u00e1n\u00ed dopadu sv\u00fdch \u010dinnost\u00ed na \u017eivotn\u00ed prost\u0159ed\u00ed. V roce 2015 jsme proto zavedli syst\u00e9m environment\u00e1ln\u00edho \u0159\u00edzen\u00ed podle normy ISO 14001, abychom sn\u00ed\u017eili negativn\u00ed dopady na \u017eivotn\u00ed prost\u0159ed\u00ed a zv\u00fd\u0161ili efektivitu na\u0161ich \u010dinnost\u00ed. V roce 2022 byla spole\u010dnosti ALBA ud\u011blena ekologick\u00e1 zna\u010dka \"Ekologicky \u0161etrn\u00fd v\u00fdrobek\" a EU Ecolabel pro zak\u00e1zkovou v\u00fdrobu sedac\u00edho n\u00e1bytku. <\/div>\n<!-- end ALBA perex -->\t\t\t\t<\/div>\n\t\t\t\t<\/div>\n\t\t\t\t<div class=\"elementor-element elementor-element-79e13d7b elementor-widget elementor-widget-text-editor\" data-id=\"79e13d7b\" data-element_type=\"widget\" data-e-type=\"widget\" data-widget_type=\"text-editor.default\">\n\t\t\t\t<div class=\"elementor-widget-container\">\n\t\t\t\t\t\t\t\t\t<p>Ve v\u0161ech aspektech na\u0161\u00ed \u010dinnosti, od v\u00fdb\u011bru vstupn\u00edch materi\u00e1l\u016f p\u0159es balen\u00ed a p\u0159epravu a\u017e po spot\u0159ebu energie nebo vyt\u00e1p\u011bn\u00ed na\u0161ich budov, pou\u017e\u00edv\u00e1me \u0159e\u0161en\u00ed \u0161etrn\u00e1 k \u017eivotn\u00edmu prost\u0159ed\u00ed. Na\u0161e v\u00fdroba nezne\u010di\u0161\u0165uje vodu ani p\u016fdu a spl\u0148uje v\u0161echny energetick\u00e9 a ekologick\u00e9 p\u0159edpisy \u010cesk\u00e9 republiky a Evropsk\u00e9 unie. V\u0161ichni zam\u011bstnanci jsou pro\u0161koleni a dodr\u017euj\u00ed na\u0161e z\u00e1sady ochrany \u017eivotn\u00edho prost\u0159ed\u00ed a t\u0159\u00edd\u011bn\u00ed odpadu. Na\u0161e ekologick\u00e9 a energeticky \u00fasporn\u00e9 standardy pl\u00e1nujeme udr\u017eet i nad\u00e1le a pracovat na jejich dal\u0161\u00edm zlep\u0161ov\u00e1n\u00ed.<\/p>\t\t\t\t\t\t\t\t<\/div>\n\t\t\t\t<\/div>\n\t\t\t\t<div class=\"elementor-element elementor-element-911fa60 elementor-widget elementor-widget-text-editor\" data-id=\"911fa60\" data-element_type=\"widget\" data-e-type=\"widget\" data-widget_type=\"text-editor.default\">\n\t\t\t\t<div class=\"elementor-widget-container\">\n\t\t\t\t\t\t\t\t\t<h3>Materi\u00e1ly<\/h3><p>P\u0159i v\u00fdb\u011bru vstupn\u00edch materi\u00e1l\u016f db\u00e1me na jejich p\u016fvod a ov\u011b\u0159enou kvalitu. Up\u0159ednost\u0148ujeme komponenty od m\u00edstn\u00edch a evropsk\u00fdch dodavatel\u016f, kter\u00e9 spl\u0148uj\u00ed na\u0161e po\u017eadavky. Na\u0161e v\u00fdrobky spl\u0148uj\u00ed chemick\u00e9 p\u0159edpisy REACH a p\u0159ednostn\u011b pou\u017e\u00edv\u00e1me plastov\u00e9 komponenty z recyklovan\u00e9ho polypropylenu.<\/p><p>V\u011bt\u0161ina potahov\u00fdch l\u00e1tek v na\u0161em sortimentu je certifikov\u00e1na podle normy STANDARD 100 OEKO-TEX. Vyb\u00edr\u00e1me pouze odoln\u00e9 materi\u00e1ly a l\u00e1tky, abychom zajistili dlouhou \u017eivotnost v\u0161ech na\u0161ich v\u00fdrobk\u016f. N\u00e1\u0161 sortiment vydr\u017e\u00ed opravdu dlouhou dobu a jako d\u016fkaz poskytujeme na v\u011bt\u0161inu na\u0161ich \u017eidl\u00ed z\u00e1ruku 5 let. A pokud se po letech n\u011bjak\u00fd komponent opot\u0159ebuje, lze jej podle pot\u0159eby dokoupit, vym\u011bnit a v p\u0159\u00edpad\u011b potahov\u00fdch materi\u00e1l\u016f p\u0159e\u010dalounit.<\/p>\t\t\t\t\t\t\t\t<\/div>\n\t\t\t\t<\/div>\n\t\t\t\t<div class=\"elementor-element elementor-element-461ae45 elementor-widget elementor-widget-text-editor\" data-id=\"461ae45\" data-element_type=\"widget\" data-e-type=\"widget\" data-widget_type=\"text-editor.default\">\n\t\t\t\t<div class=\"elementor-widget-container\">\n\t\t\t\t\t\t\t\t\t<h3>Balen\u00ed<\/h3><p>K ochran\u011b, p\u0159eprav\u011b a skladov\u00e1n\u00ed \u017eidl\u00ed pou\u017e\u00edv\u00e1me lepenkov\u00e9 krabice z ji\u017e jednou recyklovan\u00fdch materi\u00e1l\u016f nebo pln\u011b recyklovatelnou stre\u010dovou f\u00f3lii. Krabice jsou po pou\u017eit\u00ed op\u011bt recyklov\u00e1ny, nebo pokud nejsou po\u0161kozen\u00e9, jsou znovu pou\u017eity. Zbyte\u010dn\u00e9mu odpadu z obal\u016f p\u0159edch\u00e1z\u00edme t\u00edm, \u017ee k doru\u010den\u00ed zbo\u017e\u00ed vyu\u017e\u00edv\u00e1me vlastn\u00ed dopravu.<\/p><p>Z\u00e1rove\u0148 na\u0161e obaly neust\u00e1le vylep\u0161ujeme, abychom sn\u00ed\u017eili mno\u017estv\u00ed pou\u017eit\u00fdch materi\u00e1l\u016f. Spole\u010dnost ALBA se ji\u017e \u0159adu let zab\u00fdv\u00e1 nakl\u00e1d\u00e1n\u00edm s obalov\u00fdm odpadem a jeho recyklac\u00ed a ji\u017e od roku 2015 je \u010dlenem syst\u00e9mu sb\u011bru a recyklace obalov\u00fdch materi\u00e1l\u016f EKO-KOM. T\u00edmto zp\u016fsobem zaji\u0161\u0165ujeme zp\u011btn\u00fd odb\u011br a \u0159\u00e1dn\u00e9 vyu\u017eit\u00ed obalov\u00e9ho odpadu.<\/p>\t\t\t\t\t\t\t\t<\/div>\n\t\t\t\t<\/div>\n\t\t\t\t<div class=\"elementor-element elementor-element-432701c elementor-widget elementor-widget-text-editor\" data-id=\"432701c\" data-element_type=\"widget\" data-e-type=\"widget\" data-widget_type=\"text-editor.default\">\n\t\t\t\t<div class=\"elementor-widget-container\">\n\t\t\t\t\t\t\t\t\t<h3>Logistika<\/h3><p>M\u00e1me vlastn\u00ed vozov\u00fd park, jeho\u017e sou\u010d\u00e1st\u00ed je i \u010dist\u011b elektrick\u00e9 vozidlo, a zaji\u0161\u0165ujeme dopravu pro v\u011bt\u0161inu na\u0161ich z\u00e1kazn\u00edk\u016f. V\u017edy se sna\u017e\u00edme vyu\u017e\u00edt 100 % kapacity na\u0161eho vozov\u00e9ho parku a d\u00edky na\u0161emu speci\u00e1ln\u00edmu logistick\u00e9mu programu m\u016f\u017eeme detailn\u011b pl\u00e1novat na\u0161e dod\u00e1vky, vyb\u00edrat nejefektivn\u011bj\u0161\u00ed trasy a automaticky volit r\u016fzn\u00e9 typy vozidel, abychom maximalizovali efektivitu nakl\u00e1dky.<\/p><p>Program tak\u00e9 vypo\u010d\u00edt\u00e1v\u00e1 harmonogram j\u00edzd, co\u017e n\u00e1m i ostatn\u00edm spole\u010dnostem, pro kter\u00e9 dod\u00e1v\u00e1me, umo\u017e\u0148uje l\u00e9pe pl\u00e1novat. V\u0161ichni na\u0161i \u0159idi\u010di jsou samoz\u0159ejm\u011b pravideln\u011b \u0161koleni a v\u017edy dodr\u017euj\u00ed pravidla plynul\u00e9 j\u00edzdy.<\/p>\t\t\t\t\t\t\t\t<\/div>\n\t\t\t\t<\/div>\n\t\t\t\t<div class=\"elementor-element elementor-element-21eca10 elementor-widget elementor-widget-image\" data-id=\"21eca10\" data-element_type=\"widget\" data-e-type=\"widget\" data-widget_type=\"image.default\">\n\t\t\t\t<div class=\"elementor-widget-container\">\n\t\t\t\t\t\t\t\t\t\t\t\t\t\t\t<img fetchpriority=\"high\" decoding=\"async\" width=\"1920\" height=\"936\" src=\"https:\/\/alba.progresium.cz\/wp-content\/uploads\/2022\/02\/dron-09-crop.jpg\" class=\"attachment-full size-full wp-image-2787\" alt=\"\" srcset=\"https:\/\/alba.progresium.cz\/wp-content\/uploads\/2022\/02\/dron-09-crop.jpg 1920w, https:\/\/alba.progresium.cz\/wp-content\/uploads\/2022\/02\/dron-09-crop-300x146.jpg 300w, https:\/\/alba.progresium.cz\/wp-content\/uploads\/2022\/02\/dron-09-crop-1024x499.jpg 1024w, https:\/\/alba.progresium.cz\/wp-content\/uploads\/2022\/02\/dron-09-crop-768x374.jpg 768w, https:\/\/alba.progresium.cz\/wp-content\/uploads\/2022\/02\/dron-09-crop-1536x749.jpg 1536w\" sizes=\"(max-width: 1920px) 100vw, 1920px\" \/>\t\t\t\t\t\t\t\t\t\t\t\t\t\t\t<\/div>\n\t\t\t\t<\/div>\n\t\t\t\t<div class=\"elementor-element elementor-element-1b240ed elementor-widget elementor-widget-text-editor\" data-id=\"1b240ed\" data-element_type=\"widget\" data-e-type=\"widget\" data-widget_type=\"text-editor.default\">\n\t\t\t\t<div class=\"elementor-widget-container\">\n\t\t\t\t\t\t\t\t\t<h3>\u00daspory energi\u00ed<\/h3><p>V roce 2010 jsme v Alb\u011b nainstalovali v\u00edce ne\u017e 600 sol\u00e1rn\u00edch panel\u016f, abychom pokryli spot\u0159ebu energie na\u0161ich v\u00fdrobn\u00edch z\u00e1vod\u016f a kancel\u00e1\u0159sk\u00fdch budov ekologi\u010dt\u011bj\u0161\u00edm zp\u016fsobem.\u00a0 Pokud vyrob\u00edme v\u00edce energie, ne\u017e dok\u00e1\u017eeme spot\u0159ebovat, dod\u00e1v\u00e1me ji n\u011bkter\u00e9mu z \u010desk\u00fdch distribu\u010dn\u00edch energetick\u00fdch kan\u00e1l\u016f. Stali jsme se tak\u00e9 sou\u010d\u00e1st\u00ed \u010desk\u00e9ho n\u00e1rodn\u00edho programu Zelen\u00e1 \u00faspor\u00e1m, kter\u00fd podporuje firmy a dom\u00e1cnosti ve v\u00fdrob\u011b vlastn\u00ed zelen\u00e9 energie.<\/p><p>V\u011bt\u0161ina na\u0161ich v\u00fdrobn\u00edch a skladov\u00fdch hal je navr\u017eena tak, aby propou\u0161t\u011bla dostatek p\u0159irozen\u00e9ho sv\u011btla prost\u0159ednictv\u00edm \u0161irok\u00fdch st\u0159e\u0161n\u00edch oken, tak\u017ee po v\u011bt\u0161inu pracovn\u00ed doby nemus\u00edme pou\u017e\u00edvat um\u011bl\u00e9 zdroje sv\u011btla. Na\u0161e v\u00fdroba funguje pouze p\u0159es den, tak\u017ee v noci jsou sv\u011btla a topen\u00ed vypnut\u00e9. K um\u011bl\u00e9mu osv\u011btlen\u00ed pou\u017e\u00edv\u00e1me pouze ekologick\u00e9 a energeticky \u00fasporn\u00e9 \u017e\u00e1rovky.<\/p><p>V na\u0161em v\u00fdrobn\u00edm z\u00e1vod\u011b ve \u0160kvorci zaji\u0161\u0165ujeme vyt\u00e1p\u011bn\u00ed kotlem na biomasu Danstoker. K v\u00fdrob\u011b tepla pou\u017e\u00edv\u00e1me p\u0159ev\u00e1\u017en\u011b biomasu z miscanthu, obnoviteln\u00fd zdroj energie od m\u00edstn\u00edho v\u00fdrobce. Pro \u00fasporu n\u00e1klad\u016f na vyt\u00e1p\u011bn\u00ed jsou na\u0161e sklady rozd\u011bleny na studen\u00e9 a tepl\u00e9 z\u00f3ny.<\/p>\t\t\t\t\t\t\t\t<\/div>\n\t\t\t\t<\/div>\n\t\t\t\t\t<\/div>\n\t\t<\/div>\n\t\t\t\t\t<\/div>\n\t\t<\/section>\n\t\t\t\t<section class=\"elementor-section elementor-top-section elementor-element elementor-element-345dde68 single_c elementor-section-boxed elementor-section-height-default elementor-section-height-default\" data-id=\"345dde68\" data-element_type=\"section\" data-e-type=\"section\">\n\t\t\t\t\t\t<div class=\"elementor-container elementor-column-gap-default\">\n\t\t\t\t\t<div class=\"elementor-column elementor-col-100 elementor-top-column elementor-element elementor-element-1d1744f6\" data-id=\"1d1744f6\" data-element_type=\"column\" data-e-type=\"column\">\n\t\t\t<div class=\"elementor-widget-wrap elementor-element-populated\">\n\t\t\t\t\t\t<div class=\"elementor-element elementor-element-514d6987 elementor-widget elementor-widget-spacer\" data-id=\"514d6987\" data-element_type=\"widget\" data-e-type=\"widget\" data-widget_type=\"spacer.default\">\n\t\t\t\t<div class=\"elementor-widget-container\">\n\t\t\t\t\t\t\t<div class=\"elementor-spacer\">\n\t\t\t<div class=\"elementor-spacer-inner\"><\/div>\n\t\t<\/div>\n\t\t\t\t\t\t<\/div>\n\t\t\t\t<\/div>\n\t\t\t\t\t<\/div>\n\t\t<\/div>\n\t\t\t\t\t<\/div>\n\t\t<\/section>\n\t\t\t\t<\/div>\n\t\t","protected":false},"excerpt":{"rendered":"<p>Spole\u010dnost ALBA se zavazuje k neust\u00e1l\u00e9mu sni\u017eov\u00e1n\u00ed dopadu sv\u00fdch \u010dinnost\u00ed na \u017eivotn\u00ed prost\u0159ed\u00ed. V roce 2015 jsme proto zavedli syst\u00e9m environment\u00e1ln\u00edho \u0159\u00edzen\u00ed podle normy ISO 14001, abychom sn\u00ed\u017eili negativn\u00ed dopady na \u017eivotn\u00ed prost\u0159ed\u00ed.<\/p>\n","protected":false},"author":2,"featured_media":1654,"parent":4748,"menu_order":19,"comment_status":"closed","ping_status":"closed","template":"","meta":{"_acf_changed":false,"inline_featured_image":false,"footnotes":""},"class_list":["post-4758","page","type-page","status-publish","has-post-thumbnail","hentry"],"acf":[],"aioseo_notices":[],"_links":{"self":[{"href":"https:\/\/alba.progresium.cz\/cs\/wp-json\/wp\/v2\/pages\/4758","targetHints":{"allow":["GET"]}}],"collection":[{"href":"https:\/\/alba.progresium.cz\/cs\/wp-json\/wp\/v2\/pages"}],"about":[{"href":"https:\/\/alba.progresium.cz\/cs\/wp-json\/wp\/v2\/types\/page"}],"author":[{"embeddable":true,"href":"https:\/\/alba.progresium.cz\/cs\/wp-json\/wp\/v2\/users\/2"}],"replies":[{"embeddable":true,"href":"https:\/\/alba.progresium.cz\/cs\/wp-json\/wp\/v2\/comments?post=4758"}],"version-history":[{"count":5,"href":"https:\/\/alba.progresium.cz\/cs\/wp-json\/wp\/v2\/pages\/4758\/revisions"}],"predecessor-version":[{"id":19231,"href":"https:\/\/alba.progresium.cz\/cs\/wp-json\/wp\/v2\/pages\/4758\/revisions\/19231"}],"up":[{"embeddable":true,"href":"https:\/\/alba.progresium.cz\/cs\/wp-json\/wp\/v2\/pages\/4748"}],"wp:featuredmedia":[{"embeddable":true,"href":"https:\/\/alba.progresium.cz\/cs\/wp-json\/wp\/v2\/media\/1654"}],"wp:attachment":[{"href":"https:\/\/alba.progresium.cz\/cs\/wp-json\/wp\/v2\/media?parent=4758"}],"curies":[{"name":"wp","href":"https:\/\/api.w.org\/{rel}","templated":true}]}}