{"id":4757,"date":"2022-03-07T22:29:42","date_gmt":"2022-03-07T21:29:42","guid":{"rendered":"https:\/\/alba.progresium.cz\/?page_id=4757"},"modified":"2022-09-20T12:03:25","modified_gmt":"2022-09-20T10:03:25","slug":"kvalita","status":"publish","type":"page","link":"https:\/\/alba.progresium.cz\/cs\/know-how\/kvalita\/","title":{"rendered":"Kvalita"},"content":{"rendered":"\t\t<div data-elementor-type=\"wp-page\" data-elementor-id=\"4757\" class=\"elementor elementor-4757\" data-elementor-post-type=\"page\">\n\t\t\t\t\t\t<section class=\"elementor-section elementor-top-section elementor-element elementor-element-7dcd7d8d header_section elementor-section-boxed elementor-section-height-default elementor-section-height-default\" data-id=\"7dcd7d8d\" data-element_type=\"section\" data-e-type=\"section\">\n\t\t\t\t\t\t<div class=\"elementor-container elementor-column-gap-default\">\n\t\t\t\t\t<div class=\"elementor-column elementor-col-100 elementor-top-column elementor-element elementor-element-2d9bdb12\" data-id=\"2d9bdb12\" data-element_type=\"column\" data-e-type=\"column\" data-settings=\"{&quot;background_background&quot;:&quot;classic&quot;}\">\n\t\t\t<div class=\"elementor-widget-wrap elementor-element-populated\">\n\t\t\t\t\t\t<section class=\"elementor-section elementor-inner-section elementor-element elementor-element-7786e98a elementor-section-boxed elementor-section-height-default elementor-section-height-default\" data-id=\"7786e98a\" data-element_type=\"section\" data-e-type=\"section\">\n\t\t\t\t\t\t<div class=\"elementor-container elementor-column-gap-default\">\n\t\t\t\t\t<div class=\"elementor-column elementor-col-50 elementor-inner-column elementor-element elementor-element-38b19bf8\" data-id=\"38b19bf8\" data-element_type=\"column\" data-e-type=\"column\" data-settings=\"{&quot;background_background&quot;:&quot;classic&quot;}\">\n\t\t\t<div class=\"elementor-widget-wrap elementor-element-populated\">\n\t\t\t\t\t\t<div class=\"elementor-element elementor-element-7ac7798 elementor-widget elementor-widget-heading\" data-id=\"7ac7798\" data-element_type=\"widget\" data-e-type=\"widget\" data-widget_type=\"heading.default\">\n\t\t\t\t<div class=\"elementor-widget-container\">\n\t\t\t\t\t<h1 class=\"elementor-heading-title elementor-size-default\">Kvalita<\/h1>\t\t\t\t<\/div>\n\t\t\t\t<\/div>\n\t\t\t\t<div class=\"elementor-element elementor-element-358db2af elementor-widget elementor-widget-heading\" data-id=\"358db2af\" data-element_type=\"widget\" data-e-type=\"widget\" data-widget_type=\"heading.default\">\n\t\t\t\t<div class=\"elementor-widget-container\">\n\t\t\t\t\t<h2 class=\"elementor-heading-title elementor-size-default\">U n\u00e1s nikdy nep\u0159ijde zkr\u00e1tka<\/h2>\t\t\t\t<\/div>\n\t\t\t\t<\/div>\n\t\t\t\t\t<\/div>\n\t\t<\/div>\n\t\t\t\t<div class=\"elementor-column elementor-col-50 elementor-inner-column elementor-element elementor-element-6104a13b\" data-id=\"6104a13b\" data-element_type=\"column\" data-e-type=\"column\">\n\t\t\t<div class=\"elementor-widget-wrap\">\n\t\t\t\t\t\t\t<\/div>\n\t\t<\/div>\n\t\t\t\t\t<\/div>\n\t\t<\/section>\n\t\t\t\t\t<\/div>\n\t\t<\/div>\n\t\t\t\t\t<\/div>\n\t\t<\/section>\n\t\t\t\t<section class=\"elementor-section elementor-top-section elementor-element elementor-element-127d89a8 single_c elementor-section-boxed elementor-section-height-default elementor-section-height-default\" data-id=\"127d89a8\" data-element_type=\"section\" data-e-type=\"section\">\n\t\t\t\t\t\t<div class=\"elementor-container elementor-column-gap-default\">\n\t\t\t\t\t<div class=\"elementor-column elementor-col-100 elementor-top-column elementor-element elementor-element-17fb00d7\" data-id=\"17fb00d7\" data-element_type=\"column\" data-e-type=\"column\">\n\t\t\t<div class=\"elementor-widget-wrap elementor-element-populated\">\n\t\t\t\t\t\t<div class=\"elementor-element elementor-element-4dd338e7 elementor-widget elementor-widget-ucaddon_alba_perex\" data-id=\"4dd338e7\" data-element_type=\"widget\" data-e-type=\"widget\" data-widget_type=\"ucaddon_alba_perex.default\">\n\t\t\t\t<div class=\"elementor-widget-container\">\n\t\t\t\t\t\n<!-- start ALBA perex -->\n\n<div class=\"article_perex\">Bezkonkuren\u010dn\u00ed kvalita pro n\u00e1s nen\u00ed jen pr\u00e1zdn\u00fdm marketingov\u00fdm sloganem. Je to na\u0161e obchodn\u00ed zna\u010dka, kter\u00e1 prostupuje celou firmou ALBA a hraje kl\u00ed\u010dovou roli  ve v\u0161em, co d\u011bl\u00e1me. <\/div>\n<!-- end ALBA perex -->\t\t\t\t<\/div>\n\t\t\t\t<\/div>\n\t\t\t\t<div class=\"elementor-element elementor-element-4e8d0fab elementor-widget elementor-widget-text-editor\" data-id=\"4e8d0fab\" data-element_type=\"widget\" data-e-type=\"widget\" data-widget_type=\"text-editor.default\">\n\t\t\t\t<div class=\"elementor-widget-container\">\n\t\t\t\t\t\t\t\t\t<p><span data-contrast=\"none\">V\u0161echny na\u0161e \u017eidle jsou navrhov\u00e1ny a s \u0159\u00e1dnou p\u00e9\u010d\u00ed vyr\u00e1b\u011bny v na\u0161ich \u010dty\u0159ech modern\u00edch z\u00e1vodech v \u010cesk\u00e9 republice a na Slovensku, \u010d\u00edm\u017e m\u016f\u017eeme garantovat 100% kontrolu kvality ve v\u0161ech f\u00e1z\u00edch produkce. Up\u0159ednost\u0148ujeme komponenty od lok\u00e1ln\u00edch a evropsk\u00fdch dodavatel\u016f, kter\u00e9 spl\u0148uj\u00ed ve\u0161ker\u00e9 na\u0161e n\u00e1roky na kvalitu a jsou \u0159\u00e1dn\u011b testov\u00e1ny a certifikov\u00e1ny.<\/span><span data-ccp-props=\"{\">\u00a0<\/span><\/p>\t\t\t\t\t\t\t\t<\/div>\n\t\t\t\t<\/div>\n\t\t\t\t<div class=\"elementor-element elementor-element-a406fe8 elementor-widget elementor-widget-text-editor\" data-id=\"a406fe8\" data-element_type=\"widget\" data-e-type=\"widget\" data-widget_type=\"text-editor.default\">\n\t\t\t\t<div class=\"elementor-widget-container\">\n\t\t\t\t\t\t\t\t\t<h2>Na na\u0161e \u017eidle se m\u016f\u017eete spolehnout dlouh\u00e9 roky\u00a0<\/h2><p>Pro v\u00fdrobu na\u0161ich \u017eidl\u00ed je charakteristick\u00fd vysok\u00fd pod\u00edl kvalitn\u00ed ru\u010dn\u00ed pr\u00e1ce. Jsou to p\u0159edev\u0161\u00edm \u010dalounick\u00e9 v\u00fdpln\u011b, kter\u00e9 vyr\u00e1b\u00edme a \u0159e\u017eeme ve vlastn\u00ed tov\u00e1rn\u011b, ale tak\u00e9 l\u00e1tkov\u00e9 potahy na \u010daloun\u011bn\u00ed, kter\u00e9 vznikaj\u00ed pod rukama na\u0161ich zku\u0161en\u00fdch \u0161vadlen. Kvalitou zpracov\u00e1n\u00ed a dlouhou \u017eivotnost\u00ed na\u0161eho sedac\u00edho n\u00e1bytku jsme si natolik jist\u00ed, \u017ee na velkou \u010d\u00e1st sortimentu ALBA poskytujeme 5letou z\u00e1ruku.<\/p>\t\t\t\t\t\t\t\t<\/div>\n\t\t\t\t<\/div>\n\t\t\t\t\t<\/div>\n\t\t<\/div>\n\t\t\t\t\t<\/div>\n\t\t<\/section>\n\t\t\t\t<section class=\"elementor-section elementor-top-section elementor-element elementor-element-ed9667d dual_c elementor-section-boxed elementor-section-height-default elementor-section-height-default\" data-id=\"ed9667d\" data-element_type=\"section\" data-e-type=\"section\">\n\t\t\t\t\t\t<div class=\"elementor-container elementor-column-gap-default\">\n\t\t\t\t\t<div class=\"elementor-column elementor-col-100 elementor-top-column elementor-element elementor-element-7dd23055\" data-id=\"7dd23055\" data-element_type=\"column\" data-e-type=\"column\">\n\t\t\t<div class=\"elementor-widget-wrap elementor-element-populated\">\n\t\t\t\t\t\t<div class=\"elementor-element elementor-element-1881523a elementor-widget-divider--view-line elementor-widget elementor-widget-divider\" data-id=\"1881523a\" data-element_type=\"widget\" data-e-type=\"widget\" data-widget_type=\"divider.default\">\n\t\t\t\t<div class=\"elementor-widget-container\">\n\t\t\t\t\t\t\t<div class=\"elementor-divider\">\n\t\t\t<span class=\"elementor-divider-separator\">\n\t\t\t\t\t\t<\/span>\n\t\t<\/div>\n\t\t\t\t\t\t<\/div>\n\t\t\t\t<\/div>\n\t\t\t\t\t<\/div>\n\t\t<\/div>\n\t\t\t\t\t<\/div>\n\t\t<\/section>\n\t\t\t\t<section class=\"elementor-section elementor-top-section elementor-element elementor-element-9d90f7f dual_c elementor-section-boxed elementor-section-height-default elementor-section-height-default\" data-id=\"9d90f7f\" data-element_type=\"section\" data-e-type=\"section\">\n\t\t\t\t\t\t<div class=\"elementor-container elementor-column-gap-wide\">\n\t\t\t\t\t<div class=\"elementor-column elementor-col-50 elementor-top-column elementor-element elementor-element-db73c35\" data-id=\"db73c35\" data-element_type=\"column\" data-e-type=\"column\">\n\t\t\t<div class=\"elementor-widget-wrap elementor-element-populated\">\n\t\t\t\t\t\t<div class=\"elementor-element elementor-element-c192510 elementor-widget elementor-widget-text-editor\" data-id=\"c192510\" data-element_type=\"widget\" data-e-type=\"widget\" data-widget_type=\"text-editor.default\">\n\t\t\t\t<div class=\"elementor-widget-container\">\n\t\t\t\t\t\t\t\t\t<h3>Na\u0161e kvalita je certifikovan\u00e1<\/h3><p>Efektivitu a spolehlivost na\u0161ich v\u00fdrobn\u00edch proces\u016f zaru\u010dujeme na\u0161im z\u00e1kazn\u00edk\u016fm intern\u00edm syst\u00e9mem \u0159\u00edzen\u00ed kvality certifikovan\u00fdm dle normy ISO 9001. Samoz\u0159ejmost\u00ed jsou tak\u00e9 certifikace jednotliv\u00fdch komponent i cel\u00fdch na\u0161ich \u017eidl\u00ed potvrzuj\u00edc\u00ed jejich bezpe\u010dnost a zdravotn\u00ed nez\u00e1vadnost (nap\u0159. certifikace dle evropsk\u00fdch norem \u010cSN EN 1335-1:2000, \u010cSN EN 1335-2:2009, \u010cSN EN 16139:2013 nebo \u00d6ko-Tex Standard 100). Pro exkluzivn\u00ed \u0159adu produkt\u016f pro na\u0161eho partnera jsme tak\u00e9 z\u00edskali ozna\u010den\u00ed bezpe\u010dnosti v\u00fdrobk\u016f GS.\u00a0 Na vy\u017e\u00e1d\u00e1n\u00ed v\u00e1m poskytneme certifikace ke v\u0161em \u017eidl\u00edm ALBA.<\/p><p>V souladu s mezin\u00e1rodn\u00ed normou ISO 14001 kontinu\u00e1ln\u011b zlep\u0161ujeme environment\u00e1ln\u00ed \u0159\u00edzen\u00ed a proaktivn\u011b hled\u00e1me p\u0159\u00edle\u017eitosti ke sni\u017eov\u00e1n\u00ed dopad\u016f na \u017eivotn\u00ed prost\u0159ed\u00ed. Jsme mimo jin\u00e9 zapojeni do syst\u00e9mu EKO-KOM, kter\u00fd zaji\u0161\u0165uje t\u0159\u00edd\u011bn\u00ed, recyklaci a vyu\u017eit\u00ed obalov\u00e9ho odpadu.<\/p><p>V roce 2022 byla spole\u010dnosti ALBA ud\u011blena ekologick\u00e1 zna\u010dka &#8222;Ekologicky \u0161etrn\u00fd v\u00fdrobek&#8220; a EU Ecolabel pro zak\u00e1zkovou v\u00fdrobu sedac\u00edho n\u00e1bytku.<\/p>\t\t\t\t\t\t\t\t<\/div>\n\t\t\t\t<\/div>\n\t\t\t\t\t<\/div>\n\t\t<\/div>\n\t\t\t\t<div class=\"elementor-column elementor-col-50 elementor-top-column elementor-element elementor-element-411cbcb\" data-id=\"411cbcb\" data-element_type=\"column\" data-e-type=\"column\">\n\t\t\t<div class=\"elementor-widget-wrap elementor-element-populated\">\n\t\t\t\t\t\t<div class=\"elementor-element elementor-element-348630f elementor-widget elementor-widget-gallery\" data-id=\"348630f\" data-element_type=\"widget\" data-e-type=\"widget\" data-settings=\"{&quot;gallery_layout&quot;:&quot;justified&quot;,&quot;ideal_row_height&quot;:{&quot;unit&quot;:&quot;px&quot;,&quot;size&quot;:150,&quot;sizes&quot;:[]},&quot;gap&quot;:{&quot;unit&quot;:&quot;px&quot;,&quot;size&quot;:50,&quot;sizes&quot;:[]},&quot;ideal_row_height_tablet&quot;:{&quot;unit&quot;:&quot;px&quot;,&quot;size&quot;:150,&quot;sizes&quot;:[]},&quot;ideal_row_height_mobile&quot;:{&quot;unit&quot;:&quot;px&quot;,&quot;size&quot;:150,&quot;sizes&quot;:[]},&quot;gap_tablet&quot;:{&quot;unit&quot;:&quot;px&quot;,&quot;size&quot;:10,&quot;sizes&quot;:[]},&quot;gap_mobile&quot;:{&quot;unit&quot;:&quot;px&quot;,&quot;size&quot;:10,&quot;sizes&quot;:[]},&quot;content_hover_animation&quot;:&quot;fade-in&quot;}\" data-widget_type=\"gallery.default\">\n\t\t\t\t<div class=\"elementor-widget-container\">\n\t\t\t\t\t\t\t<div class=\"elementor-gallery__container\">\n\t\t\t\t\t\t\t<div class=\"e-gallery-item elementor-gallery-item elementor-animated-content\">\n\t\t\t\t\t<div class=\"e-gallery-image elementor-gallery-item__image\" data-thumbnail=\"https:\/\/alba.progresium.cz\/wp-content\/uploads\/2022\/02\/OEKO_TEX.svg\" data-width=\"300\" data-height=\"300\" aria-label=\"\" role=\"img\" ><\/div>\n\t\t\t\t\t\t\t\t\t\t\t\t\t\t<\/div>\n\t\t\t\t\t\t\t<div class=\"e-gallery-item elementor-gallery-item elementor-animated-content\">\n\t\t\t\t\t<div class=\"e-gallery-image elementor-gallery-item__image\" data-thumbnail=\"https:\/\/alba.progresium.cz\/wp-content\/uploads\/2022\/02\/TUV.svg\" data-width=\"300\" data-height=\"300\" aria-label=\"\" role=\"img\" ><\/div>\n\t\t\t\t\t\t\t\t\t\t\t\t\t\t<\/div>\n\t\t\t\t\t\t\t<div class=\"e-gallery-item elementor-gallery-item elementor-animated-content\">\n\t\t\t\t\t<div class=\"e-gallery-image elementor-gallery-item__image\" data-thumbnail=\"https:\/\/alba.progresium.cz\/wp-content\/uploads\/2022\/02\/EKOKOM-2.svg\" data-width=\"300\" data-height=\"300\" aria-label=\"\" role=\"img\" ><\/div>\n\t\t\t\t\t\t\t\t\t\t\t\t\t\t<\/div>\n\t\t\t\t\t\t\t<div class=\"e-gallery-item elementor-gallery-item elementor-animated-content\">\n\t\t\t\t\t<div class=\"e-gallery-image elementor-gallery-item__image\" data-thumbnail=\"https:\/\/alba.progresium.cz\/wp-content\/uploads\/2022\/02\/ecolabel.svg\" data-width=\"300\" data-height=\"300\" aria-label=\"\" role=\"img\" ><\/div>\n\t\t\t\t\t\t\t\t\t\t\t\t\t\t<\/div>\n\t\t\t\t\t<\/div>\n\t\t\t\t\t<\/div>\n\t\t\t\t<\/div>\n\t\t\t\t\t<\/div>\n\t\t<\/div>\n\t\t\t\t\t<\/div>\n\t\t<\/section>\n\t\t\t\t<section class=\"elementor-section elementor-top-section elementor-element elementor-element-34b18a68 dual_c elementor-section-boxed elementor-section-height-default elementor-section-height-default\" data-id=\"34b18a68\" data-element_type=\"section\" data-e-type=\"section\">\n\t\t\t\t\t\t<div class=\"elementor-container elementor-column-gap-wide\">\n\t\t\t\t\t<div class=\"elementor-column elementor-col-50 elementor-top-column elementor-element elementor-element-43504ed\" data-id=\"43504ed\" data-element_type=\"column\" data-e-type=\"column\">\n\t\t\t<div class=\"elementor-widget-wrap elementor-element-populated\">\n\t\t\t\t\t\t<div class=\"elementor-element elementor-element-39fd1a7 elementor-widget elementor-widget-gallery\" data-id=\"39fd1a7\" data-element_type=\"widget\" data-e-type=\"widget\" data-settings=\"{&quot;gallery_layout&quot;:&quot;justified&quot;,&quot;ideal_row_height&quot;:{&quot;unit&quot;:&quot;px&quot;,&quot;size&quot;:105,&quot;sizes&quot;:[]},&quot;gap&quot;:{&quot;unit&quot;:&quot;px&quot;,&quot;size&quot;:67,&quot;sizes&quot;:[]},&quot;ideal_row_height_tablet&quot;:{&quot;unit&quot;:&quot;px&quot;,&quot;size&quot;:150,&quot;sizes&quot;:[]},&quot;ideal_row_height_mobile&quot;:{&quot;unit&quot;:&quot;px&quot;,&quot;size&quot;:150,&quot;sizes&quot;:[]},&quot;gap_tablet&quot;:{&quot;unit&quot;:&quot;px&quot;,&quot;size&quot;:10,&quot;sizes&quot;:[]},&quot;gap_mobile&quot;:{&quot;unit&quot;:&quot;px&quot;,&quot;size&quot;:10,&quot;sizes&quot;:[]},&quot;content_hover_animation&quot;:&quot;fade-in&quot;}\" data-widget_type=\"gallery.default\">\n\t\t\t\t<div class=\"elementor-widget-container\">\n\t\t\t\t\t\t\t<div class=\"elementor-gallery__container\">\n\t\t\t\t\t\t\t<div class=\"e-gallery-item elementor-gallery-item elementor-animated-content\">\n\t\t\t\t\t<div class=\"e-gallery-image elementor-gallery-item__image\" data-thumbnail=\"https:\/\/alba.progresium.cz\/wp-content\/uploads\/2022\/02\/ISO-1.svg\" data-width=\"540\" data-height=\"300\" aria-label=\"\" role=\"img\" ><\/div>\n\t\t\t\t\t\t\t\t\t\t\t\t\t\t<\/div>\n\t\t\t\t\t\t\t<div class=\"e-gallery-item elementor-gallery-item elementor-animated-content\">\n\t\t\t\t\t<div class=\"e-gallery-image elementor-gallery-item__image\" data-thumbnail=\"https:\/\/alba.progresium.cz\/wp-content\/uploads\/2022\/02\/Ceska_kvalita.svg\" data-width=\"540\" data-height=\"300\" aria-label=\"\" role=\"img\" ><\/div>\n\t\t\t\t\t\t\t\t\t\t\t\t\t\t<\/div>\n\t\t\t\t\t\t\t<div class=\"e-gallery-item elementor-gallery-item elementor-animated-content\">\n\t\t\t\t\t<div class=\"e-gallery-image elementor-gallery-item__image\" data-thumbnail=\"https:\/\/alba.progresium.cz\/wp-content\/uploads\/2022\/03\/OCL.png\" data-width=\"191\" data-height=\"90\" aria-label=\"\" role=\"img\" ><\/div>\n\t\t\t\t\t\t\t\t\t\t\t\t\t\t<\/div>\n\t\t\t\t\t\t\t<div class=\"e-gallery-item elementor-gallery-item elementor-animated-content\">\n\t\t\t\t\t<div class=\"e-gallery-image elementor-gallery-item__image\" data-thumbnail=\"https:\/\/alba.progresium.cz\/wp-content\/uploads\/2022\/04\/GS-Zeichen.svg.svg\" data-width=\"1920\" data-height=\"1534\" aria-label=\"\" role=\"img\" ><\/div>\n\t\t\t\t\t\t\t\t\t\t\t\t\t\t<\/div>\n\t\t\t\t\t<\/div>\n\t\t\t\t\t<\/div>\n\t\t\t\t<\/div>\n\t\t\t\t\t<\/div>\n\t\t<\/div>\n\t\t\t\t<div class=\"elementor-column elementor-col-50 elementor-top-column elementor-element elementor-element-7462ca3d\" data-id=\"7462ca3d\" data-element_type=\"column\" data-e-type=\"column\">\n\t\t\t<div class=\"elementor-widget-wrap elementor-element-populated\">\n\t\t\t\t\t\t<div class=\"elementor-element elementor-element-8314e86 elementor-widget elementor-widget-text-editor\" data-id=\"8314e86\" data-element_type=\"widget\" data-e-type=\"widget\" data-widget_type=\"text-editor.default\">\n\t\t\t\t<div class=\"elementor-widget-container\">\n\t\t\t\t\t\t\t\t\t<h3>Jsme hrd\u00ed nositel\u00e9 oborov\u00fdch ocen\u011bn\u00ed\u00a0<\/h3><p>D\u00edky \u0161pi\u010dkov\u00e9 kvalit\u011b na\u0161ich v\u00fdrobk\u016f jsme se stali dr\u017eitelem zna\u010dky \u010cesk\u00e1 kvalita, kter\u00e1 potvrzuje, \u017ee se \u0159ad\u00edme k nejlep\u0161\u00edm v\u00fdrobc\u016fm v \u010cesk\u00e9 republice. Nav\u00edc jsme v roce 2021 z\u00edskali ocen\u011bn\u00ed L\u00eddr roku za St\u0159edo\u010desk\u00fd kraj, kter\u00e9 je ka\u017edoro\u010dn\u011b ud\u011blov\u00e1no nej\u00fasp\u011b\u0161n\u011bj\u0161\u00edm \u010desk\u00fdm firm\u00e1m.<\/p>\t\t\t\t\t\t\t\t<\/div>\n\t\t\t\t<\/div>\n\t\t\t\t\t<\/div>\n\t\t<\/div>\n\t\t\t\t\t<\/div>\n\t\t<\/section>\n\t\t\t\t<section class=\"elementor-section elementor-top-section elementor-element elementor-element-7dd60b2a single_c elementor-section-boxed elementor-section-height-default elementor-section-height-default\" data-id=\"7dd60b2a\" data-element_type=\"section\" data-e-type=\"section\">\n\t\t\t\t\t\t<div class=\"elementor-container elementor-column-gap-default\">\n\t\t\t\t\t<div class=\"elementor-column elementor-col-100 elementor-top-column elementor-element elementor-element-6d346149\" data-id=\"6d346149\" data-element_type=\"column\" data-e-type=\"column\">\n\t\t\t<div class=\"elementor-widget-wrap elementor-element-populated\">\n\t\t\t\t\t\t<div class=\"elementor-element elementor-element-74e79ce elementor-widget elementor-widget-spacer\" data-id=\"74e79ce\" data-element_type=\"widget\" data-e-type=\"widget\" data-widget_type=\"spacer.default\">\n\t\t\t\t<div class=\"elementor-widget-container\">\n\t\t\t\t\t\t\t<div class=\"elementor-spacer\">\n\t\t\t<div class=\"elementor-spacer-inner\"><\/div>\n\t\t<\/div>\n\t\t\t\t\t\t<\/div>\n\t\t\t\t<\/div>\n\t\t\t\t\t<\/div>\n\t\t<\/div>\n\t\t\t\t\t<\/div>\n\t\t<\/section>\n\t\t\t\t<\/div>\n\t\t","protected":false},"excerpt":{"rendered":"<p>Bezkonkuren\u010dn\u00ed kvalita pro n\u00e1s nen\u00ed jen pr\u00e1zdn\u00fdm marketingov\u00fdm sloganem. Je to na\u0161e obchodn\u00ed zna\u010dka, kter\u00e1 prostupuje celou firmou ALBA a je pro n\u00e1s kl\u00ed\u010dov\u00e1 ve v\u0161em, co d\u011bl\u00e1me.<\/p>\n","protected":false},"author":2,"featured_media":2749,"parent":4748,"menu_order":18,"comment_status":"closed","ping_status":"closed","template":"","meta":{"_acf_changed":false,"inline_featured_image":false,"footnotes":""},"class_list":["post-4757","page","type-page","status-publish","has-post-thumbnail","hentry"],"acf":[],"aioseo_notices":[],"_links":{"self":[{"href":"https:\/\/alba.progresium.cz\/cs\/wp-json\/wp\/v2\/pages\/4757","targetHints":{"allow":["GET"]}}],"collection":[{"href":"https:\/\/alba.progresium.cz\/cs\/wp-json\/wp\/v2\/pages"}],"about":[{"href":"https:\/\/alba.progresium.cz\/cs\/wp-json\/wp\/v2\/types\/page"}],"author":[{"embeddable":true,"href":"https:\/\/alba.progresium.cz\/cs\/wp-json\/wp\/v2\/users\/2"}],"replies":[{"embeddable":true,"href":"https:\/\/alba.progresium.cz\/cs\/wp-json\/wp\/v2\/comments?post=4757"}],"version-history":[{"count":5,"href":"https:\/\/alba.progresium.cz\/cs\/wp-json\/wp\/v2\/pages\/4757\/revisions"}],"predecessor-version":[{"id":19236,"href":"https:\/\/alba.progresium.cz\/cs\/wp-json\/wp\/v2\/pages\/4757\/revisions\/19236"}],"up":[{"embeddable":true,"href":"https:\/\/alba.progresium.cz\/cs\/wp-json\/wp\/v2\/pages\/4748"}],"wp:featuredmedia":[{"embeddable":true,"href":"https:\/\/alba.progresium.cz\/cs\/wp-json\/wp\/v2\/media\/2749"}],"wp:attachment":[{"href":"https:\/\/alba.progresium.cz\/cs\/wp-json\/wp\/v2\/media?parent=4757"}],"curies":[{"name":"wp","href":"https:\/\/api.w.org\/{rel}","templated":true}]}}