{"id":4755,"date":"2022-03-07T22:26:14","date_gmt":"2022-03-07T21:26:14","guid":{"rendered":"https:\/\/alba.progresium.cz\/?page_id=4755"},"modified":"2022-03-28T13:42:21","modified_gmt":"2022-03-28T11:42:21","slug":"vyplnove-materialy","status":"publish","type":"page","link":"https:\/\/alba.progresium.cz\/cs\/know-how\/vyplnove-materialy\/","title":{"rendered":"V\u00fdpl\u0148ov\u00e9 materi\u00e1ly"},"content":{"rendered":"\t\t<div data-elementor-type=\"wp-page\" data-elementor-id=\"4755\" class=\"elementor elementor-4755\" data-elementor-post-type=\"page\">\n\t\t\t\t\t\t<section class=\"elementor-section elementor-top-section elementor-element elementor-element-567b88b5 header_section elementor-section-boxed elementor-section-height-default elementor-section-height-default\" data-id=\"567b88b5\" data-element_type=\"section\" data-e-type=\"section\">\n\t\t\t\t\t\t<div class=\"elementor-container elementor-column-gap-default\">\n\t\t\t\t\t<div class=\"elementor-column elementor-col-100 elementor-top-column elementor-element elementor-element-4460525\" data-id=\"4460525\" data-element_type=\"column\" data-e-type=\"column\" data-settings=\"{&quot;background_background&quot;:&quot;classic&quot;}\">\n\t\t\t<div class=\"elementor-widget-wrap elementor-element-populated\">\n\t\t\t\t\t\t<section class=\"elementor-section elementor-inner-section elementor-element elementor-element-699b8c14 elementor-section-boxed elementor-section-height-default elementor-section-height-default\" data-id=\"699b8c14\" data-element_type=\"section\" data-e-type=\"section\">\n\t\t\t\t\t\t<div class=\"elementor-container elementor-column-gap-default\">\n\t\t\t\t\t<div class=\"elementor-column elementor-col-50 elementor-inner-column elementor-element elementor-element-7a163089\" data-id=\"7a163089\" data-element_type=\"column\" data-e-type=\"column\" data-settings=\"{&quot;background_background&quot;:&quot;classic&quot;}\">\n\t\t\t<div class=\"elementor-widget-wrap elementor-element-populated\">\n\t\t\t\t\t\t<div class=\"elementor-element elementor-element-59fae08e elementor-widget elementor-widget-heading\" data-id=\"59fae08e\" data-element_type=\"widget\" data-e-type=\"widget\" data-widget_type=\"heading.default\">\n\t\t\t\t<div class=\"elementor-widget-container\">\n\t\t\t\t\t<h1 class=\"elementor-heading-title elementor-size-default\">V\u00fdpl\u0148ov\u00e9 materi\u00e1ly<\/h1>\t\t\t\t<\/div>\n\t\t\t\t<\/div>\n\t\t\t\t<div class=\"elementor-element elementor-element-4b9ed1ee elementor-widget elementor-widget-heading\" data-id=\"4b9ed1ee\" data-element_type=\"widget\" data-e-type=\"widget\" data-widget_type=\"heading.default\">\n\t\t\t\t<div class=\"elementor-widget-container\">\n\t\t\t\t\t<h2 class=\"elementor-heading-title elementor-size-default\">Poskytuj\u00ed pohodl\u00ed a definuj\u00ed \u017eivotnost ka\u017ed\u00e9 \u017eidle<\/h2>\t\t\t\t<\/div>\n\t\t\t\t<\/div>\n\t\t\t\t\t<\/div>\n\t\t<\/div>\n\t\t\t\t<div class=\"elementor-column elementor-col-50 elementor-inner-column elementor-element elementor-element-37828642\" data-id=\"37828642\" data-element_type=\"column\" data-e-type=\"column\">\n\t\t\t<div class=\"elementor-widget-wrap\">\n\t\t\t\t\t\t\t<\/div>\n\t\t<\/div>\n\t\t\t\t\t<\/div>\n\t\t<\/section>\n\t\t\t\t\t<\/div>\n\t\t<\/div>\n\t\t\t\t\t<\/div>\n\t\t<\/section>\n\t\t\t\t<section class=\"elementor-section elementor-top-section elementor-element elementor-element-37a53314 single_c elementor-section-boxed elementor-section-height-default elementor-section-height-default\" data-id=\"37a53314\" data-element_type=\"section\" data-e-type=\"section\">\n\t\t\t\t\t\t<div class=\"elementor-container elementor-column-gap-default\">\n\t\t\t\t\t<div class=\"elementor-column elementor-col-100 elementor-top-column elementor-element elementor-element-74302813\" data-id=\"74302813\" data-element_type=\"column\" data-e-type=\"column\">\n\t\t\t<div class=\"elementor-widget-wrap elementor-element-populated\">\n\t\t\t\t\t\t<div class=\"elementor-element elementor-element-2fd58d92 elementor-widget elementor-widget-ucaddon_alba_perex\" data-id=\"2fd58d92\" data-element_type=\"widget\" data-e-type=\"widget\" data-widget_type=\"ucaddon_alba_perex.default\">\n\t\t\t\t<div class=\"elementor-widget-container\">\n\t\t\t\t\t\n<!-- start ALBA perex -->\n\n<div class=\"article_perex\">Z\u00e1le\u017e\u00ed n\u00e1m na tom, aby se v\u00e1m na na\u0161ich \u017eidl\u00edch sed\u011blo maxim\u00e1ln\u011b pohodln\u011b. K jejich v\u00fdrob\u011b proto pou\u017e\u00edv\u00e1me ty nejkvalitn\u011bj\u0161\u00ed a certifikovan\u00e9 komponenty, kter\u00e9 z\u00e1rove\u0148 zaru\u010d\u00ed, \u017ee v\u00e1m na\u0161e \u017eidle budou slou\u017eit dlouh\u00e9 roky. <\/div>\n<!-- end ALBA perex -->\t\t\t\t<\/div>\n\t\t\t\t<\/div>\n\t\t\t\t<div class=\"elementor-element elementor-element-4fa35674 elementor-widget elementor-widget-text-editor\" data-id=\"4fa35674\" data-element_type=\"widget\" data-e-type=\"widget\" data-widget_type=\"text-editor.default\">\n\t\t\t\t<div class=\"elementor-widget-container\">\n\t\t\t\t\t\t\t\t\t<p>A v\u00fdpln\u011b pro \u010daloun\u011bn\u00ed nejsou v\u00fdjimkou. K v\u00fdrob\u011b \u017eidl\u00ed ALBA vyu\u017e\u00edv\u00e1me t\u0159i druhy v\u00fdpln\u00ed s odli\u0161n\u00fdmi vlastnostmi, kter\u00e9 se hod\u00ed pro r\u016fzn\u00e9 \u00fa\u010dely. Podle toho, zda budete na \u017eidli sed\u011bt v kancel\u00e1\u0159i, doma, v ordinaci nebo t\u0159eba v dispe\u010dersk\u00e9m st\u0159edisku, pou\u017e\u00edv\u00e1me jako v\u00fdpl\u0148 \u010daloun\u011bn\u00ed p\u011bnu polyuretanovou, injektovanou nebo studenou.<\/p>\t\t\t\t\t\t\t\t<\/div>\n\t\t\t\t<\/div>\n\t\t\t\t\t<\/div>\n\t\t<\/div>\n\t\t\t\t\t<\/div>\n\t\t<\/section>\n\t\t\t\t<section class=\"elementor-section elementor-top-section elementor-element elementor-element-214bbff9 dual_c elementor-section-boxed elementor-section-height-default elementor-section-height-default\" data-id=\"214bbff9\" data-element_type=\"section\" data-e-type=\"section\">\n\t\t\t\t\t\t<div class=\"elementor-container elementor-column-gap-default\">\n\t\t\t\t\t<div class=\"elementor-column elementor-col-100 elementor-top-column elementor-element elementor-element-6e34db8d\" data-id=\"6e34db8d\" data-element_type=\"column\" data-e-type=\"column\">\n\t\t\t<div class=\"elementor-widget-wrap elementor-element-populated\">\n\t\t\t\t\t\t<div class=\"elementor-element elementor-element-c56a121 elementor-widget-divider--view-line elementor-widget elementor-widget-divider\" data-id=\"c56a121\" data-element_type=\"widget\" data-e-type=\"widget\" data-widget_type=\"divider.default\">\n\t\t\t\t<div class=\"elementor-widget-container\">\n\t\t\t\t\t\t\t<div class=\"elementor-divider\">\n\t\t\t<span class=\"elementor-divider-separator\">\n\t\t\t\t\t\t<\/span>\n\t\t<\/div>\n\t\t\t\t\t\t<\/div>\n\t\t\t\t<\/div>\n\t\t\t\t\t<\/div>\n\t\t<\/div>\n\t\t\t\t\t<\/div>\n\t\t<\/section>\n\t\t\t\t<section class=\"elementor-section elementor-top-section elementor-element elementor-element-4f9d6613 dual_c elementor-section-boxed elementor-section-height-default elementor-section-height-default\" data-id=\"4f9d6613\" data-element_type=\"section\" data-e-type=\"section\">\n\t\t\t\t\t\t<div class=\"elementor-container elementor-column-gap-wide\">\n\t\t\t\t\t<div class=\"elementor-column elementor-col-50 elementor-top-column elementor-element elementor-element-51e0c608\" data-id=\"51e0c608\" data-element_type=\"column\" data-e-type=\"column\">\n\t\t\t<div class=\"elementor-widget-wrap elementor-element-populated\">\n\t\t\t\t\t\t<div class=\"elementor-element elementor-element-2abf3476 elementor-widget elementor-widget-text-editor\" data-id=\"2abf3476\" data-element_type=\"widget\" data-e-type=\"widget\" data-widget_type=\"text-editor.default\">\n\t\t\t\t<div class=\"elementor-widget-container\">\n\t\t\t\t\t\t\t\t\t<h3>Injektovan\u00e1 p\u011bna<\/h3><p>Pro v\u00fdrobu na\u0161ich pr\u00e9miov\u00fdch \u017eidl\u00ed pou\u017e\u00edv\u00e1me d\u00edly z injektovan\u00e9 p\u011bny, kter\u00e9 vyr\u00e1b\u00edme speci\u00e1ln\u00ed technologi\u00ed v na\u0161em z\u00e1vod\u011b v Ostrav\u011b. P\u0159i v\u00fdrob\u011b se polyuretanov\u00e1 sm\u011bs vst\u0159ikuje do uzav\u0159en\u00fdch hlin\u00edkov\u00fdch forem, kde je n\u00e1sledn\u011b tepeln\u011b vytvrzena. D\u00edky tomuto procesu m\u016f\u017eeme vyr\u00e1b\u011bt p\u0159esn\u011b vytvarovan\u00e9 sed\u00e1ky, op\u011br\u00e1ky \u010di podhlavn\u00edky.<\/p><p>Ergonomick\u00e9 tvarov\u00e1n\u00ed napom\u00e1h\u00e1 zdrav\u00e9mu dr\u017een\u00ed t\u011bla t\u00edm, \u017ee poskytuje lep\u0161\u00ed oporu oblasti kostr\u010de a bedern\u00ed p\u00e1te\u0159e. Vysok\u00e1 hustota v\u00fdsledn\u00e9ho materi\u00e1lu tak\u00e9 zaji\u0161\u0165uje, \u017ee jsou d\u00edlce rozm\u011brov\u011b velice stabiln\u00ed a odoln\u00e9. D\u00edky sv\u00e9 tvarov\u00e9 st\u00e1losti se neprosed\u00ed, a nav\u00edc je lze \u010dalounit s ozdobn\u00fdmi \u0161vy.<\/p><p>Proto\u017ee se u injektovan\u00e9 p\u011bny ka\u017ed\u00fd d\u00edlec odl\u00e9v\u00e1 samostatn\u011b a ne\u0159e\u017ee se, z\u016fst\u00e1v\u00e1 struktura jemn\u00fdch vzduchov\u00fdch kan\u00e1lk\u016f neporu\u0161en\u00e1 a zachov\u00e1v\u00e1 se tak i vysok\u00e1 prody\u0161nost. Nejv\u011bt\u0161\u00edmi v\u00fdhodami injektovan\u00e9 p\u011bny je tedy velmi dobr\u00e1 opora, prody\u0161nost a dlouh\u00e1 \u017eivotnost.<\/p><h3>\u00a0<\/h3>\t\t\t\t\t\t\t\t<\/div>\n\t\t\t\t<\/div>\n\t\t\t\t\t<\/div>\n\t\t<\/div>\n\t\t\t\t<div class=\"elementor-column elementor-col-50 elementor-top-column elementor-element elementor-element-5ce0281a\" data-id=\"5ce0281a\" data-element_type=\"column\" data-e-type=\"column\">\n\t\t\t<div class=\"elementor-widget-wrap elementor-element-populated\">\n\t\t\t\t\t\t<div class=\"elementor-element elementor-element-b72c469 elementor-widget elementor-widget-image\" data-id=\"b72c469\" data-element_type=\"widget\" data-e-type=\"widget\" data-widget_type=\"image.default\">\n\t\t\t\t<div class=\"elementor-widget-container\">\n\t\t\t\t\t\t\t\t\t\t\t\t\t\t\t<img fetchpriority=\"high\" decoding=\"async\" width=\"502\" height=\"562\" src=\"https:\/\/alba.progresium.cz\/wp-content\/uploads\/2022\/02\/Liti-polyuretanu.jpg\" class=\"attachment-large size-large wp-image-2868\" alt=\"\" srcset=\"https:\/\/alba.progresium.cz\/wp-content\/uploads\/2022\/02\/Liti-polyuretanu.jpg 502w, https:\/\/alba.progresium.cz\/wp-content\/uploads\/2022\/02\/Liti-polyuretanu-268x300.jpg 268w\" sizes=\"(max-width: 502px) 100vw, 502px\" \/>\t\t\t\t\t\t\t\t\t\t\t\t\t\t\t<\/div>\n\t\t\t\t<\/div>\n\t\t\t\t\t<\/div>\n\t\t<\/div>\n\t\t\t\t\t<\/div>\n\t\t<\/section>\n\t\t\t\t<section class=\"elementor-section elementor-top-section elementor-element elementor-element-8b15490 dual_c elementor-section-boxed elementor-section-height-default elementor-section-height-default\" data-id=\"8b15490\" data-element_type=\"section\" data-e-type=\"section\">\n\t\t\t\t\t\t<div class=\"elementor-container elementor-column-gap-default\">\n\t\t\t\t\t<div class=\"elementor-column elementor-col-100 elementor-top-column elementor-element elementor-element-7c6af16a\" data-id=\"7c6af16a\" data-element_type=\"column\" data-e-type=\"column\">\n\t\t\t<div class=\"elementor-widget-wrap elementor-element-populated\">\n\t\t\t\t\t\t<div class=\"elementor-element elementor-element-79a76012 elementor-widget-divider--view-line elementor-widget elementor-widget-divider\" data-id=\"79a76012\" data-element_type=\"widget\" data-e-type=\"widget\" data-widget_type=\"divider.default\">\n\t\t\t\t<div class=\"elementor-widget-container\">\n\t\t\t\t\t\t\t<div class=\"elementor-divider\">\n\t\t\t<span class=\"elementor-divider-separator\">\n\t\t\t\t\t\t<\/span>\n\t\t<\/div>\n\t\t\t\t\t\t<\/div>\n\t\t\t\t<\/div>\n\t\t\t\t\t<\/div>\n\t\t<\/div>\n\t\t\t\t\t<\/div>\n\t\t<\/section>\n\t\t\t\t<section class=\"elementor-section elementor-top-section elementor-element elementor-element-26871d35 dual_c elementor-section-boxed elementor-section-height-default elementor-section-height-default\" data-id=\"26871d35\" data-element_type=\"section\" data-e-type=\"section\">\n\t\t\t\t\t\t<div class=\"elementor-container elementor-column-gap-wide\">\n\t\t\t\t\t<div class=\"elementor-column elementor-col-50 elementor-top-column elementor-element elementor-element-22b26f9e\" data-id=\"22b26f9e\" data-element_type=\"column\" data-e-type=\"column\">\n\t\t\t<div class=\"elementor-widget-wrap elementor-element-populated\">\n\t\t\t\t\t\t<div class=\"elementor-element elementor-element-7f5e59f4 elementor-widget elementor-widget-image\" data-id=\"7f5e59f4\" data-element_type=\"widget\" data-e-type=\"widget\" data-widget_type=\"image.default\">\n\t\t\t\t<div class=\"elementor-widget-container\">\n\t\t\t\t\t\t\t\t\t\t\t\t<figure class=\"wp-caption\">\n\t\t\t\t\t\t\t\t\t\t<img decoding=\"async\" width=\"830\" height=\"554\" src=\"https:\/\/alba.progresium.cz\/wp-content\/uploads\/2022\/01\/Molitan_rezani-1024x683.jpg\" class=\"attachment-large size-large wp-image-1377\" alt=\"\" srcset=\"https:\/\/alba.progresium.cz\/wp-content\/uploads\/2022\/01\/Molitan_rezani-1024x683.jpg 1024w, https:\/\/alba.progresium.cz\/wp-content\/uploads\/2022\/01\/Molitan_rezani-300x200.jpg 300w, https:\/\/alba.progresium.cz\/wp-content\/uploads\/2022\/01\/Molitan_rezani-768x513.jpg 768w, https:\/\/alba.progresium.cz\/wp-content\/uploads\/2022\/01\/Molitan_rezani-1536x1025.jpg 1536w, https:\/\/alba.progresium.cz\/wp-content\/uploads\/2022\/01\/Molitan_rezani-2048x1367.jpg 2048w\" sizes=\"(max-width: 830px) 100vw, 830px\" \/>\t\t\t\t\t\t\t\t\t\t\t<figcaption class=\"widget-image-caption wp-caption-text\"><\/figcaption>\n\t\t\t\t\t\t\t\t\t\t<\/figure>\n\t\t\t\t\t\t\t\t\t<\/div>\n\t\t\t\t<\/div>\n\t\t\t\t<div class=\"elementor-element elementor-element-c256e72 elementor-widget elementor-widget-image\" data-id=\"c256e72\" data-element_type=\"widget\" data-e-type=\"widget\" data-widget_type=\"image.default\">\n\t\t\t\t<div class=\"elementor-widget-container\">\n\t\t\t\t\t\t\t\t\t\t\t\t<figure class=\"wp-caption\">\n\t\t\t\t\t\t\t\t\t\t<img decoding=\"async\" width=\"830\" height=\"529\" src=\"https:\/\/alba.progresium.cz\/wp-content\/uploads\/2022\/01\/Molitan-1024x653.jpg\" class=\"attachment-large size-large wp-image-1379\" alt=\"\" srcset=\"https:\/\/alba.progresium.cz\/wp-content\/uploads\/2022\/01\/Molitan-1024x653.jpg 1024w, https:\/\/alba.progresium.cz\/wp-content\/uploads\/2022\/01\/Molitan-300x191.jpg 300w, https:\/\/alba.progresium.cz\/wp-content\/uploads\/2022\/01\/Molitan-768x490.jpg 768w, https:\/\/alba.progresium.cz\/wp-content\/uploads\/2022\/01\/Molitan.jpg 1528w\" sizes=\"(max-width: 830px) 100vw, 830px\" \/>\t\t\t\t\t\t\t\t\t\t\t<figcaption class=\"widget-image-caption wp-caption-text\"><\/figcaption>\n\t\t\t\t\t\t\t\t\t\t<\/figure>\n\t\t\t\t\t\t\t\t\t<\/div>\n\t\t\t\t<\/div>\n\t\t\t\t\t<\/div>\n\t\t<\/div>\n\t\t\t\t<div class=\"elementor-column elementor-col-50 elementor-top-column elementor-element elementor-element-b6b72fd\" data-id=\"b6b72fd\" data-element_type=\"column\" data-e-type=\"column\">\n\t\t\t<div class=\"elementor-widget-wrap elementor-element-populated\">\n\t\t\t\t\t\t<div class=\"elementor-element elementor-element-36ef79dc elementor-widget elementor-widget-text-editor\" data-id=\"36ef79dc\" data-element_type=\"widget\" data-e-type=\"widget\" data-widget_type=\"text-editor.default\">\n\t\t\t\t<div class=\"elementor-widget-container\">\n\t\t\t\t\t\t\t\t\t<h3>Polyuretanov\u00e1 p\u011bna<\/h3><p>Nej\u010dast\u011bji pou\u017e\u00edvan\u00fd v\u00fdpl\u0148ov\u00fd materi\u00e1l je ozna\u010dov\u00e1n tak\u00e9 jako molitan. Dob\u0159e propou\u0161t\u00ed vzduch, je rozm\u011brov\u011b st\u00e1l\u00fd a odoln\u00fd. Proces v\u00fdroby PUR p\u011bn nav\u00edc pro\u0161el v posledn\u00edch letech celou \u0159adou inovac\u00ed, kter\u00e9 zaru\u010duj\u00ed kvalitn\u011bj\u0161\u00ed, trvanliv\u011bj\u0161\u00ed a zdravotn\u011b nez\u00e1vadn\u00e9 v\u00fdrobky.<\/p><p>ALBA odeb\u00edr\u00e1 vysoce kvalitn\u00ed molitan u ov\u011b\u0159en\u00fdch \u010desk\u00fdch a n\u011bmeck\u00fdch v\u00fdrobc\u016f v cel\u00fdch bloc\u00edch, ze kter\u00fdch jsou pak automaticky nebo ru\u010dn\u011b vy\u0159ez\u00e1ny d\u00edly do po\u017eadovan\u00fdch tvar\u016f. Kancel\u00e1\u0159sk\u00e9 \u017eidle vyroben\u00e9 z molitanov\u00fdch p\u0159\u00ed\u0159ez\u016f se vyzna\u010duj\u00ed vysokou odolnost\u00ed a komfortem sezen\u00ed.<\/p><p>Vlastnosti jednotliv\u00fdch typ\u016f molitan\u016f jsou ur\u010dov\u00e1ny jejich objemovou hmotnost\u00ed a tuhost\u00ed. Del\u0161\u00ed \u017eivotnost a vy\u0161\u0161\u00ed odolnost proti prosezen\u00ed zajist\u00ed vy\u0161\u0161\u00ed objemov\u00e1 hmotnost, d\u00edky kter\u00e9 je p\u011bna hust\u0161\u00ed. M\u00e9n\u011b tuh\u00fd, m\u011bk\u010d\u00ed molitan, se pak ke zv\u00fd\u0161en\u00ed komfortu pou\u017e\u00edv\u00e1 do op\u011bradlov\u00e9 \u010d\u00e1sti. Na \u010daloun\u011bn\u00ed zat\u011b\u017eovan\u00fdch sed\u00e1k\u016f je naopak ur\u010dena p\u011bna vysok\u00e9 gram\u00e1\u017ee i tuhosti.<\/p>\t\t\t\t\t\t\t\t<\/div>\n\t\t\t\t<\/div>\n\t\t\t\t\t<\/div>\n\t\t<\/div>\n\t\t\t\t\t<\/div>\n\t\t<\/section>\n\t\t\t\t<section class=\"elementor-section elementor-top-section elementor-element elementor-element-c69ce72 dual_c elementor-section-boxed elementor-section-height-default elementor-section-height-default\" data-id=\"c69ce72\" data-element_type=\"section\" data-e-type=\"section\">\n\t\t\t\t\t\t<div class=\"elementor-container elementor-column-gap-wide\">\n\t\t\t\t\t<div class=\"elementor-column elementor-col-50 elementor-top-column elementor-element elementor-element-90b769b\" data-id=\"90b769b\" data-element_type=\"column\" data-e-type=\"column\">\n\t\t\t<div class=\"elementor-widget-wrap elementor-element-populated\">\n\t\t\t\t\t\t<div class=\"elementor-element elementor-element-a078b29 elementor-widget elementor-widget-text-editor\" data-id=\"a078b29\" data-element_type=\"widget\" data-e-type=\"widget\" data-widget_type=\"text-editor.default\">\n\t\t\t\t<div class=\"elementor-widget-container\">\n\t\t\t\t\t\t\t\t\t<h3>Studen\u00e1 p\u011bna<\/h3><p>Posledn\u00edm typem p\u011bny je tzv. studen\u00e1 p\u011bna nebo tak\u00e9 HR p\u011bna (z anglick\u00e9ho High Resilience), kter\u00e1 vynik\u00e1 komfortem a dlouhou \u017eivotnost\u00ed. Jedn\u00e1 se o vysoce kvalitn\u00ed, odolnou p\u011bnu s otev\u0159en\u00fdmi p\u00f3ry, d\u00edky kter\u00fdm je \u010daloun\u011bn\u00ed l\u00e9pe provzdu\u0161n\u011bn\u00e9 a dob\u0159e odv\u00e1d\u00ed teplo.<\/p><p>Po stla\u010den\u00ed se velmi rychle vrac\u00ed do p\u016fvodn\u00edho tvaru, a to i po n\u011bkolika letech pou\u017e\u00edv\u00e1n\u00ed. Tento druh p\u011bny odeb\u00edr\u00e1me o \u0161pi\u010dkov\u00e9ho v\u00fdrobce z\u00a0N\u011bmecka a pou\u017e\u00edv\u00e1me jej v\u00a0kombinaci s\u00a0dal\u0161\u00edmi p\u011bnami pro speci\u00e1ln\u00ed zak\u00e1zkov\u00e9 a n\u011bkter\u00e9 24hodinov\u00e9 \u017eidle, kter\u00e9 jsou ur\u010deny pro vysokou z\u00e1t\u011b\u017e.<\/p>\t\t\t\t\t\t\t\t<\/div>\n\t\t\t\t<\/div>\n\t\t\t\t\t<\/div>\n\t\t<\/div>\n\t\t\t\t<div class=\"elementor-column elementor-col-50 elementor-top-column elementor-element elementor-element-170e981\" data-id=\"170e981\" data-element_type=\"column\" data-e-type=\"column\">\n\t\t\t<div class=\"elementor-widget-wrap elementor-element-populated\">\n\t\t\t\t\t\t<div class=\"elementor-element elementor-element-3b6a2ce elementor-widget elementor-widget-image\" data-id=\"3b6a2ce\" data-element_type=\"widget\" data-e-type=\"widget\" data-widget_type=\"image.default\">\n\t\t\t\t<div class=\"elementor-widget-container\">\n\t\t\t\t\t\t\t\t\t\t\t\t\t\t\t<img loading=\"lazy\" decoding=\"async\" width=\"163\" height=\"300\" src=\"https:\/\/alba.progresium.cz\/wp-content\/uploads\/2022\/02\/Nonstop_ze-strany-163x300.jpg\" class=\"attachment-medium size-medium wp-image-3686\" alt=\"\" srcset=\"https:\/\/alba.progresium.cz\/wp-content\/uploads\/2022\/02\/Nonstop_ze-strany-163x300.jpg 163w, https:\/\/alba.progresium.cz\/wp-content\/uploads\/2022\/02\/Nonstop_ze-strany-557x1024.jpg 557w, https:\/\/alba.progresium.cz\/wp-content\/uploads\/2022\/02\/Nonstop_ze-strany-768x1412.jpg 768w, https:\/\/alba.progresium.cz\/wp-content\/uploads\/2022\/02\/Nonstop_ze-strany-836x1536.jpg 836w, https:\/\/alba.progresium.cz\/wp-content\/uploads\/2022\/02\/Nonstop_ze-strany-1114x2048.jpg 1114w, https:\/\/alba.progresium.cz\/wp-content\/uploads\/2022\/02\/Nonstop_ze-strany-scaled.jpg 1393w\" sizes=\"(max-width: 163px) 100vw, 163px\" \/>\t\t\t\t\t\t\t\t\t\t\t\t\t\t\t<\/div>\n\t\t\t\t<\/div>\n\t\t\t\t\t<\/div>\n\t\t<\/div>\n\t\t\t\t\t<\/div>\n\t\t<\/section>\n\t\t\t\t<section class=\"elementor-section elementor-top-section elementor-element elementor-element-7e8cf0e0 single_c elementor-section-boxed elementor-section-height-default elementor-section-height-default\" data-id=\"7e8cf0e0\" data-element_type=\"section\" data-e-type=\"section\">\n\t\t\t\t\t\t<div class=\"elementor-container elementor-column-gap-default\">\n\t\t\t\t\t<div class=\"elementor-column elementor-col-100 elementor-top-column elementor-element elementor-element-3951002a\" data-id=\"3951002a\" data-element_type=\"column\" data-e-type=\"column\">\n\t\t\t<div class=\"elementor-widget-wrap elementor-element-populated\">\n\t\t\t\t\t\t<div class=\"elementor-element elementor-element-4e25f732 elementor-widget elementor-widget-spacer\" data-id=\"4e25f732\" data-element_type=\"widget\" data-e-type=\"widget\" data-widget_type=\"spacer.default\">\n\t\t\t\t<div class=\"elementor-widget-container\">\n\t\t\t\t\t\t\t<div class=\"elementor-spacer\">\n\t\t\t<div class=\"elementor-spacer-inner\"><\/div>\n\t\t<\/div>\n\t\t\t\t\t\t<\/div>\n\t\t\t\t<\/div>\n\t\t\t\t\t<\/div>\n\t\t<\/div>\n\t\t\t\t\t<\/div>\n\t\t<\/section>\n\t\t\t\t<\/div>\n\t\t","protected":false},"excerpt":{"rendered":"<p>Z\u00e1le\u017e\u00ed n\u00e1m na tom, aby se v\u00e1m na na\u0161ich \u017eidl\u00edch sed\u011blo maxim\u00e1ln\u011b pohodln\u011b. K jejich v\u00fdrob\u011b proto pou\u017e\u00edv\u00e1me ty nekvalitn\u011bj\u0161\u00ed a certifikovan\u00e9 komponenty, kter\u00e9 zaru\u010d\u00ed, \u017ee v\u00e1m na\u0161e \u017eidle budou slou\u017eit dlouh\u00e9 roky.<\/p>\n","protected":false},"author":2,"featured_media":1378,"parent":4748,"menu_order":15,"comment_status":"closed","ping_status":"closed","template":"","meta":{"_acf_changed":false,"inline_featured_image":false,"footnotes":""},"class_list":["post-4755","page","type-page","status-publish","has-post-thumbnail","hentry"],"acf":[],"aioseo_notices":[],"_links":{"self":[{"href":"https:\/\/alba.progresium.cz\/cs\/wp-json\/wp\/v2\/pages\/4755","targetHints":{"allow":["GET"]}}],"collection":[{"href":"https:\/\/alba.progresium.cz\/cs\/wp-json\/wp\/v2\/pages"}],"about":[{"href":"https:\/\/alba.progresium.cz\/cs\/wp-json\/wp\/v2\/types\/page"}],"author":[{"embeddable":true,"href":"https:\/\/alba.progresium.cz\/cs\/wp-json\/wp\/v2\/users\/2"}],"replies":[{"embeddable":true,"href":"https:\/\/alba.progresium.cz\/cs\/wp-json\/wp\/v2\/comments?post=4755"}],"version-history":[{"count":5,"href":"https:\/\/alba.progresium.cz\/cs\/wp-json\/wp\/v2\/pages\/4755\/revisions"}],"predecessor-version":[{"id":7224,"href":"https:\/\/alba.progresium.cz\/cs\/wp-json\/wp\/v2\/pages\/4755\/revisions\/7224"}],"up":[{"embeddable":true,"href":"https:\/\/alba.progresium.cz\/cs\/wp-json\/wp\/v2\/pages\/4748"}],"wp:featuredmedia":[{"embeddable":true,"href":"https:\/\/alba.progresium.cz\/cs\/wp-json\/wp\/v2\/media\/1378"}],"wp:attachment":[{"href":"https:\/\/alba.progresium.cz\/cs\/wp-json\/wp\/v2\/media?parent=4755"}],"curies":[{"name":"wp","href":"https:\/\/api.w.org\/{rel}","templated":true}]}}