{"id":4748,"date":"2022-03-07T13:47:55","date_gmt":"2022-03-07T12:47:55","guid":{"rendered":"https:\/\/alba.progresium.cz\/?page_id=4748"},"modified":"2022-04-14T00:52:42","modified_gmt":"2022-04-13T22:52:42","slug":"know-how","status":"publish","type":"page","link":"https:\/\/alba.progresium.cz\/cs\/know-how\/","title":{"rendered":"Know-how"},"content":{"rendered":"\t\t<div data-elementor-type=\"wp-page\" data-elementor-id=\"4748\" class=\"elementor elementor-4748\" data-elementor-post-type=\"page\">\n\t\t\t\t\t\t<section class=\"elementor-section elementor-top-section elementor-element elementor-element-2237af5e single_c elementor-section-boxed elementor-section-height-default elementor-section-height-default\" data-id=\"2237af5e\" data-element_type=\"section\" data-e-type=\"section\">\n\t\t\t\t\t\t<div class=\"elementor-container elementor-column-gap-default\">\n\t\t\t\t\t<div class=\"elementor-column elementor-col-100 elementor-top-column elementor-element elementor-element-3d778a05\" data-id=\"3d778a05\" data-element_type=\"column\" data-e-type=\"column\">\n\t\t\t<div class=\"elementor-widget-wrap elementor-element-populated\">\n\t\t\t\t\t\t<div class=\"elementor-element elementor-element-1b771819 elementor-widget elementor-widget-ucaddon_alba_perex\" data-id=\"1b771819\" data-element_type=\"widget\" data-e-type=\"widget\" data-widget_type=\"ucaddon_alba_perex.default\">\n\t\t\t\t<div class=\"elementor-widget-container\">\n\t\t\t\t\t\n<!-- start ALBA perex -->\n\n<div class=\"article_perex\">V\u00edme, o \u010dem mluv\u00edme. Projd\u011bte si technick\u00e9, materi\u00e1lov\u00e9 a i dal\u0161\u00ed praktick\u00e9 parametry, kter\u00e9 p\u0159i n\u00e1vrhu a v\u00fdrob\u011b \u017eidl\u00ed a k\u0159esel bereme v potaz. \n<br>Proto, abyste vy mohli sed\u011bt l\u00e9pe.<\/div>\n<!-- end ALBA perex -->\t\t\t\t<\/div>\n\t\t\t\t<\/div>\n\t\t\t\t\t<\/div>\n\t\t<\/div>\n\t\t\t\t\t<\/div>\n\t\t<\/section>\n\t\t\t\t<section class=\"elementor-section elementor-top-section elementor-element elementor-element-26ddc05d elementor-section-boxed elementor-section-height-default elementor-section-height-default\" data-id=\"26ddc05d\" data-element_type=\"section\" data-e-type=\"section\">\n\t\t\t\t\t\t<div class=\"elementor-container elementor-column-gap-default\">\n\t\t\t\t\t<div class=\"elementor-column elementor-col-100 elementor-top-column elementor-element elementor-element-7614c2ae\" data-id=\"7614c2ae\" data-element_type=\"column\" data-e-type=\"column\">\n\t\t\t<div class=\"elementor-widget-wrap elementor-element-populated\">\n\t\t\t\t\t\t<div class=\"elementor-element elementor-element-e7856d3 elementor-grid-3 elementor-grid-tablet-2 elementor-grid-mobile-1 elementor-posts--thumbnail-top elementor-posts__hover-gradient elementor-widget elementor-widget-posts\" data-id=\"e7856d3\" data-element_type=\"widget\" data-e-type=\"widget\" data-settings=\"{&quot;cards_columns&quot;:&quot;3&quot;,&quot;cards_columns_tablet&quot;:&quot;2&quot;,&quot;cards_columns_mobile&quot;:&quot;1&quot;,&quot;cards_row_gap&quot;:{&quot;unit&quot;:&quot;px&quot;,&quot;size&quot;:35,&quot;sizes&quot;:[]},&quot;cards_row_gap_tablet&quot;:{&quot;unit&quot;:&quot;px&quot;,&quot;size&quot;:&quot;&quot;,&quot;sizes&quot;:[]},&quot;cards_row_gap_mobile&quot;:{&quot;unit&quot;:&quot;px&quot;,&quot;size&quot;:&quot;&quot;,&quot;sizes&quot;:[]}}\" data-widget_type=\"posts.cards\">\n\t\t\t\t<div class=\"elementor-widget-container\">\n\t\t\t\t\t\t\t<div class=\"elementor-posts-container elementor-posts elementor-posts--skin-cards elementor-grid\" role=\"list\">\n\t\t\t\t<article class=\"elementor-post elementor-grid-item post-4756 page type-page status-publish has-post-thumbnail hentry\" role=\"listitem\">\n\t\t\t<div class=\"elementor-post__card\">\n\t\t\t\t<a class=\"elementor-post__thumbnail__link\" href=\"https:\/\/alba.progresium.cz\/cs\/know-how\/ergonomie\/\" tabindex=\"-1\" ><div class=\"elementor-post__thumbnail\"><img fetchpriority=\"high\" decoding=\"async\" width=\"768\" height=\"333\" src=\"https:\/\/alba.progresium.cz\/wp-content\/uploads\/2022\/02\/ergo_1-768x333.jpg\" class=\"attachment-medium_large size-medium_large wp-image-2741\" alt=\"\" srcset=\"https:\/\/alba.progresium.cz\/wp-content\/uploads\/2022\/02\/ergo_1-768x333.jpg 768w, https:\/\/alba.progresium.cz\/wp-content\/uploads\/2022\/02\/ergo_1-300x130.jpg 300w, https:\/\/alba.progresium.cz\/wp-content\/uploads\/2022\/02\/ergo_1-1024x444.jpg 1024w, https:\/\/alba.progresium.cz\/wp-content\/uploads\/2022\/02\/ergo_1-1536x665.jpg 1536w, https:\/\/alba.progresium.cz\/wp-content\/uploads\/2022\/02\/ergo_1.jpg 1900w\" sizes=\"(max-width: 768px) 100vw, 768px\" \/><\/div><\/a>\n\t\t\t\t<div class=\"elementor-post__text\">\n\t\t\t\t<h3 class=\"elementor-post__title\">\n\t\t\t<a href=\"https:\/\/alba.progresium.cz\/cs\/know-how\/ergonomie\/\" >\n\t\t\t\tErgonomie\t\t\t<\/a>\n\t\t<\/h3>\n\t\t\t\t<div class=\"elementor-post__excerpt\">\n\t\t\t<p>Vytvo\u0159it skv\u011blou \u017eidli nen\u00ed jen tak. P\u0159i n\u00e1vrhu a v\u00fdrob\u011b \u017eidl\u00ed ALBA se proto neobejdeme bez znalost\u00ed zp\u016fsobu sezen\u00ed v praxi, ani bez detailn\u00edho pov\u011bdom\u00ed o fungov\u00e1n\u00ed r\u016fzn\u00fdch provoz\u016f, v nich\u017e se na na\u0161ich \u017eidl\u00edch sed\u00ed.<\/p>\n\t\t<\/div>\n\t\t\n\t\t<a class=\"elementor-post__read-more\" href=\"https:\/\/alba.progresium.cz\/cs\/know-how\/ergonomie\/\" aria-label=\"Read more about Ergonomie\" tabindex=\"-1\" >\n\t\t\tV\u00edce informac\u00ed\t\t<\/a>\n\n\t\t\t\t<\/div>\n\t\t\t\t\t<\/div>\n\t\t<\/article>\n\t\t\t\t<article class=\"elementor-post elementor-grid-item post-5975 page type-page status-publish has-post-thumbnail hentry\" role=\"listitem\">\n\t\t\t<div class=\"elementor-post__card\">\n\t\t\t\t<a class=\"elementor-post__thumbnail__link\" href=\"https:\/\/alba.progresium.cz\/cs\/know-how\/funkcni-komponenty\/\" tabindex=\"-1\" ><div class=\"elementor-post__thumbnail\"><img decoding=\"async\" width=\"768\" height=\"268\" src=\"https:\/\/alba.progresium.cz\/wp-content\/uploads\/2022\/02\/functional-768x268.jpg\" class=\"attachment-medium_large size-medium_large wp-image-2888\" alt=\"\" srcset=\"https:\/\/alba.progresium.cz\/wp-content\/uploads\/2022\/02\/functional-768x268.jpg 768w, https:\/\/alba.progresium.cz\/wp-content\/uploads\/2022\/02\/functional-300x105.jpg 300w, https:\/\/alba.progresium.cz\/wp-content\/uploads\/2022\/02\/functional-1024x357.jpg 1024w, https:\/\/alba.progresium.cz\/wp-content\/uploads\/2022\/02\/functional-1536x536.jpg 1536w, https:\/\/alba.progresium.cz\/wp-content\/uploads\/2022\/02\/functional.jpg 1798w\" sizes=\"(max-width: 768px) 100vw, 768px\" \/><\/div><\/a>\n\t\t\t\t<div class=\"elementor-post__text\">\n\t\t\t\t<h3 class=\"elementor-post__title\">\n\t\t\t<a href=\"https:\/\/alba.progresium.cz\/cs\/know-how\/funkcni-komponenty\/\" >\n\t\t\t\tFunk\u010dn\u00ed komponenty\t\t\t<\/a>\n\t\t<\/h3>\n\t\t\t\t<div class=\"elementor-post__excerpt\">\n\t\t\t<p>Ka\u017ed\u00e1 kancel\u00e1\u0159sk\u00e1 \u010di pracovn\u00ed \u017eidle nebo k\u0159eslo zahrnuje tak\u00e9 celou paletu mechanick\u00fdch sou\u010d\u00e1st\u00ed. Ty nejen poskytuj\u00ed robustn\u00ed z\u00e1kladnu struktu\u0159e \u017eidle, ale p\u0159edev\u0161\u00edm j\u00ed prop\u016fj\u010duj\u00ed kl\u00ed\u010dov\u00e9 funk\u010dn\u00ed vlastnosti. Seznamte se s nimi.<\/p>\n\t\t<\/div>\n\t\t\n\t\t<a class=\"elementor-post__read-more\" href=\"https:\/\/alba.progresium.cz\/cs\/know-how\/funkcni-komponenty\/\" aria-label=\"Read more about Funk\u010dn\u00ed komponenty\" tabindex=\"-1\" >\n\t\t\tV\u00edce informac\u00ed\t\t<\/a>\n\n\t\t\t\t<\/div>\n\t\t\t\t\t<\/div>\n\t\t<\/article>\n\t\t\t\t<article class=\"elementor-post elementor-grid-item post-4757 page type-page status-publish has-post-thumbnail hentry\" role=\"listitem\">\n\t\t\t<div class=\"elementor-post__card\">\n\t\t\t\t<a class=\"elementor-post__thumbnail__link\" href=\"https:\/\/alba.progresium.cz\/cs\/know-how\/kvalita\/\" tabindex=\"-1\" ><div class=\"elementor-post__thumbnail\"><img decoding=\"async\" width=\"768\" height=\"266\" src=\"https:\/\/alba.progresium.cz\/wp-content\/uploads\/2022\/02\/Kvalita-intro-768x266.jpg\" class=\"attachment-medium_large size-medium_large wp-image-2749\" alt=\"\" srcset=\"https:\/\/alba.progresium.cz\/wp-content\/uploads\/2022\/02\/Kvalita-intro-768x266.jpg 768w, https:\/\/alba.progresium.cz\/wp-content\/uploads\/2022\/02\/Kvalita-intro-300x104.jpg 300w, https:\/\/alba.progresium.cz\/wp-content\/uploads\/2022\/02\/Kvalita-intro-1024x355.jpg 1024w, https:\/\/alba.progresium.cz\/wp-content\/uploads\/2022\/02\/Kvalita-intro-1536x532.jpg 1536w, https:\/\/alba.progresium.cz\/wp-content\/uploads\/2022\/02\/Kvalita-intro.jpg 1920w\" sizes=\"(max-width: 768px) 100vw, 768px\" \/><\/div><\/a>\n\t\t\t\t<div class=\"elementor-post__text\">\n\t\t\t\t<h3 class=\"elementor-post__title\">\n\t\t\t<a href=\"https:\/\/alba.progresium.cz\/cs\/know-how\/kvalita\/\" >\n\t\t\t\tKvalita\t\t\t<\/a>\n\t\t<\/h3>\n\t\t\t\t<div class=\"elementor-post__excerpt\">\n\t\t\t<p>Bezkonkuren\u010dn\u00ed kvalita pro n\u00e1s nen\u00ed jen pr\u00e1zdn\u00fdm marketingov\u00fdm sloganem. Je to na\u0161e obchodn\u00ed zna\u010dka, kter\u00e1 prostupuje celou firmou ALBA a je pro n\u00e1s kl\u00ed\u010dov\u00e1 ve v\u0161em, co d\u011bl\u00e1me.<\/p>\n\t\t<\/div>\n\t\t\n\t\t<a class=\"elementor-post__read-more\" href=\"https:\/\/alba.progresium.cz\/cs\/know-how\/kvalita\/\" aria-label=\"Read more about Kvalita\" tabindex=\"-1\" >\n\t\t\tV\u00edce informac\u00ed\t\t<\/a>\n\n\t\t\t\t<\/div>\n\t\t\t\t\t<\/div>\n\t\t<\/article>\n\t\t\t\t<article class=\"elementor-post elementor-grid-item post-4751 page type-page status-publish has-post-thumbnail hentry\" role=\"listitem\">\n\t\t\t<div class=\"elementor-post__card\">\n\t\t\t\t<a class=\"elementor-post__thumbnail__link\" href=\"https:\/\/alba.progresium.cz\/cs\/know-how\/potahove-latky\/\" tabindex=\"-1\" ><div class=\"elementor-post__thumbnail\"><img loading=\"lazy\" decoding=\"async\" width=\"768\" height=\"432\" src=\"https:\/\/alba.progresium.cz\/wp-content\/uploads\/2022\/01\/Calouneni-768x432.jpg\" class=\"attachment-medium_large size-medium_large wp-image-927\" alt=\"\" srcset=\"https:\/\/alba.progresium.cz\/wp-content\/uploads\/2022\/01\/Calouneni-768x432.jpg 768w, https:\/\/alba.progresium.cz\/wp-content\/uploads\/2022\/01\/Calouneni-300x169.jpg 300w, https:\/\/alba.progresium.cz\/wp-content\/uploads\/2022\/01\/Calouneni-1024x576.jpg 1024w, https:\/\/alba.progresium.cz\/wp-content\/uploads\/2022\/01\/Calouneni-1536x864.jpg 1536w, https:\/\/alba.progresium.cz\/wp-content\/uploads\/2022\/01\/Calouneni.jpg 2048w\" sizes=\"(max-width: 768px) 100vw, 768px\" \/><\/div><\/a>\n\t\t\t\t<div class=\"elementor-post__text\">\n\t\t\t\t<h3 class=\"elementor-post__title\">\n\t\t\t<a href=\"https:\/\/alba.progresium.cz\/cs\/know-how\/potahove-latky\/\" >\n\t\t\t\tPotahov\u00e9 l\u00e1tky\t\t\t<\/a>\n\t\t<\/h3>\n\t\t\t\t<div class=\"elementor-post__excerpt\">\n\t\t\t<p>L\u00e1ska na prvn\u00ed dotek \u010caloun\u011bn\u00ed \u017eidl\u00ed ji\u017e d\u00e1vno nepln\u00ed pouze estetickou \u00falohu. M\u016f\u017ee toti\u017e v\u00fdznamn\u011b ovlivnit celkov\u00fd komfort sezen\u00ed a podstatn\u011b zv\u00fd\u0161it \u017eivotnost \u017eidle. Potahov\u00e9<\/p>\n\t\t<\/div>\n\t\t\n\t\t<a class=\"elementor-post__read-more\" href=\"https:\/\/alba.progresium.cz\/cs\/know-how\/potahove-latky\/\" aria-label=\"Read more about Potahov\u00e9 l\u00e1tky\" tabindex=\"-1\" >\n\t\t\tV\u00edce informac\u00ed\t\t<\/a>\n\n\t\t\t\t<\/div>\n\t\t\t\t\t<\/div>\n\t\t<\/article>\n\t\t\t\t<article class=\"elementor-post elementor-grid-item post-4758 page type-page status-publish has-post-thumbnail hentry\" role=\"listitem\">\n\t\t\t<div class=\"elementor-post__card\">\n\t\t\t\t<a class=\"elementor-post__thumbnail__link\" href=\"https:\/\/alba.progresium.cz\/cs\/know-how\/udrzitelnost\/\" tabindex=\"-1\" ><div class=\"elementor-post__thumbnail\"><img loading=\"lazy\" decoding=\"async\" width=\"768\" height=\"512\" src=\"https:\/\/alba.progresium.cz\/wp-content\/uploads\/2022\/02\/rain-water-green-leaf-macro-768x512.jpg\" class=\"attachment-medium_large size-medium_large wp-image-1654\" alt=\"\" srcset=\"https:\/\/alba.progresium.cz\/wp-content\/uploads\/2022\/02\/rain-water-green-leaf-macro-768x512.jpg 768w, https:\/\/alba.progresium.cz\/wp-content\/uploads\/2022\/02\/rain-water-green-leaf-macro-300x200.jpg 300w, https:\/\/alba.progresium.cz\/wp-content\/uploads\/2022\/02\/rain-water-green-leaf-macro-1024x683.jpg 1024w, https:\/\/alba.progresium.cz\/wp-content\/uploads\/2022\/02\/rain-water-green-leaf-macro-1536x1025.jpg 1536w, https:\/\/alba.progresium.cz\/wp-content\/uploads\/2022\/02\/rain-water-green-leaf-macro.jpg 1920w\" sizes=\"(max-width: 768px) 100vw, 768px\" \/><\/div><\/a>\n\t\t\t\t<div class=\"elementor-post__text\">\n\t\t\t\t<h3 class=\"elementor-post__title\">\n\t\t\t<a href=\"https:\/\/alba.progresium.cz\/cs\/know-how\/udrzitelnost\/\" >\n\t\t\t\tUdr\u017eitelnost\t\t\t<\/a>\n\t\t<\/h3>\n\t\t\t\t<div class=\"elementor-post__excerpt\">\n\t\t\t<p>Spole\u010dnost ALBA se zavazuje k neust\u00e1l\u00e9mu sni\u017eov\u00e1n\u00ed dopadu sv\u00fdch \u010dinnost\u00ed na \u017eivotn\u00ed prost\u0159ed\u00ed. V roce 2015 jsme proto zavedli syst\u00e9m environment\u00e1ln\u00edho \u0159\u00edzen\u00ed podle normy ISO 14001, abychom sn\u00ed\u017eili negativn\u00ed dopady na \u017eivotn\u00ed prost\u0159ed\u00ed.<\/p>\n\t\t<\/div>\n\t\t\n\t\t<a class=\"elementor-post__read-more\" href=\"https:\/\/alba.progresium.cz\/cs\/know-how\/udrzitelnost\/\" aria-label=\"Read more about Udr\u017eitelnost\" tabindex=\"-1\" >\n\t\t\tV\u00edce informac\u00ed\t\t<\/a>\n\n\t\t\t\t<\/div>\n\t\t\t\t\t<\/div>\n\t\t<\/article>\n\t\t\t\t<article class=\"elementor-post elementor-grid-item post-4755 page type-page status-publish has-post-thumbnail hentry\" role=\"listitem\">\n\t\t\t<div class=\"elementor-post__card\">\n\t\t\t\t<a class=\"elementor-post__thumbnail__link\" href=\"https:\/\/alba.progresium.cz\/cs\/know-how\/vyplnove-materialy\/\" tabindex=\"-1\" ><div class=\"elementor-post__thumbnail\"><img loading=\"lazy\" decoding=\"async\" width=\"768\" height=\"490\" src=\"https:\/\/alba.progresium.cz\/wp-content\/uploads\/2022\/01\/Molitan-768x490.jpg\" class=\"attachment-medium_large size-medium_large wp-image-1378\" alt=\"\" srcset=\"https:\/\/alba.progresium.cz\/wp-content\/uploads\/2022\/01\/Molitan-768x490.jpg 768w, https:\/\/alba.progresium.cz\/wp-content\/uploads\/2022\/01\/Molitan-300x191.jpg 300w, https:\/\/alba.progresium.cz\/wp-content\/uploads\/2022\/01\/Molitan-1024x653.jpg 1024w, https:\/\/alba.progresium.cz\/wp-content\/uploads\/2022\/01\/Molitan.jpg 1528w\" sizes=\"(max-width: 768px) 100vw, 768px\" \/><\/div><\/a>\n\t\t\t\t<div class=\"elementor-post__text\">\n\t\t\t\t<h3 class=\"elementor-post__title\">\n\t\t\t<a href=\"https:\/\/alba.progresium.cz\/cs\/know-how\/vyplnove-materialy\/\" >\n\t\t\t\tV\u00fdpl\u0148ov\u00e9 materi\u00e1ly\t\t\t<\/a>\n\t\t<\/h3>\n\t\t\t\t<div class=\"elementor-post__excerpt\">\n\t\t\t<p>Z\u00e1le\u017e\u00ed n\u00e1m na tom, aby se v\u00e1m na na\u0161ich \u017eidl\u00edch sed\u011blo maxim\u00e1ln\u011b pohodln\u011b. K jejich v\u00fdrob\u011b proto pou\u017e\u00edv\u00e1me ty nekvalitn\u011bj\u0161\u00ed a certifikovan\u00e9 komponenty, kter\u00e9 zaru\u010d\u00ed, \u017ee v\u00e1m na\u0161e \u017eidle budou slou\u017eit dlouh\u00e9 roky.<\/p>\n\t\t<\/div>\n\t\t\n\t\t<a class=\"elementor-post__read-more\" href=\"https:\/\/alba.progresium.cz\/cs\/know-how\/vyplnove-materialy\/\" aria-label=\"Read more about V\u00fdpl\u0148ov\u00e9 materi\u00e1ly\" tabindex=\"-1\" >\n\t\t\tV\u00edce informac\u00ed\t\t<\/a>\n\n\t\t\t\t<\/div>\n\t\t\t\t\t<\/div>\n\t\t<\/article>\n\t\t\t\t<\/div>\n\t\t\n\t\t\t\t\t\t<\/div>\n\t\t\t\t<\/div>\n\t\t\t\t\t<\/div>\n\t\t<\/div>\n\t\t\t\t\t<\/div>\n\t\t<\/section>\n\t\t\t\t<\/div>\n\t\t","protected":false},"excerpt":{"rendered":"<p>V\u00edme, o \u010dem mluv\u00edme. Projd\u011bte si technick\u00e9, materi\u00e1lov\u00e9 a i dal\u0161\u00ed praktick\u00e9 parametry, kter\u00e9 p\u0159i n\u00e1vrhu a v\u00fdrob\u011b \u017eidl\u00ed a k\u0159esel bereme v potaz. Proto, abyste vy mohli sed\u011bt l\u00e9pe.<\/p>\n","protected":false},"author":2,"featured_media":0,"parent":0,"menu_order":12,"comment_status":"closed","ping_status":"closed","template":"","meta":{"_acf_changed":false,"inline_featured_image":false,"footnotes":""},"class_list":["post-4748","page","type-page","status-publish","hentry"],"acf":[],"aioseo_notices":[],"_links":{"self":[{"href":"https:\/\/alba.progresium.cz\/cs\/wp-json\/wp\/v2\/pages\/4748","targetHints":{"allow":["GET"]}}],"collection":[{"href":"https:\/\/alba.progresium.cz\/cs\/wp-json\/wp\/v2\/pages"}],"about":[{"href":"https:\/\/alba.progresium.cz\/cs\/wp-json\/wp\/v2\/types\/page"}],"author":[{"embeddable":true,"href":"https:\/\/alba.progresium.cz\/cs\/wp-json\/wp\/v2\/users\/2"}],"replies":[{"embeddable":true,"href":"https:\/\/alba.progresium.cz\/cs\/wp-json\/wp\/v2\/comments?post=4748"}],"version-history":[{"count":5,"href":"https:\/\/alba.progresium.cz\/cs\/wp-json\/wp\/v2\/pages\/4748\/revisions"}],"predecessor-version":[{"id":8381,"href":"https:\/\/alba.progresium.cz\/cs\/wp-json\/wp\/v2\/pages\/4748\/revisions\/8381"}],"wp:attachment":[{"href":"https:\/\/alba.progresium.cz\/cs\/wp-json\/wp\/v2\/media?parent=4748"}],"curies":[{"name":"wp","href":"https:\/\/api.w.org\/{rel}","templated":true}]}}