{"id":42651,"date":"2025-04-29T15:10:19","date_gmt":"2025-04-29T13:10:19","guid":{"rendered":"https:\/\/alba.progresium.cz\/?page_id=42651"},"modified":"2025-04-29T15:11:52","modified_gmt":"2025-04-29T13:11:52","slug":"bezpecnostni-pokyny-gpsr","status":"publish","type":"page","link":"https:\/\/alba.progresium.cz\/cs\/o-nas\/bezpecnostni-pokyny-gpsr\/","title":{"rendered":"Bezpe\u010dnostn\u00ed pokyny (GPSR)"},"content":{"rendered":"\t\t<div data-elementor-type=\"wp-page\" data-elementor-id=\"42651\" class=\"elementor elementor-42651 elementor-42649\" data-elementor-post-type=\"page\">\n\t\t\t\t\t\t<section class=\"elementor-section elementor-top-section elementor-element elementor-element-4d371909 header_section elementor-section-boxed elementor-section-height-default elementor-section-height-default\" data-id=\"4d371909\" data-element_type=\"section\" data-e-type=\"section\">\n\t\t\t\t\t\t<div class=\"elementor-container elementor-column-gap-default\">\n\t\t\t\t\t<div class=\"elementor-column elementor-col-100 elementor-top-column elementor-element elementor-element-464f2326\" data-id=\"464f2326\" data-element_type=\"column\" data-e-type=\"column\" data-settings=\"{&quot;background_background&quot;:&quot;classic&quot;}\">\n\t\t\t<div class=\"elementor-widget-wrap elementor-element-populated\">\n\t\t\t\t\t\t<section class=\"elementor-section elementor-inner-section elementor-element elementor-element-334b97cc elementor-section-boxed elementor-section-height-default elementor-section-height-default\" data-id=\"334b97cc\" data-element_type=\"section\" data-e-type=\"section\">\n\t\t\t\t\t\t<div class=\"elementor-container elementor-column-gap-default\">\n\t\t\t\t\t<div class=\"elementor-column elementor-col-50 elementor-inner-column elementor-element elementor-element-479103a1\" data-id=\"479103a1\" data-element_type=\"column\" data-e-type=\"column\" data-settings=\"{&quot;background_background&quot;:&quot;classic&quot;}\">\n\t\t\t<div class=\"elementor-widget-wrap elementor-element-populated\">\n\t\t\t\t\t\t<div class=\"elementor-element elementor-element-723c3bf7 elementor-widget elementor-widget-heading\" data-id=\"723c3bf7\" data-element_type=\"widget\" data-e-type=\"widget\" data-widget_type=\"heading.default\">\n\t\t\t\t<div class=\"elementor-widget-container\">\n\t\t\t\t\t<h1 class=\"elementor-heading-title elementor-size-default\">Bezpe\u010dnostn\u00ed pokyny (GPSR)<\/h1>\t\t\t\t<\/div>\n\t\t\t\t<\/div>\n\t\t\t\t\t<\/div>\n\t\t<\/div>\n\t\t\t\t<div class=\"elementor-column elementor-col-50 elementor-inner-column elementor-element elementor-element-4abbe3d5\" data-id=\"4abbe3d5\" data-element_type=\"column\" data-e-type=\"column\">\n\t\t\t<div class=\"elementor-widget-wrap\">\n\t\t\t\t\t\t\t<\/div>\n\t\t<\/div>\n\t\t\t\t\t<\/div>\n\t\t<\/section>\n\t\t\t\t\t<\/div>\n\t\t<\/div>\n\t\t\t\t\t<\/div>\n\t\t<\/section>\n\t\t\t\t<section class=\"elementor-section elementor-top-section elementor-element elementor-element-197c9651 dual_c elementor-section-boxed elementor-section-height-default elementor-section-height-default\" data-id=\"197c9651\" data-element_type=\"section\" data-e-type=\"section\">\n\t\t\t\t\t\t<div class=\"elementor-container elementor-column-gap-default\">\n\t\t\t\t\t<div class=\"elementor-column elementor-col-100 elementor-top-column elementor-element elementor-element-6cf3d620\" data-id=\"6cf3d620\" data-element_type=\"column\" data-e-type=\"column\">\n\t\t\t<div class=\"elementor-widget-wrap elementor-element-populated\">\n\t\t\t\t\t\t<div class=\"elementor-element elementor-element-1ecd7884 elementor-widget elementor-widget-text-editor\" data-id=\"1ecd7884\" data-element_type=\"widget\" data-e-type=\"widget\" data-widget_type=\"text-editor.default\">\n\t\t\t\t<div class=\"elementor-widget-container\">\n\t\t\t\t\t\t\t\t\t<p><strong>UPOZORN\u011aN\u00cd NA BEZPE\u010cN\u00c9 U\u017d\u00cdV\u00c1N\u00cd SEDAC\u00cdHO N\u00c1BYTKU<\/strong><\/p><p><strong>(v souladu s po\u017eadavky na\u0159\u00edzen\u00ed GPSR \u2013 Na\u0159\u00edzen\u00ed o obecn\u00e9 bezpe\u010dnosti v\u00fdrobk\u016f)<\/strong><\/p><p><strong>\u00a0<\/strong><\/p><p><strong>Obecn\u00e1 bezpe\u010dnostn\u00ed upozorn\u011bn\u00ed<\/strong><\/p><ol><li><strong>Nepou\u017e\u00edvejte \u017eidli jako sch\u016fdky nebo \u017eeb\u0159\u00edk.<\/strong> St\u00e1n\u00ed na sedac\u00edm n\u00e1bytku, zejm\u00e9na oto\u010dn\u00fdch nebo v\u00fd\u0161kov\u011b nastaviteln\u00fdch \u017eidl\u00edch, je nebezpe\u010dn\u00e9 a m\u016f\u017ee v\u00e9st k p\u00e1du \u010di v\u00e1\u017en\u00e9mu zran\u011bn\u00ed.<\/li><li><strong>Nenech\u00e1vejte d\u011bti hr\u00e1t si na \u017eidl\u00edch.<\/strong> Ot\u00e1\u010den\u00ed, houp\u00e1n\u00ed nebo \u0161plh\u00e1n\u00ed po \u017eidli m\u016f\u017ee v\u00e9st k p\u0159evr\u00e1cen\u00ed \u010di sev\u0159en\u00ed prst\u016f a n\u00e1sledn\u00e9mu \u00farazu.<\/li><li><strong>Likvidace obalov\u00fdch materi\u00e1l\u016f.<\/strong> V\u0161echny plastov\u00e9 s\u00e1\u010dky a ochrann\u00e9 f\u00f3lie mus\u00ed b\u00fdt zlikvidov\u00e1ny mimo dosah d\u011bt\u00ed \u2013 hroz\u00ed nebezpe\u010d\u00ed udu\u0161en\u00ed.<\/li><li><strong>Vyvarujte se nakl\u00e1n\u011bn\u00ed na \u017eidli.<\/strong> Nenakl\u00e1n\u011bjte se dozadu ani do stran tak, aby se kole\u010dka nebo nohy \u017eidle zvedly z podlahy. Tento pohyb m\u016f\u017ee zp\u016fsobit p\u0159evr\u00e1cen\u00ed \u017eidle, jej\u00ed po\u0161kozen\u00ed nebo uvoln\u011bn\u00ed konstruk\u010dn\u00edch \u010d\u00e1st\u00ed.<\/li><li><strong>Nevyv\u00edjejte tlak pouze na p\u0159edn\u00ed \u010d\u00e1st sed\u00e1ku.<\/strong> Sed\u011bn\u00ed na p\u0159edn\u00edm okraji m\u016f\u017ee v\u00e9st k p\u0159evr\u00e1cen\u00ed \u017eidle sm\u011brem dop\u0159edu. Pokud pot\u0159ebujete sed\u011bt v p\u0159edklonu, pou\u017e\u00edvejte v\u00fdhradn\u011b \u017eidli s funkc\u00ed nakl\u00e1p\u011bn\u00ed sed\u00e1ku dop\u0159edu.<\/li><li><strong>Z\u00e1kaz pokl\u00e1d\u00e1n\u00ed elektrick\u00fdch za\u0159\u00edzen\u00ed na \u010daloun\u011bn\u00ed.<\/strong> Elektronika um\u00edst\u011bn\u00e1 na \u010daloun\u011bn\u00e9m n\u00e1bytku se m\u016f\u017ee p\u0159eh\u0159\u00e1t a zp\u016fsobit po\u017e\u00e1r. Vyvarujte se tak\u00e9 kontaktu s otev\u0159en\u00fdm ohn\u011bm nebo \u017ehav\u00fdmi p\u0159edm\u011bty (nap\u0159. cigarety).<\/li><li><strong>Nep\u0159et\u011b\u017eujte \u017eidli.<\/strong> Dodr\u017eujte maxim\u00e1ln\u00ed nosnost uvedenou v technick\u00e9 dokumentaci. Pravideln\u011b kontrolujte stav \u017eidle \u2013 doporu\u010dujeme minim\u00e1ln\u011b ka\u017ed\u00fdch 60 dn\u00ed prov\u00e9st vizu\u00e1ln\u00ed prohl\u00eddku a z\u00e1kladn\u00ed \u00fadr\u017ebu.<\/li><\/ol><p>\u00a0<\/p><p><strong>Pokyny pro mont\u00e1\u017e, \u00fadr\u017ebu a spr\u00e1vn\u00e9 pou\u017e\u00edv\u00e1n\u00ed<\/strong><\/p><ol start=\"8\"><li><strong>Postupujte p\u0159esn\u011b dle mont\u00e1\u017en\u00edho n\u00e1vodu.<\/strong> Ujist\u011bte se, \u017ee jsou v\u0161echny d\u00edly sestaveny ve spr\u00e1vn\u00e9m po\u0159ad\u00ed a pevn\u011b zaji\u0161t\u011bny. Nespr\u00e1vn\u00e1 mont\u00e1\u017e m\u016f\u017ee ohrozit stabilitu a bezpe\u010dnost v\u00fdrobku.<\/li><li><strong>Spr\u00e1vn\u00e9 usazen\u00ed kole\u010dek\/kluz\u00e1k\u016f.<\/strong> Kole\u010dka nebo kluz\u00e1ky mus\u00ed b\u00fdt zcela a pevn\u011b zasunuty do z\u00e1kladny. Nep\u0159esn\u00e9 uchycen\u00ed m\u016f\u017ee v\u00e9st k uvoln\u011bn\u00ed b\u011bhem pou\u017e\u00edv\u00e1n\u00ed.<\/li><li><strong>Pravideln\u00e1 kontrola uta\u017een\u00ed spoj\u016f.<\/strong> P\u0159ibli\u017en\u011b ka\u017ed\u00fdch 6 m\u011bs\u00edc\u016f zkontrolujte, zda jsou v\u0161echny \u0161rouby a spoje dota\u017een\u00e9. Povolov\u00e1n\u00ed spoj\u016f m\u016f\u017ee v\u00e9st k nestabilit\u011b.<\/li><li><strong>Z\u00e1kladna \u017eidle mus\u00ed b\u00fdt v\u017edy zcela v kontaktu s podlahou.<\/strong> Nikdy \u017eidli nepou\u017e\u00edvejte na nerovn\u00e9m povrchu, kter\u00fd m\u016f\u017ee naru\u0161it stabilitu.<\/li><li><strong>Nastaven\u00ed protiv\u00e1hy a mechaniky.<\/strong> U \u017eidl\u00ed s houpac\u00ed nebo synchronn\u00ed mechanikou v\u017edy zkontrolujte, \u017ee je protiv\u00e1ha spr\u00e1vn\u011b nastavena vzhledem k t\u011blesn\u00e9 hmotnosti u\u017eivatele. Nespr\u00e1vn\u00e9 nastaven\u00ed m\u016f\u017ee zp\u016fsobit nekontrolovan\u00fd pohyb nebo p\u0159et\u00ed\u017een\u00ed mechaniky.<\/li><\/ol>\t\t\t\t\t\t\t\t<\/div>\n\t\t\t\t<\/div>\n\t\t\t\t\t<\/div>\n\t\t<\/div>\n\t\t\t\t\t<\/div>\n\t\t<\/section>\n\t\t\t\t<section class=\"elementor-section elementor-top-section elementor-element elementor-element-12104075 single_c elementor-section-boxed elementor-section-height-default elementor-section-height-default\" data-id=\"12104075\" data-element_type=\"section\" data-e-type=\"section\">\n\t\t\t\t\t\t<div class=\"elementor-container elementor-column-gap-default\">\n\t\t\t\t\t<div class=\"elementor-column elementor-col-100 elementor-top-column elementor-element elementor-element-215118fe\" data-id=\"215118fe\" data-element_type=\"column\" data-e-type=\"column\">\n\t\t\t<div class=\"elementor-widget-wrap elementor-element-populated\">\n\t\t\t\t\t\t<div class=\"elementor-element elementor-element-76fcfe16 elementor-widget elementor-widget-spacer\" data-id=\"76fcfe16\" data-element_type=\"widget\" data-e-type=\"widget\" data-widget_type=\"spacer.default\">\n\t\t\t\t<div class=\"elementor-widget-container\">\n\t\t\t\t\t\t\t<div class=\"elementor-spacer\">\n\t\t\t<div class=\"elementor-spacer-inner\"><\/div>\n\t\t<\/div>\n\t\t\t\t\t\t<\/div>\n\t\t\t\t<\/div>\n\t\t\t\t\t<\/div>\n\t\t<\/div>\n\t\t\t\t\t<\/div>\n\t\t<\/section>\n\t\t\t\t<\/div>\n\t\t","protected":false},"excerpt":{"rendered":"<p>UPOZORN\u011aN\u00cd NA BEZPE\u010cN\u00c9 U\u017d\u00cdV\u00c1N\u00cd SEDAC\u00cdHO N\u00c1BYTKU (v souladu s po\u017eadavky na\u0159\u00edzen\u00ed GPSR \u2013 Na\u0159\u00edzen\u00ed o obecn\u00e9 bezpe\u010dnosti v\u00fdrobk\u016f) \u00a0 Obecn\u00e1 bezpe\u010dnostn\u00ed upozorn\u011bn\u00ed Nepou\u017e\u00edvejte \u017eidli jako sch\u016fdky nebo \u017eeb\u0159\u00edk. St\u00e1n\u00ed na sedac\u00edm n\u00e1bytku, zejm\u00e9na oto\u010dn\u00fdch nebo v\u00fd\u0161kov\u011b nastaviteln\u00fdch \u017eidl\u00edch, je nebezpe\u010dn\u00e9 a m\u016f\u017ee v\u00e9st k p\u00e1du \u010di v\u00e1\u017en\u00e9mu zran\u011bn\u00ed. Nenech\u00e1vejte d\u011bti hr\u00e1t si na \u017eidl\u00edch. Ot\u00e1\u010den\u00ed, [&hellip;]<\/p>\n","protected":false},"author":5,"featured_media":0,"parent":3594,"menu_order":27,"comment_status":"closed","ping_status":"closed","template":"","meta":{"_acf_changed":false,"inline_featured_image":false,"footnotes":""},"class_list":["post-42651","page","type-page","status-publish","hentry"],"acf":[],"aioseo_notices":[],"_links":{"self":[{"href":"https:\/\/alba.progresium.cz\/cs\/wp-json\/wp\/v2\/pages\/42651","targetHints":{"allow":["GET"]}}],"collection":[{"href":"https:\/\/alba.progresium.cz\/cs\/wp-json\/wp\/v2\/pages"}],"about":[{"href":"https:\/\/alba.progresium.cz\/cs\/wp-json\/wp\/v2\/types\/page"}],"author":[{"embeddable":true,"href":"https:\/\/alba.progresium.cz\/cs\/wp-json\/wp\/v2\/users\/5"}],"replies":[{"embeddable":true,"href":"https:\/\/alba.progresium.cz\/cs\/wp-json\/wp\/v2\/comments?post=42651"}],"version-history":[{"count":5,"href":"https:\/\/alba.progresium.cz\/cs\/wp-json\/wp\/v2\/pages\/42651\/revisions"}],"predecessor-version":[{"id":42712,"href":"https:\/\/alba.progresium.cz\/cs\/wp-json\/wp\/v2\/pages\/42651\/revisions\/42712"}],"up":[{"embeddable":true,"href":"https:\/\/alba.progresium.cz\/cs\/wp-json\/wp\/v2\/pages\/3594"}],"wp:attachment":[{"href":"https:\/\/alba.progresium.cz\/cs\/wp-json\/wp\/v2\/media?parent=42651"}],"curies":[{"name":"wp","href":"https:\/\/api.w.org\/{rel}","templated":true}]}}