{"id":3581,"date":"2022-02-26T00:20:47","date_gmt":"2022-02-25T23:20:47","guid":{"rendered":"https:\/\/alba.progresium.cz\/?page_id=3581"},"modified":"2023-06-07T23:10:27","modified_gmt":"2023-06-07T21:10:27","slug":"detske-rostouci-zidle","status":"publish","type":"page","link":"https:\/\/alba.progresium.cz\/cs\/reseni\/detske-rostouci-zidle\/","title":{"rendered":"D\u011btsk\u00e9 rostouc\u00ed \u017eidle"},"content":{"rendered":"\t\t<div data-elementor-type=\"wp-page\" data-elementor-id=\"3581\" class=\"elementor elementor-3581\" data-elementor-post-type=\"page\">\n\t\t\t\t\t\t<section class=\"elementor-section elementor-top-section elementor-element elementor-element-23c26b3d header_section elementor-section-boxed elementor-section-height-default elementor-section-height-default\" data-id=\"23c26b3d\" data-element_type=\"section\" data-e-type=\"section\">\n\t\t\t\t\t\t<div class=\"elementor-container elementor-column-gap-default\">\n\t\t\t\t\t<div class=\"elementor-column elementor-col-100 elementor-top-column elementor-element elementor-element-33820677\" data-id=\"33820677\" data-element_type=\"column\" data-e-type=\"column\" data-settings=\"{&quot;background_background&quot;:&quot;classic&quot;}\">\n\t\t\t<div class=\"elementor-widget-wrap elementor-element-populated\">\n\t\t\t\t\t\t<section class=\"elementor-section elementor-inner-section elementor-element elementor-element-227c2566 elementor-section-boxed elementor-section-height-default elementor-section-height-default\" data-id=\"227c2566\" data-element_type=\"section\" data-e-type=\"section\">\n\t\t\t\t\t\t<div class=\"elementor-container elementor-column-gap-default\">\n\t\t\t\t\t<div class=\"elementor-column elementor-col-50 elementor-inner-column elementor-element elementor-element-1d119245\" data-id=\"1d119245\" data-element_type=\"column\" data-e-type=\"column\" data-settings=\"{&quot;background_background&quot;:&quot;classic&quot;}\">\n\t\t\t<div class=\"elementor-widget-wrap elementor-element-populated\">\n\t\t\t\t\t\t<div class=\"elementor-element elementor-element-795ace7e elementor-widget elementor-widget-heading\" data-id=\"795ace7e\" data-element_type=\"widget\" data-e-type=\"widget\" data-widget_type=\"heading.default\">\n\t\t\t\t<div class=\"elementor-widget-container\">\n\t\t\t\t\t<h1 class=\"elementor-heading-title elementor-size-default\">D\u011btsk\u00e9 rostouc\u00ed \u017eidle<\/h1>\t\t\t\t<\/div>\n\t\t\t\t<\/div>\n\t\t\t\t<div class=\"elementor-element elementor-element-4630c9f6 elementor-widget elementor-widget-heading\" data-id=\"4630c9f6\" data-element_type=\"widget\" data-e-type=\"widget\" data-widget_type=\"heading.default\">\n\t\t\t\t<div class=\"elementor-widget-container\">\n\t\t\t\t\t<h2 class=\"elementor-heading-title elementor-size-default\">Ujist\u011bte se, \u017ee jejich prvn\u00ed \u017eidle je opravdu skv\u011bl\u00e1 \u017eidle <\/h2>\t\t\t\t<\/div>\n\t\t\t\t<\/div>\n\t\t\t\t\t<\/div>\n\t\t<\/div>\n\t\t\t\t<div class=\"elementor-column elementor-col-50 elementor-inner-column elementor-element elementor-element-5c484e71\" data-id=\"5c484e71\" data-element_type=\"column\" data-e-type=\"column\">\n\t\t\t<div class=\"elementor-widget-wrap\">\n\t\t\t\t\t\t\t<\/div>\n\t\t<\/div>\n\t\t\t\t\t<\/div>\n\t\t<\/section>\n\t\t\t\t\t<\/div>\n\t\t<\/div>\n\t\t\t\t\t<\/div>\n\t\t<\/section>\n\t\t\t\t<section class=\"elementor-section elementor-top-section elementor-element elementor-element-1b9293ce single_c elementor-section-boxed elementor-section-height-default elementor-section-height-default\" data-id=\"1b9293ce\" data-element_type=\"section\" data-e-type=\"section\">\n\t\t\t\t\t\t<div class=\"elementor-container elementor-column-gap-default\">\n\t\t\t\t\t<div class=\"elementor-column elementor-col-100 elementor-top-column elementor-element elementor-element-8a9471b\" data-id=\"8a9471b\" data-element_type=\"column\" data-e-type=\"column\">\n\t\t\t<div class=\"elementor-widget-wrap elementor-element-populated\">\n\t\t\t\t\t\t<div class=\"elementor-element elementor-element-1a5f703a elementor-widget elementor-widget-ucaddon_alba_perex\" data-id=\"1a5f703a\" data-element_type=\"widget\" data-e-type=\"widget\" data-widget_type=\"ucaddon_alba_perex.default\">\n\t\t\t\t<div class=\"elementor-widget-container\">\n\t\t\t\t\t\n<!-- start ALBA perex -->\n\n<div class=\"article_perex\">D\u00edt\u011b nen\u00ed mal\u00fd dosp\u011bl\u00fd. M\u00e1 specifick\u00e9 n\u00e1roky na sv\u011bt kolem sebe, sedac\u00ed n\u00e1bytek nevyj\u00edmaje. Na rozd\u00edl od dosp\u011bl\u00fdch d\u011bti st\u00e1le rostou, vyv\u00edj\u00ed se a m\u011bn\u00ed se i jejich pot\u0159eby. D\u011btsk\u00e9 \u017eidle ALBA na tyto pot\u0159eby reaguj\u00ed a maj\u00ed nespornou v\u00fdhodu \u2013 d\u00edky snadn\u00e9 nastavitelnosti rostou spolu s d\u011btmi.<\/div>\n<!-- end ALBA perex -->\t\t\t\t<\/div>\n\t\t\t\t<\/div>\n\t\t\t\t<div class=\"elementor-element elementor-element-6b499ba4 elementor-widget elementor-widget-text-editor\" data-id=\"6b499ba4\" data-element_type=\"widget\" data-e-type=\"widget\" data-widget_type=\"text-editor.default\">\n\t\t\t\t<div class=\"elementor-widget-container\">\n\t\t\t\t\t\t\t\t\t<p>Kvalitn\u00ed rostouc\u00ed ergonomick\u00e1 \u017eidle respektuje po\u017eadavky na ergonomick\u00e9 sezen\u00ed a um\u00ed se p\u0159izp\u016fsobit m\u011bn\u00edc\u00edm se proporc\u00edm d\u00edt\u011bte i charakteru jeho pohybu. Nen\u00ed tedy nutn\u00e9 po\u0159izovat novou \u017eidli poka\u017ed\u00e9, kdy\u017e d\u00edt\u011b povyroste, proto\u017ee d\u00edky nastavitelnosti mu bude rostouc\u00ed \u017eidle dob\u0159e slou\u017eit a\u017e do dosp\u011blosti.<\/p>\t\t\t\t\t\t\t\t<\/div>\n\t\t\t\t<\/div>\n\t\t\t\t<div class=\"elementor-element elementor-element-5ec4640a elementor-widget elementor-widget-button\" data-id=\"5ec4640a\" data-element_type=\"widget\" data-e-type=\"widget\" data-widget_type=\"button.default\">\n\t\t\t\t<div class=\"elementor-widget-container\">\n\t\t\t\t\t\t\t\t\t<div class=\"elementor-button-wrapper\">\n\t\t\t\t\t<a class=\"elementor-button elementor-button-link elementor-size-sm\" href=\"https:\/\/alba.progresium.cz\/katalog\/kids-chairs\/\">\n\t\t\t\t\t\t<span class=\"elementor-button-content-wrapper\">\n\t\t\t\t\t\t\t\t\t<span class=\"elementor-button-text\">Vyberte si rostouc\u00ed \u017eidli<\/span>\n\t\t\t\t\t<\/span>\n\t\t\t\t\t<\/a>\n\t\t\t\t<\/div>\n\t\t\t\t\t\t\t\t<\/div>\n\t\t\t\t<\/div>\n\t\t\t\t\t<\/div>\n\t\t<\/div>\n\t\t\t\t\t<\/div>\n\t\t<\/section>\n\t\t\t\t<section class=\"elementor-section elementor-top-section elementor-element elementor-element-655f253a dual_c elementor-section-boxed elementor-section-height-default elementor-section-height-default\" data-id=\"655f253a\" data-element_type=\"section\" data-e-type=\"section\">\n\t\t\t\t\t\t<div class=\"elementor-container elementor-column-gap-default\">\n\t\t\t\t\t<div class=\"elementor-column elementor-col-100 elementor-top-column elementor-element elementor-element-6f570b24\" data-id=\"6f570b24\" data-element_type=\"column\" data-e-type=\"column\">\n\t\t\t<div class=\"elementor-widget-wrap elementor-element-populated\">\n\t\t\t\t\t\t<div class=\"elementor-element elementor-element-d8ad9ef elementor-widget elementor-widget-image\" data-id=\"d8ad9ef\" data-element_type=\"widget\" data-e-type=\"widget\" data-widget_type=\"image.default\">\n\t\t\t\t<div class=\"elementor-widget-container\">\n\t\t\t\t\t\t\t\t\t\t\t\t\t\t\t<img fetchpriority=\"high\" decoding=\"async\" width=\"900\" height=\"368\" src=\"https:\/\/alba.progresium.cz\/wp-content\/uploads\/2022\/02\/Fuxo_deti_1.jpg\" class=\"attachment-full size-full wp-image-2144\" alt=\"\" srcset=\"https:\/\/alba.progresium.cz\/wp-content\/uploads\/2022\/02\/Fuxo_deti_1.jpg 900w, https:\/\/alba.progresium.cz\/wp-content\/uploads\/2022\/02\/Fuxo_deti_1-300x123.jpg 300w, https:\/\/alba.progresium.cz\/wp-content\/uploads\/2022\/02\/Fuxo_deti_1-768x314.jpg 768w\" sizes=\"(max-width: 900px) 100vw, 900px\" \/>\t\t\t\t\t\t\t\t\t\t\t\t\t\t\t<\/div>\n\t\t\t\t<\/div>\n\t\t\t\t<div class=\"elementor-element elementor-element-49419624 elementor-widget elementor-widget-text-editor\" data-id=\"49419624\" data-element_type=\"widget\" data-e-type=\"widget\" data-widget_type=\"text-editor.default\">\n\t\t\t\t<div class=\"elementor-widget-container\">\n\t\t\t\t\t\t\t\t\t<h3>Nezbytn\u00e1 nastavitelnost a vesel\u00e9 barevn\u00e9 kombinace\u00a0<\/h3><p>K podpo\u0159e ergonomick\u00e9ho sezen\u00ed dob\u0159e poslou\u017e\u00ed v\u00fd\u0161kov\u011b nastaviteln\u00e9 op\u011bradlo, kter\u00e9 se snadno p\u0159izp\u016fsob\u00ed velikosti d\u00edt\u011bte. Samoz\u0159ejmost\u00ed je i ergonomicky tvarovan\u00fd sed\u00e1k s mo\u017enost\u00ed \u00fapravy v\u00fd\u0161ky a zejm\u00e9na i hloubky sedu. Pohyb usnadn\u00ed kole\u010dka a 360stup\u0148ov\u00e9 ot\u00e1\u010den\u00ed. V p\u0159\u00edpad\u011b, \u017ee je deska pracovn\u00edho stolu vysoko, lze \u017eidli vybavit areta\u010dn\u00edm kruhem pro optim\u00e1ln\u00ed oporu nohou. Rodi\u010de neposedn\u00fdch za\u010d\u00ednaj\u00edc\u00edch \u0161kol\u00e1k\u016f ocen\u00ed mo\u017enost zvolit neot\u00e1\u010div\u00fd p\u00edst, kter\u00fd zaru\u010duje daleko v\u011bt\u0161\u00ed soust\u0159ed\u011bnost d\u00edt\u011bte p\u0159i u\u010den\u00ed, jeliko\u017e zamezuje ot\u00e1\u010den\u00ed do stran.<\/p><p>Zejm\u00e9na mladistv\u00fdm pak p\u0159ijdou vhod p\u0159\u00eddavn\u00e9 podru\u010dky, kter\u00e9 ulev\u00ed oblasti ramen a z\u00e1rove\u0148 usnadn\u00ed dr\u017eet ruce v ide\u00e1ln\u00ed poloze p\u0159i psan\u00ed.<\/p><p>Proto\u017ee v\u00edme, jak d\u016fle\u017eitou roli hraj\u00ed u d\u011bt\u00ed barvy, nab\u00edz\u00edme \u010daloun\u011bn\u00ed d\u011btsk\u00fdch \u017eidl\u00ed ALBA v nejr\u016fzn\u011bj\u0161\u00edch barevn\u00fdch kombinac\u00edch, kter\u00e9 uspokoj\u00ed \u010dasto n\u00e1ro\u010dn\u00fd vkus mal\u00fdch i velk\u00fd \u0161kol\u00e1k\u016f. Nejen u d\u011btsk\u00fdch \u017eidl\u00ed pak nab\u00edz\u00edme potahov\u00e9 materi\u00e1ly, kter\u00e9 se snadno udr\u017euj\u00ed. \u017didle tak va\u0161im d\u011btem vydr\u017e\u00ed dlouh\u00e9 roky v\u00a0perfektn\u00edm stavu.<\/p>\t\t\t\t\t\t\t\t<\/div>\n\t\t\t\t<\/div>\n\t\t\t\t\t<\/div>\n\t\t<\/div>\n\t\t\t\t\t<\/div>\n\t\t<\/section>\n\t\t\t\t<section class=\"elementor-section elementor-top-section elementor-element elementor-element-38091709 dual_c elementor-section-boxed elementor-section-height-default elementor-section-height-default\" data-id=\"38091709\" data-element_type=\"section\" data-e-type=\"section\">\n\t\t\t\t\t\t<div class=\"elementor-container elementor-column-gap-default\">\n\t\t\t\t\t<div class=\"elementor-column elementor-col-100 elementor-top-column elementor-element elementor-element-7315e135\" data-id=\"7315e135\" data-element_type=\"column\" data-e-type=\"column\">\n\t\t\t<div class=\"elementor-widget-wrap elementor-element-populated\">\n\t\t\t\t\t\t<div class=\"elementor-element elementor-element-601f272d elementor-widget-divider--view-line elementor-widget elementor-widget-divider\" data-id=\"601f272d\" data-element_type=\"widget\" data-e-type=\"widget\" data-widget_type=\"divider.default\">\n\t\t\t\t<div class=\"elementor-widget-container\">\n\t\t\t\t\t\t\t<div class=\"elementor-divider\">\n\t\t\t<span class=\"elementor-divider-separator\">\n\t\t\t\t\t\t<\/span>\n\t\t<\/div>\n\t\t\t\t\t\t<\/div>\n\t\t\t\t<\/div>\n\t\t\t\t\t<\/div>\n\t\t<\/div>\n\t\t\t\t\t<\/div>\n\t\t<\/section>\n\t\t\t\t<section class=\"elementor-section elementor-top-section elementor-element elementor-element-1591d6e1 dual_c elementor-section-boxed elementor-section-height-default elementor-section-height-default\" data-id=\"1591d6e1\" data-element_type=\"section\" data-e-type=\"section\">\n\t\t\t\t\t\t<div class=\"elementor-container elementor-column-gap-default\">\n\t\t\t\t\t<div class=\"elementor-column elementor-col-100 elementor-top-column elementor-element elementor-element-527d43ad\" data-id=\"527d43ad\" data-element_type=\"column\" data-e-type=\"column\">\n\t\t\t<div class=\"elementor-widget-wrap elementor-element-populated\">\n\t\t\t\t\t\t<section class=\"elementor-section elementor-inner-section elementor-element elementor-element-3b51dcef elementor-section-boxed elementor-section-height-default elementor-section-height-default\" data-id=\"3b51dcef\" data-element_type=\"section\" data-e-type=\"section\" data-settings=\"{&quot;background_background&quot;:&quot;classic&quot;}\">\n\t\t\t\t\t\t<div class=\"elementor-container elementor-column-gap-wider\">\n\t\t\t\t\t<div class=\"elementor-column elementor-col-50 elementor-inner-column elementor-element elementor-element-6ec10d93\" data-id=\"6ec10d93\" data-element_type=\"column\" data-e-type=\"column\">\n\t\t\t<div class=\"elementor-widget-wrap elementor-element-populated\">\n\t\t\t\t\t\t<div class=\"elementor-element elementor-element-780d322 elementor-widget elementor-widget-text-editor\" data-id=\"780d322\" data-element_type=\"widget\" data-e-type=\"widget\" data-widget_type=\"text-editor.default\">\n\t\t\t\t<div class=\"elementor-widget-container\">\n\t\t\t\t\t\t\t\t\t<h3><span class=\"TextRun SCXW111895896 BCX4\" lang=\"CS-CZ\" xml:lang=\"CS-CZ\" data-contrast=\"auto\"><span class=\"NormalTextRun SCXW111895896 BCX4\">D\u011btsk\u00e9 rostouc\u00ed \u017eidle FUXO s \u0159adou voliteln\u00fdch dopl\u0148k\u016f<\/span><\/span><span class=\"EOP SCXW111895896 BCX4\" data-ccp-props=\"{\">\u00a0<\/span><\/h3><p>Na\u0161e d\u011btsk\u00e9 rostouc\u00ed \u017eidle <a href=\"\/cs\/product\/fuxo-v-line\/\">FUXO<\/a> spl\u0148uj\u00ed v\u0161echny n\u00e1ro\u010dn\u00e9 po\u017eadavky na ergonomick\u00e9 sezen\u00ed. D\u00edky jedine\u010dn\u00e9mu syst\u00e9mu nastaven\u00ed jsou vhodn\u00e9 pro d\u011bti ji\u017e od p\u011bti let a d\u00edky prvot\u0159\u00eddn\u00edm a testovan\u00fdm komponent\u00e1m jim bezpe\u010dn\u011b vydr\u017e\u00ed a\u017e do dosp\u011blosti.\u00a0<\/p><p>Hrav\u00fd design ve dvou proveden\u00edch s bohat\u00fdm v\u00fdb\u011brem barevn\u00fdch kombinac\u00ed nav\u00edc dokonale dopln\u00ed interi\u00e9r d\u011btsk\u00e9ho \u010di studentsk\u00e9ho pokoje.<\/p><p>Na v\u00fdb\u011br je \u0159ada voliteln\u00fdch dopl\u0148k\u016f jako fixn\u00ed nebo v\u00fd\u0161kov\u011b staviteln\u00e9 podru\u010dky, areta\u010dn\u00ed kruh pro oporu nohou men\u0161\u00edch d\u011bt\u00ed nebo neot\u00e1\u010div\u00fd p\u00edst, kter\u00fd zaru\u010d\u00ed klid a soust\u0159ed\u011bn\u00ed p\u0159i u\u010den\u00ed.<\/p>\t\t\t\t\t\t\t\t<\/div>\n\t\t\t\t<\/div>\n\t\t\t\t\t<\/div>\n\t\t<\/div>\n\t\t\t\t<div class=\"elementor-column elementor-col-50 elementor-inner-column elementor-element elementor-element-0914808\" data-id=\"0914808\" data-element_type=\"column\" data-e-type=\"column\">\n\t\t\t<div class=\"elementor-widget-wrap elementor-element-populated\">\n\t\t\t\t\t\t<div class=\"elementor-element elementor-element-22dc4c8 elementor-widget elementor-widget-image\" data-id=\"22dc4c8\" data-element_type=\"widget\" data-e-type=\"widget\" data-widget_type=\"image.default\">\n\t\t\t\t<div class=\"elementor-widget-container\">\n\t\t\t\t\t\t\t\t\t\t\t\t\t\t\t<img decoding=\"async\" width=\"713\" height=\"1024\" src=\"https:\/\/alba.progresium.cz\/wp-content\/uploads\/2022\/01\/IMGP7781-713x1024.jpg\" class=\"attachment-large size-large wp-image-1290\" alt=\"\" srcset=\"https:\/\/alba.progresium.cz\/wp-content\/uploads\/2022\/01\/IMGP7781-713x1024.jpg 713w, https:\/\/alba.progresium.cz\/wp-content\/uploads\/2022\/01\/IMGP7781-209x300.jpg 209w, https:\/\/alba.progresium.cz\/wp-content\/uploads\/2022\/01\/IMGP7781-768x1104.jpg 768w, https:\/\/alba.progresium.cz\/wp-content\/uploads\/2022\/01\/IMGP7781-1069x1536.jpg 1069w, https:\/\/alba.progresium.cz\/wp-content\/uploads\/2022\/01\/IMGP7781-1425x2048.jpg 1425w, https:\/\/alba.progresium.cz\/wp-content\/uploads\/2022\/01\/IMGP7781-scaled.jpg 1782w\" sizes=\"(max-width: 713px) 100vw, 713px\" \/>\t\t\t\t\t\t\t\t\t\t\t\t\t\t\t<\/div>\n\t\t\t\t<\/div>\n\t\t\t\t\t<\/div>\n\t\t<\/div>\n\t\t\t\t\t<\/div>\n\t\t<\/section>\n\t\t\t\t\t<\/div>\n\t\t<\/div>\n\t\t\t\t\t<\/div>\n\t\t<\/section>\n\t\t\t\t<section class=\"elementor-section elementor-top-section elementor-element elementor-element-e047602 elementor-section-boxed elementor-section-height-default elementor-section-height-default\" data-id=\"e047602\" data-element_type=\"section\" data-e-type=\"section\">\n\t\t\t\t\t\t<div class=\"elementor-container elementor-column-gap-default\">\n\t\t\t\t\t<div class=\"elementor-column elementor-col-100 elementor-top-column elementor-element elementor-element-0739e57\" data-id=\"0739e57\" data-element_type=\"column\" data-e-type=\"column\">\n\t\t\t<div class=\"elementor-widget-wrap elementor-element-populated\">\n\t\t\t\t\t\t<div class=\"elementor-element elementor-element-d42df46 elementor-widget elementor-widget-shortcode\" data-id=\"d42df46\" data-element_type=\"widget\" data-e-type=\"widget\" data-widget_type=\"shortcode.default\">\n\t\t\t\t<div class=\"elementor-widget-container\">\n\t\t\t\t\t\t\t<div class=\"elementor-shortcode\">\t\t<div data-elementor-type=\"section\" data-elementor-id=\"26280\" class=\"elementor elementor-26280 elementor-26257\" data-elementor-post-type=\"elementor_library\">\n\t\t\t\t\t<section class=\"elementor-section elementor-top-section elementor-element elementor-element-65e24f94 dual_c elementor-section-boxed elementor-section-height-default elementor-section-height-default\" data-id=\"65e24f94\" data-element_type=\"section\" data-e-type=\"section\">\n\t\t\t\t\t\t<div class=\"elementor-container elementor-column-gap-wider\">\n\t\t\t\t\t<div class=\"elementor-column elementor-col-50 elementor-top-column elementor-element elementor-element-49484f62\" data-id=\"49484f62\" data-element_type=\"column\" data-e-type=\"column\">\n\t\t\t<div class=\"elementor-widget-wrap elementor-element-populated\">\n\t\t\t\t\t\t<div class=\"elementor-element elementor-element-254dac6 elementor-widget elementor-widget-text-editor\" data-id=\"254dac6\" data-element_type=\"widget\" data-e-type=\"widget\" data-widget_type=\"text-editor.default\">\n\t\t\t\t<div class=\"elementor-widget-container\">\n\t\t\t\t\t\t\t\t\t<h3>Zaujaly v\u00e1s produkty zna\u010dky ALBA a chcete se s n\u00e1mi spojit?<\/h3>\n<h3><\/h3>\n<h2>Kontaktujte n\u00e1s!<\/h2>\t\t\t\t\t\t\t\t<\/div>\n\t\t\t\t<\/div>\n\t\t\t\t<div class=\"elementor-element elementor-element-6b14c4a2 elementor-icon-list--layout-traditional elementor-list-item-link-full_width elementor-widget elementor-widget-icon-list\" data-id=\"6b14c4a2\" data-element_type=\"widget\" data-e-type=\"widget\" data-widget_type=\"icon-list.default\">\n\t\t\t\t<div class=\"elementor-widget-container\">\n\t\t\t\t\t\t\t<ul class=\"elementor-icon-list-items\">\n\t\t\t\t\t\t\t<li class=\"elementor-icon-list-item\">\n\t\t\t\t\t\t\t\t\t\t\t<a href=\"tel:+420%20224%20284%20026\">\n\n\t\t\t\t\t\t\t\t\t\t\t\t<span class=\"elementor-icon-list-icon\">\n\t\t\t\t\t\t\t<i aria-hidden=\"true\" class=\"fas fa-phone\"><\/i>\t\t\t\t\t\t<\/span>\n\t\t\t\t\t\t\t\t\t\t<span class=\"elementor-icon-list-text\">+420 224 284 026<\/span>\n\t\t\t\t\t\t\t\t\t\t\t<\/a>\n\t\t\t\t\t\t\t\t\t<\/li>\n\t\t\t\t\t\t\t\t<li class=\"elementor-icon-list-item\">\n\t\t\t\t\t\t\t\t\t\t\t<a href=\"mailto:info@alba.progresium.cz\">\n\n\t\t\t\t\t\t\t\t\t\t\t\t<span class=\"elementor-icon-list-icon\">\n\t\t\t\t\t\t\t<i aria-hidden=\"true\" class=\"far fa-envelope\"><\/i>\t\t\t\t\t\t<\/span>\n\t\t\t\t\t\t\t\t\t\t<span class=\"elementor-icon-list-text\">info@alba.progresium.cz<\/span>\n\t\t\t\t\t\t\t\t\t\t\t<\/a>\n\t\t\t\t\t\t\t\t\t<\/li>\n\t\t\t\t\t\t\t\t<li class=\"elementor-icon-list-item\">\n\t\t\t\t\t\t\t\t\t\t\t<a href=\"https:\/\/alba.progresium.cz\">\n\n\t\t\t\t\t\t\t\t\t\t\t\t<span class=\"elementor-icon-list-icon\">\n\t\t\t\t\t\t\t<i aria-hidden=\"true\" class=\"fas fa-globe-africa\"><\/i>\t\t\t\t\t\t<\/span>\n\t\t\t\t\t\t\t\t\t\t<span class=\"elementor-icon-list-text\">www.alba.progresium.cz<\/span>\n\t\t\t\t\t\t\t\t\t\t\t<\/a>\n\t\t\t\t\t\t\t\t\t<\/li>\n\t\t\t\t\t\t<\/ul>\n\t\t\t\t\t\t<\/div>\n\t\t\t\t<\/div>\n\t\t\t\t\t<\/div>\n\t\t<\/div>\n\t\t\t\t<div class=\"elementor-column elementor-col-50 elementor-top-column elementor-element elementor-element-7abc9a72\" data-id=\"7abc9a72\" data-element_type=\"column\" data-e-type=\"column\">\n\t\t\t<div class=\"elementor-widget-wrap elementor-element-populated\">\n\t\t\t\t\t\t<div class=\"elementor-element elementor-element-79d24808 elementor-widget elementor-widget-htcontactform-addons\" data-id=\"79d24808\" data-element_type=\"widget\" data-e-type=\"widget\" data-widget_type=\"htcontactform-addons.default\">\n\t\t\t\t<div class=\"elementor-widget-container\">\n\t\t\t\t\t            <div class=\"htcontact-form-wrapper\" >\n                \n<div class=\"wpcf7 no-js\" id=\"wpcf7-f3521-o1\" lang=\"cs-CZ\" dir=\"ltr\" data-wpcf7-id=\"3521\">\n<div class=\"screen-reader-response\"><p role=\"status\" aria-live=\"polite\" aria-atomic=\"true\"><\/p> <ul><\/ul><\/div>\n<form action=\"\/cs\/wp-json\/wp\/v2\/pages\/3581#wpcf7-f3521-o1\" method=\"post\" class=\"wpcf7-form init\" aria-label=\"Kontaktn\u00ed formul\u00e1\u0159\" novalidate=\"novalidate\" data-status=\"init\">\n<fieldset class=\"hidden-fields-container\"><input type=\"hidden\" name=\"_wpcf7\" value=\"3521\" \/><input type=\"hidden\" name=\"_wpcf7_version\" value=\"6.1.5\" \/><input type=\"hidden\" name=\"_wpcf7_locale\" value=\"cs_CZ\" \/><input type=\"hidden\" name=\"_wpcf7_unit_tag\" value=\"wpcf7-f3521-o1\" \/><input type=\"hidden\" name=\"_wpcf7_container_post\" value=\"0\" \/><input type=\"hidden\" name=\"_wpcf7_posted_data_hash\" value=\"\" \/><input type=\"hidden\" name=\"_extcf7_conditional_options\" value=\"{&quot;form_id&quot;:3521,&quot;conditions&quot;:[]}\" \/><input type=\"hidden\" name=\"_extcf7_redirect_options\" value=\"{&quot;form_id&quot;:3521,&quot;redirect_options&quot;:{&quot;redirection_enable&quot;:&quot;off&quot;,&quot;custom_url_enable&quot;:&quot;off&quot;,&quot;redirect_page&quot;:&quot;&quot;,&quot;custom_urle&quot;:&quot;&quot;,&quot;redirect_new_tab&quot;:&quot;off&quot;,&quot;js_action&quot;:&quot;off&quot;,&quot;javascript_code&quot;:&quot;&quot;}}\" \/><input type=\"hidden\" name=\"_wpcf7_recaptcha_response\" value=\"\" \/>\n<\/fieldset>\n<div class=\"formwrap\">\n<div class=\"flexform\">\n<label class=\"form_halfitem\"> Jm\u00e9no\n    <span class=\"wpcf7-form-control-wrap\" data-name=\"your-name\"><input size=\"40\" maxlength=\"400\" class=\"wpcf7-form-control wpcf7-text wpcf7-validates-as-required\" aria-required=\"true\" aria-invalid=\"false\" value=\"\" type=\"text\" name=\"your-name\" \/><\/span> <\/label>\n<label class=\"form_halfitem\"> Spole\u010dnost\n    <span class=\"wpcf7-form-control-wrap\" data-name=\"company-name\"><input size=\"40\" maxlength=\"400\" class=\"wpcf7-form-control wpcf7-text wpcf7-validates-as-required\" aria-required=\"true\" aria-invalid=\"false\" value=\"\" type=\"text\" name=\"company-name\" \/><\/span> <\/label>\n<label class=\"form_halfitem\"> E-mail\n    <span class=\"wpcf7-form-control-wrap\" data-name=\"your-email\"><input size=\"40\" maxlength=\"400\" class=\"wpcf7-form-control wpcf7-email wpcf7-validates-as-required wpcf7-text wpcf7-validates-as-email\" aria-required=\"true\" aria-invalid=\"false\" value=\"\" type=\"email\" name=\"your-email\" \/><\/span> <\/label>\n<label class=\"form_halfitem\"> Telefon\n    <span class=\"wpcf7-form-control-wrap\" data-name=\"your-phone\"><input size=\"40\" maxlength=\"400\" class=\"wpcf7-form-control wpcf7-tel wpcf7-validates-as-required wpcf7-text wpcf7-validates-as-tel\" aria-required=\"true\" aria-invalid=\"false\" value=\"\" type=\"tel\" name=\"your-phone\" \/><\/span> <\/label>\n<label class=\"form_fullitem\"> Zpr\u00e1va\n    <span class=\"wpcf7-form-control-wrap\" data-name=\"your-message\"><textarea cols=\"40\" rows=\"10\" maxlength=\"2000\" class=\"wpcf7-form-control wpcf7-textarea wpcf7-validates-as-required\" aria-required=\"true\" aria-invalid=\"false\" name=\"your-message\"><\/textarea><\/span> <\/label>\n<\/div>\n<\/div>\n<input class=\"wpcf7-form-control wpcf7-submit has-spinner\" type=\"submit\" value=\"Odeslat\" \/><div class=\"wpcf7-response-output\" aria-hidden=\"true\"><\/div>\n<\/form>\n<\/div>\n            <\/div>\n\n        \t\t\t\t<\/div>\n\t\t\t\t<\/div>\n\t\t\t\t\t<\/div>\n\t\t<\/div>\n\t\t\t\t\t<\/div>\n\t\t<\/section>\n\t\t\t\t<\/div>\n\t\t<\/div>\n\t\t\t\t\t\t<\/div>\n\t\t\t\t<\/div>\n\t\t\t\t\t<\/div>\n\t\t<\/div>\n\t\t\t\t\t<\/div>\n\t\t<\/section>\n\t\t\t\t<section class=\"elementor-section elementor-top-section elementor-element elementor-element-3e41500e single_c elementor-section-boxed elementor-section-height-default elementor-section-height-default\" data-id=\"3e41500e\" data-element_type=\"section\" data-e-type=\"section\">\n\t\t\t\t\t\t<div class=\"elementor-container elementor-column-gap-default\">\n\t\t\t\t\t<div class=\"elementor-column elementor-col-100 elementor-top-column elementor-element elementor-element-b0e31e4\" data-id=\"b0e31e4\" data-element_type=\"column\" data-e-type=\"column\">\n\t\t\t<div class=\"elementor-widget-wrap elementor-element-populated\">\n\t\t\t\t\t\t<div class=\"elementor-element elementor-element-51b8f9b4 elementor-widget elementor-widget-spacer\" data-id=\"51b8f9b4\" data-element_type=\"widget\" data-e-type=\"widget\" data-widget_type=\"spacer.default\">\n\t\t\t\t<div class=\"elementor-widget-container\">\n\t\t\t\t\t\t\t<div class=\"elementor-spacer\">\n\t\t\t<div class=\"elementor-spacer-inner\"><\/div>\n\t\t<\/div>\n\t\t\t\t\t\t<\/div>\n\t\t\t\t<\/div>\n\t\t\t\t\t<\/div>\n\t\t<\/div>\n\t\t\t\t\t<\/div>\n\t\t<\/section>\n\t\t\t\t<\/div>\n\t\t","protected":false},"excerpt":{"rendered":"<p>Ujist\u011bte se, \u017ee jejich prvn\u00ed \u017eidle je opravdu skv\u011bl\u00e1 \u017eidle D\u00edt\u011b nen\u00ed mal\u00fd dosp\u011bl\u00fd. M\u00e1 specifick\u00e9 n\u00e1roky na sv\u011bt kolem sebe, sedac\u00ed n\u00e1bytek nevyj\u00edmaje. Na rozd\u00edl od dosp\u011bl\u00fdch d\u011bti st\u00e1le rostou, vyv\u00edj\u00ed se a m\u011bn\u00ed se i jejich pot\u0159eby. D\u011btsk\u00e9 \u017eidle ALBA na tyto pot\u0159eby reaguj\u00ed a maj\u00ed nespornou v\u00fdhodu \u2013 d\u00edky snadn\u00e9 nastavitelnosti rostou [&hellip;]<\/p>\n","protected":false},"author":2,"featured_media":2151,"parent":3548,"menu_order":6,"comment_status":"closed","ping_status":"closed","template":"","meta":{"_acf_changed":false,"inline_featured_image":false,"footnotes":""},"class_list":["post-3581","page","type-page","status-publish","has-post-thumbnail","hentry"],"acf":[],"aioseo_notices":[],"_links":{"self":[{"href":"https:\/\/alba.progresium.cz\/cs\/wp-json\/wp\/v2\/pages\/3581","targetHints":{"allow":["GET"]}}],"collection":[{"href":"https:\/\/alba.progresium.cz\/cs\/wp-json\/wp\/v2\/pages"}],"about":[{"href":"https:\/\/alba.progresium.cz\/cs\/wp-json\/wp\/v2\/types\/page"}],"author":[{"embeddable":true,"href":"https:\/\/alba.progresium.cz\/cs\/wp-json\/wp\/v2\/users\/2"}],"replies":[{"embeddable":true,"href":"https:\/\/alba.progresium.cz\/cs\/wp-json\/wp\/v2\/comments?post=3581"}],"version-history":[{"count":5,"href":"https:\/\/alba.progresium.cz\/cs\/wp-json\/wp\/v2\/pages\/3581\/revisions"}],"predecessor-version":[{"id":26376,"href":"https:\/\/alba.progresium.cz\/cs\/wp-json\/wp\/v2\/pages\/3581\/revisions\/26376"}],"up":[{"embeddable":true,"href":"https:\/\/alba.progresium.cz\/cs\/wp-json\/wp\/v2\/pages\/3548"}],"wp:featuredmedia":[{"embeddable":true,"href":"https:\/\/alba.progresium.cz\/cs\/wp-json\/wp\/v2\/media\/2151"}],"wp:attachment":[{"href":"https:\/\/alba.progresium.cz\/cs\/wp-json\/wp\/v2\/media?parent=3581"}],"curies":[{"name":"wp","href":"https:\/\/api.w.org\/{rel}","templated":true}]}}