{"id":30576,"date":"2024-01-04T14:27:39","date_gmt":"2024-01-04T13:27:39","guid":{"rendered":"https:\/\/alba.progresium.cz\/?page_id=30576"},"modified":"2024-01-05T14:11:27","modified_gmt":"2024-01-05T13:11:27","slug":"ochrana-oznamovatelu","status":"publish","type":"page","link":"https:\/\/alba.progresium.cz\/cs\/o-nas\/ochrana-oznamovatelu\/","title":{"rendered":"Whistleblowing"},"content":{"rendered":"\t\t<div data-elementor-type=\"wp-page\" data-elementor-id=\"30576\" class=\"elementor elementor-30576 elementor-30575\" data-elementor-post-type=\"page\">\n\t\t\t\t\t\t<section class=\"elementor-section elementor-top-section elementor-element elementor-element-40868971 header_section elementor-section-boxed elementor-section-height-default elementor-section-height-default\" data-id=\"40868971\" data-element_type=\"section\" data-e-type=\"section\">\n\t\t\t\t\t\t<div class=\"elementor-container elementor-column-gap-default\">\n\t\t\t\t\t<div class=\"elementor-column elementor-col-100 elementor-top-column elementor-element elementor-element-7e039a24\" data-id=\"7e039a24\" data-element_type=\"column\" data-e-type=\"column\" data-settings=\"{&quot;background_background&quot;:&quot;classic&quot;}\">\n\t\t\t<div class=\"elementor-widget-wrap elementor-element-populated\">\n\t\t\t\t\t\t<section class=\"elementor-section elementor-inner-section elementor-element elementor-element-6cf47bd5 elementor-section-boxed elementor-section-height-default elementor-section-height-default\" data-id=\"6cf47bd5\" data-element_type=\"section\" data-e-type=\"section\">\n\t\t\t\t\t\t<div class=\"elementor-container elementor-column-gap-default\">\n\t\t\t\t\t<div class=\"elementor-column elementor-col-50 elementor-inner-column elementor-element elementor-element-1eb95330\" data-id=\"1eb95330\" data-element_type=\"column\" data-e-type=\"column\" data-settings=\"{&quot;background_background&quot;:&quot;classic&quot;}\">\n\t\t\t<div class=\"elementor-widget-wrap elementor-element-populated\">\n\t\t\t\t\t\t<div class=\"elementor-element elementor-element-737df617 elementor-widget elementor-widget-heading\" data-id=\"737df617\" data-element_type=\"widget\" data-e-type=\"widget\" data-widget_type=\"heading.default\">\n\t\t\t\t<div class=\"elementor-widget-container\">\n\t\t\t\t\t<h1 class=\"elementor-heading-title elementor-size-default\">Whistleblowing<\/h1>\t\t\t\t<\/div>\n\t\t\t\t<\/div>\n\t\t\t\t\t<\/div>\n\t\t<\/div>\n\t\t\t\t<div class=\"elementor-column elementor-col-50 elementor-inner-column elementor-element elementor-element-11dabe2b\" data-id=\"11dabe2b\" data-element_type=\"column\" data-e-type=\"column\">\n\t\t\t<div class=\"elementor-widget-wrap\">\n\t\t\t\t\t\t\t<\/div>\n\t\t<\/div>\n\t\t\t\t\t<\/div>\n\t\t<\/section>\n\t\t\t\t\t<\/div>\n\t\t<\/div>\n\t\t\t\t\t<\/div>\n\t\t<\/section>\n\t\t\t\t<section class=\"elementor-section elementor-top-section elementor-element elementor-element-385ef7af dual_c elementor-section-boxed elementor-section-height-default elementor-section-height-default\" data-id=\"385ef7af\" data-element_type=\"section\" data-e-type=\"section\">\n\t\t\t\t\t\t<div class=\"elementor-container elementor-column-gap-default\">\n\t\t\t\t\t<div class=\"elementor-column elementor-col-100 elementor-top-column elementor-element elementor-element-3ee86ec7\" data-id=\"3ee86ec7\" data-element_type=\"column\" data-e-type=\"column\">\n\t\t\t<div class=\"elementor-widget-wrap elementor-element-populated\">\n\t\t\t\t\t\t<div class=\"elementor-element elementor-element-fd1c6a3 elementor-widget elementor-widget-text-editor\" data-id=\"fd1c6a3\" data-element_type=\"widget\" data-e-type=\"widget\" data-widget_type=\"text-editor.default\">\n\t\t\t\t<div class=\"elementor-widget-container\">\n\t\t\t\t\t\t\t\t\t<p><strong>Pravidla pro pod\u00e1n\u00ed ozn\u00e1men\u00ed podle z\u00e1kona \u010d. 171\/2023 Sb., o ochran\u011b oznamovatel\u016f<\/strong><\/p><p>Ozn\u00e1men\u00ed o mo\u017en\u00e9m protipr\u00e1vn\u00edm jedn\u00e1n\u00ed ve smyslu z\u00e1kona \u010d. 171\/2023 Sb., o ochran\u011b oznamovatel\u016f (d\u00e1le jen \u201eZ\u00e1kon\u201c) m\u016f\u017ee \u010dinit ka\u017ed\u00fd zam\u011bstnanec spole\u010dnosti ALBA CR spol. s\u00a0r.o., Masarykovo n\u00e1m\u011bst\u00ed 26, \u0160kvorec, 250 83, I\u010cO 62909134 (d\u00e1le jen \u201espole\u010dnost ALBA\u201c), \u00a0a\/nebo fyzick\u00e1 osoba, kter\u00e1 se v souvislosti se svou prac\u00ed nebo jinou obdobnou \u010dinnost\u00ed (nap\u0159. i p\u0159i samostatn\u00e9 v\u00fdd\u011ble\u010dn\u00e9 \u010dinnosti nebo \u010dinnosti na z\u00e1klad\u011b smlouvy mezi spole\u010dnost\u00ed ALBA a jej\u00edm dodavatelem), kterou vykon\u00e1v\u00e1 \/ vykon\u00e1vala pro spole\u010dnost ALBA (d\u00e1le jen \u201eOznamovatel\u201c), dozv\u011bd\u011bla o jedn\u00e1n\u00ed ve spole\u010dnosti ALBA, kter\u00e9 m\u016f\u017ee m\u00edt znaky trestn\u00e9ho \u010dinu nebo p\u0159estupku, p\u0159\u00edpadn\u011b poru\u0161uje pr\u00e1vn\u00ed p\u0159edpis nebo p\u0159edpis Evropsk\u00e9 unie (d\u00e1le jen \u201eOzn\u00e1men\u00ed\u201c).<\/p><p>a) Osoba pov\u011b\u0159en\u00e1 k p\u0159\u00edjmu a zpracov\u00e1n\u00ed Ozn\u00e1men\u00ed: P\u0159ij\u00edm\u00e1n\u00edm a zpracov\u00e1n\u00edm Ozn\u00e1men\u00ed je v souladu se Z\u00e1konem pov\u011b\u0159ena Sabina den Brinker (d\u00e1le t\u00e9\u017e \u201eP\u0159\u00edslu\u0161n\u00e1 osoba\u201c).<\/p><p>b) Zp\u016fsoby pod\u00e1n\u00ed Ozn\u00e1men\u00ed (Vnit\u0159n\u00ed oznamovac\u00ed syst\u00e9m): Ozn\u00e1men\u00ed ohledn\u011b mo\u017en\u00fdch protipr\u00e1vn\u00edch jedn\u00e1n\u00ed v r\u00e1mci spole\u010dnosti ALBA lze v souladu se Z\u00e1konem podat n\u00e1sleduj\u00edc\u00edmi zp\u016fsoby:<\/p><ul><li>Elektronicky \u2013 e-mail: sabina.denbrinker@alba.progresium.cz<\/li><li>P\u00edsemn\u011b \u2013 dopisem s ozna\u010den\u00edm \u201ck ruk\u00e1m Sabin\u011b den Brinker\u201d zaslan\u00fdm po\u0161tou na adresu: ALBA CR spol. s\u00a0r.o., Masarykovo n\u00e1m\u011bst\u00ed 26, \u0160kvorec, 250 83<\/li><li>Telefonicky \u2013 na telefon +420\u00a0732\u00a0363\u00a0545. Telefonn\u00ed hovor nebude zaznamen\u00e1n, ALBA zajist\u00ed v\u00fdsti\u017en\u00fd z\u00e1pis z hovoru. Dostanete mo\u017enost z\u00e1pis hovoru zkontrolovat, opravit a odsouhlasit sv\u00fdm podpisem. V dob\u011b nep\u0159\u00edtomnosti P\u0159\u00edslu\u0161n\u00e9 osoby m\u016f\u017eete vyu\u017e\u00edt jin\u00fd zp\u016fsob pod\u00e1n\u00ed Ozn\u00e1men\u00ed.<\/li><li>Osobn\u011b \u2013 M\u016f\u017eete si sjednat osobn\u00ed sch\u016fzku s P\u0159\u00edslu\u0161nou osobou prost\u0159ednictv\u00edm emailu nebo telefonu. Z osobn\u00edho rozhovoru bude po\u0159\u00edzen v\u00fdsti\u017en\u00fd z\u00e1pis ze sch\u016fzky. Dostanete mo\u017enost tento z\u00e1pis zkontrolovat, opravit a odsouhlasit sv\u00fdm podpisem.<\/li><\/ul><p>Ozn\u00e1men\u00ed m\u016f\u017eete u\u010dinit i anonymn\u011b.<\/p><p>c) Lh\u016fty k vyrozum\u011bn\u00ed Oznamovatele o p\u0159ijat\u00fdch opat\u0159en\u00edch<\/p><p>Bude-li spole\u010dnost ALBA zn\u00e1t va\u0161i toto\u017enost (kontaktn\u00ed \u00fadaje), pokud vyrozum\u011bn\u00ed p\u0159edem neodm\u00edtnete nebo by vyrozum\u011bn\u00ed vedlo k vyzrazen\u00ed va\u0161\u00ed toto\u017enosti nebo by vyrozum\u011bn\u00ed vedlo ke zma\u0159en\u00ed \u00fa\u010delu Ozn\u00e1men\u00ed, vyrozum\u00ed v\u00e1s jako Oznamovatele:<\/p><ul><li>stanoven\u00ed term\u00ednu osobn\u00ed sch\u016fzky (do 14 dn\u016f od doru\u010den\u00ed va\u0161\u00ed \u017e\u00e1dosti): bezprost\u0159edn\u011b,<\/li><li>o p\u0159ijet\u00ed va\u0161eho Ozn\u00e1men\u00ed: do 7 dn\u016f,<\/li><li>o d\u016fvodnosti va\u0161eho Ozn\u00e1men\u00ed: do 30 dn\u016f ode dne p\u0159ijet\u00ed, ve slo\u017eit\u00fdch p\u0159\u00edpadech lze lh\u016ftu 2x prodlou\u017eit, tedy a\u017e 90 dn\u016f,<\/li><li>o nep\u0159ijet\u00ed va\u0161eho Ozn\u00e1men\u00ed (nedo\u0161lo k protipr\u00e1vn\u00edmu jedn\u00e1n\u00ed \u010di ozn\u00e1men\u00ed zalo\u017een\u00e9ho<\/li><\/ul><p>na nepravdiv\u00fdch informac\u00edch): bez zbyte\u010dn\u00e9ho odkladu,<\/p><ul><li>o p\u0159ijat\u00fdch opat\u0159en\u00edch: bez zbyte\u010dn\u00e9ho odkladu po jejich p\u0159ijet\u00ed.<\/li><\/ul><p>\u00a0<\/p><p>d) Ochrana Oznamovatele<\/p><p>P\u0159\u00edslu\u0161n\u00e1 osoba zachov\u00e1 p\u0159\u00edsnou d\u016fv\u011brnost ve vztahu k va\u0161\u00ed toto\u017enosti, k \u00fadaj\u016fm o dal\u0161\u00edch fyzick\u00fdch osob\u00e1ch i ve vztahu k informac\u00edm uveden\u00fdm v Ozn\u00e1men\u00ed. Jako Oznamovatel m\u00e1te n\u00e1rok na ochranu proti jak\u00fdmkoli odvetn\u00fdm opat\u0159en\u00edm ve smyslu Z\u00e1kona i pouh\u00e9 hrozb\u011b takov\u00fdch opat\u0159en\u00ed.<\/p><p>e) Instituce pro alternativn\u00ed pod\u00e1n\u00ed ozn\u00e1men\u00ed (tzv. Extern\u00ed oznamovac\u00ed syst\u00e9m)<\/p><p>Ozn\u00e1men\u00ed m\u016f\u017eete krom\u011b toho alternativn\u011b podat k Ministerstvu spravedlnosti, a to i v p\u0159\u00edpad\u011b, \u017ee m\u00e1te pochybnosti, zda zji\u0161t\u011bn\u00e9 skute\u010dnosti p\u0159edstavuj\u00ed protipr\u00e1vn\u00ed jedn\u00e1n\u00ed ve smyslu Z\u00e1kona. Ozn\u00e1men\u00ed p\u0159ij\u00edm\u00e1 Ministerstvo spravedlnosti: Ministerstvo spravedlnosti \u010cR, Vy\u0161ehradsk\u00e1 16. Praha 2, PS\u010c 128 10, email: oznamovatel@msp.justice.cz, tel. +420 221 997\u00a0840.<\/p>\t\t\t\t\t\t\t\t<\/div>\n\t\t\t\t<\/div>\n\t\t\t\t\t<\/div>\n\t\t<\/div>\n\t\t\t\t\t<\/div>\n\t\t<\/section>\n\t\t\t\t<section class=\"elementor-section elementor-top-section elementor-element elementor-element-254a9b0d single_c elementor-section-boxed elementor-section-height-default elementor-section-height-default\" data-id=\"254a9b0d\" data-element_type=\"section\" data-e-type=\"section\">\n\t\t\t\t\t\t<div class=\"elementor-container elementor-column-gap-default\">\n\t\t\t\t\t<div class=\"elementor-column elementor-col-100 elementor-top-column elementor-element elementor-element-4f53a689\" data-id=\"4f53a689\" data-element_type=\"column\" data-e-type=\"column\">\n\t\t\t<div class=\"elementor-widget-wrap elementor-element-populated\">\n\t\t\t\t\t\t<div class=\"elementor-element elementor-element-2ac863d7 elementor-widget elementor-widget-spacer\" data-id=\"2ac863d7\" data-element_type=\"widget\" data-e-type=\"widget\" data-widget_type=\"spacer.default\">\n\t\t\t\t<div class=\"elementor-widget-container\">\n\t\t\t\t\t\t\t<div class=\"elementor-spacer\">\n\t\t\t<div class=\"elementor-spacer-inner\"><\/div>\n\t\t<\/div>\n\t\t\t\t\t\t<\/div>\n\t\t\t\t<\/div>\n\t\t\t\t\t<\/div>\n\t\t<\/div>\n\t\t\t\t\t<\/div>\n\t\t<\/section>\n\t\t\t\t<\/div>\n\t\t","protected":false},"excerpt":{"rendered":"<p>Pravidla pro pod\u00e1n\u00ed ozn\u00e1men\u00ed podle z\u00e1kona \u010d. 171\/2023 Sb., o ochran\u011b oznamovatel\u016f Ozn\u00e1men\u00ed o mo\u017en\u00e9m protipr\u00e1vn\u00edm jedn\u00e1n\u00ed ve smyslu z\u00e1kona \u010d. 171\/2023 Sb., o ochran\u011b oznamovatel\u016f (d\u00e1le jen \u201eZ\u00e1kon\u201c) m\u016f\u017ee \u010dinit ka\u017ed\u00fd zam\u011bstnanec spole\u010dnosti ALBA CR spol. s\u00a0r.o., Masarykovo n\u00e1m\u011bst\u00ed 26, \u0160kvorec, 250 83, I\u010cO 62909134 (d\u00e1le jen \u201espole\u010dnost ALBA\u201c), \u00a0a\/nebo fyzick\u00e1 osoba, kter\u00e1 se [&hellip;]<\/p>\n","protected":false},"author":5,"featured_media":0,"parent":3594,"menu_order":26,"comment_status":"closed","ping_status":"closed","template":"","meta":{"_acf_changed":false,"inline_featured_image":false,"footnotes":""},"class_list":["post-30576","page","type-page","status-publish","hentry"],"acf":[],"aioseo_notices":[],"_links":{"self":[{"href":"https:\/\/alba.progresium.cz\/cs\/wp-json\/wp\/v2\/pages\/30576","targetHints":{"allow":["GET"]}}],"collection":[{"href":"https:\/\/alba.progresium.cz\/cs\/wp-json\/wp\/v2\/pages"}],"about":[{"href":"https:\/\/alba.progresium.cz\/cs\/wp-json\/wp\/v2\/types\/page"}],"author":[{"embeddable":true,"href":"https:\/\/alba.progresium.cz\/cs\/wp-json\/wp\/v2\/users\/5"}],"replies":[{"embeddable":true,"href":"https:\/\/alba.progresium.cz\/cs\/wp-json\/wp\/v2\/comments?post=30576"}],"version-history":[{"count":5,"href":"https:\/\/alba.progresium.cz\/cs\/wp-json\/wp\/v2\/pages\/30576\/revisions"}],"predecessor-version":[{"id":30615,"href":"https:\/\/alba.progresium.cz\/cs\/wp-json\/wp\/v2\/pages\/30576\/revisions\/30615"}],"up":[{"embeddable":true,"href":"https:\/\/alba.progresium.cz\/cs\/wp-json\/wp\/v2\/pages\/3594"}],"wp:attachment":[{"href":"https:\/\/alba.progresium.cz\/cs\/wp-json\/wp\/v2\/media?parent=30576"}],"curies":[{"name":"wp","href":"https:\/\/api.w.org\/{rel}","templated":true}]}}