{"id":16056,"date":"2022-06-06T01:19:31","date_gmt":"2022-06-05T23:19:31","guid":{"rendered":"https:\/\/alba.progresium.cz\/?page_id=16056"},"modified":"2025-09-25T19:54:02","modified_gmt":"2025-09-25T17:54:02","slug":"skladove-zasoby","status":"publish","type":"page","link":"https:\/\/alba.progresium.cz\/cs\/pro-partnery\/skladove-zasoby\/","title":{"rendered":"Skladov\u00e9 z\u00e1soby (Storage)"},"content":{"rendered":"\t\t<div data-elementor-type=\"wp-page\" data-elementor-id=\"16056\" class=\"elementor elementor-16056\" data-elementor-post-type=\"page\">\n\t\t\t\t\t\t<section class=\"elementor-section elementor-top-section elementor-element elementor-element-cf030f2 elementor-section-boxed elementor-section-height-default elementor-section-height-default\" data-id=\"cf030f2\" data-element_type=\"section\" data-e-type=\"section\">\n\t\t\t\t\t\t<div class=\"elementor-container elementor-column-gap-default\">\n\t\t\t\t\t<div class=\"elementor-column elementor-col-100 elementor-top-column elementor-element elementor-element-2b07775\" data-id=\"2b07775\" data-element_type=\"column\" data-e-type=\"column\">\n\t\t\t<div class=\"elementor-widget-wrap elementor-element-populated\">\n\t\t\t\t\t\t<div class=\"elementor-element elementor-element-5f758f7 elementor-widget elementor-widget-ucaddon_alba_perex\" data-id=\"5f758f7\" data-element_type=\"widget\" data-e-type=\"widget\" data-widget_type=\"ucaddon_alba_perex.default\">\n\t\t\t\t<div class=\"elementor-widget-container\">\n\t\t\t\t\t\n<!-- start ALBA perex -->\n\n<div class=\"article_perex\">N\u011bkter\u00e9 produkty z na\u0161\u00ed nab\u00eddky pro V\u00e1s vyr\u00e1b\u00edme do z\u00e1soby a dr\u017e\u00edme je\u00a0SKLADEM. To proto, abyste si je mohli na na\u0161ich pobo\u010dk\u00e1ch vyzvednout do 48 hodin od objedn\u00e1n\u00ed, p\u0159\u00edpadn\u011b, abyste si je mohli objednat a nemuseli \u010dekat na to, a\u017e projdou v\u00fdrobn\u00edm procesem. Jedn\u00e1 se o z\u00e1kaznicky nejobl\u00edben\u011bj\u0161\u00ed v\u00fdrobky z r\u016fzn\u00fdch produktov\u00fdch \u0159ad. N\u00ed\u017ee na str\u00e1nce naleznete pak tabulku kompletn\u00edch skladov\u00fdch z\u00e1sob - tedy zbo\u017e\u00ed, kter\u00e9 je mo\u017en\u00e9 bez odkladu expedovat z na\u0161ich sklad\u016f.\u00a0Aktu\u00e1ln\u011b dostupn\u00e9 stavy v\u00fdrobk\u016f pro V\u00e1s n\u011bkolikr\u00e1t denn\u011b aktualizujeme (vzhledem k tomu, \u017ee aktualizace neprob\u00edh\u00e1 in-time, pros\u00edme, abyste si dostupnost polo\u017eek ov\u011b\u0159ili u pracovn\u00edk\u016f na\u0161eho\u00a0obchodn\u00edho odd\u011blen\u00ed).<\/div>\n<!-- end ALBA perex -->\t\t\t\t<\/div>\n\t\t\t\t<\/div>\n\t\t\t\t<div class=\"elementor-element elementor-element-b8c745a elementor-widget elementor-widget-text-editor\" data-id=\"b8c745a\" data-element_type=\"widget\" data-e-type=\"widget\" data-widget_type=\"text-editor.default\">\n\t\t\t\t<div class=\"elementor-widget-container\">\n\t\t\t\t\t\t\t\t\t<p>Prohl\u00e9dn\u011bte si produktov\u00e9 karty nejobl\u00edben\u011bj\u0161\u00edch produkt\u016f skladem nebo si st\u00e1hn\u011bte kompletn\u00ed  <span class=\"file_list_item\" style=\"display: inline-flex;\"><a style=\"text-transform:uppercase;\" href=\"https:\/\/alba.progresium.cz\/wp-content\/uploads\/storage\/Stav_zasob.xls\" target=\"_blank\"><svg class=\"ico_download\" enable-background=\"new 0 0 512 512\" height=\"512\" viewBox=\"0 0 512 512\" width=\"512\" xmlns=\"http:\/\/www.w3.org\/2000\/svg\"><g><path d=\"m344.284 0h-248.284c-33.084 0-60 26.916-60 60v392c0 33.084 26.916 60 60 60h320c33.084 0 60-26.916 60-60v-320.284zm11.716 68.284 51.716 51.716h-31.716c-11.028 0-20-8.972-20-20zm60 403.716h-320c-11.028 0-20-8.972-20-20v-392c0-11.028 8.972-20 20-20h220v60c0 33.084 26.916 60 60 60h60v292c0 11.028-8.972 20-20 20z\"\/><path d=\"m350.142 270.142-28.284-28.284-45.858 45.858v-131.716h-40v131.716l-45.858-45.858-28.284 28.284 94.142 94.142z\"\/><path d=\"m156 396h200v40h-200z\"\/><\/g><\/svg>Stav_zasob.xls<\/a><\/span>.<\/p>\t\t\t\t\t\t\t\t<\/div>\n\t\t\t\t<\/div>\n\t\t\t\t\t<\/div>\n\t\t<\/div>\n\t\t\t\t\t<\/div>\n\t\t<\/section>\n\t\t\t\t<\/div>\n\t\t","protected":false},"excerpt":{"rendered":"<p>N\u011bkter\u00e9 produkty z na\u0161\u00ed nab\u00eddky pro V\u00e1s vyr\u00e1b\u00edme do z\u00e1soby a dr\u017e\u00edme je\u00a0SKLADEM. <\/p>\n","protected":false},"author":2,"featured_media":17109,"parent":6429,"menu_order":0,"comment_status":"closed","ping_status":"closed","template":"page-template\/page-storage.php","meta":{"_acf_changed":false,"inline_featured_image":false,"footnotes":""},"class_list":["post-16056","page","type-page","status-publish","has-post-thumbnail","hentry"],"acf":[],"aioseo_notices":[],"_links":{"self":[{"href":"https:\/\/alba.progresium.cz\/cs\/wp-json\/wp\/v2\/pages\/16056","targetHints":{"allow":["GET"]}}],"collection":[{"href":"https:\/\/alba.progresium.cz\/cs\/wp-json\/wp\/v2\/pages"}],"about":[{"href":"https:\/\/alba.progresium.cz\/cs\/wp-json\/wp\/v2\/types\/page"}],"author":[{"embeddable":true,"href":"https:\/\/alba.progresium.cz\/cs\/wp-json\/wp\/v2\/users\/2"}],"replies":[{"embeddable":true,"href":"https:\/\/alba.progresium.cz\/cs\/wp-json\/wp\/v2\/comments?post=16056"}],"version-history":[{"count":6,"href":"https:\/\/alba.progresium.cz\/cs\/wp-json\/wp\/v2\/pages\/16056\/revisions"}],"predecessor-version":[{"id":48521,"href":"https:\/\/alba.progresium.cz\/cs\/wp-json\/wp\/v2\/pages\/16056\/revisions\/48521"}],"up":[{"embeddable":true,"href":"https:\/\/alba.progresium.cz\/cs\/wp-json\/wp\/v2\/pages\/6429"}],"wp:featuredmedia":[{"embeddable":true,"href":"https:\/\/alba.progresium.cz\/cs\/wp-json\/wp\/v2\/media\/17109"}],"wp:attachment":[{"href":"https:\/\/alba.progresium.cz\/cs\/wp-json\/wp\/v2\/media?parent=16056"}],"curies":[{"name":"wp","href":"https:\/\/api.w.org\/{rel}","templated":true}]}}