{"id":13011,"date":"2022-01-07T17:57:00","date_gmt":"2022-01-07T16:57:00","guid":{"rendered":"https:\/\/alba.progresium.cz\/o-nas\/legal-notice\/"},"modified":"2025-10-15T11:34:56","modified_gmt":"2025-10-15T09:34:56","slug":"legal-notice","status":"publish","type":"page","link":"https:\/\/alba.progresium.cz\/cs\/o-nas\/legal-notice\/","title":{"rendered":"Provozovatel str\u00e1nek"},"content":{"rendered":"\t\t<div data-elementor-type=\"wp-page\" data-elementor-id=\"13011\" class=\"elementor elementor-13011 elementor-255\" data-elementor-post-type=\"page\">\n\t\t\t\t\t\t<section class=\"elementor-section elementor-top-section elementor-element elementor-element-4d371909 header_section elementor-section-boxed elementor-section-height-default elementor-section-height-default\" data-id=\"4d371909\" data-element_type=\"section\" data-e-type=\"section\">\n\t\t\t\t\t\t<div class=\"elementor-container elementor-column-gap-default\">\n\t\t\t\t\t<div class=\"elementor-column elementor-col-100 elementor-top-column elementor-element elementor-element-464f2326\" data-id=\"464f2326\" data-element_type=\"column\" data-e-type=\"column\" data-settings=\"{&quot;background_background&quot;:&quot;classic&quot;}\">\n\t\t\t<div class=\"elementor-widget-wrap elementor-element-populated\">\n\t\t\t\t\t\t<section class=\"elementor-section elementor-inner-section elementor-element elementor-element-334b97cc elementor-section-boxed elementor-section-height-default elementor-section-height-default\" data-id=\"334b97cc\" data-element_type=\"section\" data-e-type=\"section\">\n\t\t\t\t\t\t<div class=\"elementor-container elementor-column-gap-default\">\n\t\t\t\t\t<div class=\"elementor-column elementor-col-50 elementor-inner-column elementor-element elementor-element-479103a1\" data-id=\"479103a1\" data-element_type=\"column\" data-e-type=\"column\" data-settings=\"{&quot;background_background&quot;:&quot;classic&quot;}\">\n\t\t\t<div class=\"elementor-widget-wrap elementor-element-populated\">\n\t\t\t\t\t\t<div class=\"elementor-element elementor-element-723c3bf7 elementor-widget elementor-widget-heading\" data-id=\"723c3bf7\" data-element_type=\"widget\" data-e-type=\"widget\" data-widget_type=\"heading.default\">\n\t\t\t\t<div class=\"elementor-widget-container\">\n\t\t\t\t\t<h1 class=\"elementor-heading-title elementor-size-default\">Provozovatel str\u00e1nek<\/h1>\t\t\t\t<\/div>\n\t\t\t\t<\/div>\n\t\t\t\t\t<\/div>\n\t\t<\/div>\n\t\t\t\t<div class=\"elementor-column elementor-col-50 elementor-inner-column elementor-element elementor-element-4abbe3d5\" data-id=\"4abbe3d5\" data-element_type=\"column\" data-e-type=\"column\">\n\t\t\t<div class=\"elementor-widget-wrap\">\n\t\t\t\t\t\t\t<\/div>\n\t\t<\/div>\n\t\t\t\t\t<\/div>\n\t\t<\/section>\n\t\t\t\t\t<\/div>\n\t\t<\/div>\n\t\t\t\t\t<\/div>\n\t\t<\/section>\n\t\t\t\t<section class=\"elementor-section elementor-top-section elementor-element elementor-element-197c9651 dual_c elementor-section-boxed elementor-section-height-default elementor-section-height-default\" data-id=\"197c9651\" data-element_type=\"section\" data-e-type=\"section\">\n\t\t\t\t\t\t<div class=\"elementor-container elementor-column-gap-default\">\n\t\t\t\t\t<div class=\"elementor-column elementor-col-100 elementor-top-column elementor-element elementor-element-6cf3d620\" data-id=\"6cf3d620\" data-element_type=\"column\" data-e-type=\"column\">\n\t\t\t<div class=\"elementor-widget-wrap elementor-element-populated\">\n\t\t\t\t\t\t<div class=\"elementor-element elementor-element-1ecd7884 elementor-widget elementor-widget-text-editor\" data-id=\"1ecd7884\" data-element_type=\"widget\" data-e-type=\"widget\" data-widget_type=\"text-editor.default\">\n\t\t\t\t<div class=\"elementor-widget-container\">\n\t\t\t\t\t\t\t\t\t<p>Vlastn\u00edkem a provozovatelem internetov\u00fdch str\u00e1nek&nbsp;<a href=\"https:\/\/alba.progresium.cz\">www.alba.progresium.cz<\/a>&nbsp;je:<\/p>\n<p><strong>&nbsp;<\/strong><\/p>\n<h3>ALBA CR spol. s&nbsp;r. o.<\/h3>\n<p>Masarykovo n\u00e1m\u011bst\u00ed 26<br>CZ-250 83 \u0160kvorec<br>Tel.: +420&nbsp;224&nbsp;284&nbsp;026 &#8211; 8<br>E-mail:&nbsp;info@albacr.eu<br>I\u010cO: 629 09&nbsp;134<br>DI\u010c: CZ629 09&nbsp;134<\/p>\n<p>Spole\u010dnost je zapsan\u00e1 v obchodn\u00edm rejst\u0159\u00edku veden\u00e9m u M\u011bstsk\u00e9ho soudu v Praze, odd\u00edl C, vlo\u017eka 34750.<\/p>\n<p>Jednatel\u00e9 spole\u010dnosti: Milan Laube, Franti\u0161ek Laube, Sabina den Brinker.&nbsp;<\/p>\n<p>Jednatel\u00e9 zastupuj\u00ed spole\u010dnost ve v\u0161ech v\u011bcech samostatn\u011b.<\/p>\n<p><strong>Vylou\u010den\u00ed ru\u010den\u00ed za nespr\u00e1vnost obsahu<\/strong><\/p>\n<p>Spole\u010dnost ALBA CR spol. s r.o.&nbsp;si vyhrazuje pr\u00e1vo kdykoliv i&nbsp;bez p\u0159edchoz\u00edho ozn\u00e1men\u00ed m\u011bnit obsah webov\u00fdch str\u00e1nek a neru\u010d\u00ed za bezchybnost, aktu\u00e1lnost a p\u0159esnost informac\u00ed obsa\u017een\u00fdch na t\u011bchto webov\u00fdch str\u00e1nk\u00e1ch.&nbsp;Z\u00e1rove\u0148 spole\u010dnost nep\u0159eb\u00edr\u00e1 ru\u010den\u00ed za doporu\u010den\u00ed \u010di v\u00fdsledky anal\u00fdz uveden\u00fdch na t\u011bchto internetov\u00fdch str\u00e1nk\u00e1ch.<\/p>\n<p>Spole\u010dnost ALBA CR spol. s&nbsp;r. o. se sna\u017e\u00ed udr\u017eovat str\u00e1nky st\u00e1le dostupn\u00e9, nen\u00ed to ale jej\u00ed povinnost\u00ed. Spole\u010dnost ALBA CR spol. s&nbsp;r. o. je opr\u00e1vn\u011bna omezit nebo vylou\u010dit podle vlastn\u00edho uv\u00e1\u017een\u00ed disponibilnost a pou\u017e\u00edv\u00e1n\u00ed internetov\u00e9 str\u00e1nky a neru\u010d\u00ed za \u0161kody, kter\u00e9 by mohly vyplynout z omezen\u00ed nebo nedostupnosti str\u00e1nek.<\/p>\n<p>Internetov\u00e9 str\u00e1nky obsahuj\u00ed i odkazy na jin\u00e9, extern\u00ed internetov\u00e9 str\u00e1nky.&nbsp;&nbsp;Spole\u010dnost ALBA CR spol. s&nbsp;r. o. nenese odpov\u011bdnost za \u00fadaje obsa\u017een\u00e9 na jin\u00fdch internetov\u00fdch str\u00e1nk\u00e1ch, jako\u017e i za ochranu osobn\u00edch \u00fadaj\u016f na extern\u00edch internetov\u00fdch str\u00e1nk\u00e1ch.<\/p>\n<p><strong>&nbsp;<\/strong><\/p>\n<p><strong>Ochrana osobn\u00edch \u00fadaj\u016f<\/strong><\/p>\n<p>Osobn\u00ed \u00fadaje vyu\u017e\u00edvan\u00e9 na t\u011bchto webov\u00fdch str\u00e1nk\u00e1ch budou pou\u017eity v\u017edy jen v souladu s obecn\u011b z\u00e1vazn\u00fdmi pr\u00e1vn\u00edmi p\u0159edpisy. Informace o ochran\u011b osobn\u00edch \u00fadaj\u016f naleznete&nbsp;<a href=\"https:\/\/alba.progresium.cz\/cs\/o-nas\/ochrana-soukromi\/\">ZDE<\/a>.<\/p>\n<p><strong>Autorsk\u00e1 pr\u00e1va<\/strong><\/p>\n<p>Provozovateli n\u00e1le\u017e\u00ed v\u0161echna autorsk\u00e1 pr\u00e1va ke kompletn\u00edmu obsahu internetov\u00fdch str\u00e1nek&nbsp;<a href=\"https:\/\/alba.progresium.cz\">www.alba.progresium.cz<\/a>, v\u010detn\u011b text\u016f, fotografi\u00ed, designu str\u00e1nek, grafiky i zp\u016fsobu uspo\u0159\u00e1d\u00e1n\u00ed t\u011bchto webov\u00fdch str\u00e1nek.<\/p>\n<p>Zve\u0159ejn\u011bn\u00ed jak\u00fdchkoliv \u00fadaj\u016f \u010di informac\u00ed na str\u00e1nk\u00e1ch&nbsp;<a href=\"https:\/\/alba.progresium.cz\">www.alba.progresium.cz<\/a>&nbsp;nem\u00e1 povahu \u017e\u00e1dn\u00e9ho pr\u00e1vn\u00edho \u00fakonu, nebude-li v jednotliv\u00fdch p\u0159\u00edpadech v\u00fdslovn\u011b stanoveno jinak.<\/p>\t\t\t\t\t\t\t\t<\/div>\n\t\t\t\t<\/div>\n\t\t\t\t\t<\/div>\n\t\t<\/div>\n\t\t\t\t\t<\/div>\n\t\t<\/section>\n\t\t\t\t<section class=\"elementor-section elementor-top-section elementor-element elementor-element-12104075 single_c elementor-section-boxed elementor-section-height-default elementor-section-height-default\" data-id=\"12104075\" data-element_type=\"section\" data-e-type=\"section\">\n\t\t\t\t\t\t<div class=\"elementor-container elementor-column-gap-default\">\n\t\t\t\t\t<div class=\"elementor-column elementor-col-100 elementor-top-column elementor-element elementor-element-215118fe\" data-id=\"215118fe\" data-element_type=\"column\" data-e-type=\"column\">\n\t\t\t<div class=\"elementor-widget-wrap elementor-element-populated\">\n\t\t\t\t\t\t<div class=\"elementor-element elementor-element-76fcfe16 elementor-widget elementor-widget-spacer\" data-id=\"76fcfe16\" data-element_type=\"widget\" data-e-type=\"widget\" data-widget_type=\"spacer.default\">\n\t\t\t\t<div class=\"elementor-widget-container\">\n\t\t\t\t\t\t\t<div class=\"elementor-spacer\">\n\t\t\t<div class=\"elementor-spacer-inner\"><\/div>\n\t\t<\/div>\n\t\t\t\t\t\t<\/div>\n\t\t\t\t<\/div>\n\t\t\t\t\t<\/div>\n\t\t<\/div>\n\t\t\t\t\t<\/div>\n\t\t<\/section>\n\t\t\t\t<\/div>\n\t\t","protected":false},"excerpt":{"rendered":"<p>Vlastn\u00edkem a provozovatelem internetov\u00fdch str\u00e1nek&nbsp;www.alba.progresium.cz&nbsp;je: &nbsp; ALBA CR spol. s&nbsp;r. o. Masarykovo n\u00e1m\u011bst\u00ed 26CZ-250 83 \u0160kvorecTel.: +420&nbsp;224&nbsp;284&nbsp;026 &#8211; 8E-mail:&nbsp;info@albacr.euI\u010cO: 629 09&nbsp;134DI\u010c: CZ629 09&nbsp;134 Spole\u010dnost je zapsan\u00e1 v obchodn\u00edm rejst\u0159\u00edku veden\u00e9m u M\u011bstsk\u00e9ho soudu v Praze, odd\u00edl C, vlo\u017eka 34750. Jednatel\u00e9 spole\u010dnosti: Milan Laube, Franti\u0161ek Laube, Sabina den Brinker.&nbsp; Jednatel\u00e9 zastupuj\u00ed spole\u010dnost ve v\u0161ech v\u011bcech samostatn\u011b. [&hellip;]<\/p>\n","protected":false},"author":1,"featured_media":0,"parent":3594,"menu_order":27,"comment_status":"closed","ping_status":"closed","template":"","meta":{"_acf_changed":false,"inline_featured_image":false,"footnotes":""},"class_list":["post-13011","page","type-page","status-publish","hentry"],"acf":[],"aioseo_notices":[],"_links":{"self":[{"href":"https:\/\/alba.progresium.cz\/cs\/wp-json\/wp\/v2\/pages\/13011","targetHints":{"allow":["GET"]}}],"collection":[{"href":"https:\/\/alba.progresium.cz\/cs\/wp-json\/wp\/v2\/pages"}],"about":[{"href":"https:\/\/alba.progresium.cz\/cs\/wp-json\/wp\/v2\/types\/page"}],"author":[{"embeddable":true,"href":"https:\/\/alba.progresium.cz\/cs\/wp-json\/wp\/v2\/users\/1"}],"replies":[{"embeddable":true,"href":"https:\/\/alba.progresium.cz\/cs\/wp-json\/wp\/v2\/comments?post=13011"}],"version-history":[{"count":7,"href":"https:\/\/alba.progresium.cz\/cs\/wp-json\/wp\/v2\/pages\/13011\/revisions"}],"predecessor-version":[{"id":49041,"href":"https:\/\/alba.progresium.cz\/cs\/wp-json\/wp\/v2\/pages\/13011\/revisions\/49041"}],"up":[{"embeddable":true,"href":"https:\/\/alba.progresium.cz\/cs\/wp-json\/wp\/v2\/pages\/3594"}],"wp:attachment":[{"href":"https:\/\/alba.progresium.cz\/cs\/wp-json\/wp\/v2\/media?parent=13011"}],"curies":[{"name":"wp","href":"https:\/\/api.w.org\/{rel}","templated":true}]}}